{"id":804,"date":"2021-01-15T11:48:47","date_gmt":"2021-01-15T10:48:47","guid":{"rendered":"http:\/\/paryskiesalonyromantykow.pl\/?page_id=804"},"modified":"2021-01-15T11:48:47","modified_gmt":"2021-01-15T10:48:47","slug":"potomek-ksawerego-norwida","status":"publish","type":"page","link":"https:\/\/paryskiesalonyromantykow.pl\/index.php\/potomek-ksawerego-norwida\/","title":{"rendered":"Potomek Ksawerego Norwida"},"content":{"rendered":"\n<figure class=\"wp-block-image size-large\"><img loading=\"lazy\" width=\"1024\" height=\"576\" src=\"http:\/\/paryskiesalonyromantykow.pl\/wp-content\/uploads\/2021\/01\/pjimage-11-3-1024x576.jpg\" alt=\"\" class=\"wp-image-805\" srcset=\"https:\/\/paryskiesalonyromantykow.pl\/wp-content\/uploads\/2021\/01\/pjimage-11-3-1024x576.jpg 1024w, https:\/\/paryskiesalonyromantykow.pl\/wp-content\/uploads\/2021\/01\/pjimage-11-3-300x169.jpg 300w, https:\/\/paryskiesalonyromantykow.pl\/wp-content\/uploads\/2021\/01\/pjimage-11-3-768x432.jpg 768w, https:\/\/paryskiesalonyromantykow.pl\/wp-content\/uploads\/2021\/01\/pjimage-11-3-1536x864.jpg 1536w, https:\/\/paryskiesalonyromantykow.pl\/wp-content\/uploads\/2021\/01\/pjimage-11-3.jpg 1920w\" sizes=\"(max-width: 1024px) 100vw, 1024px\" \/><figcaption>Ksawery Norwid, jego c\u00f3rka Maria i potomek Marcin Kozarzewski<\/figcaption><\/figure>\n\n\n\n<p><em>Marcin Kozarzewski, konserwator zabytk\u00f3w prowadz\u0105cy w Warszawie firm\u0119 Monument Service jest bezpo\u015brednim potomkiem Ksawerego Norwida, najm\u0142odszego brata Cypriana Kamila. Ma troje dzieci \u2013 Maksymiliana (zajmuj\u0105cego si\u0119 najnowocze\u015bniejszymi technologiami, docenionego w rankingu \u201e25 przed 25\u201d Forbesa), Aleksandr\u0119 (graficzk\u0119 komputerow\u0105) i Kacpra (pracuj\u0105cego w Monument Service).<\/em><\/p>\n\n\n\n<p><strong>Paryskie salony romantyk\u00f3w: Na pocz\u0105tek o rodzinie. Cyprian i Ludwik byli uznanymi artystami, kt\u00f3rych \u017cyciorysami do dzi\u015b zajmuj\u0105 si\u0119 historycy i literaturoznawcy. Ksawery \u2013 urz\u0119dnik, kupiec i polityk, ju\u017c takiego zainteresowania nie budzi. Czy wie Pan\/Pani co\u015b wi\u0119cej na jego temat?<\/strong><\/p>\n\n\n\n<p>Marcin Kozarzewski: Niewiele. Przeczyta\u0142em histori\u0119\u2026 nie nale\u017cy to do rodzinnych opowie\u015bci, znalaz\u0142em to podczas w\u0142asnych poszukiwa\u0144. Pono\u0107 trafi\u0142 do wi\u0119zienia, z kt\u00f3rego po kilku dniach wyszed\u0142. Jego \u017cona, Zofia, by\u0142a do\u015b\u0107 kontrowersyjn\u0105 postaci\u0105. Przed ma\u0142\u017ce\u0144stwem z Ksawerym mia\u0142a pierwszego m\u0119\u017ca, J\u00f3zefa Komierowskiego, starszego od siebie o prawie 20 lat. Znane s\u0105 jej dzienniki \u2013 Komierowski by\u0142 zapalonym towia\u0144czykiem, wie Pan, rzuca\u0142 si\u0119 na ziemi\u0119 i le\u017ca\u0142 krzy\u017cem, Zofia za\u015b pisa\u0142a na jego temat z\u0142o\u015bliwe komentarze. P\u00f3\u017aniej wysz\u0142a za Ksawerego Norwida, a po jego \u015bmierci mia\u0142a jeszcze trzeciego m\u0119\u017ca. W sumie mia\u0142a dziewi\u0119cioro dzieci, w tym Mari\u0119 Norwid\u00f3wn\u0119.<\/p>\n\n\n\n<p><strong>PSR: Czy w Pana\/Pani rodzinie m\u00f3wi\u0142o si\u0119 o tym, \u017ce brat prapradziadka by\u0142 wielkim artyst\u0105? Opowiada\u0142o historie rodzinne, nieznane biografom?<\/strong><\/p>\n\n\n\n<p>MK: To do\u015b\u0107 z\u0142o\u017cona sprawa. Ojciec po powrocie z obozu z Mauthausen zosta\u0142 uwi\u0119ziony przez UB i na\u0142o\u017cono na niego dwa wyroki \u015bmierci. Uratowa\u0142 go Julian Tuwim \u2013 gdy us\u0142ysza\u0142, \u017ce potomek Norwid\u00f3w ma zosta\u0107 skazany, poszed\u0142 osobi\u015bcie do Bieruta. Ostatecznie wyrok zosta\u0142 zamieniony na 10 lat. Ojciec pisa\u0142 wiersze i on by\u0142 zanurzony w \u015bwiat sztuki.<\/p>\n\n\n\n<p><strong>PSR: Jakie dla Pana osobi\u015bcie ma znaczenie romantyzm? Muzyka Chopina, poezja Norwida, Mickiewicza i S\u0142owackiego? A mo\u017ce woli Pan zagranicznych artyst\u00f3w?<\/strong><\/p>\n\n\n\n<p>MK: Nie wiem, jakie ma znaczenie. To cz\u0142owiek wysysa z mlekiem matki. W naszym domu te rzeczy funkcjonowa\u0142y, ale nie by\u0142o kultu romantyzmu. To m\u00f3j ojciec pisa\u0142 wiersze, i to rzutowa\u0142o na nasz\u0105 postaw\u0119.<\/p>\n\n\n\n<p><strong>PSR: Czy by\u0142 Pan kiedy\u015b na grobie Norwid\u00f3w na warszawskich Pow\u0105zkach?<\/strong><\/p>\n\n\n\n<p>MK: Oczywi\u015bcie. Pami\u0119tam r\u00f3wnie\u017c tak\u0105 sytuacj\u0119, by\u0142em wtedy dzieckiem, ale pami\u0119tam, \u017ce do naszej rodziny przyszed\u0142 profesor Gomulicki, aby uzyska\u0107 formaln\u0105 zgod\u0119 na przeniesienie szcz\u0105tk\u00f3w do tego grobu.<\/p>\n","protected":false},"excerpt":{"rendered":"<p>Marcin Kozarzewski, konserwator zabytk\u00f3w prowadz\u0105cy w Warszawie firm\u0119 Monument Service jest bezpo\u015brednim potomkiem Ksawerego Norwida, najm\u0142odszego brata Cypriana Kamila. Ma troje dzieci \u2013 Maksymiliana (zajmuj\u0105cego si\u0119 najnowocze\u015bniejszymi technologiami, docenionego w rankingu \u201e25 przed 25\u201d Forbesa), Aleksandr\u0119 (graficzk\u0119 komputerow\u0105) i Kacpra (pracuj\u0105cego w Monument Service). Paryskie salony romantyk\u00f3w: Na pocz\u0105tek o rodzinie. Cyprian i Ludwik byli [&hellip;]<\/p>\n","protected":false},"author":1,"featured_media":0,"parent":0,"menu_order":0,"comment_status":"closed","ping_status":"closed","template":"","meta":[],"_links":{"self":[{"href":"https:\/\/paryskiesalonyromantykow.pl\/index.php\/wp-json\/wp\/v2\/pages\/804"}],"collection":[{"href":"https:\/\/paryskiesalonyromantykow.pl\/index.php\/wp-json\/wp\/v2\/pages"}],"about":[{"href":"https:\/\/paryskiesalonyromantykow.pl\/index.php\/wp-json\/wp\/v2\/types\/page"}],"author":[{"embeddable":true,"href":"https:\/\/paryskiesalonyromantykow.pl\/index.php\/wp-json\/wp\/v2\/users\/1"}],"replies":[{"embeddable":true,"href":"https:\/\/paryskiesalonyromantykow.pl\/index.php\/wp-json\/wp\/v2\/comments?post=804"}],"version-history":[{"count":1,"href":"https:\/\/paryskiesalonyromantykow.pl\/index.php\/wp-json\/wp\/v2\/pages\/804\/revisions"}],"predecessor-version":[{"id":807,"href":"https:\/\/paryskiesalonyromantykow.pl\/index.php\/wp-json\/wp\/v2\/pages\/804\/revisions\/807"}],"wp:attachment":[{"href":"https:\/\/paryskiesalonyromantykow.pl\/index.php\/wp-json\/wp\/v2\/media?parent=804"}],"curies":[{"name":"wp","href":"https:\/\/api.w.org\/{rel}","templated":true}]}}