{"id":782,"date":"2021-01-15T11:26:21","date_gmt":"2021-01-15T10:26:21","guid":{"rendered":"http:\/\/paryskiesalonyromantykow.pl\/?page_id=782"},"modified":"2021-01-15T11:26:21","modified_gmt":"2021-01-15T10:26:21","slug":"potomek-niccolo-paganiniego","status":"publish","type":"page","link":"https:\/\/paryskiesalonyromantykow.pl\/index.php\/potomek-niccolo-paganiniego\/","title":{"rendered":"Potomek Niccol\u00f2 Paganiniego"},"content":{"rendered":"\n<figure class=\"wp-block-image size-large\"><img loading=\"lazy\" width=\"1024\" height=\"576\" src=\"https:\/\/paryskiesalonyromantykow.pl\/wp-content\/uploads\/2021\/01\/pjimage-7-5-1024x576.jpg\" alt=\"\" class=\"wp-image-783\" srcset=\"https:\/\/paryskiesalonyromantykow.pl\/wp-content\/uploads\/2021\/01\/pjimage-7-5-1024x576.jpg 1024w, https:\/\/paryskiesalonyromantykow.pl\/wp-content\/uploads\/2021\/01\/pjimage-7-5-300x169.jpg 300w, https:\/\/paryskiesalonyromantykow.pl\/wp-content\/uploads\/2021\/01\/pjimage-7-5-768x432.jpg 768w, https:\/\/paryskiesalonyromantykow.pl\/wp-content\/uploads\/2021\/01\/pjimage-7-5-1536x864.jpg 1536w, https:\/\/paryskiesalonyromantykow.pl\/wp-content\/uploads\/2021\/01\/pjimage-7-5.jpg 1920w\" sizes=\"(max-width: 1024px) 100vw, 1024px\" \/><figcaption>Niccol\u00f2 Paganini, jego syn Achille i potomek Rodrigo Octaviano<\/figcaption><\/figure>\n\n\n\n<p><em>Potomek s\u0142ynnego skrzypka Niccol\u00f2 Paganiniego, 37-letni Rodrigo Octaviano Paganini mieszka z narzeczon\u0105 i trzema c\u00f3rkami w Brazylii w miejscowo\u015bci Limeira.<\/em><\/p>\n\n\n\n<p><strong>Paryskie salony romantyk\u00f3w: Na pocz\u0105tek o rodzinie. Jak to si\u0119 sta\u0142o, \u017ce potomkowie w\u0142oskiego skrzypka znale\u017ali si\u0119 w Brazylii?<\/strong><\/p>\n\n\n\n<p>Rodrigo Paganini: Moi dziadkowie pochodzili z W\u0142och. M\u00f3j dziadek Orestes przeprowadzi\u0142 si\u0119 tutaj z Padwy. Mia\u0142 dwoje dzieci \u2013 moj\u0105 ciotk\u0119 Mari\u0119 Jose Paganini i mojego ojca Jose Enestora Paganini. Jestem jego jedynym synem, wi\u0119c teoretycznie na mnie nazwisko Niccol\u00f2 powinno si\u0119 sko\u0144czy\u0107, poniewa\u017c mam trzy c\u00f3rki. Najstarsza obieca\u0142a jednak, \u017ce kiedy wyjdzie za m\u0105\u017c, to zachowa nazwisko Paganini i nada je swojemu synowi.<\/p>\n\n\n\n<p><strong>PSR: Jak\u0105 rol\u0119 odgrywa poezja i muzyka w Pana \u017cyciu? Zajmuje si\u0119 Pan mo\u017ce jak\u0105\u015b dziedzin\u0105 sztuki?<\/strong><\/p>\n\n\n\n<p>RP: Hobbystycznie zajmuj\u0119 si\u0119 muzyk\u0105. Gram na pi\u0119ciu instrumentach, mi\u0119dzy innymi na gitarze, gitarze basowej i skrzypcach.<\/p>\n\n\n\n<p><strong>PSR: Czy w Pana rodzinie m\u00f3wi\u0142o si\u0119 o tym, \u017ce pradziadek by\u0142 wielkim artyst\u0105? Opowiada\u0142o historie rodzinne, nieznane biografom?<\/strong><\/p>\n\n\n\n<p>RP: Tak, moi wujowie i ciotki cz\u0119sto o tym opowiadali, ale zosta\u0142o ich coraz mniej. Ostatnio po\u017cegnali\u015bmy cioteczn\u0105 babk\u0119.<\/p>\n\n\n\n<p><strong>PSR: Czy by\u0142 Pan kiedy\u015b w Polsce? Jakie ma Pan skojarzenia z tym krajem?<\/strong><\/p>\n\n\n\n<p>RP: Nigdy nie by\u0142em w Polsce, ale lubi\u0119 kuchni\u0119 tego pi\u0119knego kraju.<\/p>\n\n\n\n<p><strong>PSR: Czy odwiedza\u0142 Pan miejsca zwi\u0105zane ze swoim s\u0142ynnym przodkiem?<\/strong><\/p>\n\n\n\n<p>RP: By\u0142em na jego grobie.<\/p>\n\n\n\n<p><strong>PSR: Jakie dla Pana osobi\u015bcie ma znaczenie romantyzm? Muzyka Paganiniego i Chopina, poezja Byrona i Goethego?<\/strong><\/p>\n\n\n\n<p>RP: Muzyka Paganiniego, muzyka romantyzmu w og\u00f3le, to sztuka pe\u0142na mi\u0142o\u015bci, to muzyka wykonywana z serca i duszy. \u015aledz\u0119 w internecie opinie na temat Paganiniego i jego dzie\u0142. Uwa\u017cano go za ucznia diab\u0142a, ale moim zdaniem on wyprzedza\u0142 sw\u00f3j czas i by\u0142 wyj\u0105tkowy w swojej sztuce.<\/p>\n","protected":false},"excerpt":{"rendered":"<p>Potomek s\u0142ynnego skrzypka Niccol\u00f2 Paganiniego, 37-letni Rodrigo Octaviano Paganini mieszka z narzeczon\u0105 i trzema c\u00f3rkami w Brazylii w miejscowo\u015bci Limeira. Paryskie salony romantyk\u00f3w: Na pocz\u0105tek o rodzinie. Jak to si\u0119 sta\u0142o, \u017ce potomkowie w\u0142oskiego skrzypka znale\u017ali si\u0119 w Brazylii? Rodrigo Paganini: Moi dziadkowie pochodzili z W\u0142och. M\u00f3j dziadek Orestes przeprowadzi\u0142 si\u0119 tutaj z Padwy. Mia\u0142 [&hellip;]<\/p>\n","protected":false},"author":1,"featured_media":0,"parent":0,"menu_order":0,"comment_status":"closed","ping_status":"closed","template":"","meta":[],"_links":{"self":[{"href":"https:\/\/paryskiesalonyromantykow.pl\/index.php\/wp-json\/wp\/v2\/pages\/782"}],"collection":[{"href":"https:\/\/paryskiesalonyromantykow.pl\/index.php\/wp-json\/wp\/v2\/pages"}],"about":[{"href":"https:\/\/paryskiesalonyromantykow.pl\/index.php\/wp-json\/wp\/v2\/types\/page"}],"author":[{"embeddable":true,"href":"https:\/\/paryskiesalonyromantykow.pl\/index.php\/wp-json\/wp\/v2\/users\/1"}],"replies":[{"embeddable":true,"href":"https:\/\/paryskiesalonyromantykow.pl\/index.php\/wp-json\/wp\/v2\/comments?post=782"}],"version-history":[{"count":1,"href":"https:\/\/paryskiesalonyromantykow.pl\/index.php\/wp-json\/wp\/v2\/pages\/782\/revisions"}],"predecessor-version":[{"id":785,"href":"https:\/\/paryskiesalonyromantykow.pl\/index.php\/wp-json\/wp\/v2\/pages\/782\/revisions\/785"}],"wp:attachment":[{"href":"https:\/\/paryskiesalonyromantykow.pl\/index.php\/wp-json\/wp\/v2\/media?parent=782"}],"curies":[{"name":"wp","href":"https:\/\/api.w.org\/{rel}","templated":true}]}}