{"id":775,"date":"2021-01-15T11:06:34","date_gmt":"2021-01-15T10:06:34","guid":{"rendered":"http:\/\/paryskiesalonyromantykow.pl\/?page_id=775"},"modified":"2021-01-15T11:50:08","modified_gmt":"2021-01-15T10:50:08","slug":"potomkowie-romantyzmu","status":"publish","type":"page","link":"https:\/\/paryskiesalonyromantykow.pl\/index.php\/potomkowie-romantyzmu\/","title":{"rendered":"Potomkowie romantyzmu"},"content":{"rendered":"\n<p>&#8222;Potomkowie romantyzmu&#8221; to seria wywiad\u00f3w z \u017cyj\u0105cymi potomkami najwa\u017cniejszych artyst\u00f3w epoki romantyzmu i ich bliskich.<\/p>\n\n\n\n<p><a href=\"http:\/\/paryskiesalonyromantykow.pl\/index.php\/potomek-adama-mickiewicza\/\" data-type=\"page\" data-id=\"778\">Potomek Adama Mickiewicza<\/a><\/p>\n\n\n\n<p><a href=\"http:\/\/paryskiesalonyromantykow.pl\/index.php\/potomek-niccolo-paganiniego\/\" data-type=\"page\" data-id=\"782\">Potomek Niccol\u00f2 Paganiniego<\/a><\/p>\n\n\n\n<p><a href=\"http:\/\/paryskiesalonyromantykow.pl\/index.php\/potomek-ksawerego-norwida\/\" data-type=\"page\" data-id=\"804\">Potomek Ksawerego Norwida<\/a><\/p>\n\n\n\n<p><a href=\"http:\/\/paryskiesalonyromantykow.pl\/index.php\/potomkini-marii-kalergis\/\" data-type=\"page\" data-id=\"786\">Potomkini Marii Kalergis<\/a><\/p>\n\n\n\n<p><a href=\"http:\/\/paryskiesalonyromantykow.pl\/index.php\/potomek-eglantyny-pattey\/\" data-type=\"page\" data-id=\"790\">Potomek Eglantyny Pattey<\/a><\/p>\n\n\n\n<p><a href=\"http:\/\/paryskiesalonyromantykow.pl\/index.php\/potomkowie-narcyzy-zmichowskiej\/\" data-type=\"page\" data-id=\"794\">Potomkowie Narcyzy \u017bmichowskiej<\/a><\/p>\n","protected":false},"excerpt":{"rendered":"<p>&#8222;Potomkowie romantyzmu&#8221; to seria wywiad\u00f3w z \u017cyj\u0105cymi potomkami najwa\u017cniejszych artyst\u00f3w epoki romantyzmu i ich bliskich. Potomek Adama Mickiewicza Potomek Niccol\u00f2 Paganiniego Potomek Ksawerego Norwida Potomkini Marii Kalergis Potomek Eglantyny Pattey Potomkowie Narcyzy \u017bmichowskiej<\/p>\n","protected":false},"author":1,"featured_media":0,"parent":0,"menu_order":0,"comment_status":"closed","ping_status":"closed","template":"","meta":[],"_links":{"self":[{"href":"https:\/\/paryskiesalonyromantykow.pl\/index.php\/wp-json\/wp\/v2\/pages\/775"}],"collection":[{"href":"https:\/\/paryskiesalonyromantykow.pl\/index.php\/wp-json\/wp\/v2\/pages"}],"about":[{"href":"https:\/\/paryskiesalonyromantykow.pl\/index.php\/wp-json\/wp\/v2\/types\/page"}],"author":[{"embeddable":true,"href":"https:\/\/paryskiesalonyromantykow.pl\/index.php\/wp-json\/wp\/v2\/users\/1"}],"replies":[{"embeddable":true,"href":"https:\/\/paryskiesalonyromantykow.pl\/index.php\/wp-json\/wp\/v2\/comments?post=775"}],"version-history":[{"count":3,"href":"https:\/\/paryskiesalonyromantykow.pl\/index.php\/wp-json\/wp\/v2\/pages\/775\/revisions"}],"predecessor-version":[{"id":809,"href":"https:\/\/paryskiesalonyromantykow.pl\/index.php\/wp-json\/wp\/v2\/pages\/775\/revisions\/809"}],"wp:attachment":[{"href":"https:\/\/paryskiesalonyromantykow.pl\/index.php\/wp-json\/wp\/v2\/media?parent=775"}],"curies":[{"name":"wp","href":"https:\/\/api.w.org\/{rel}","templated":true}]}}