{"id":761,"date":"2021-01-15T11:01:11","date_gmt":"2021-01-15T10:01:11","guid":{"rendered":"http:\/\/paryskiesalonyromantykow.pl\/?page_id=761"},"modified":"2021-01-15T11:04:14","modified_gmt":"2021-01-15T10:04:14","slug":"muzea","status":"publish","type":"page","link":"https:\/\/paryskiesalonyromantykow.pl\/index.php\/muzea\/","title":{"rendered":"Muzea"},"content":{"rendered":"\n<h1>Polska<\/h1>\n\n\n\n<div class=\"wp-block-image\"><figure class=\"aligncenter size-medium\"><img loading=\"lazy\" width=\"300\" height=\"225\" src=\"https:\/\/paryskiesalonyromantykow.pl\/wp-content\/uploads\/2021\/01\/muzeum-chopina-300x225.jpg\" alt=\"\" class=\"wp-image-762\" srcset=\"https:\/\/paryskiesalonyromantykow.pl\/wp-content\/uploads\/2021\/01\/muzeum-chopina-300x225.jpg 300w, https:\/\/paryskiesalonyromantykow.pl\/wp-content\/uploads\/2021\/01\/muzeum-chopina-1024x768.jpg 1024w, https:\/\/paryskiesalonyromantykow.pl\/wp-content\/uploads\/2021\/01\/muzeum-chopina-768x576.jpg 768w, https:\/\/paryskiesalonyromantykow.pl\/wp-content\/uploads\/2021\/01\/muzeum-chopina-1536x1152.jpg 1536w, https:\/\/paryskiesalonyromantykow.pl\/wp-content\/uploads\/2021\/01\/muzeum-chopina-2048x1536.jpg 2048w\" sizes=\"(max-width: 300px) 100vw, 300px\" \/><figcaption>Muzeum Fryderyka Chopina w Warszawie, fot.&nbsp;w\u0142asna<\/figcaption><\/figure><\/div>\n\n\n\n<h3>Warszawa<\/h3>\n\n\n\n<ul><li>Muzeum Fryderyka Chopina, Pa\u0142ac Gni\u0144skich, Ok\u00f3lnik 1<\/li><li>Muzeum Literatury im. Adama Mickiewicza, rynek Starego Miasta 20<\/li><li>Muzeum \u015awi\u0119tego Zygmunta Szcz\u0119snego Feli\u0144skiego, \u017belazna 97<\/li><\/ul>\n\n\n\n<h3>\u017belazowa Wola<\/h3>\n\n\n\n<ul><li>Dom Urodzenia Fryderyka Chopina, \u017belazowa Wola 15<\/li><\/ul>\n\n\n\n<h3>\u015amie\u0142\u00f3w<\/h3>\n\n\n\n<ul><li>Muzeum Adama Mickiewicza, \u015amie\u0142\u00f3w 1<\/li><\/ul>\n\n\n\n<h3>Opinog\u00f3ra<\/h3>\n\n\n\n<ul><li>Muzeum Romantyzmu, ul. Zygmunta Krasi\u0144skiego 9<\/li><\/ul>\n\n\n\n<div class=\"wp-block-image\"><figure class=\"aligncenter size-medium\"><img loading=\"lazy\" width=\"300\" height=\"225\" src=\"https:\/\/paryskiesalonyromantykow.pl\/wp-content\/uploads\/2021\/01\/Muzeum-Romantyzmu-w-Opinogorze-300x225.jpg\" alt=\"\" class=\"wp-image-763\" srcset=\"https:\/\/paryskiesalonyromantykow.pl\/wp-content\/uploads\/2021\/01\/Muzeum-Romantyzmu-w-Opinogorze-300x225.jpg 300w, https:\/\/paryskiesalonyromantykow.pl\/wp-content\/uploads\/2021\/01\/Muzeum-Romantyzmu-w-Opinogorze-1024x768.jpg 1024w, https:\/\/paryskiesalonyromantykow.pl\/wp-content\/uploads\/2021\/01\/Muzeum-Romantyzmu-w-Opinogorze-768x576.jpg 768w, https:\/\/paryskiesalonyromantykow.pl\/wp-content\/uploads\/2021\/01\/Muzeum-Romantyzmu-w-Opinogorze-1536x1152.jpg 1536w, https:\/\/paryskiesalonyromantykow.pl\/wp-content\/uploads\/2021\/01\/Muzeum-Romantyzmu-w-Opinogorze-2048x1536.jpg 2048w\" sizes=\"(max-width: 300px) 100vw, 300px\" \/><figcaption>Muzeum Romantyzmu w Opinog\u00f3rze, fot. w\u0142asna<\/figcaption><\/figure><\/div>\n\n\n\n<h3>Z\u0142oty Potok<\/h3>\n\n\n\n<ul><li>Muzeum Regionalne im. Zygmunta Krasi\u0144skiego, ul. Ko\u015bciuszki 11<\/li><\/ul>\n\n\n\n<h3>Wroc\u0142aw<\/h3>\n\n\n\n<ul><li>Muzeum Pana Tadeusza, Rynek 6<\/li><\/ul>\n\n\n\n<h3>K\u0142\u00f3bka<\/h3>\n\n\n\n<ul><li>Dw\u00f3r Marii Wodzi\u0144skiej, K\u0142\u00f3bka 18<\/li><\/ul>\n\n\n\n<h1>Litwa<\/h1>\n\n\n\n<h3>Wilno<\/h3>\n\n\n\n<ul><li>Muzeum Adama Mickiewicza, Bernardin\u0173 13<\/li><li>Cela Konrada, Au\u0161ros Vart\u0173 g. 7A<\/li><li>Muzeum Literackie im. A. Puszkina, Suba\u010diaus g. 124<\/li><\/ul>\n\n\n\n<div class=\"wp-block-image\"><figure class=\"aligncenter size-medium\"><img loading=\"lazy\" width=\"300\" height=\"300\" src=\"https:\/\/paryskiesalonyromantykow.pl\/wp-content\/uploads\/2021\/01\/Muzeum-Mickiewicza-w-Wilnie-300x300.jpg\" alt=\"\" class=\"wp-image-764\" srcset=\"https:\/\/paryskiesalonyromantykow.pl\/wp-content\/uploads\/2021\/01\/Muzeum-Mickiewicza-w-Wilnie-300x300.jpg 300w, https:\/\/paryskiesalonyromantykow.pl\/wp-content\/uploads\/2021\/01\/Muzeum-Mickiewicza-w-Wilnie-1024x1024.jpg 1024w, https:\/\/paryskiesalonyromantykow.pl\/wp-content\/uploads\/2021\/01\/Muzeum-Mickiewicza-w-Wilnie-150x150.jpg 150w, https:\/\/paryskiesalonyromantykow.pl\/wp-content\/uploads\/2021\/01\/Muzeum-Mickiewicza-w-Wilnie-768x768.jpg 768w, https:\/\/paryskiesalonyromantykow.pl\/wp-content\/uploads\/2021\/01\/Muzeum-Mickiewicza-w-Wilnie-1536x1536.jpg 1536w, https:\/\/paryskiesalonyromantykow.pl\/wp-content\/uploads\/2021\/01\/Muzeum-Mickiewicza-w-Wilnie.jpg 1920w\" sizes=\"(max-width: 300px) 100vw, 300px\" \/><figcaption>Muzeum Adama Mickiewicza w Wilnie, fot. w\u0142asna<\/figcaption><\/figure><\/div>\n\n\n\n<h3>Kowno<\/h3>\n\n\n\n<ul><li>Muzeum Adama Mickiewicza, Aleksoto g. 6<\/li><\/ul>\n\n\n\n<h1>Bia\u0142oru\u015b<\/h1>\n\n\n\n<h3>Nowogr\u00f3dek<\/h3>\n\n\n\n<ul><li>Muzeum Adama Mickiewicza, Ulitsa Lenina 1<\/li><\/ul>\n\n\n\n<h3>Zaosie<\/h3>\n\n\n\n<ul><li>Muzeum Adama Mickiewicza<\/li><\/ul>\n\n\n\n<h1>Ukraina<\/h1>\n\n\n\n<h3>Krzemieniec<\/h3>\n\n\n\n<ul><li>Muzeum Juliusza S\u0142owackiego, Vulytsya Slovats\u02b9koho, 16<\/li><\/ul>\n\n\n\n<div class=\"wp-block-image\"><figure class=\"aligncenter size-medium\"><img loading=\"lazy\" width=\"300\" height=\"199\" src=\"https:\/\/paryskiesalonyromantykow.pl\/wp-content\/uploads\/2021\/01\/Muzeum-Slowackiego-300x199.jpg\" alt=\"\" class=\"wp-image-765\" srcset=\"https:\/\/paryskiesalonyromantykow.pl\/wp-content\/uploads\/2021\/01\/Muzeum-Slowackiego-300x199.jpg 300w, https:\/\/paryskiesalonyromantykow.pl\/wp-content\/uploads\/2021\/01\/Muzeum-Slowackiego-1024x678.jpg 1024w, https:\/\/paryskiesalonyromantykow.pl\/wp-content\/uploads\/2021\/01\/Muzeum-Slowackiego-768x508.jpg 768w, https:\/\/paryskiesalonyromantykow.pl\/wp-content\/uploads\/2021\/01\/Muzeum-Slowackiego-1536x1017.jpg 1536w, https:\/\/paryskiesalonyromantykow.pl\/wp-content\/uploads\/2021\/01\/Muzeum-Slowackiego.jpg 1600w\" sizes=\"(max-width: 300px) 100vw, 300px\" \/><figcaption>Muzeum Juliusza S\u0142owackiego w Krzemie\u0144cu, fot. Agnieszka Zieli\u0144ska, \u017ar\u00f3d\u0142o: blog \u201eMoje podr\u00f3\u017ce literackie\u201d<\/figcaption><\/figure><\/div>\n\n\n\n<h1>Francja<\/h1>\n\n\n\n<h3>Pary\u017c<\/h3>\n\n\n\n<ul><li>Biblioteka Polska (Muzeum Adama Mickiewicza i Salon Chopina), 6, quai d\u2019Orl\u00e9ans<\/li><li>Mus\u00e9e de la Vie Romantique, 16 Rue Chaptal<\/li><li>Muzeum Eug\u00e8ne Delacroix, 6 Rue de Furstemberg<\/li><\/ul>\n\n\n\n<h3>Nohant<\/h3>\n\n\n\n<ul><li>Posiad\u0142o\u015b\u0107 George Sand, 2 place Sainte-Anne<\/li><\/ul>\n\n\n\n<div class=\"wp-block-image\"><figure class=\"aligncenter size-medium\"><img loading=\"lazy\" width=\"300\" height=\"277\" src=\"https:\/\/paryskiesalonyromantykow.pl\/wp-content\/uploads\/2021\/01\/domaine_de_george_sand_c3a0_nohant_e-300x277.jpg\" alt=\"\" class=\"wp-image-766\" srcset=\"https:\/\/paryskiesalonyromantykow.pl\/wp-content\/uploads\/2021\/01\/domaine_de_george_sand_c3a0_nohant_e-300x277.jpg 300w, https:\/\/paryskiesalonyromantykow.pl\/wp-content\/uploads\/2021\/01\/domaine_de_george_sand_c3a0_nohant_e-1024x944.jpg 1024w, https:\/\/paryskiesalonyromantykow.pl\/wp-content\/uploads\/2021\/01\/domaine_de_george_sand_c3a0_nohant_e-768x708.jpg 768w, https:\/\/paryskiesalonyromantykow.pl\/wp-content\/uploads\/2021\/01\/domaine_de_george_sand_c3a0_nohant_e-1536x1416.jpg 1536w, https:\/\/paryskiesalonyromantykow.pl\/wp-content\/uploads\/2021\/01\/domaine_de_george_sand_c3a0_nohant_e-2048x1888.jpg 2048w\" sizes=\"(max-width: 300px) 100vw, 300px\" \/><figcaption>Posiad\u0142o\u015b\u0107 George Sand w Nohant, fotografia Placide\u2019a Verdota z 1875 roku<\/figcaption><\/figure><\/div>\n\n\n\n<h3>Gargilesse-Dampierre<\/h3>\n\n\n\n<ul><li>Posiad\u0142o\u015b\u0107 George Sand, Le Bourg<\/li><\/ul>\n\n\n\n<h3>Bougival<\/h3>\n\n\n\n<ul><li>Villa Viardot, 78380 Bougival<\/li><\/ul>\n\n\n\n<h3>La Ch\u00e2tre<\/h3>\n\n\n\n<ul><li>Mus\u00e9e George Sand et de la Vall\u00e9e Noire, 71 Rue Venose<\/li><\/ul>\n\n\n\n<h1>W\u0119gry<\/h1>\n\n\n\n<h3>Budapeszt<\/h3>\n\n\n\n<ul><li>Muzeum Ferenca Liszta, V\u00f6r\u00f6smarty u. 35<\/li><\/ul>\n\n\n\n<h1>Niemcy<\/h1>\n\n\n\n<h3>Bayreuth<\/h3>\n\n\n\n<ul><li>Muzeum Ferenca Liszta, Wahnfriedstra\u00dfe 9<\/li><\/ul>\n\n\n\n<h3>Weimar<\/h3>\n\n\n\n<ul><li>Muzeum Ferenca Liszta, Marienstra\u00dfe 17<\/li><li>Goethes Gartenhaus, Park an der Ilm<\/li><li>Dom Goethego, Frauenplan 1<\/li><\/ul>\n\n\n\n<h1>Austria<\/h1>\n\n\n\n<h3>Raiding<\/h3>\n\n\n\n<ul><li>Dom urodzin Ferenca Liszta<\/li><\/ul>\n\n\n\n<div class=\"wp-block-image\"><figure class=\"aligncenter size-medium\"><img loading=\"lazy\" width=\"300\" height=\"174\" src=\"https:\/\/paryskiesalonyromantykow.pl\/wp-content\/uploads\/2021\/01\/slider_groc39f_2_liszthaus_aussenansicht-300x174.jpg\" alt=\"\" class=\"wp-image-767\" srcset=\"https:\/\/paryskiesalonyromantykow.pl\/wp-content\/uploads\/2021\/01\/slider_groc39f_2_liszthaus_aussenansicht-300x174.jpg 300w, https:\/\/paryskiesalonyromantykow.pl\/wp-content\/uploads\/2021\/01\/slider_groc39f_2_liszthaus_aussenansicht-1024x595.jpg 1024w, https:\/\/paryskiesalonyromantykow.pl\/wp-content\/uploads\/2021\/01\/slider_groc39f_2_liszthaus_aussenansicht-768x446.jpg 768w, https:\/\/paryskiesalonyromantykow.pl\/wp-content\/uploads\/2021\/01\/slider_groc39f_2_liszthaus_aussenansicht.jpg 1170w\" sizes=\"(max-width: 300px) 100vw, 300px\" \/><figcaption>Dom urodzenia Ferenca Liszta, fot. Heiling\/Lorenz, \u017ar\u00f3d\u0142o: oficjalna strona muzeum<\/figcaption><\/figure><\/div>\n\n\n\n<h1>Hiszpania<\/h1>\n\n\n\n<h3>Valldemossa<\/h3>\n\n\n\n<ul><li>Muzeum Chopina i George Sand, Celda 4, Pla\u00e7a de la Cartuja, 9<\/li><\/ul>\n\n\n\n<h1>W\u0142ochy<\/h1>\n\n\n\n<h3>Rzym<\/h3>\n\n\n\n<ul><li>Keats-Shelley House, Piazza di Spagna 26<\/li><\/ul>\n\n\n\n<h1>Wielka Brytania<\/h1>\n\n\n\n<h3>Newstead Village<\/h3>\n\n\n\n<ul><li>Newstead Abbey (dom urodzenia Byrona), Newstead Village NG15 8NA<\/li><\/ul>\n\n\n\n<h1>Liban<\/h1>\n\n\n\n<ul><li>Muzeum Juliusza S\u0142owackiego, klasztor Betcheszban<\/li><\/ul>\n\n\n\n<h1>Turcja<\/h1>\n\n\n\n<h3>Stambu\u0142<\/h3>\n\n\n\n<ul><li>Muzeum Adama Mickiewicza, Bostan, Tatl\u0131 Badem Sk. No:10<\/li><\/ul>\n\n\n\n<div class=\"wp-block-image\"><figure class=\"aligncenter size-medium\"><img loading=\"lazy\" width=\"300\" height=\"199\" src=\"https:\/\/paryskiesalonyromantykow.pl\/wp-content\/uploads\/2021\/01\/Muzeum-Mickiewicza-w-Stambule-300x199.jpg\" alt=\"\" class=\"wp-image-768\" srcset=\"https:\/\/paryskiesalonyromantykow.pl\/wp-content\/uploads\/2021\/01\/Muzeum-Mickiewicza-w-Stambule-300x199.jpg 300w, https:\/\/paryskiesalonyromantykow.pl\/wp-content\/uploads\/2021\/01\/Muzeum-Mickiewicza-w-Stambule-1024x678.jpg 1024w, https:\/\/paryskiesalonyromantykow.pl\/wp-content\/uploads\/2021\/01\/Muzeum-Mickiewicza-w-Stambule-768x508.jpg 768w, https:\/\/paryskiesalonyromantykow.pl\/wp-content\/uploads\/2021\/01\/Muzeum-Mickiewicza-w-Stambule-1536x1017.jpg 1536w, https:\/\/paryskiesalonyromantykow.pl\/wp-content\/uploads\/2021\/01\/Muzeum-Mickiewicza-w-Stambule.jpg 1600w\" sizes=\"(max-width: 300px) 100vw, 300px\" \/><figcaption>Muzeum Adama Mickiewicza w Stambule, fot. Agnieszka Zieli\u0144ska, \u017ar\u00f3d\u0142o: blog \u201eMoje podr\u00f3\u017ce literackie\u201d<\/figcaption><\/figure><\/div>\n\n\n\n<h1>Muzea planowane:<\/h1>\n\n\n\n<ul><li>Muzeum Cypriana Norwida, pa\u0142ac w D\u0119binkach<\/li><li>Muzeum Solange Clesinger, Sarzay, Francja<\/li><\/ul>\n\n\n\n<div class=\"wp-block-image\"><figure class=\"aligncenter size-medium\"><img loading=\"lazy\" width=\"300\" height=\"199\" src=\"https:\/\/paryskiesalonyromantykow.pl\/wp-content\/uploads\/2021\/01\/dsc_9123-1024x680-1-300x199.jpg\" alt=\"\" class=\"wp-image-769\" srcset=\"https:\/\/paryskiesalonyromantykow.pl\/wp-content\/uploads\/2021\/01\/dsc_9123-1024x680-1-300x199.jpg 300w, https:\/\/paryskiesalonyromantykow.pl\/wp-content\/uploads\/2021\/01\/dsc_9123-1024x680-1-768x510.jpg 768w, https:\/\/paryskiesalonyromantykow.pl\/wp-content\/uploads\/2021\/01\/dsc_9123-1024x680-1.jpg 1024w\" sizes=\"(max-width: 300px) 100vw, 300px\" \/><figcaption>Pa\u0142ac w D\u0119binkach, gdzie w przysz\u0142o\u015bci stanie muzeum Cypriana Norwida. Fot. Edyta Chlebowska dla Fundacji Museion Norwid<\/figcaption><\/figure><\/div>\n","protected":false},"excerpt":{"rendered":"<p>Polska Warszawa Muzeum Fryderyka Chopina, Pa\u0142ac Gni\u0144skich, Ok\u00f3lnik 1 Muzeum Literatury im. Adama Mickiewicza, rynek Starego Miasta 20 Muzeum \u015awi\u0119tego Zygmunta Szcz\u0119snego Feli\u0144skiego, \u017belazna 97 \u017belazowa Wola Dom Urodzenia Fryderyka Chopina, \u017belazowa Wola 15 \u015amie\u0142\u00f3w Muzeum Adama Mickiewicza, \u015amie\u0142\u00f3w 1 Opinog\u00f3ra Muzeum Romantyzmu, ul. Zygmunta Krasi\u0144skiego 9 Z\u0142oty Potok Muzeum Regionalne im. Zygmunta Krasi\u0144skiego, ul. [&hellip;]<\/p>\n","protected":false},"author":1,"featured_media":0,"parent":0,"menu_order":0,"comment_status":"closed","ping_status":"closed","template":"","meta":[],"_links":{"self":[{"href":"https:\/\/paryskiesalonyromantykow.pl\/index.php\/wp-json\/wp\/v2\/pages\/761"}],"collection":[{"href":"https:\/\/paryskiesalonyromantykow.pl\/index.php\/wp-json\/wp\/v2\/pages"}],"about":[{"href":"https:\/\/paryskiesalonyromantykow.pl\/index.php\/wp-json\/wp\/v2\/types\/page"}],"author":[{"embeddable":true,"href":"https:\/\/paryskiesalonyromantykow.pl\/index.php\/wp-json\/wp\/v2\/users\/1"}],"replies":[{"embeddable":true,"href":"https:\/\/paryskiesalonyromantykow.pl\/index.php\/wp-json\/wp\/v2\/comments?post=761"}],"version-history":[{"count":2,"href":"https:\/\/paryskiesalonyromantykow.pl\/index.php\/wp-json\/wp\/v2\/pages\/761\/revisions"}],"predecessor-version":[{"id":773,"href":"https:\/\/paryskiesalonyromantykow.pl\/index.php\/wp-json\/wp\/v2\/pages\/761\/revisions\/773"}],"wp:attachment":[{"href":"https:\/\/paryskiesalonyromantykow.pl\/index.php\/wp-json\/wp\/v2\/media?parent=761"}],"curies":[{"name":"wp","href":"https:\/\/api.w.org\/{rel}","templated":true}]}}