{"id":619,"date":"2021-01-13T12:23:46","date_gmt":"2021-01-13T11:23:46","guid":{"rendered":"http:\/\/paryskiesalonyromantykow.pl\/?page_id=619"},"modified":"2021-01-13T12:23:46","modified_gmt":"2021-01-13T11:23:46","slug":"wieszczowie","status":"publish","type":"page","link":"https:\/\/paryskiesalonyromantykow.pl\/index.php\/wieszczowie\/","title":{"rendered":"&#8222;Wieszczowie&#8221;"},"content":{"rendered":"\n<p>\u201eWieszczowie\u201d to napisana przeze mnie powie\u015b\u0107 osadzona w latach 40. XIX wieku. Opowiada o trzech najwa\u017cniejszych artystach polskich epoki romantyzmu \u2013 Adama Mickiewicza, Juliusza S\u0142owackiego i Fryderyka Chopina. Poza nimi pojawiaj\u0105 si\u0119 inni wielcy ludzie tej epoki \u2013 George Sand, Ferenc Liszt, Andrzej Towia\u0144ski,&nbsp;Eug\u00e8ne Delacroix, Cyprian Kamil Norwid czy Zygmunt Krasi\u0144ski. G\u0142\u00f3wnym miejscem akcji jest Pary\u017c, w kt\u00f3rym w tamtym czasie mieszkali g\u0142\u00f3wni bohaterowie.<\/p>\n\n\n\n<p>Powie\u015b\u0107 ukazuje, jak Polacy na emigracji usi\u0142owali odnale\u017a\u0107 si\u0119 w otaczaj\u0105cej rzeczywisto\u015bci. Nie brak w niej dyskusji na temat Polski i tego, jak powinna ona wygl\u0105da\u0107 po odzyskaniu niepodleg\u0142o\u015bci, a tak\u017ce na temat miejsca sztuki w codziennym \u017cyciu oraz w zmieniaj\u0105cych si\u0119 kolejach historii.<\/p>\n\n\n\n<p>Powie\u015b\u0107 ukaza\u0142a si\u0119 latem 2020 roku nak\u0142adem wydawnictwa K.I.T. Stowarzyszenie \u017bywych Poet\u00f3w.<\/p>\n\n\n\n<figure class=\"wp-block-image size-large\"><img loading=\"lazy\" width=\"712\" height=\"1024\" src=\"https:\/\/paryskiesalonyromantykow.pl\/wp-content\/uploads\/2021\/01\/108120214_3221403994606074_7065868895738639842_o-1-712x1024.jpg\" alt=\"\" class=\"wp-image-620\" srcset=\"https:\/\/paryskiesalonyromantykow.pl\/wp-content\/uploads\/2021\/01\/108120214_3221403994606074_7065868895738639842_o-1-712x1024.jpg 712w, https:\/\/paryskiesalonyromantykow.pl\/wp-content\/uploads\/2021\/01\/108120214_3221403994606074_7065868895738639842_o-1-208x300.jpg 208w, https:\/\/paryskiesalonyromantykow.pl\/wp-content\/uploads\/2021\/01\/108120214_3221403994606074_7065868895738639842_o-1-768x1105.jpg 768w, https:\/\/paryskiesalonyromantykow.pl\/wp-content\/uploads\/2021\/01\/108120214_3221403994606074_7065868895738639842_o-1.jpg 820w\" sizes=\"(max-width: 712px) 100vw, 712px\" \/><\/figure>\n\n\n\n<p>Aby zakupi\u0107 ksi\u0105\u017ck\u0119 z autografem (35 z\u0142 + koszty wysy\u0142ki), zapraszam do kontaktu mailowego pod adresem paryskiesalonyromantykow@gmail.com<\/p>\n","protected":false},"excerpt":{"rendered":"<p>\u201eWieszczowie\u201d to napisana przeze mnie powie\u015b\u0107 osadzona w latach 40. XIX wieku. Opowiada o trzech najwa\u017cniejszych artystach polskich epoki romantyzmu \u2013 Adama Mickiewicza, Juliusza S\u0142owackiego i Fryderyka Chopina. Poza nimi pojawiaj\u0105 si\u0119 inni wielcy ludzie tej epoki \u2013 George Sand, Ferenc Liszt, Andrzej Towia\u0144ski,&nbsp;Eug\u00e8ne Delacroix, Cyprian Kamil Norwid czy Zygmunt Krasi\u0144ski. G\u0142\u00f3wnym miejscem akcji jest [&hellip;]<\/p>\n","protected":false},"author":1,"featured_media":0,"parent":0,"menu_order":0,"comment_status":"closed","ping_status":"closed","template":"","meta":[],"_links":{"self":[{"href":"https:\/\/paryskiesalonyromantykow.pl\/index.php\/wp-json\/wp\/v2\/pages\/619"}],"collection":[{"href":"https:\/\/paryskiesalonyromantykow.pl\/index.php\/wp-json\/wp\/v2\/pages"}],"about":[{"href":"https:\/\/paryskiesalonyromantykow.pl\/index.php\/wp-json\/wp\/v2\/types\/page"}],"author":[{"embeddable":true,"href":"https:\/\/paryskiesalonyromantykow.pl\/index.php\/wp-json\/wp\/v2\/users\/1"}],"replies":[{"embeddable":true,"href":"https:\/\/paryskiesalonyromantykow.pl\/index.php\/wp-json\/wp\/v2\/comments?post=619"}],"version-history":[{"count":1,"href":"https:\/\/paryskiesalonyromantykow.pl\/index.php\/wp-json\/wp\/v2\/pages\/619\/revisions"}],"predecessor-version":[{"id":622,"href":"https:\/\/paryskiesalonyromantykow.pl\/index.php\/wp-json\/wp\/v2\/pages\/619\/revisions\/622"}],"wp:attachment":[{"href":"https:\/\/paryskiesalonyromantykow.pl\/index.php\/wp-json\/wp\/v2\/media?parent=619"}],"curies":[{"name":"wp","href":"https:\/\/api.w.org\/{rel}","templated":true}]}}