{"id":616,"date":"2021-01-13T12:19:46","date_gmt":"2021-01-13T11:19:46","guid":{"rendered":"http:\/\/paryskiesalonyromantykow.pl\/?page_id=616"},"modified":"2021-01-20T18:49:12","modified_gmt":"2021-01-20T17:49:12","slug":"czym-sa-paryskie-salony-romantykow","status":"publish","type":"page","link":"https:\/\/paryskiesalonyromantykow.pl\/index.php\/czym-sa-paryskie-salony-romantykow\/","title":{"rendered":"Czym s\u0105 &#8222;Paryskie salony romantyk\u00f3w&#8221;?"},"content":{"rendered":"\n<p>Witaj!<\/p>\n\n\n\n<p>&#8222;Paryskie salony romantyk\u00f3w&#8221; powsta\u0142y jako uzupe\u0142nienie mojej powie\u015bci &#8222;Wieszczowie&#8221;, opowiadaj\u0105cej o Adamie Mickiewiczu, Juliuszu S\u0142owackim i Fryderyku Chopinie. Chcia\u0142em, aby potencjalni czytelnicy i czytelniczki mogli pozna\u0107 pe\u0142ne \u017cyciorysy wyst\u0119puj\u0105cych w niej postaci oraz zobaczy\u0107 ich portrety i fotografie. Z czasem rozwija\u0142em stron\u0119, dodaj\u0105c do niej coraz wi\u0119cej materia\u0142\u00f3w, a\u017c wyewoluowa\u0142a w portal, kt\u00f3rym jest dzisiaj.<\/p>\n\n\n\n<p>Misj\u0105 &#8222;Paryskich salon\u00f3w romantyk\u00f3w&#8221; jest zg\u0142\u0119bianie epoki romantyzmu, szczeg\u00f3lnie polskiego. Pojawiaj\u0105 si\u0119 r\u00f3wnie\u017c arty\u015bci francuscy, angielscy czy niemieccy, lecz na pierwszym miejscu zawsze znajdowa\u0107 si\u0119 b\u0119d\u0105 nasi rodacy. Cho\u0107 niemal ka\u017cdy zna nazwisko Mickiewicza, S\u0142owackiego czy Chopina, to ich tw\u00f3rczo\u015b\u0107 czy \u017cyciorysy wci\u0105\u017c pozostaj\u0105 na marginesie wsp\u00f3\u0142czesnej kultury. Zaczyna si\u0119 to powoli zmienia\u0107 &#8211; pojawiaj\u0105 si\u0119 kolejne publikacje (nie tylko naukowe) na ich temat, a tak\u017ce zainteresowali si\u0119 nimi filmowcy (np. Grupa Filmowa Darwin).<\/p>\n\n\n\n<p>&#8222;Paryskie salony romantyk\u00f3w&#8221; zawieraj\u0105 takie materia\u0142y jak:<\/p>\n\n\n\n<p><a href=\"https:\/\/paryskiesalonyromantykow.pl\/index.php\/biografie\/\" data-type=\"page\" data-id=\"101\">Biografie<\/a><\/p>\n\n\n\n<p><a href=\"http:\/\/paryskiesalonyromantykow.pl\/index.php\/kalendarium\/\" data-type=\"page\" data-id=\"1258\">Kalendarium<\/a><\/p>\n\n\n\n<p><a href=\"http:\/\/paryskiesalonyromantykow.pl\/index.php\/drzewa-genealogiczne\/\" data-type=\"page\" data-id=\"625\">Drzewa genealogiczne<\/a><\/p>\n\n\n\n<p><a href=\"http:\/\/paryskiesalonyromantykow.pl\/index.php\/groby\/\" data-type=\"page\" data-id=\"642\">Miejsca poch\u00f3wk\u00f3w<\/a><\/p>\n\n\n\n<p><a href=\"http:\/\/paryskiesalonyromantykow.pl\/index.php\/muzea\/\" data-type=\"page\" data-id=\"761\">Muzea<\/a><\/p>\n\n\n\n<p><a href=\"http:\/\/paryskiesalonyromantykow.pl\/index.php\/galeria\/\" data-type=\"page\" data-id=\"810\">Galeria<\/a><\/p>\n\n\n\n<p><a href=\"http:\/\/paryskiesalonyromantykow.pl\/index.php\/metryki\/\" data-type=\"page\" data-id=\"655\">Metryki<\/a><\/p>\n\n\n\n<p><a href=\"https:\/\/paryskiesalonyromantykow.pl\/index.php\/teksty\/\" data-type=\"page\" data-id=\"1314\">Teksty<\/a><\/p>\n\n\n\n<p><a href=\"http:\/\/paryskiesalonyromantykow.pl\/index.php\/potomkowie-romantyzmu\/\" data-type=\"page\" data-id=\"775\">Potomkowie romantyzmu<\/a><\/p>\n","protected":false},"excerpt":{"rendered":"<p>Witaj! &#8222;Paryskie salony romantyk\u00f3w&#8221; powsta\u0142y jako uzupe\u0142nienie mojej powie\u015bci &#8222;Wieszczowie&#8221;, opowiadaj\u0105cej o Adamie Mickiewiczu, Juliuszu S\u0142owackim i Fryderyku Chopinie. Chcia\u0142em, aby potencjalni czytelnicy i czytelniczki mogli pozna\u0107 pe\u0142ne \u017cyciorysy wyst\u0119puj\u0105cych w niej postaci oraz zobaczy\u0107 ich portrety i fotografie. Z czasem rozwija\u0142em stron\u0119, dodaj\u0105c do niej coraz wi\u0119cej materia\u0142\u00f3w, a\u017c wyewoluowa\u0142a w portal, kt\u00f3rym jest [&hellip;]<\/p>\n","protected":false},"author":1,"featured_media":0,"parent":0,"menu_order":0,"comment_status":"closed","ping_status":"closed","template":"","meta":[],"_links":{"self":[{"href":"https:\/\/paryskiesalonyromantykow.pl\/index.php\/wp-json\/wp\/v2\/pages\/616"}],"collection":[{"href":"https:\/\/paryskiesalonyromantykow.pl\/index.php\/wp-json\/wp\/v2\/pages"}],"about":[{"href":"https:\/\/paryskiesalonyromantykow.pl\/index.php\/wp-json\/wp\/v2\/types\/page"}],"author":[{"embeddable":true,"href":"https:\/\/paryskiesalonyromantykow.pl\/index.php\/wp-json\/wp\/v2\/users\/1"}],"replies":[{"embeddable":true,"href":"https:\/\/paryskiesalonyromantykow.pl\/index.php\/wp-json\/wp\/v2\/comments?post=616"}],"version-history":[{"count":4,"href":"https:\/\/paryskiesalonyromantykow.pl\/index.php\/wp-json\/wp\/v2\/pages\/616\/revisions"}],"predecessor-version":[{"id":1500,"href":"https:\/\/paryskiesalonyromantykow.pl\/index.php\/wp-json\/wp\/v2\/pages\/616\/revisions\/1500"}],"wp:attachment":[{"href":"https:\/\/paryskiesalonyromantykow.pl\/index.php\/wp-json\/wp\/v2\/media?parent=616"}],"curies":[{"name":"wp","href":"https:\/\/api.w.org\/{rel}","templated":true}]}}