{"id":587,"date":"2021-01-11T11:25:42","date_gmt":"2021-01-11T10:25:42","guid":{"rendered":"http:\/\/paryskiesalonyromantykow.pl\/?page_id=587"},"modified":"2021-06-18T20:34:23","modified_gmt":"2021-06-18T18:34:23","slug":"august-becu","status":"publish","type":"page","link":"https:\/\/paryskiesalonyromantykow.pl\/index.php\/august-becu\/","title":{"rendered":"August B\u00e9cu"},"content":{"rendered":"\n<figure class=\"wp-block-table aligncenter is-style-stripes\"><table><tbody><tr><td class=\"has-text-align-left\" data-align=\"left\"><img loading=\"lazy\" width=\"1000\" height=\"1000\" class=\"wp-image-588\" style=\"width: 200px;\" src=\"http:\/\/paryskiesalonyromantykow.pl\/wp-content\/uploads\/2021\/01\/pjimage-5-6.jpg\" alt=\"\" srcset=\"https:\/\/paryskiesalonyromantykow.pl\/wp-content\/uploads\/2021\/01\/pjimage-5-6.jpg 1000w, https:\/\/paryskiesalonyromantykow.pl\/wp-content\/uploads\/2021\/01\/pjimage-5-6-300x300.jpg 300w, https:\/\/paryskiesalonyromantykow.pl\/wp-content\/uploads\/2021\/01\/pjimage-5-6-150x150.jpg 150w, https:\/\/paryskiesalonyromantykow.pl\/wp-content\/uploads\/2021\/01\/pjimage-5-6-768x768.jpg 768w\" sizes=\"(max-width: 1000px) 100vw, 1000px\" \/><\/td><td>August Ludwik B\u00e9cu<\/td><\/tr><tr><td class=\"has-text-align-left\" data-align=\"left\"><strong>Data i miejsce urodzenia<\/strong><\/td><td>3 maja 1771 roku<br>Grodno<\/td><\/tr><tr><td class=\"has-text-align-left\" data-align=\"left\"><strong>Data i miejsce \u015bmierci<\/strong><\/td><td>7 wrze\u015bnia 1824 roku<br>Wilno<\/td><\/tr><tr><td class=\"has-text-align-left\" data-align=\"left\"><strong>Rodzice<\/strong><\/td><td>Jan Ludwik (ok. 1741-ok. 1796)<br>Karolina z Hein\u00f3w (ok. 1740 roku-1782)<\/td><\/tr><tr><td class=\"has-text-align-left\" data-align=\"left\"><strong>\u017bona<\/strong><\/td><td>Katarzyna z Tomaszewskich (1774-1814)<br><a href=\"https:\/\/paryskiesalonyromantykow.pl\/index.php\/salomea-becu\/\" data-type=\"page\" data-id=\"390\">Salomea z Januszewskich (1792-1855)<\/a><\/td><\/tr><tr><td class=\"has-text-align-left\" data-align=\"left\"><strong>Dzieci<\/strong><\/td><td><a href=\"https:\/\/paryskiesalonyromantykow.pl\/index.php\/aleksandra-mianowska\/\" data-type=\"page\" data-id=\"325\">Aleksandra (1803-1832)<\/a><br><a href=\"https:\/\/paryskiesalonyromantykow.pl\/index.php\/hersylia-januszewska\/\" data-type=\"page\" data-id=\"330\">Hersylia (1805-1872)<\/a><br><a href=\"https:\/\/paryskiesalonyromantykow.pl\/index.php\/juliusz-slowacki\/\" data-type=\"page\" data-id=\"153\">Juliusz S\u0142owacki (1809-1849)<\/a> &#8211; pasierb<\/td><\/tr><\/tbody><\/table><\/figure>\n\n\n\n<p>August B\u00e9cu, ojczym <a href=\"https:\/\/paryskiesalonyromantykow.pl\/index.php\/juliusz-slowacki\/\" data-type=\"page\" data-id=\"153\">Juliusza S\u0142owackiego<\/a>, pochodzi\u0142 z francuskiej rodziny protestanckiej. Urodzi\u0142 si\u0119 i wychowywa\u0142 w Grodnie, gdzie uko\u0144czy\u0142 szko\u0142\u0119 \u015bredni\u0105. Nast\u0119pnie przeni\u00f3s\u0142 si\u0119 do Wilna, gdzie studiowa\u0142 w Szkole G\u0142\u00f3wnej Litewskiej. W 1789 roku uzyska\u0142 doktorat z filozofii, a w 1793 roku &#8211; z medycyny. Niebawem zosta\u0142 wyk\u0142adowc\u0105 na Uniwersytecie Wile\u0144skim. Pracowa\u0142 r\u00f3wnie\u017c jako lekarz w szpitalu szarytek.<\/p>\n\n\n\n<p>Z pierwsz\u0105 \u017con\u0105, Katarzyn\u0105 z Tomaszewskich, mia\u0142 dwie c\u00f3rki &#8211; <a href=\"https:\/\/paryskiesalonyromantykow.pl\/index.php\/aleksandra-mianowska\/\" data-type=\"page\" data-id=\"325\">Aleksandr\u0119<\/a> i <a href=\"https:\/\/paryskiesalonyromantykow.pl\/index.php\/hersylia-januszewska\/\" data-type=\"page\" data-id=\"330\">Hersyli\u0119<\/a>. Niestety Katarzyna zmar\u0142a m\u0142odo, a August przez kilka lat wychowywa\u0142 dzieci samodzielnie. Po kilku latach zaproponowa\u0142 ma\u0142\u017ce\u0144stwo <a href=\"https:\/\/paryskiesalonyromantykow.pl\/index.php\/salomea-becu\/\" data-type=\"page\" data-id=\"390\">Salomei S\u0142owackiej<\/a>, wdowie po swoim koledze z Uniwersytetu Wile\u0144skiego, <a href=\"https:\/\/paryskiesalonyromantykow.pl\/index.php\/euzebiusz-slowacki\/\" data-type=\"page\" data-id=\"544\">Euzebiuszu<\/a>. W ten spos\u00f3b sta\u0142 si\u0119 ojczymem o\u015bmioletniego Juliusza S\u0142owackiego. Salomea wzi\u0119\u0142a na siebie trud wychowywania syna i przybranych c\u00f3rek, za\u015b jej m\u0105\u017c utrzymywa\u0142 ich finansowo.<\/p>\n\n\n\n<p>W 1824 roku August zdrzemn\u0105\u0142 si\u0119 w swoim pokoju. Niespodziewanie przez okno wpad\u0142 piorun, zabijaj\u0105c go na miejscu. Doktor B\u00e9cu zosta\u0142 pochowany na cmentarzu na Rossie w Wilnie.<\/p>\n","protected":false},"excerpt":{"rendered":"<p>August Ludwik B\u00e9cu Data i miejsce urodzenia 3 maja 1771 rokuGrodno Data i miejsce \u015bmierci 7 wrze\u015bnia 1824 rokuWilno Rodzice Jan Ludwik (ok. 1741-ok. 1796)Karolina z Hein\u00f3w (ok. 1740 roku-1782) \u017bona Katarzyna z Tomaszewskich (1774-1814)Salomea z Januszewskich (1792-1855) Dzieci Aleksandra (1803-1832)Hersylia (1805-1872)Juliusz S\u0142owacki (1809-1849) &#8211; pasierb August B\u00e9cu, ojczym Juliusza S\u0142owackiego, pochodzi\u0142 z francuskiej rodziny [&hellip;]<\/p>\n","protected":false},"author":1,"featured_media":0,"parent":0,"menu_order":0,"comment_status":"closed","ping_status":"closed","template":"","meta":[],"_links":{"self":[{"href":"https:\/\/paryskiesalonyromantykow.pl\/index.php\/wp-json\/wp\/v2\/pages\/587"}],"collection":[{"href":"https:\/\/paryskiesalonyromantykow.pl\/index.php\/wp-json\/wp\/v2\/pages"}],"about":[{"href":"https:\/\/paryskiesalonyromantykow.pl\/index.php\/wp-json\/wp\/v2\/types\/page"}],"author":[{"embeddable":true,"href":"https:\/\/paryskiesalonyromantykow.pl\/index.php\/wp-json\/wp\/v2\/users\/1"}],"replies":[{"embeddable":true,"href":"https:\/\/paryskiesalonyromantykow.pl\/index.php\/wp-json\/wp\/v2\/comments?post=587"}],"version-history":[{"count":3,"href":"https:\/\/paryskiesalonyromantykow.pl\/index.php\/wp-json\/wp\/v2\/pages\/587\/revisions"}],"predecessor-version":[{"id":1755,"href":"https:\/\/paryskiesalonyromantykow.pl\/index.php\/wp-json\/wp\/v2\/pages\/587\/revisions\/1755"}],"wp:attachment":[{"href":"https:\/\/paryskiesalonyromantykow.pl\/index.php\/wp-json\/wp\/v2\/media?parent=587"}],"curies":[{"name":"wp","href":"https:\/\/api.w.org\/{rel}","templated":true}]}}