{"id":548,"date":"2021-01-11T10:08:13","date_gmt":"2021-01-11T09:08:13","guid":{"rendered":"http:\/\/paryskiesalonyromantykow.pl\/?page_id=548"},"modified":"2022-02-11T12:12:05","modified_gmt":"2022-02-11T11:12:05","slug":"mikolaj-mickiewicz","status":"publish","type":"page","link":"https:\/\/paryskiesalonyromantykow.pl\/index.php\/mikolaj-mickiewicz\/","title":{"rendered":"Miko\u0142aj Mickiewicz"},"content":{"rendered":"\n<figure class=\"wp-block-table aligncenter is-style-stripes\"><table><tbody><tr><td class=\"has-text-align-left\" data-align=\"left\"><img loading=\"lazy\" width=\"1000\" height=\"1000\" class=\"wp-image-549\" style=\"width: 200px;\" src=\"http:\/\/paryskiesalonyromantykow.pl\/wp-content\/uploads\/2021\/01\/105484926_694558251115234_8837732042461741626_o.jpg\" alt=\"\" srcset=\"https:\/\/paryskiesalonyromantykow.pl\/wp-content\/uploads\/2021\/01\/105484926_694558251115234_8837732042461741626_o.jpg 1000w, https:\/\/paryskiesalonyromantykow.pl\/wp-content\/uploads\/2021\/01\/105484926_694558251115234_8837732042461741626_o-300x300.jpg 300w, https:\/\/paryskiesalonyromantykow.pl\/wp-content\/uploads\/2021\/01\/105484926_694558251115234_8837732042461741626_o-150x150.jpg 150w, https:\/\/paryskiesalonyromantykow.pl\/wp-content\/uploads\/2021\/01\/105484926_694558251115234_8837732042461741626_o-768x768.jpg 768w\" sizes=\"(max-width: 1000px) 100vw, 1000px\" \/><\/td><td>Miko\u0142aj Karol Mickiewicz<\/td><\/tr><tr><td class=\"has-text-align-left\" data-align=\"left\"><strong>Data i miejsce urodzenia<\/strong><\/td><td>1765 rok<br>Horbatowicze<\/td><\/tr><tr><td class=\"has-text-align-left\" data-align=\"left\"><strong>Data i miejsce \u015bmierci<\/strong><\/td><td>16 maja 1812 roku<br>Nowogr\u00f3dek<\/td><\/tr><tr><td class=\"has-text-align-left\" data-align=\"left\"><strong>Rodzice<\/strong><\/td><td>Jakub (ok. 1730-1780)<br>Teodora z P\u0119kalskich<\/td><\/tr><tr><td class=\"has-text-align-left\" data-align=\"left\"><strong>Rodze\u0144stwo<\/strong><\/td><td>Barbara (ok. 1770-?)<\/td><\/tr><tr><td class=\"has-text-align-left\" data-align=\"left\"><strong>\u017bona<\/strong><\/td><td><a href=\"https:\/\/paryskiesalonyromantykow.pl\/index.php\/barbara-mickiewicz\/\" data-type=\"page\" data-id=\"556\">Barbara z Majewskich (1767-1820)<\/a><\/td><\/tr><tr><td class=\"has-text-align-left\" data-align=\"left\"><strong>Dzieci<\/strong><\/td><td><a href=\"https:\/\/paryskiesalonyromantykow.pl\/index.php\/franciszek-mickiewicz\/\" data-type=\"page\" data-id=\"1918\">Franciszek (1796-1862)<\/a><br><a href=\"https:\/\/paryskiesalonyromantykow.pl\/index.php\/adam-mickiewicz\/\" data-type=\"page\" data-id=\"138\">Adam (1798-1855)<\/a><br><a href=\"https:\/\/paryskiesalonyromantykow.pl\/index.php\/aleksander-mickiewicz-brat\/\" data-type=\"page\" data-id=\"1930\">Aleksander (1801-1871)<\/a><br><a href=\"https:\/\/paryskiesalonyromantykow.pl\/index.php\/jerzy-mickiewicz\/\" data-type=\"page\" data-id=\"2149\">Jerzy (1804-1839)<\/a><br>Antoni (1805-1810)<\/td><\/tr><\/tbody><\/table><\/figure>\n\n\n\n<p>Miko\u0142aj Mickiewicz, syn Jakuba i Teodory z P\u0119kalskich, przyszed\u0142 na \u015bwiat w Horbatowiczach, a w wieku kilku lat pos\u0142ano go do nowogr\u00f3dzkiej szko\u0142y jezuickiej. Po \u015bmierci rodzic\u00f3w zaopiekowali si\u0119 nim stryjowie. W 1791 roku rozpocz\u0105\u0142 prac\u0119 jako patron, czyli adwokat subseli\u00f3w (kancelarii) nowogr\u00f3dzkich. Mniej wi\u0119cej w tym czasie po\u015blubi\u0142 <a href=\"https:\/\/paryskiesalonyromantykow.pl\/index.php\/barbara-mickiewicz\/\" data-type=\"page\" data-id=\"556\">Barbar\u0119 z Majewskich<\/a>.<\/p>\n\n\n\n<p>Trzeba od razu zaznaczy\u0107, \u017ce praca adwokata by\u0142a wtedy niebezpiecznym zaj\u0119ciem. Ojcu poety wielokrotnie zostawa\u0142 obity kijami. W dodatku jego zarobki ledwie starczy\u0142y na utrzymanie stale powi\u0119kszaj\u0105cej si\u0119 rodziny &#8211; Mickiewiczowie mieli pi\u0119ciu syn\u00f3w, z kt\u00f3rych najm\u0142odszy zmar\u0142 w dzieci\u0144stwie.<\/p>\n\n\n\n<p>Wed\u0142ug relacji jego potomk\u00f3w Miko\u0142aj pisywa\u0142 poezj\u0119 (cho\u0107 raczej \u015bmieszne wierszyki ni\u017c donios\u0142e poematy) i by\u0142 wielkim mi\u0142o\u015bnikiem zwierz\u0105t. To r\u00f3wnie\u017c on udowodni\u0142 szlachectwo rodziny Mickiewicz\u00f3w, dzi\u0119ki czemu m\u00f3g\u0142 wykonywa\u0107 sw\u00f3j zaw\u00f3d (wedle ukazu petersburskiego Senatu z grudnia 1797 roku adwokatem m\u00f3g\u0142 zosta\u0107 jedynie kto\u015b z wylegitymowanej szlachty).<\/p>\n\n\n\n<p>W pa\u017adzierniku 1811 roku w Nowogr\u00f3dku wybuch\u0142 wielki po\u017car, kt\u00f3ry zagrozi\u0142 domostwu Mickiewicz\u00f3w. Na drugi dzie\u0144 Miko\u0142aj Mickiewicz ci\u0119\u017cko zachorowa\u0142. P\u00f3\u0142 roku p\u00f3\u017aniej, 16 lub 18 maja 1812 roku zmar\u0142, pozostawiaj\u0105c swoj\u0105 rodzin\u0119 bez zabezpieczenia materialnego. Pochowano go najprawdopodobniej na zboczu nowogr\u00f3dzkiej g\u00f3ry Mendoga.<\/p>\n","protected":false},"excerpt":{"rendered":"<p>Miko\u0142aj Karol Mickiewicz Data i miejsce urodzenia 1765 rokHorbatowicze Data i miejsce \u015bmierci 16 maja 1812 rokuNowogr\u00f3dek Rodzice Jakub (ok. 1730-1780)Teodora z P\u0119kalskich Rodze\u0144stwo Barbara (ok. 1770-?) \u017bona Barbara z Majewskich (1767-1820) Dzieci Franciszek (1796-1862)Adam (1798-1855)Aleksander (1801-1871)Jerzy (1804-1839)Antoni (1805-1810) Miko\u0142aj Mickiewicz, syn Jakuba i Teodory z P\u0119kalskich, przyszed\u0142 na \u015bwiat w Horbatowiczach, a w wieku [&hellip;]<\/p>\n","protected":false},"author":1,"featured_media":0,"parent":0,"menu_order":0,"comment_status":"closed","ping_status":"closed","template":"","meta":[],"_links":{"self":[{"href":"https:\/\/paryskiesalonyromantykow.pl\/index.php\/wp-json\/wp\/v2\/pages\/548"}],"collection":[{"href":"https:\/\/paryskiesalonyromantykow.pl\/index.php\/wp-json\/wp\/v2\/pages"}],"about":[{"href":"https:\/\/paryskiesalonyromantykow.pl\/index.php\/wp-json\/wp\/v2\/types\/page"}],"author":[{"embeddable":true,"href":"https:\/\/paryskiesalonyromantykow.pl\/index.php\/wp-json\/wp\/v2\/users\/1"}],"replies":[{"embeddable":true,"href":"https:\/\/paryskiesalonyromantykow.pl\/index.php\/wp-json\/wp\/v2\/comments?post=548"}],"version-history":[{"count":6,"href":"https:\/\/paryskiesalonyromantykow.pl\/index.php\/wp-json\/wp\/v2\/pages\/548\/revisions"}],"predecessor-version":[{"id":2153,"href":"https:\/\/paryskiesalonyromantykow.pl\/index.php\/wp-json\/wp\/v2\/pages\/548\/revisions\/2153"}],"wp:attachment":[{"href":"https:\/\/paryskiesalonyromantykow.pl\/index.php\/wp-json\/wp\/v2\/media?parent=548"}],"curies":[{"name":"wp","href":"https:\/\/api.w.org\/{rel}","templated":true}]}}