{"id":544,"date":"2021-01-11T09:59:23","date_gmt":"2021-01-11T08:59:23","guid":{"rendered":"http:\/\/paryskiesalonyromantykow.pl\/?page_id=544"},"modified":"2021-01-17T09:13:41","modified_gmt":"2021-01-17T08:13:41","slug":"euzebiusz-slowacki","status":"publish","type":"page","link":"https:\/\/paryskiesalonyromantykow.pl\/index.php\/euzebiusz-slowacki\/","title":{"rendered":"Euzebiusz S\u0142owacki"},"content":{"rendered":"\n<figure class=\"wp-block-table aligncenter is-style-stripes\"><table><tbody><tr><td class=\"has-text-align-left\" data-align=\"left\"><img loading=\"lazy\" width=\"1000\" height=\"1000\" class=\"wp-image-545\" style=\"width: 200px;\" src=\"http:\/\/paryskiesalonyromantykow.pl\/wp-content\/uploads\/2021\/01\/pjimage-1-2.jpg\" alt=\"\" srcset=\"https:\/\/paryskiesalonyromantykow.pl\/wp-content\/uploads\/2021\/01\/pjimage-1-2.jpg 1000w, https:\/\/paryskiesalonyromantykow.pl\/wp-content\/uploads\/2021\/01\/pjimage-1-2-300x300.jpg 300w, https:\/\/paryskiesalonyromantykow.pl\/wp-content\/uploads\/2021\/01\/pjimage-1-2-150x150.jpg 150w, https:\/\/paryskiesalonyromantykow.pl\/wp-content\/uploads\/2021\/01\/pjimage-1-2-768x768.jpg 768w\" sizes=\"(max-width: 1000px) 100vw, 1000px\" \/><\/td><td>Euzebiusz Tomasz S\u0142owacki<\/td><\/tr><tr><td class=\"has-text-align-left\" data-align=\"left\"><strong>Data i miejsce urodzenia<\/strong><\/td><td>15 grudnia 1772 roku<br>Podhorce<\/td><\/tr><tr><td class=\"has-text-align-left\" data-align=\"left\"><strong>Data i miejsce \u015bmierci<\/strong><\/td><td>10 listopada 1814 roku<br>Wilno<\/td><\/tr><tr><td class=\"has-text-align-left\" data-align=\"left\"><strong>Rodzice<\/strong><\/td><td>Jakub (ok. 1740-1789)<br>Ma\u0142gorzata z Zeydler\u00f3w<\/td><\/tr><tr><td class=\"has-text-align-left\" data-align=\"left\"><strong>Rodze\u0144stwo<\/strong><\/td><td>Teofila (1774-?)<br>Antoni (1777-?)<br>Jan (1779-?)<br>J\u00f3zef (1779-?)<br>Erazm (1781-1839)<\/td><\/tr><tr><td class=\"has-text-align-left\" data-align=\"left\"><strong>\u017bona<\/strong><\/td><td><a href=\"https:\/\/paryskiesalonyromantykow.pl\/index.php\/salomea-becu\/\" data-type=\"page\" data-id=\"390\">Salomea z Januszewskich (1792-1855)<\/a><\/td><\/tr><tr><td class=\"has-text-align-left\" data-align=\"left\"><strong>Dzieci<\/strong><\/td><td><a href=\"https:\/\/paryskiesalonyromantykow.pl\/index.php\/juliusz-slowacki\/\" data-type=\"page\" data-id=\"153\">Juliusz (1809-1849)<\/a><\/td><\/tr><\/tbody><\/table><\/figure>\n\n\n\n<p>Euzebiusz S\u0142owacki by\u0142 najstarszym synem z siedmiorga dzieci Jakuba, zarz\u0105dcy kluczy podhoreckiego i oleskiego w dobrach Wac\u0142awa Rzewuskiego, i jego \u017cony Ma\u0142gorzaty z Zeydler\u00f3w. Oko\u0142o 1780 roku rodzina S\u0142owackich przenios\u0142a si\u0119 w okolice Dubna (Wo\u0142y\u0144), gdzie Jakub zosta\u0142 zarz\u0105dc\u0105 d\u00f3br w maj\u0105tku Czackich. Euzebiusz kszta\u0142ci\u0142 si\u0119 w Gimnazjum Wo\u0142y\u0144skim, a po \u015bmierci ojca w 1789 roku wychowywa\u0142a go matka.<\/p>\n\n\n\n<p>W 1792 roku uko\u0144czy\u0142 szko\u0142y i uzyska\u0142 patent na geometr\u0119 kr\u00f3lewskiego, ale wskutek wydarze\u0144 politycznych pracowa\u0107 m\u00f3g\u0142 tylko jako geometra prywatny. W 1800 roku zosta\u0142 nauczycielem domowym u pu\u0142kownika J\u00f3zefa Poniatowskiego w Taha\u0144czy. W tym czasie zacz\u0105\u0142 intensywnie dokszta\u0142ca\u0107 si\u0119 w zakresie literatury, pr\u00f3bowa\u0142 r\u00f3wnie\u017c swoich si\u0142 w t\u0142umaczeniach, g\u0142\u00f3wnie z \u0142aciny. Dzi\u0119ki dzia\u0142alno\u015bci literackiej i t\u0142umaczeniowej otrzyma\u0142 posad\u0119 nauczyciela wymowy i poezji w Liceum Krzemienieckim.<\/p>\n\n\n\n<p>W 1808 roku po\u015blubi\u0142 <a href=\"https:\/\/paryskiesalonyromantykow.pl\/index.php\/salomea-becu\/\" data-type=\"page\" data-id=\"390\">Salome\u0119 z Januszewskich<\/a>, z kt\u00f3r\u0105 mia\u0142 syna <a href=\"https:\/\/paryskiesalonyromantykow.pl\/index.php\/juliusz-slowacki\/\" data-type=\"page\" data-id=\"153\">Juliusza<\/a>. Nied\u0142ugo p\u00f3\u017aniej w wyniku konkursu uda\u0142o mu si\u0119 obj\u0105\u0107 Katedr\u0119 Wymowy i Poezji na Uniwersytecie Wile\u0144skim jako profesor. W sierpniu 1811 roku przeni\u00f3s\u0142 si\u0119 wraz z rodzin\u0105 do Wilna.<\/p>\n\n\n\n<p>Niebawem zosta\u0142 redaktorem &#8222;Kuriera Litewskiego&#8221;, gdzie og\u0142asza\u0142 recenzje teatralne. Pozostawi\u0142 r\u00f3wnie\u017c po sobie niezbyt liczn\u0105 spu\u015bcizn\u0119 t\u0142umaczeniow\u0105 i literack\u0105.<\/p>\n\n\n\n<p>10 listopada 1814 roku Euzebiusz zmar\u0142 na gru\u017alic\u0119 w wieku 41 lat, pochowano go cmentarzu na Rossie w Wilnie, gdzie jego gr\u00f3b znajduje si\u0119 do dzi\u015b.<\/p>\n","protected":false},"excerpt":{"rendered":"<p>Euzebiusz Tomasz S\u0142owacki Data i miejsce urodzenia 15 grudnia 1772 rokuPodhorce Data i miejsce \u015bmierci 10 listopada 1814 rokuWilno Rodzice Jakub (ok. 1740-1789)Ma\u0142gorzata z Zeydler\u00f3w Rodze\u0144stwo Teofila (1774-?)Antoni (1777-?)Jan (1779-?)J\u00f3zef (1779-?)Erazm (1781-1839) \u017bona Salomea z Januszewskich (1792-1855) Dzieci Juliusz (1809-1849) Euzebiusz S\u0142owacki by\u0142 najstarszym synem z siedmiorga dzieci Jakuba, zarz\u0105dcy kluczy podhoreckiego i oleskiego w [&hellip;]<\/p>\n","protected":false},"author":1,"featured_media":0,"parent":0,"menu_order":0,"comment_status":"closed","ping_status":"closed","template":"","meta":[],"_links":{"self":[{"href":"https:\/\/paryskiesalonyromantykow.pl\/index.php\/wp-json\/wp\/v2\/pages\/544"}],"collection":[{"href":"https:\/\/paryskiesalonyromantykow.pl\/index.php\/wp-json\/wp\/v2\/pages"}],"about":[{"href":"https:\/\/paryskiesalonyromantykow.pl\/index.php\/wp-json\/wp\/v2\/types\/page"}],"author":[{"embeddable":true,"href":"https:\/\/paryskiesalonyromantykow.pl\/index.php\/wp-json\/wp\/v2\/users\/1"}],"replies":[{"embeddable":true,"href":"https:\/\/paryskiesalonyromantykow.pl\/index.php\/wp-json\/wp\/v2\/comments?post=544"}],"version-history":[{"count":2,"href":"https:\/\/paryskiesalonyromantykow.pl\/index.php\/wp-json\/wp\/v2\/pages\/544\/revisions"}],"predecessor-version":[{"id":1152,"href":"https:\/\/paryskiesalonyromantykow.pl\/index.php\/wp-json\/wp\/v2\/pages\/544\/revisions\/1152"}],"wp:attachment":[{"href":"https:\/\/paryskiesalonyromantykow.pl\/index.php\/wp-json\/wp\/v2\/media?parent=544"}],"curies":[{"name":"wp","href":"https:\/\/api.w.org\/{rel}","templated":true}]}}