{"id":540,"date":"2021-01-11T09:51:38","date_gmt":"2021-01-11T08:51:38","guid":{"rendered":"http:\/\/paryskiesalonyromantykow.pl\/?page_id=540"},"modified":"2021-12-20T10:03:27","modified_gmt":"2021-12-20T09:03:27","slug":"mikolaj-chopin","status":"publish","type":"page","link":"https:\/\/paryskiesalonyromantykow.pl\/index.php\/mikolaj-chopin\/","title":{"rendered":"Miko\u0142aj Chopin"},"content":{"rendered":"\n<figure class=\"wp-block-table aligncenter is-style-stripes\"><table><tbody><tr><td class=\"has-text-align-left\" data-align=\"left\"><img loading=\"lazy\" width=\"1000\" height=\"1000\" class=\"wp-image-541\" style=\"width: 200px;\" src=\"http:\/\/paryskiesalonyromantykow.pl\/wp-content\/uploads\/2021\/01\/pjimage-28.jpg\" alt=\"\" srcset=\"https:\/\/paryskiesalonyromantykow.pl\/wp-content\/uploads\/2021\/01\/pjimage-28.jpg 1000w, https:\/\/paryskiesalonyromantykow.pl\/wp-content\/uploads\/2021\/01\/pjimage-28-300x300.jpg 300w, https:\/\/paryskiesalonyromantykow.pl\/wp-content\/uploads\/2021\/01\/pjimage-28-150x150.jpg 150w, https:\/\/paryskiesalonyromantykow.pl\/wp-content\/uploads\/2021\/01\/pjimage-28-768x768.jpg 768w\" sizes=\"(max-width: 1000px) 100vw, 1000px\" \/><\/td><td>Nicolas Chopin<\/td><\/tr><tr><td class=\"has-text-align-left\" data-align=\"left\"><strong>Data i miejsce urodzenia<\/strong><\/td><td>15 kwietnia 1771 roku<br>Marainville-sur-Madon<\/td><\/tr><tr><td class=\"has-text-align-left\" data-align=\"left\"><strong>Data i miejsce \u015bmierci<\/strong><\/td><td>3 maja 1844 roku<br>Warszawa<\/td><\/tr><tr><td class=\"has-text-align-left\" data-align=\"left\"><strong>Rodzice<\/strong><\/td><td>Fran\u00e7ois Chopin (1738-1814)<br>Marguerite z domu Deflin (1736-1794)<\/td><\/tr><tr><td class=\"has-text-align-left\" data-align=\"left\"><strong>Rodze\u0144stwo<\/strong><\/td><td>Anne (1769-1845)<br>Elizabeth (1773-1773)<br>Marguerite (1774-1774)<br>Marguerite (1775-1845)<\/td><\/tr><tr><td class=\"has-text-align-left\" data-align=\"left\"><strong>\u017bona<\/strong><\/td><td><a href=\"https:\/\/paryskiesalonyromantykow.pl\/index.php\/tekla-justyna-chopin\/\" data-type=\"page\" data-id=\"561\">Tekla Justyna z Krzy\u017canowskich<\/a> (1782-1861)<\/td><\/tr><tr><td class=\"has-text-align-left\" data-align=\"left\"><strong>Dzieci<\/strong><\/td><td><a href=\"https:\/\/paryskiesalonyromantykow.pl\/index.php\/ludwika-jedrzejewicz\/\" data-type=\"page\" data-id=\"297\">Ludwika<\/a> (1807-1855)<br><a href=\"https:\/\/paryskiesalonyromantykow.pl\/index.php\/fryderyk-chopin\/\" data-type=\"page\" data-id=\"167\">Fryderyk<\/a> (1810-1849)<br><a href=\"https:\/\/paryskiesalonyromantykow.pl\/index.php\/izabella-barcinska\/\" data-type=\"page\" data-id=\"438\">Izabella<\/a> (1811-1881)<br><a href=\"https:\/\/paryskiesalonyromantykow.pl\/index.php\/emilia-chopin\/\" data-type=\"page\" data-id=\"270\">Emilia<\/a> (1812-1826)<\/td><\/tr><\/tbody><\/table><\/figure>\n\n\n\n<p>Miko\u0142aj (Nicolas) Chopin pochodzi\u0142 z rodziny francuskich ko\u0142odziej\u00f3w i winogrodnik\u00f3w, i wsp\u00f3lnie z rodzicami, Fran\u00e7ois Chopinem i jego pierwsz\u0105 \u017con\u0105 Marguerite, mieszkali w posiad\u0142o\u015bci Polaka Micha\u0142a-Jana Paca we wsi Marainville-sur-Madon w Lotaryngii. M\u0142ody Nicolas szybko zwr\u00f3ci\u0142 na siebie uwag\u0119 administratora posiad\u0142o\u015bci, Adama Weydlicha, r\u00f3wnie\u017c Polaka, kt\u00f3ry pozwoli\u0142 mu na cz\u0119ste wizyty w zamku Paca, a pani Weydlichowa zadba\u0142a o jego edukacj\u0119. Dzi\u0119ki niej ch\u0142opiec przyswoi\u0142 sobie j\u0119zyk niemiecki i cz\u0119\u015bciowo polski, zna\u0142 podstawy rachunkowo\u015bci, kaligrafii, literatury i muzyki.<\/p>\n\n\n\n<p>W 1787 roku zmar\u0142 Micha\u0142 Pac, a Weydlichowie postanowili wr\u00f3ci\u0107 do Polski. Szesnastoletni Nicolas wyruszy\u0142 z nimi, aby pom\u00f3c mentorowi w interesach. Weydlich za\u0142o\u017cy\u0142 w Warszawie pensj\u0119 \u017ce\u0144sk\u0105, w kt\u00f3rej pracowa\u0142 jego podopieczny. Kontakt listowny ch\u0142opaka z rodzicami szybko si\u0119 urwa\u0142.<\/p>\n\n\n\n<p>Przez nast\u0119pne kilkana\u015bcie lat Nicolas pracowa\u0142 jako nauczyciel i wychowawca dzieci z arystokratycznych i szlacheckich dom\u00f3w. Do jego wychowank\u00f3w nale\u017celi mi\u0119dzy innymi Jan Dekert, biskup-sufragan warszawski i syn prezydenta Warszawy, Maria Walewska z \u0141\u0105czy\u0144skich, ukochana Napoleona i matka jego syna Aleksandra, oraz Fryderyk Skarbek, pisarz, historyk i ekonomista.<\/p>\n\n\n\n<p>W 1806 roku po\u015blubi\u0142 <a href=\"https:\/\/paryskiesalonyromantykow.pl\/index.php\/tekla-justyna-chopin\/\" data-type=\"page\" data-id=\"561\">Tekl\u0119 Justyn\u0119 Krzy\u017canowsk\u0105<\/a>, ubog\u0105 szlachciank\u0119 pracuj\u0105c\u0105 dla Skarbk\u00f3w, rodzic\u00f3w jednego z jego uczni\u00f3w. Ich wsp\u00f3ln\u0105 pasj\u0105 by\u0142a muzyka &#8211; ona gra\u0142a na fortepianie i \u015bpiewa\u0142a, on za\u015b gra\u0142 na skrzypcach i flecie. Niebawem przysz\u0142y na \u015bwiat ich dzieci &#8211; <a href=\"https:\/\/paryskiesalonyromantykow.pl\/index.php\/ludwika-jedrzejewicz\/\" data-type=\"page\" data-id=\"297\">Ludwika<\/a> (1807), <a href=\"https:\/\/paryskiesalonyromantykow.pl\/index.php\/fryderyk-chopin\/\" data-type=\"page\" data-id=\"167\">Fryderyk<\/a> ( 1810), <a href=\"https:\/\/paryskiesalonyromantykow.pl\/index.php\/izabella-barcinska\/\" data-type=\"page\" data-id=\"438\">Izabella<\/a> (1811) i <a href=\"https:\/\/paryskiesalonyromantykow.pl\/index.php\/emilia-chopin\/\" data-type=\"page\" data-id=\"270\">Emilia<\/a> (1812). Chopinowie przenosili si\u0119 w tych latach kilkakrotnie mi\u0119dzy Warszaw\u0105 a \u017belazow\u0105 Wol\u0105 wraz ze swoimi pracodawcami, Skarbkami.<\/p>\n\n\n\n<p>W 1810 roku Nicolas otrzyma\u0142 posad\u0119 wsp\u00f3\u0142pracownika, a nast\u0119pnie profesora j\u0119zyka francuskiego w Liceum Warszawskim. To pozwoli\u0142o Chopinom osi\u0105\u015b\u0107 na sta\u0142e w Warszawie i za\u0142o\u017cy\u0107 w\u0142asn\u0105 pensj\u0119. Przez dwadzie\u015bcia kilka lat jej dzia\u0142alno\u015bci wykszta\u0142ci\u0142a co najmniej czterdziestu wychowank\u00f3w.<\/p>\n\n\n\n<p>Miko\u0142aj Chopin s\u0142yn\u0105\u0142 jako cz\u0142owiek pracowity, wymagaj\u0105cy i pedantyczny, ale r\u00f3wnie\u017c uczciwy. Do spraw politycznych podchodzi\u0142 z dystansem, t\u0119 sam\u0105 postaw\u0119 wpajaj\u0105c r\u00f3wnie\u017c przebywaj\u0105cemu na emigracji synowi. Za swoj\u0105 ojczyzn\u0119 uwa\u017ca\u0142 Polsk\u0119 i dba\u0142 o patriotyczne wychowanie swoich dzieci.<\/p>\n\n\n\n<p>Po przej\u015bciu na emerytur\u0119 Miko\u0142aj i Tekla zamieszkali u c\u00f3rki Izabelli przy ulicy Nowy \u015awiat 1255 (obecnie 47). W przydomowym ogr\u00f3dku pan Chopin hodowa\u0142 krzew winoro\u015bli, co sprawia\u0142o mu ogromn\u0105 rado\u015b\u0107. Wiedli wraz z \u017con\u0105 ciche i spokojne \u017cycie. Niestety coraz bardziej dokucza\u0142a mu gru\u017alica, pogarsza\u0142 te\u017c si\u0119 jego wzrok. Zmar\u0142 w domu c\u00f3rki Izabelii, w otoczeniu rodziny. Pocz\u0105tkowo pochowano go w katakumbach na Cmentarzu Pow\u0105zkowskim, lecz uleg\u0142y one zniszczeniu w czasie II wojny \u015bwiatowej. Szcz\u0105tki Miko\u0142aja i Tekli przeniesiono do nowego grobu na Pow\u0105zkach, kt\u00f3ry stoi tam do dzi\u015b.<\/p>\n","protected":false},"excerpt":{"rendered":"<p>Nicolas Chopin Data i miejsce urodzenia 15 kwietnia 1771 rokuMarainville-sur-Madon Data i miejsce \u015bmierci 3 maja 1844 rokuWarszawa Rodzice Fran\u00e7ois Chopin (1738-1814)Marguerite z domu Deflin (1736-1794) Rodze\u0144stwo Anne (1769-1845)Elizabeth (1773-1773)Marguerite (1774-1774)Marguerite (1775-1845) \u017bona Tekla Justyna z Krzy\u017canowskich (1782-1861) Dzieci Ludwika (1807-1855)Fryderyk (1810-1849)Izabella (1811-1881)Emilia (1812-1826) Miko\u0142aj (Nicolas) Chopin pochodzi\u0142 z rodziny francuskich ko\u0142odziej\u00f3w i winogrodnik\u00f3w, i [&hellip;]<\/p>\n","protected":false},"author":1,"featured_media":0,"parent":0,"menu_order":0,"comment_status":"closed","ping_status":"closed","template":"","meta":[],"_links":{"self":[{"href":"https:\/\/paryskiesalonyromantykow.pl\/index.php\/wp-json\/wp\/v2\/pages\/540"}],"collection":[{"href":"https:\/\/paryskiesalonyromantykow.pl\/index.php\/wp-json\/wp\/v2\/pages"}],"about":[{"href":"https:\/\/paryskiesalonyromantykow.pl\/index.php\/wp-json\/wp\/v2\/types\/page"}],"author":[{"embeddable":true,"href":"https:\/\/paryskiesalonyromantykow.pl\/index.php\/wp-json\/wp\/v2\/users\/1"}],"replies":[{"embeddable":true,"href":"https:\/\/paryskiesalonyromantykow.pl\/index.php\/wp-json\/wp\/v2\/comments?post=540"}],"version-history":[{"count":3,"href":"https:\/\/paryskiesalonyromantykow.pl\/index.php\/wp-json\/wp\/v2\/pages\/540\/revisions"}],"predecessor-version":[{"id":1995,"href":"https:\/\/paryskiesalonyromantykow.pl\/index.php\/wp-json\/wp\/v2\/pages\/540\/revisions\/1995"}],"wp:attachment":[{"href":"https:\/\/paryskiesalonyromantykow.pl\/index.php\/wp-json\/wp\/v2\/media?parent=540"}],"curies":[{"name":"wp","href":"https:\/\/api.w.org\/{rel}","templated":true}]}}