{"id":522,"date":"2021-01-10T20:18:19","date_gmt":"2021-01-10T19:18:19","guid":{"rendered":"http:\/\/paryskiesalonyromantykow.pl\/?page_id=522"},"modified":"2021-01-17T10:32:31","modified_gmt":"2021-01-17T09:32:31","slug":"maria-sadowska","status":"publish","type":"page","link":"https:\/\/paryskiesalonyromantykow.pl\/index.php\/maria-sadowska\/","title":{"rendered":"Maria Sadowska"},"content":{"rendered":"\n<figure class=\"wp-block-table aligncenter is-style-stripes\"><table><tbody><tr><td class=\"has-text-align-left\" data-align=\"left\"><img loading=\"lazy\" width=\"1000\" height=\"1000\" class=\"wp-image-523\" style=\"width: 200px;\" src=\"http:\/\/paryskiesalonyromantykow.pl\/wp-content\/uploads\/2021\/01\/pjimage-5-5.jpg\" alt=\"\" srcset=\"https:\/\/paryskiesalonyromantykow.pl\/wp-content\/uploads\/2021\/01\/pjimage-5-5.jpg 1000w, https:\/\/paryskiesalonyromantykow.pl\/wp-content\/uploads\/2021\/01\/pjimage-5-5-300x300.jpg 300w, https:\/\/paryskiesalonyromantykow.pl\/wp-content\/uploads\/2021\/01\/pjimage-5-5-150x150.jpg 150w, https:\/\/paryskiesalonyromantykow.pl\/wp-content\/uploads\/2021\/01\/pjimage-5-5-768x768.jpg 768w\" sizes=\"(max-width: 1000px) 100vw, 1000px\" \/><\/td><td>Maria Teresa Sadowska z domu Brzezina<\/td><\/tr><tr><td class=\"has-text-align-left\" data-align=\"left\"><strong>Data i miejsce urodzenia<\/strong><\/td><td>ok. 1835 roku<\/td><\/tr><tr><td class=\"has-text-align-left\" data-align=\"left\"><strong>Data i miejsce \u015bmierci<\/strong><\/td><td>ok. 1892 roku<\/td><\/tr><tr><td class=\"has-text-align-left\" data-align=\"left\"><strong>Rodzice<\/strong><\/td><td><span class=\"has-inline-color has-vivid-red-color\">nieznani<\/span><\/td><\/tr><tr><td class=\"has-text-align-left\" data-align=\"left\"><strong>M\u0105\u017c<\/strong><\/td><td>Franciszek (1832-?)<\/td><\/tr><tr><td class=\"has-text-align-left\" data-align=\"left\"><strong>Dzieci<\/strong><\/td><td>syn (1864-1866)<br>Teodozja (1869-?)<br>Maria-Franciszka (1871-?)<br>Gabriela (ok. 1873-?)<\/td><\/tr><\/tbody><\/table><\/figure>\n\n\n\n<p>Maria Sadowska z Brzezin\u00f3w to polska pisarka zwi\u0105zana z wile\u0144skim \u015brodowiskiem literacki, autorka wielu humoresek i powie\u015bci. W jej \u017cyciorysie nie brakuje bia\u0142ych plam \u2013 wci\u0105\u017c nie znaleziono aktu jej urodzenia ani aktu zgonu, nie wiadomo, gdzie dok\u0142adnie pobiera\u0142a nauk\u0119. Pono\u0107 pochodzi\u0142a z Grodzie\u0144szczyzny, gdzie mieszkali Brzezinowie, drobna szlachta herbu Lubicz.<\/p>\n\n\n\n<p>Po zako\u0144czeniu nauki pracowa\u0142a jako nauczycielka w Grodnie i na Polesiu. Wyr\u00f3\u017cnia\u0142a si\u0119 zar\u00f3wno temperamentem i dowcipem, jak i inteligencj\u0105, a tak\u017ce urod\u0105. W 1853 roku debiutowa\u0142a \u201ecierpkimi humoreskami\u201d w gazetach warszawskich, niebawem przyjmuj\u0105c pseudonim literacki \u201eZbigniew\u201d (tak, tak, to te czasy, gdy pisarki przyjmowa\u0142y m\u0119skie imiona, aby by\u0107 traktowanymi powa\u017cnie). Nied\u0142ugo p\u00f3\u017aniej po\u015blubi\u0142a Franciszka Sadowskiego, chemika i fotografa. Sadowscy zamieszkali w Wilnie, gdzie Maria zdobywa\u0142a coraz wi\u0119ksz\u0105 s\u0142aw\u0119 literack\u0105. W 1867 roku przyjechali do Pary\u017ca, odwiedzaj\u0105c od razu Wystaw\u0119 \u015awiatow\u0105. Tam te\u017c urodzi\u0142y si\u0119 ich trzy c\u00f3rki, Teodozja, Maria-Franciszka i Gabriela. Zamieszkali w podparyskim Vitry-sur-Seine.<\/p>\n\n\n\n<p>W po\u0142owie lat 70. XIX wieku Maria zapad\u0142a na depresj\u0119, przed kt\u00f3r\u0105 ucieka\u0142a w alkohol. W 1876 roku pozna\u0142a <a href=\"https:\/\/paryskiesalonyromantykow.pl\/index.php\/cyprian-norwid\/\" data-type=\"page\" data-id=\"176\">Cypriana Norwida<\/a>. Wprawdzie widywali si\u0119 ju\u017c wcze\u015bniej, ale dopiero wtedy nawi\u0105zali naprawd\u0119 blisk\u0105 znajomo\u015b\u0107. Maria poprosi\u0142a Cypriana, aby ten po\u017cyczy\u0142 jej \u201eLill\u0119 Wened\u0119\u201d S\u0142owackiego. Niebawem literaci zacz\u0119li wymienia\u0107 si\u0119 w\u0142asnymi ksi\u0105\u017ckami \u2013 tak niech\u0119tny powie\u015bciom Norwid z wielkim zainteresowaniem przeczyta\u0142 \u201eOksan\u0119\u201d Sadowskiej, a nast\u0119pnie opisa\u0142 swoje wra\u017cenia w obszernym li\u015bcie. W odpowiedzi pisarka zaproponowa\u0142a spotkanie. Cyprian i Maria bardzo zbli\u017cyli si\u0119 ze sob\u0105 \u2013 zwierzali si\u0119 sobie nawzajem z problem\u00f3w psychicznych i rozczarowa\u0144 \u017cyciowych, a tak\u017ce bezustannie dyskutuj\u0105c na temat literatury. Niebawem pan Sadowski postanowi\u0142 interweniowa\u0107 \u2013 jednak poznawszy Norwida stwierdzi\u0142, \u017ce poeta \u201enie jest niebezpiecznym dla cudzych \u017con\u201d.<\/p>\n\n\n\n<p>Romans rozwija\u0142 si\u0119 dalej. Maria usi\u0142owa\u0142a pom\u00f3c Cyprianowi w sprawach wydawniczych, lecz wysi\u0142ki te nie przynios\u0142y satysfakcjonuj\u0105cych rezultat\u00f3w. Oboje cierpieli w tamtym czasie na siln\u0105 depresj\u0119, kt\u00f3ra w przypadku Sadowskiej cz\u0119sto wymusza\u0142a wizyty w zak\u0142adzie Charenton. Tymczasem Norwida dr\u0119czy\u0142y r\u00f3wnie\u017c wyrzuty sumienia z powodu romansu z m\u0119\u017catk\u0105. Postanowi\u0142 ostatecznie zerwa\u0107 t\u0119 znajomo\u015b\u0107 i mimo ogromnych k\u0142opot\u00f3w finansowych wyjecha\u0107 do Rzymu albo do Florencji. Plany te nie dosz\u0142y do skutku, a poeta osiad\u0142 w Zak\u0142adzie \u015aw. Kazimierza, w kt\u00f3rym mia\u0142 dokona\u0107 \u017cywota. Maria jeszcze bardziej pogr\u0105\u017cy\u0142a si\u0119 w depresji i alkoholizmie, a na dodatek w 1880 roku m\u0105\u017c opu\u015bci\u0142 j\u0105, zabieraj\u0105c dzieci i wyje\u017cd\u017caj\u0105c z Pary\u017ca. Jej dalsze losy nie s\u0105 znane \u2013 najprawdopodobniej zmar\u0142a mi\u0119dzy 1885 a 1892 rokiem.<\/p>\n","protected":false},"excerpt":{"rendered":"<p>Maria Teresa Sadowska z domu Brzezina Data i miejsce urodzenia ok. 1835 roku Data i miejsce \u015bmierci ok. 1892 roku Rodzice nieznani M\u0105\u017c Franciszek (1832-?) Dzieci syn (1864-1866)Teodozja (1869-?)Maria-Franciszka (1871-?)Gabriela (ok. 1873-?) Maria Sadowska z Brzezin\u00f3w to polska pisarka zwi\u0105zana z wile\u0144skim \u015brodowiskiem literacki, autorka wielu humoresek i powie\u015bci. W jej \u017cyciorysie nie brakuje bia\u0142ych [&hellip;]<\/p>\n","protected":false},"author":1,"featured_media":0,"parent":0,"menu_order":0,"comment_status":"closed","ping_status":"closed","template":"","meta":[],"_links":{"self":[{"href":"https:\/\/paryskiesalonyromantykow.pl\/index.php\/wp-json\/wp\/v2\/pages\/522"}],"collection":[{"href":"https:\/\/paryskiesalonyromantykow.pl\/index.php\/wp-json\/wp\/v2\/pages"}],"about":[{"href":"https:\/\/paryskiesalonyromantykow.pl\/index.php\/wp-json\/wp\/v2\/types\/page"}],"author":[{"embeddable":true,"href":"https:\/\/paryskiesalonyromantykow.pl\/index.php\/wp-json\/wp\/v2\/users\/1"}],"replies":[{"embeddable":true,"href":"https:\/\/paryskiesalonyromantykow.pl\/index.php\/wp-json\/wp\/v2\/comments?post=522"}],"version-history":[{"count":2,"href":"https:\/\/paryskiesalonyromantykow.pl\/index.php\/wp-json\/wp\/v2\/pages\/522\/revisions"}],"predecessor-version":[{"id":1214,"href":"https:\/\/paryskiesalonyromantykow.pl\/index.php\/wp-json\/wp\/v2\/pages\/522\/revisions\/1214"}],"wp:attachment":[{"href":"https:\/\/paryskiesalonyromantykow.pl\/index.php\/wp-json\/wp\/v2\/media?parent=522"}],"curies":[{"name":"wp","href":"https:\/\/api.w.org\/{rel}","templated":true}]}}