{"id":513,"date":"2021-01-10T19:45:21","date_gmt":"2021-01-10T18:45:21","guid":{"rendered":"http:\/\/paryskiesalonyromantykow.pl\/?page_id=513"},"modified":"2021-03-31T18:32:31","modified_gmt":"2021-03-31T16:32:31","slug":"jozef-bohdan-zaleski","status":"publish","type":"page","link":"https:\/\/paryskiesalonyromantykow.pl\/index.php\/jozef-bohdan-zaleski\/","title":{"rendered":"J\u00f3zef Bohdan Zaleski"},"content":{"rendered":"\n<figure class=\"wp-block-table aligncenter is-style-stripes\"><table><tbody><tr><td class=\"has-text-align-left\" data-align=\"left\"><img loading=\"lazy\" width=\"1000\" height=\"1000\" class=\"wp-image-515\" style=\"width: 200px;\" src=\"http:\/\/paryskiesalonyromantykow.pl\/wp-content\/uploads\/2021\/01\/pjimage-3-5.jpg\" alt=\"\" srcset=\"https:\/\/paryskiesalonyromantykow.pl\/wp-content\/uploads\/2021\/01\/pjimage-3-5.jpg 1000w, https:\/\/paryskiesalonyromantykow.pl\/wp-content\/uploads\/2021\/01\/pjimage-3-5-300x300.jpg 300w, https:\/\/paryskiesalonyromantykow.pl\/wp-content\/uploads\/2021\/01\/pjimage-3-5-150x150.jpg 150w, https:\/\/paryskiesalonyromantykow.pl\/wp-content\/uploads\/2021\/01\/pjimage-3-5-768x768.jpg 768w\" sizes=\"(max-width: 1000px) 100vw, 1000px\" \/><\/td><td>J\u00f3zef Bohdan Zaleski<\/td><\/tr><tr><td class=\"has-text-align-left\" data-align=\"left\"><strong>Data i miejsce urodzenia<\/strong><\/td><td>14 lutego 1802 roku<br>Bohatyrka<\/td><\/tr><tr><td class=\"has-text-align-left\" data-align=\"left\"><strong>Data i miejsce \u015bmierci<\/strong><\/td><td>31 marca 1886 roku<br>Villepreux<\/td><\/tr><tr><td class=\"has-text-align-left\" data-align=\"left\"><strong>Rodzice<\/strong><\/td><td>Wawrzyniec<br>Maria <\/td><\/tr><tr><td class=\"has-text-align-left\" data-align=\"left\"><strong>Rodze\u0144stwo<\/strong><\/td><td>dwana\u015bcioro<\/td><\/tr><tr><td class=\"has-text-align-left\" data-align=\"left\"><strong>\u017bona<\/strong><\/td><td>Zofia z Rosengardt\u00f3w (1824-1868)<\/td><\/tr><tr><td class=\"has-text-align-left\" data-align=\"left\"><strong>Dzieci<\/strong><\/td><td>Marian (1847-?)<br>J\u00f3zefa (1849-1873)<br>Kazimierz (1852-1859)<br>Dionizy (1853-1938)<br>Karol (1853-1928)<\/td><\/tr><\/tbody><\/table><\/figure>\n\n\n\n<p>J\u00f3zef Bohdan Zaleski, poeta i powstaniec listopadowy, przyszed\u0142 na \u015bwiat w Bohatyrce na terenie dzisiejszej Ukrainy jako najm\u0142odszy z trzyna\u015bciorga dzieci Wawrzy\u0144ca Zaleskiego i jego \u017cony Marii z domu Burkat. Uczy\u0142 si\u0119 w szkole bazylian\u00f3w w Humaniu, gdzie pozna\u0142 innego p\u00f3\u017aniejszego poet\u0119 i powsta\u0144ca, <a href=\"https:\/\/paryskiesalonyromantykow.pl\/index.php\/seweryn-goszczynski\/\" data-type=\"page\" data-id=\"284\">Seweryna Goszczy\u0144skiego<\/a>. W 1820 roku obaj wyjechali do Warszawy i rozpocz\u0119li studia na Uniwersytecie Warszawskim, jednocze\u015bnie anga\u017cuj\u0105c si\u0119 w r\u00f3\u017cnych organizacjach patriotycznych. J\u00f3zef nale\u017ca\u0142 do tajnego Zwi\u0105zku M\u0142odych Polak\u00f3w i pracowa\u0142 jako guwerner na prowincji, redagowa\u0142 r\u00f3wnie\u017c radykalne pismo &#8222;Nowa Polska&#8221;.<\/p>\n\n\n\n<p>Gdy wybuch\u0142o powstanie listopadowe, wraz z Goszczy\u0144skim wzi\u0105\u0142 w nim czynny udzia\u0142, walcz\u0105c m.in. w bitwach pod Sochaczewem i Grochowem, za co otrzyma\u0142 Krzy\u017c Virtuti Militari. Po kl\u0119sce insurekcji wyjecha\u0142 do Prus i Lwowa, a nast\u0119pnie osiad\u0142 w Pary\u017cu, gdzie zaanga\u017cowa\u0142 si\u0119 w sprawy Wielkiej Emigracji. Wst\u0105pi\u0142 do Towarzystwa Demokratycznego Polskiego i wspiera\u0142 Zgromadzenie ksi\u0119\u017cy zmartwychwsta\u0144c\u00f3w.<\/p>\n\n\n\n<p>Nale\u017ca\u0142 do &#8222;szko\u0142y ukrai\u0144skiej&#8221; polskiego romantyzmu. Jego wiersze pisane by\u0142y tzw. sylabotnikiem melicznym, cechowa\u0142o je wi\u0119c silne uporz\u0105dkowanie sylab akcentowanych i du\u017ca melodyjno\u015b\u0107. Z tego powodu jego utwory zyska\u0142y swego czasu spor\u0105 popularno\u015b\u0107 oraz doczeka\u0142y si\u0119 aran\u017cacji muzycznych, r\u00f3wnie\u017c w wykonaniu samego <a href=\"https:\/\/paryskiesalonyromantykow.pl\/index.php\/fryderyk-chopin\/\" data-type=\"page\" data-id=\"167\">Fryderyka Chopina.<\/a> Do zwolennik\u00f3w poezji Zaleskiego nale\u017ca\u0142 tak\u017ce <a href=\"https:\/\/paryskiesalonyromantykow.pl\/index.php\/adam-mickiewicz\/\" data-type=\"page\" data-id=\"138\">Mickiewicz<\/a>, z kolei <a href=\"https:\/\/paryskiesalonyromantykow.pl\/index.php\/juliusz-slowacki\/\" data-type=\"page\" data-id=\"153\">S\u0142owacki<\/a> i <a href=\"https:\/\/paryskiesalonyromantykow.pl\/index.php\/cyprian-norwid\/\" data-type=\"page\" data-id=\"176\">Norwid<\/a> mocno go krytykowali.<\/p>\n\n\n\n<p>Gdy w latach 40. XIX wieku popularno\u015b\u0107 zyskiwa\u0142 towianizm, Zaleski odm\u00f3wi\u0142 przy\u0142\u0105czenia si\u0119 do Ko\u0142a Sprawy Bo\u017cej, co zdystansowa\u0142o go do Goszczy\u0144skiego i Mickiewicza.<\/p>\n\n\n\n<p>W 1846 roku po\u015blubi\u0142 Zofi\u0119 Rosengardt, uczennic\u0119 Chopina, a sam kompozytor, znaj\u0105cy pana m\u0142odego jeszcze z czas\u00f3w warszawskich, zosta\u0142 \u015bwiadkiem na ich \u015blubie i zadedykowa\u0142 im zaginiony dzi\u015b utw\u00f3r &#8222;Veni Creator&#8221;.<\/p>\n\n\n\n<p>W 1853 roku zosta\u0142 cz\u0142onkiem Rady Szko\u0142y Polskiej w Batignolles. Ostatnie lata \u017cycia sp\u0119dzi\u0142 w posiad\u0142o\u015bci c\u00f3rki w Villepreux, gdzie straci\u0142 wzrok.<\/p>\n","protected":false},"excerpt":{"rendered":"<p>J\u00f3zef Bohdan Zaleski Data i miejsce urodzenia 14 lutego 1802 rokuBohatyrka Data i miejsce \u015bmierci 31 marca 1886 rokuVillepreux Rodzice WawrzyniecMaria Rodze\u0144stwo dwana\u015bcioro \u017bona Zofia z Rosengardt\u00f3w (1824-1868) Dzieci Marian (1847-?)J\u00f3zefa (1849-1873)Kazimierz (1852-1859)Dionizy (1853-1938)Karol (1853-1928) J\u00f3zef Bohdan Zaleski, poeta i powstaniec listopadowy, przyszed\u0142 na \u015bwiat w Bohatyrce na terenie dzisiejszej Ukrainy jako najm\u0142odszy z trzyna\u015bciorga [&hellip;]<\/p>\n","protected":false},"author":1,"featured_media":0,"parent":0,"menu_order":0,"comment_status":"closed","ping_status":"closed","template":"","meta":[],"_links":{"self":[{"href":"https:\/\/paryskiesalonyromantykow.pl\/index.php\/wp-json\/wp\/v2\/pages\/513"}],"collection":[{"href":"https:\/\/paryskiesalonyromantykow.pl\/index.php\/wp-json\/wp\/v2\/pages"}],"about":[{"href":"https:\/\/paryskiesalonyromantykow.pl\/index.php\/wp-json\/wp\/v2\/types\/page"}],"author":[{"embeddable":true,"href":"https:\/\/paryskiesalonyromantykow.pl\/index.php\/wp-json\/wp\/v2\/users\/1"}],"replies":[{"embeddable":true,"href":"https:\/\/paryskiesalonyromantykow.pl\/index.php\/wp-json\/wp\/v2\/comments?post=513"}],"version-history":[{"count":3,"href":"https:\/\/paryskiesalonyromantykow.pl\/index.php\/wp-json\/wp\/v2\/pages\/513\/revisions"}],"predecessor-version":[{"id":1620,"href":"https:\/\/paryskiesalonyromantykow.pl\/index.php\/wp-json\/wp\/v2\/pages\/513\/revisions\/1620"}],"wp:attachment":[{"href":"https:\/\/paryskiesalonyromantykow.pl\/index.php\/wp-json\/wp\/v2\/media?parent=513"}],"curies":[{"name":"wp","href":"https:\/\/api.w.org\/{rel}","templated":true}]}}