{"id":508,"date":"2021-01-10T19:18:31","date_gmt":"2021-01-10T18:18:31","guid":{"rendered":"http:\/\/paryskiesalonyromantykow.pl\/?page_id=508"},"modified":"2021-01-17T10:18:59","modified_gmt":"2021-01-17T09:18:59","slug":"jane-stirling","status":"publish","type":"page","link":"https:\/\/paryskiesalonyromantykow.pl\/index.php\/jane-stirling\/","title":{"rendered":"Jane Stirling"},"content":{"rendered":"\n<figure class=\"wp-block-table aligncenter is-style-stripes\"><table><tbody><tr><td class=\"has-text-align-left\" data-align=\"left\"><img loading=\"lazy\" width=\"1000\" height=\"1000\" class=\"wp-image-509\" style=\"width: 200px;\" src=\"http:\/\/paryskiesalonyromantykow.pl\/wp-content\/uploads\/2021\/01\/pjimage-2-4.jpg\" alt=\"\" srcset=\"https:\/\/paryskiesalonyromantykow.pl\/wp-content\/uploads\/2021\/01\/pjimage-2-4.jpg 1000w, https:\/\/paryskiesalonyromantykow.pl\/wp-content\/uploads\/2021\/01\/pjimage-2-4-300x300.jpg 300w, https:\/\/paryskiesalonyromantykow.pl\/wp-content\/uploads\/2021\/01\/pjimage-2-4-150x150.jpg 150w, https:\/\/paryskiesalonyromantykow.pl\/wp-content\/uploads\/2021\/01\/pjimage-2-4-768x768.jpg 768w\" sizes=\"(max-width: 1000px) 100vw, 1000px\" \/><\/td><td>Jean Wilhelmina Stirling<\/td><\/tr><tr><td class=\"has-text-align-left\" data-align=\"left\"><strong>Data i miejsce urodzenia<\/strong><\/td><td>15 lipca 1804 roku<br>Dunblane<\/td><\/tr><tr><td class=\"has-text-align-left\" data-align=\"left\"><strong>Data i miejsce \u015bmierci<\/strong><\/td><td>6 lutego 1859 roku<br>Mid Calder<\/td><\/tr><tr><td class=\"has-text-align-left\" data-align=\"left\"><strong>Rodzice<\/strong><\/td><td>John (1742-1816)<br>Mary z domu Graham (1763-1820)<\/td><\/tr><tr><td class=\"has-text-align-left\" data-align=\"left\"><strong>Rodze\u0144stwo<\/strong><\/td><td>Patrick (1782-1816)<br>Ann (1783-1851)<br>Margaret (1784-1836)<br>Mary (1786-1820)<br>William (1787-1862)<br>John (1788-1819)<br>James (1789-1872)<br>Katherine (1791-1868)<br>Elizabetha (1794-1860)<br>Charles (1796-1839)<br>Thomas (1800-1801)<br>Sylvester (1803-1846)<\/td><\/tr><\/tbody><\/table><\/figure>\n\n\n\n<p>Jane Stirling, szkocka pianistka i uczennica <a href=\"https:\/\/paryskiesalonyromantykow.pl\/index.php\/fryderyk-chopin\/\" data-type=\"page\" data-id=\"167\">Fryderyka Chopina<\/a>, by\u0142a najm\u0142odszym z trzyna\u015bciorga dzieci Johna Stirlinga, lairda (szkocki tytu\u0142 oznaczaj\u0105cy dziedzica, pana) Kippendavie i jego \u017cony, Mary Graham. Po \u015bmierci rodzic\u00f3w nastoletni\u0105 Jane zaopiekowa\u0142a si\u0119 jej siostra, Katherine Erskrine, kt\u00f3ra w tym samym czasie straci\u0142a r\u00f3wnie\u017c m\u0119\u017ca po pi\u0119ciu latach ma\u0142\u017ce\u0144stwa. Dzi\u0119ki spadkowi sta\u0142a si\u0119 bogat\u0105 pann\u0105 na wydaniu, a jej uroda tylko przydawa\u0142a jej popularno\u015bci, jednak j\u0105 bardziej ni\u017c zam\u0105\u017cp\u00f3j\u015bcie interesowa\u0142y muzyka i sztuka.<\/p>\n\n\n\n<p>Nie wiadomo, kiedy i w jakich okoliczno\u015bciach pozna\u0142a Fryderyka Chopina. Oko\u0142o 1843 lub 1844 roku zosta\u0142a jego uczennic\u0105, dedykowa\u0142 jej r\u00f3wnie\u017c dwa Nokturny, op. 55. Poza fortepianem pragn\u0119\u0142a r\u00f3wnie\u017c rozwija\u0107 si\u0119 w grze na wiolonczeli, wi\u0119c Chopin poleci\u0142 j\u0105 swojemu znajomemu, Auguste&#8217;owi Franchomme.<\/p>\n\n\n\n<p>Po rozstaniu Fryderyka z <a href=\"https:\/\/paryskiesalonyromantykow.pl\/index.php\/george-sand\/\" data-type=\"page\" data-id=\"172\">George Sand<\/a> Jane zaopiekowa\u0142a si\u0119 choruj\u0105cym kompozytorem. By\u0142a dla niego sekretark\u0105 i menad\u017cerk\u0105, zorganizowa\u0142a jego ostatni publiczny koncert w Sali Pleyela 16 lutego 1848 roku, dbaj\u0105c nawet o takie szczeg\u00f3\u0142y, jak ogrzewanie, wentylacja i kwiaty. Planowa\u0142a r\u00f3wnie\u017c jego kolejny koncert w marcu tego samego roku, lecz w mi\u0119dzyczasie we Francji wybuch\u0142a rewolucja lutowa, skutkiem czego wielu ludzi opu\u015bci\u0142o stolic\u0119. Chopin straci\u0142 wtedy praktycznie wszystkich uczni\u00f3w. Jane i Katherine zaproponowa\u0142y mu tournee po Anglii, na kt\u00f3re przysta\u0142 mimo pogarszaj\u0105cego si\u0119 stanu zdrowia. Dzi\u0119ki siostrom Stirling m\u00f3g\u0142 pozna\u0107 \u015bmietank\u0119 towarzysk\u0105 Wielkiej Brytanii, a nawet zagra\u0107 przed kr\u00f3low\u0105 Wiktori\u0105 i ksi\u0119ciem Albertem.<\/p>\n\n\n\n<p>Po zako\u0144czeniu trasy koncertowej przyj\u0105\u0142 zaproszenie Jane do jej rodzinnej Szkocji. Niestety zachwycona Stirling ci\u0105ga\u0142a go od jednego bogatego krewnego do drugiego, co znacznie go wyczerpa\u0142o. Na koncert w Manchesterze 28 sierpnia trzeba go by\u0142o wnie\u015b\u0107, poniewa\u017c by\u0142 tak s\u0142aby, \u017ce nie potrafi\u0142 chodzi\u0107. Panna Stirling pokry\u0142a wszystkie wydatki tej podr\u00f3\u017cy.<\/p>\n\n\n\n<p>Po brytyjskich i paryskich salonach kr\u0105\u017cy\u0142y plotki o zar\u0119czynach Fryderyka i Jane, kompozytor jednak nie chcia\u0142 si\u0119 z nikim wi\u0105za\u0107 z uwagi na sw\u00f3j stan zdrowia i przeczucie zbli\u017caj\u0105cej si\u0119 \u015bmierci. \u017bartowa\u0142 r\u00f3wnie\u017c w li\u015bcie do Wojciecha Grzyma\u0142y: &#8222;za bardzo do mnie podobna ta, co nie \u017ceniata, jak\u017ce si\u0119 z sob\u0105 samym ca\u0142owa\u0107.&#8221;<\/p>\n\n\n\n<p>Po powrocie do Francji Jane opiekowa\u0142a si\u0119 Fryderykiem i op\u0142aca\u0142a jego rachunki. Zam\u00f3wi\u0142a tak\u017ce u malarza Teofila Kwiatkowskiego portret kompozytora. Po \u015bmierci Chopina pokry\u0142a wszystkie koszty wystawnego pogrzebu i zap\u0142aci\u0142a za podr\u00f3\u017c jego siostry <a href=\"https:\/\/paryskiesalonyromantykow.pl\/index.php\/ludwika-jedrzejewicz\/\" data-type=\"page\" data-id=\"297\">Ludwiki<\/a> do Polski. Wykupi\u0142a wszelkie meble i pami\u0105tki po Fryderyku, zbiera\u0142a tak\u017ce jego manuskrypty, szkice, listy i dokumenty. Wi\u0119kszo\u015b\u0107 z tych przedmiot\u00f3w znajduje si\u0119 obecnie w Muzeum Fryderyka Chopina w Warszawie.<\/p>\n\n\n\n<p>Jane kontynuowa\u0142a nauk\u0119 gry na fortepianie pod okiem Thomasa Tellefsena, ucznia Chopina. Zmar\u0142a w wieku 54 lat na torbiel jajnika i pochowano j\u0105 na ziemiach Katedry Dunblane.<\/p>\n","protected":false},"excerpt":{"rendered":"<p>Jean Wilhelmina Stirling Data i miejsce urodzenia 15 lipca 1804 rokuDunblane Data i miejsce \u015bmierci 6 lutego 1859 rokuMid Calder Rodzice John (1742-1816)Mary z domu Graham (1763-1820) Rodze\u0144stwo Patrick (1782-1816)Ann (1783-1851)Margaret (1784-1836)Mary (1786-1820)William (1787-1862)John (1788-1819)James (1789-1872)Katherine (1791-1868)Elizabetha (1794-1860)Charles (1796-1839)Thomas (1800-1801)Sylvester (1803-1846) Jane Stirling, szkocka pianistka i uczennica Fryderyka Chopina, by\u0142a najm\u0142odszym z trzyna\u015bciorga dzieci Johna [&hellip;]<\/p>\n","protected":false},"author":1,"featured_media":0,"parent":0,"menu_order":0,"comment_status":"closed","ping_status":"closed","template":"","meta":[],"_links":{"self":[{"href":"https:\/\/paryskiesalonyromantykow.pl\/index.php\/wp-json\/wp\/v2\/pages\/508"}],"collection":[{"href":"https:\/\/paryskiesalonyromantykow.pl\/index.php\/wp-json\/wp\/v2\/pages"}],"about":[{"href":"https:\/\/paryskiesalonyromantykow.pl\/index.php\/wp-json\/wp\/v2\/types\/page"}],"author":[{"embeddable":true,"href":"https:\/\/paryskiesalonyromantykow.pl\/index.php\/wp-json\/wp\/v2\/users\/1"}],"replies":[{"embeddable":true,"href":"https:\/\/paryskiesalonyromantykow.pl\/index.php\/wp-json\/wp\/v2\/comments?post=508"}],"version-history":[{"count":2,"href":"https:\/\/paryskiesalonyromantykow.pl\/index.php\/wp-json\/wp\/v2\/pages\/508\/revisions"}],"predecessor-version":[{"id":1198,"href":"https:\/\/paryskiesalonyromantykow.pl\/index.php\/wp-json\/wp\/v2\/pages\/508\/revisions\/1198"}],"wp:attachment":[{"href":"https:\/\/paryskiesalonyromantykow.pl\/index.php\/wp-json\/wp\/v2\/media?parent=508"}],"curies":[{"name":"wp","href":"https:\/\/api.w.org\/{rel}","templated":true}]}}