{"id":494,"date":"2021-01-10T16:20:09","date_gmt":"2021-01-10T15:20:09","guid":{"rendered":"http:\/\/paryskiesalonyromantykow.pl\/?page_id=494"},"modified":"2021-01-17T10:59:42","modified_gmt":"2021-01-17T09:59:42","slug":"zygmunt-krasinski","status":"publish","type":"page","link":"https:\/\/paryskiesalonyromantykow.pl\/index.php\/zygmunt-krasinski\/","title":{"rendered":"Zygmunt Krasi\u0144ski"},"content":{"rendered":"\n<figure class=\"wp-block-table aligncenter is-style-stripes\"><table><tbody><tr><td class=\"has-text-align-left\" data-align=\"left\"><img loading=\"lazy\" width=\"1000\" height=\"1000\" class=\"wp-image-496\" style=\"width: 200px;\" src=\"http:\/\/paryskiesalonyromantykow.pl\/wp-content\/uploads\/2021\/01\/pjimage-27.jpg\" alt=\"\" srcset=\"https:\/\/paryskiesalonyromantykow.pl\/wp-content\/uploads\/2021\/01\/pjimage-27.jpg 1000w, https:\/\/paryskiesalonyromantykow.pl\/wp-content\/uploads\/2021\/01\/pjimage-27-300x300.jpg 300w, https:\/\/paryskiesalonyromantykow.pl\/wp-content\/uploads\/2021\/01\/pjimage-27-150x150.jpg 150w, https:\/\/paryskiesalonyromantykow.pl\/wp-content\/uploads\/2021\/01\/pjimage-27-768x768.jpg 768w\" sizes=\"(max-width: 1000px) 100vw, 1000px\" \/><\/td><td>Napoleon Stanis\u0142aw Adam Feliks Zygmunt Krasi\u0144ski<\/td><\/tr><tr><td class=\"has-text-align-left\" data-align=\"left\"><strong>Data i miejsce urodzenia<\/strong><\/td><td>19 lutego 1812 roku<br>Pary\u017c<\/td><\/tr><tr><td class=\"has-text-align-left\" data-align=\"left\"><strong>Data i miejsce \u015bmierci<\/strong><\/td><td>23 lutego 1859 roku<br>Pary\u017c<\/td><\/tr><tr><td class=\"has-text-align-left\" data-align=\"left\"><strong>Rodzice<\/strong><\/td><td>Wincenty (1783-1858)<br>Maria z Radziwi\u0142\u0142\u00f3w (1779-1822)<\/td><\/tr><tr><td class=\"has-text-align-left\" data-align=\"left\"><strong>\u017bona<\/strong><\/td><td><a href=\"https:\/\/paryskiesalonyromantykow.pl\/index.php\/eliza-krasinska\/\" data-type=\"page\" data-id=\"458\">Eliza z Branickich (1820-1876)<\/a><\/td><\/tr><tr><td class=\"has-text-align-left\" data-align=\"left\"><strong>Dzieci<\/strong><\/td><td><a href=\"https:\/\/paryskiesalonyromantykow.pl\/index.php\/wladyslaw-wincenty-krasinski\/\" data-type=\"page\" data-id=\"1225\">W\u0142adys\u0142aw Wincenty (1844-1873)<\/a><br>Zygmunt (1846-1867)<br><a href=\"https:\/\/paryskiesalonyromantykow.pl\/index.php\/maria-beatrix-krasinska\/\" data-type=\"page\" data-id=\"1229\">Maria Beatrix (1850-1884)<\/a><br>El\u017cbieta (1853-1857)<\/td><\/tr><\/tbody><\/table><\/figure>\n\n\n\n<p>Zygmunt Krasi\u0144ski, jeden z trzech Wieszcz\u00f3w, by\u0142 synem Wincentego Krasi\u0144skiego, napoleo\u0144skiego genera\u0142a, i Marii z Radziwi\u0142\u0142\u00f3w. Sam Napoleon zosta\u0142 ojcem chrzestnym ma\u0142ego Zygmunta, nie uczestniczy\u0142 jednak w samej uroczysto\u015bci chrzcin. Po \u015bmierci Marii w 1822 roku wychowaniem syna zaj\u0105\u0142 si\u0119 hrabia Wincenty, kt\u00f3ry po upadku Napoleona sta\u0142 si\u0119 lojalnym poddanym cara Rosji. Z tego te\u017c powodu Zygmunt jako student nie uczestniczy\u0142 w manifestacjach patriotycznych, co doprowadzi\u0142o do jego konfliktu z r\u00f3wie\u015bnikami. Upokorzony przez koleg\u00f3w przerwa\u0142 studia i wyjecha\u0142 do Szwajcarii, gdzie jednak nie uwolni\u0142 si\u0119 spod wp\u0142ywu ojca. Gdy w 1830 roku wybuch\u0142o powstanie listopadowe, ojciec kategorycznie zabroni\u0142 Zygmuntowi uczestnictwa. Konflikt wewn\u0119trzny w m\u0142odym poecie skutkowa\u0142 pogorszeniem zdrowia &#8211; rozstrojem nerwowym i chorob\u0105 oczu, gro\u017c\u0105c\u0105 \u015blepot\u0105.<\/p>\n\n\n\n<p>Podczas kilku miesi\u0119cy leczenia w Wiedniu, sp\u0119dzonych samotnie w ciemnym pokoju, napisa\u0142 &#8222;Nie-Bosk\u0105 komedi\u0119&#8221;, swoje najbardziej znane dzie\u0142o. Po zako\u0144czeniu kuracji podr\u00f3\u017cowa\u0142 po Europie &#8211; odwiedzi\u0142 mi\u0119dzy innymi Petersburg i Krak\u00f3w. W Rzymie pozna\u0142 pi\u0119\u0107 lat starsz\u0105 m\u0119\u017catk\u0119, <a href=\"https:\/\/paryskiesalonyromantykow.pl\/index.php\/joanna-bobrowa\/\" data-type=\"page\" data-id=\"463\">Joann\u0119 B\u00f3br-Piotrowick\u0105<\/a>, z kt\u00f3r\u0105 nawi\u0105za\u0142 nami\u0119tny romans. Joanna zostawi\u0142a dla niego m\u0119\u017ca, jednak jego ojciec nie chcia\u0142, aby na ich arystokratyczn\u0105 rodzin\u0119 pad\u0142 cie\u0144 tego skandalu i nakaza\u0142 Zygmuntowi rozsta\u0107 si\u0119 z ukochan\u0105. Poeta \u017cyczenie ojca spe\u0142ni\u0142. W mi\u0119dzyczasie pozna\u0142 r\u00f3wnie\u017c <a href=\"https:\/\/paryskiesalonyromantykow.pl\/index.php\/juliusz-slowacki\/\" data-type=\"page\" data-id=\"153\">Juliusza S\u0142owackiego<\/a>, z kt\u00f3rym po\u0142\u0105czy\u0142a go serdeczna przyja\u017a\u0144. Krasi\u0144ski jako pierwszy pozna\u0142 si\u0119 na talencie m\u0142odego poety, zachwycaj\u0105c si\u0119 mi\u0119dzy innymi &#8222;Anhellim&#8221;.<\/p>\n\n\n\n<p>W Wigili\u0119 1838 roku w Neapolu pozna\u0142 <a href=\"https:\/\/paryskiesalonyromantykow.pl\/index.php\/delfina-potocka\/\" data-type=\"page\" data-id=\"489\">Delfin\u0119 Potock\u0105<\/a>, w kt\u00f3rej natychmiast si\u0119 zakocha\u0142 z wzajemno\u015bci\u0105. Jego ojcu nie podoba\u0142 si\u0119 ten romans z rozw\u00f3dk\u0105, dlatego wym\u00f3g\u0142 na Zygmuncie ma\u0142\u017ce\u0144stwo z <a href=\"https:\/\/paryskiesalonyromantykow.pl\/index.php\/eliza-krasinska\/\" data-type=\"page\" data-id=\"458\">Eliz\u0105 z Branickich<\/a>. Poeta jednak nie przerwa\u0142 romansu z Delfin\u0105, a jego ma\u0142\u017conka godzi\u0142a si\u0119 na to, nie naciskaj\u0105c ani nie wymuszaj\u0105c niczego. Wbrew zapewnieniom w listach do Potockiej, \u017ce z \u017con\u0105 nic go nie \u0142\u0105czy, Eliza urodzi\u0142a mu czworo dzieci, z czasem r\u00f3wnie\u017c ma\u0142\u017conkowie zbli\u017cyli si\u0119 do siebie.<\/p>\n\n\n\n<p>W 1848 roku w Rzymie pozna\u0142 m\u0142odego <a href=\"https:\/\/paryskiesalonyromantykow.pl\/index.php\/cyprian-norwid\/\" data-type=\"page\" data-id=\"176\">Cypriana Norwida<\/a>, a tak\u017ce popad\u0142 w konflikt z <a href=\"https:\/\/paryskiesalonyromantykow.pl\/index.php\/adam-mickiewicz\/\" data-type=\"page\" data-id=\"138\">Adamem Mickiewiczem<\/a> odno\u015bnie utworzenia Legionu Polskiego. Zygmuntowi nie spodoba\u0142 si\u0119 &#8222;Sk\u0142ad zasad&#8221;, daleki od bliskiego mu konserwatyzmu. Jego postawa wywar\u0142a silny wp\u0142yw na Norwida, kt\u00f3ry r\u00f3wnie\u017c stan\u0105\u0142 po przeciwnej stronie barykady, co Mickiewicz.<\/p>\n\n\n\n<p>W latach 50. Krasi\u0144ski coraz bardziej podupada\u0142 na zdrowiu. M\u0119czy\u0142a go gru\u017alica i post\u0119puj\u0105ca choroba oczu, w dodatku w 1857 roku zmar\u0142a jego najm\u0142odsza c\u00f3rka. 23 lutego 1859 roku Zygmunt dokona\u0142 \u017cywota w Pary\u017cu, w wieku 47 lat<\/p>\n","protected":false},"excerpt":{"rendered":"<p>Napoleon Stanis\u0142aw Adam Feliks Zygmunt Krasi\u0144ski Data i miejsce urodzenia 19 lutego 1812 rokuPary\u017c Data i miejsce \u015bmierci 23 lutego 1859 rokuPary\u017c Rodzice Wincenty (1783-1858)Maria z Radziwi\u0142\u0142\u00f3w (1779-1822) \u017bona Eliza z Branickich (1820-1876) Dzieci W\u0142adys\u0142aw Wincenty (1844-1873)Zygmunt (1846-1867)Maria Beatrix (1850-1884)El\u017cbieta (1853-1857) Zygmunt Krasi\u0144ski, jeden z trzech Wieszcz\u00f3w, by\u0142 synem Wincentego Krasi\u0144skiego, napoleo\u0144skiego genera\u0142a, i Marii [&hellip;]<\/p>\n","protected":false},"author":1,"featured_media":0,"parent":0,"menu_order":0,"comment_status":"closed","ping_status":"closed","template":"","meta":[],"_links":{"self":[{"href":"https:\/\/paryskiesalonyromantykow.pl\/index.php\/wp-json\/wp\/v2\/pages\/494"}],"collection":[{"href":"https:\/\/paryskiesalonyromantykow.pl\/index.php\/wp-json\/wp\/v2\/pages"}],"about":[{"href":"https:\/\/paryskiesalonyromantykow.pl\/index.php\/wp-json\/wp\/v2\/types\/page"}],"author":[{"embeddable":true,"href":"https:\/\/paryskiesalonyromantykow.pl\/index.php\/wp-json\/wp\/v2\/users\/1"}],"replies":[{"embeddable":true,"href":"https:\/\/paryskiesalonyromantykow.pl\/index.php\/wp-json\/wp\/v2\/comments?post=494"}],"version-history":[{"count":3,"href":"https:\/\/paryskiesalonyromantykow.pl\/index.php\/wp-json\/wp\/v2\/pages\/494\/revisions"}],"predecessor-version":[{"id":1239,"href":"https:\/\/paryskiesalonyromantykow.pl\/index.php\/wp-json\/wp\/v2\/pages\/494\/revisions\/1239"}],"wp:attachment":[{"href":"https:\/\/paryskiesalonyromantykow.pl\/index.php\/wp-json\/wp\/v2\/media?parent=494"}],"curies":[{"name":"wp","href":"https:\/\/api.w.org\/{rel}","templated":true}]}}