{"id":489,"date":"2021-01-10T16:06:53","date_gmt":"2021-01-10T15:06:53","guid":{"rendered":"http:\/\/paryskiesalonyromantykow.pl\/?page_id=489"},"modified":"2021-04-02T17:52:28","modified_gmt":"2021-04-02T15:52:28","slug":"delfina-potocka","status":"publish","type":"page","link":"https:\/\/paryskiesalonyromantykow.pl\/index.php\/delfina-potocka\/","title":{"rendered":"Delfina Potocka"},"content":{"rendered":"\n<figure class=\"wp-block-table aligncenter is-style-stripes\"><table><tbody><tr><td class=\"has-text-align-left\" data-align=\"left\"><img loading=\"lazy\" width=\"1000\" height=\"1000\" class=\"wp-image-490\" style=\"width: 200px;\" src=\"http:\/\/paryskiesalonyromantykow.pl\/wp-content\/uploads\/2021\/01\/pjimage-26.jpg\" alt=\"\" srcset=\"https:\/\/paryskiesalonyromantykow.pl\/wp-content\/uploads\/2021\/01\/pjimage-26.jpg 1000w, https:\/\/paryskiesalonyromantykow.pl\/wp-content\/uploads\/2021\/01\/pjimage-26-300x300.jpg 300w, https:\/\/paryskiesalonyromantykow.pl\/wp-content\/uploads\/2021\/01\/pjimage-26-150x150.jpg 150w, https:\/\/paryskiesalonyromantykow.pl\/wp-content\/uploads\/2021\/01\/pjimage-26-768x768.jpg 768w\" sizes=\"(max-width: 1000px) 100vw, 1000px\" \/><\/td><td>Delfina Potocka z Komar\u00f3w<\/td><\/tr><tr><td class=\"has-text-align-left\" data-align=\"left\"><strong>Data i miejsce urodzenia<\/strong><\/td><td>marzec 1807 roku<br>Kury\u0142owce Murowane<\/td><\/tr><tr><td class=\"has-text-align-left\" data-align=\"left\"><strong>Data i miejsce \u015bmierci<\/strong><\/td><td>2 kwietnia 1877 roku<br>Pary\u017c<\/td><\/tr><tr><td class=\"has-text-align-left\" data-align=\"left\"><strong>Rodzice<\/strong><\/td><td>Stanis\u0142aw (ok.1770-1832)<br>Honorata z Or\u0142owskich (ok. 1780-1845)<\/td><\/tr><tr><td class=\"has-text-align-left\" data-align=\"left\"><strong>Rodze\u0144stwo<\/strong><\/td><td>Aleksander (1801-1875)<br>Mieczys\u0142aw (1804-1880)<br>Natalia (1817-1860)<br>Ludwika (1820-1881)<br>W\u0142odzimierz (1824-1869)<\/td><\/tr><tr><td class=\"has-text-align-left\" data-align=\"left\"><strong>M\u0105\u017c<\/strong><\/td><td>Mieczys\u0142aw (1799-1878)<\/td><\/tr><\/tbody><\/table><\/figure>\n\n\n\n<p>Delfina Potocka z domu Komar, \u015bpiewaczka i pianistka, ukochana <a href=\"https:\/\/paryskiesalonyromantykow.pl\/index.php\/zygmunt-krasinski\/\" data-type=\"page\" data-id=\"494\">Zygmunta Krasi\u0144skiego<\/a>, przyjaci\u00f3\u0142ka <a href=\"https:\/\/paryskiesalonyromantykow.pl\/index.php\/fryderyk-chopin\/\" data-type=\"page\" data-id=\"167\">Fryderyka Chopina<\/a> i <a href=\"https:\/\/paryskiesalonyromantykow.pl\/index.php\/cyprian-norwid\/\" data-type=\"page\" data-id=\"176\">Cypriana Norwida<\/a>, by\u0142a uznawana za jedn\u0105 z najpi\u0119kniejszych kobiet swojej epoki.<br>Jej rodzice, Stanis\u0142aw Delfin Komar, oficer w wojsku rosyjskim, i Honorata z Or\u0142owskich, c\u00f3rka \u0142owczego koronnego kr\u00f3la Stanis\u0142awa Augusta, zapewnili jej gruntowne wykszta\u0142cenie &#8211; panna by\u0142a oczytana, gra\u0142a na klawikordzie, \u015bpiewa\u0142a i malowa\u0142a, szybko r\u00f3wnie\u017c przyswoi\u0142a sobie j\u0119zyk francuski.<br>Ju\u017c jako nastolatka wzbudza\u0142a zachwyt &#8211; wysoka, zgrabna o d\u0142ugich ciemnoblond w\u0142osach i \u0142adnych ramionach. Nic zatem dziwnego, \u017ce zakocha\u0142 si\u0119 w niej Stanis\u0142aw Starzy\u0144ski, poeta pisz\u0105cy pod pseudonimem Stach Doliwa. Jednak nawet pisane dla niej wiersze nie pomog\u0142y zdoby\u0107 jej serca &#8211; Delfina nie by\u0142a bowiem zainteresowana m\u0119\u017cczyzn\u0105 starszym o ponad dwadzie\u015bcia lat.<\/p>\n\n\n\n<p>Wi\u0119cej szcz\u0119\u015bcia mia\u0142 hrabia Mieczys\u0142aw Potocki, jeden z najbogatszych Polak\u00f3w swojej epoki. Para pobra\u0142a si\u0119 25 pa\u017adziernika 1826 roku w Kury\u0142owcach Murowanych, a nast\u0119pnie osiad\u0142a w Tulczynie. Jednak po pocz\u0105tkowej sielance okaza\u0142o si\u0119, \u017ce Mieczys\u0142aw, ju\u017c za kawalera s\u0142yn\u0105cy z burzliwego charakteru, okaza\u0142 si\u0119 okrutnym despot\u0105. Publicznie bi\u0142 swoj\u0105 \u017con\u0119, g\u0142odzi\u0142 j\u0105 i zamyka\u0142 w domu. Pono\u0107 mieli pi\u0119cioro dzieci, jednak \u017cadne z nich nie do\u017cy\u0142o doros\u0142o\u015bci. W 1830 roku Delfina zbuntowa\u0142a si\u0119 i uciek\u0142a, a nast\u0119pnie oficjalnie rozwiod\u0142a si\u0119 z m\u0119\u017cem, wywalczaj\u0105c jednocze\u015bnie do\u017cywotni\u0105 rent\u0119 w wysoko\u015bci 100 tysi\u0119cy frank\u00f3w rocznie.<\/p>\n\n\n\n<p>Potocki nie rozpacza\u0142 &#8211; bardzo szybko nawi\u0105za\u0142 romans z \u017con\u0105 pu\u0142kownika Mellera-Zakomelskiego, porwa\u0142 j\u0105 i wywi\u00f3z\u0142 do Tulczyna. Gdy wie\u015bci o tym dotar\u0142y do cara Miko\u0142aja I, ten nakaza\u0142 zes\u0142a\u0107 Mieczys\u0142awa do Worone\u017ca, Zakomelsk\u0105 za\u015b odda\u0107 na jaki\u015b czas do zakonu.<\/p>\n\n\n\n<p>Delfina za\u015b uda\u0142a si\u0119 do Pary\u017ca, gdzie za\u0142o\u017cy\u0142a sw\u00f3j salon i po raz pierwszy zazna\u0142a wolno\u015bci. S\u0142ynny ju\u017c wtedy Fryderyk Chopin zacz\u0105\u0142 udziela\u0107 jej lekcji, szybko te\u017c mi\u0119dzy nimi rozkwit\u0142a bliska przyja\u017a\u0144 (tak bliska, \u017ce niekt\u00f3rzy podejrzewaj\u0105 mi\u0119dzy nimi mi\u0142o\u015b\u0107, trudno jednak w tej sprawie o jednoznaczne dowody). Prowadzi\u0142a do\u015b\u0107 swobodny tryb \u017cycia, wik\u0142aj\u0105c si\u0119 w r\u00f3\u017cne romanse i lu\u017ane zwi\u0105zki, jednocze\u015bnie publicznie deklaruj\u0105c g\u0142\u0119bok\u0105 wiar\u0119 i religijno\u015b\u0107.<\/p>\n\n\n\n<p>W 1838 roku w Neapolu pozna\u0142a hrabiego Zygmunta Krasi\u0144skiego, z kt\u00f3rym po\u0142\u0105czy\u0142a j\u0105 g\u0142\u0119boka mi\u0142o\u015b\u0107. Jednak ojciec Zygmunta, nie akceptuj\u0105c jego zwi\u0105zku z rozw\u00f3dk\u0105, zmusi\u0142 go (m\u0119\u017cczyzn\u0119 30-letniego!) do \u015blubu za <a href=\"https:\/\/paryskiesalonyromantykow.pl\/index.php\/eliza-krasinska\/\" data-type=\"page\" data-id=\"458\">Eliz\u0119 Branick\u0105<\/a>. Nie zako\u0144czy\u0142o to jednak zwi\u0105zku Potockiej z Krasi\u0144skim, a poeta przez wiele lat lawirowa\u0142 mi\u0119dzy \u017con\u0105 a kochank\u0105.<\/p>\n\n\n\n<p>Gdy w 1849 roku Chopin umiera\u0142 w mieszkaniu na placu Vendome, Delfina czuwa\u0142a przy jego \u0142\u00f3\u017cku, umilaj\u0105c mu ostatnie chwile swoim \u015bpiewem. Gdy za\u015b coraz bardziej schorowany Krasi\u0144ski ostatecznie wybra\u0142 \u017con\u0119 zamiast niej, Potocka zwi\u0105za\u0142a si\u0119 z malarzem Paulem Delarochem. Zaprzyja\u017ani\u0142a si\u0119 r\u00f3wnie\u017c z Cyprianem Norwidem.<\/p>\n\n\n\n<p>Gdy za\u015b zmar\u0142 Delaroche, p\u00f3\u017aniej Krasi\u0144ski, wci\u0105\u017c pi\u0119kna Delfina zacz\u0119\u0142a coraz bardziej anga\u017cowa\u0107 si\u0119 w dobroczynno\u015b\u0107. Zorganizowa\u0142a w Nicei szko\u0142\u0119 dla dziewczynek. W latach 70. pogorszy\u0142o si\u0119 jej zdrowie &#8211; dokucza\u0142 jej reumatyzm, niemal straci\u0142a wzrok, a nast\u0119pnie stwierdzono u niej nowotw\u00f3r. Zmar\u0142a w wieku 70 lat i pochowano j\u0105 na cmentarzu Montmorency pod Pary\u017cem, notabene tym samym, na kt\u00f3rym kilka lat p\u00f3\u017aniej spocz\u0105\u0142 Cyprian Norwid.<\/p>\n","protected":false},"excerpt":{"rendered":"<p>Delfina Potocka z Komar\u00f3w Data i miejsce urodzenia marzec 1807 rokuKury\u0142owce Murowane Data i miejsce \u015bmierci 2 kwietnia 1877 rokuPary\u017c Rodzice Stanis\u0142aw (ok.1770-1832)Honorata z Or\u0142owskich (ok. 1780-1845) Rodze\u0144stwo Aleksander (1801-1875)Mieczys\u0142aw (1804-1880)Natalia (1817-1860)Ludwika (1820-1881)W\u0142odzimierz (1824-1869) M\u0105\u017c Mieczys\u0142aw (1799-1878) Delfina Potocka z domu Komar, \u015bpiewaczka i pianistka, ukochana Zygmunta Krasi\u0144skiego, przyjaci\u00f3\u0142ka Fryderyka Chopina i Cypriana Norwida, by\u0142a [&hellip;]<\/p>\n","protected":false},"author":1,"featured_media":0,"parent":0,"menu_order":0,"comment_status":"closed","ping_status":"closed","template":"","meta":[],"_links":{"self":[{"href":"https:\/\/paryskiesalonyromantykow.pl\/index.php\/wp-json\/wp\/v2\/pages\/489"}],"collection":[{"href":"https:\/\/paryskiesalonyromantykow.pl\/index.php\/wp-json\/wp\/v2\/pages"}],"about":[{"href":"https:\/\/paryskiesalonyromantykow.pl\/index.php\/wp-json\/wp\/v2\/types\/page"}],"author":[{"embeddable":true,"href":"https:\/\/paryskiesalonyromantykow.pl\/index.php\/wp-json\/wp\/v2\/users\/1"}],"replies":[{"embeddable":true,"href":"https:\/\/paryskiesalonyromantykow.pl\/index.php\/wp-json\/wp\/v2\/comments?post=489"}],"version-history":[{"count":3,"href":"https:\/\/paryskiesalonyromantykow.pl\/index.php\/wp-json\/wp\/v2\/pages\/489\/revisions"}],"predecessor-version":[{"id":1622,"href":"https:\/\/paryskiesalonyromantykow.pl\/index.php\/wp-json\/wp\/v2\/pages\/489\/revisions\/1622"}],"wp:attachment":[{"href":"https:\/\/paryskiesalonyromantykow.pl\/index.php\/wp-json\/wp\/v2\/media?parent=489"}],"curies":[{"name":"wp","href":"https:\/\/api.w.org\/{rel}","templated":true}]}}