{"id":484,"date":"2021-01-10T15:56:37","date_gmt":"2021-01-10T14:56:37","guid":{"rendered":"http:\/\/paryskiesalonyromantykow.pl\/?page_id=484"},"modified":"2021-07-10T10:59:00","modified_gmt":"2021-07-10T08:59:00","slug":"jan-mickiewicz","status":"publish","type":"page","link":"https:\/\/paryskiesalonyromantykow.pl\/index.php\/jan-mickiewicz\/","title":{"rendered":"Jan Mickiewicz"},"content":{"rendered":"\n<figure class=\"wp-block-table aligncenter is-style-stripes\"><table><tbody><tr><td class=\"has-text-align-left\" data-align=\"left\"><img loading=\"lazy\" width=\"1000\" height=\"1000\" class=\"wp-image-485\" style=\"width: 200px;\" src=\"http:\/\/paryskiesalonyromantykow.pl\/wp-content\/uploads\/2021\/01\/pjimage-25.jpg\" alt=\"\" srcset=\"https:\/\/paryskiesalonyromantykow.pl\/wp-content\/uploads\/2021\/01\/pjimage-25.jpg 1000w, https:\/\/paryskiesalonyromantykow.pl\/wp-content\/uploads\/2021\/01\/pjimage-25-300x300.jpg 300w, https:\/\/paryskiesalonyromantykow.pl\/wp-content\/uploads\/2021\/01\/pjimage-25-150x150.jpg 150w, https:\/\/paryskiesalonyromantykow.pl\/wp-content\/uploads\/2021\/01\/pjimage-25-768x768.jpg 768w\" sizes=\"(max-width: 1000px) 100vw, 1000px\" \/><\/td><td>Jan Gabriel Donat Mickiewicz<\/td><\/tr><tr><td class=\"has-text-align-left\" data-align=\"left\"><strong>Data i miejsce urodzenia<\/strong><\/td><td>7 kwietnia 1845 roku<br>Pary\u017c<\/td><\/tr><tr><td class=\"has-text-align-left\" data-align=\"left\"><strong>Data i miejsce \u015bmierci<\/strong><\/td><td>23 kwietnia 1885 rok<br>Charenton<\/td><\/tr><tr><td class=\"has-text-align-left\" data-align=\"left\"><strong>Rodzice<\/strong><\/td><td><a href=\"https:\/\/paryskiesalonyromantykow.pl\/index.php\/adam-mickiewicz\/\">Adam Mickiewicz (1798-1855)<\/a><br><a href=\"https:\/\/paryskiesalonyromantykow.pl\/index.php\/celina-mickiewiczowa\/\" data-type=\"page\" data-id=\"157\">Celina z Szymanowskich (1812-1855)<\/a><\/td><\/tr><tr><td class=\"has-text-align-left\" data-align=\"left\"><strong>Rodze\u0144stwo<\/strong><\/td><td><a href=\"https:\/\/paryskiesalonyromantykow.pl\/index.php\/maria-gorecka\/\" data-type=\"page\" data-id=\"260\">Maria (1835-1922)<\/a><br><a href=\"https:\/\/paryskiesalonyromantykow.pl\/index.php\/wladyslaw-mickiewicz\/\" data-type=\"page\" data-id=\"421\">W\u0142adys\u0142aw (1838-1926)<\/a><br><a href=\"https:\/\/paryskiesalonyromantykow.pl\/index.php\/helena-hryniewiecka\/\" data-type=\"page\" data-id=\"446\">Helena (1840-1897)<\/a><br><a href=\"https:\/\/paryskiesalonyromantykow.pl\/index.php\/aleksander-mickiewicz\/\" data-type=\"page\" data-id=\"470\">Aleksander (1842-1864)<\/a><br><a href=\"https:\/\/paryskiesalonyromantykow.pl\/index.php\/jozef-mickiewicz\/\" data-type=\"page\" data-id=\"184\">J\u00f3zef (1850-1938)<\/a><br><a href=\"https:\/\/paryskiesalonyromantykow.pl\/index.php\/klara-mainard\/\" data-type=\"page\" data-id=\"192\">Klara (1850-?)<\/a> &#8211; przyrodnia siostra<\/td><\/tr><\/tbody><\/table><\/figure>\n\n\n\n<p>Jan Mickiewicz, trzeci syn i pi\u0105te dziecko <a href=\"https:\/\/paryskiesalonyromantykow.pl\/index.php\/adam-mickiewicz\/\" data-type=\"page\" data-id=\"138\">Adama<\/a> i <a href=\"https:\/\/paryskiesalonyromantykow.pl\/index.php\/celina-mickiewiczowa\/\" data-type=\"page\" data-id=\"157\">Celiny<\/a> Mickiewicz\u00f3w. Miesi\u0105c po jego narodzinach poeta wyjecha\u0142 na rekolekcje do <a href=\"https:\/\/paryskiesalonyromantykow.pl\/index.php\/andrzej-towianski\/\" data-type=\"page\" data-id=\"203\">Andrzeja Towia\u0144skiego<\/a>, mieszkaj\u0105cego w Szwajcarskim Einsiedeln. W tym czasie jego \u017cona, wci\u0105\u017c os\u0142abiona niedawnym porodem, zaj\u0119\u0142a si\u0119 przeprowadzk\u0105 ca\u0142ej rodziny z mieszkania przy ulicy Amsterdamskiej 1 do ma\u0142ego domku w podmiejskiej gminie Batignoles. Popad\u0142a r\u00f3wnie\u017c ponownie w konflikt z <a href=\"https:\/\/paryskiesalonyromantykow.pl\/index.php\/ksawera-deybel\/\" data-type=\"page\" data-id=\"188\">Ksawer\u0105 Deybel<\/a>, kt\u00f3ra na kr\u00f3tki czas zamieszka\u0142a ponownie z Mickiewiczami. Wszystkie te stresy odbi\u0142y si\u0119 na zdrowiu ma\u0142ego Jasia, kt\u00f3ry rozchorowa\u0142 si\u0119 na tyle powa\u017cnie, \u017ce postanowiono nie czeka\u0107 ze chrztem na powr\u00f3t taty. Pono\u0107 sakramentu dokonano wod\u0105 z rzeki Jordan, przywiezion\u0105 z Ziemi \u015awi\u0119tej przez <a href=\"https:\/\/paryskiesalonyromantykow.pl\/index.php\/jozef-bohdan-zaleski\/\" data-type=\"page\" data-id=\"513\">J\u00f3zefa Bohdana Zaleskiego<\/a> i jego \u017con\u0119.<\/p>\n\n\n\n<p>Adam powiedzia\u0142 kiedy\u015b o Jasiu &#8222;Francuz, spekulant i wielki gadacz&#8221;. Osierocony w wieku 10 lat ch\u0142opiec by\u0142 pono\u0107 najzdolniejszy z braci, ale r\u00f3wnie\u017c leniwy. Zdolno\u015bci przejawia\u0142 przede wszystkim w j\u0119zykach i historii. S\u0142yn\u0105\u0142 ju\u017c w owym czasie z elegancji i towarzysko\u015bci, pono\u0107 wcze\u015bnie zainteresowa\u0142 si\u0119 &#8222;dziewczynami z p\u00f3\u0142\u015bwiatka&#8221;. Po pomy\u015blnym zdaniu matury w 1863 roku planowa\u0142 karier\u0119 adwokata, co nie podoba\u0142o si\u0119 rodze\u0144stwu. Wybuch powstania styczniowego przerwa\u0142 jego studia. Jan natychmiast pojecha\u0142 do kraju, by wzi\u0105\u0107 udzia\u0142 w walkach. Ostatecznie za bro\u0144 nie chwyci\u0142, pracowa\u0142 jednak jako cywilny sekretarz wys\u0142annika Czartoryskich z Hotelu Lambert. Swoj\u0105 podr\u00f3\u017c opisywa\u0142 w lekkich, dowcipnych listach. Dodatkowo w podr\u00f3\u017c zaj\u0105\u0142 si\u0119 t\u0142umaczeniem &#8222;Konrada Wallenroda&#8221; na j\u0119zyk francuski. Po upadku powstania wr\u00f3ci\u0142 do Pary\u017ca.<\/p>\n\n\n\n<p>Jego rodze\u0144stwu (szczeg\u00f3lnie oszcz\u0119dnemu <a href=\"https:\/\/paryskiesalonyromantykow.pl\/index.php\/wladyslaw-mickiewicz\/\" data-type=\"page\" data-id=\"421\">W\u0142adys\u0142awowi<\/a>) sp\u0119dza\u0142a sen z powiek jego rozrzutno\u015b\u0107, lubi\u0142 bowiem wydawa\u0107 pieni\u0105dze (nawet te potrzebne na rachunki) na s\u0142odycze i petardy. Z czasem Ja\u015b zachowywa\u0142 si\u0119 coraz bardziej irracjonalnie &#8211; raz szwagier, Tadeusz Gorecki, przy\u0142apa\u0142 go na ta\u0144czeniu z drzewami i wyczynianiu jakich\u015b urok\u00f3w w Ogrodzie Luksemburskim. R\u00f3wnie\u017c w ich domu cz\u0119sto gin\u0119\u0142y r\u00f3\u017cne rzeczy.<\/p>\n\n\n\n<p>Miesi\u0105c po osi\u0105gni\u0119ciu pe\u0142noletnio\u015bci sporz\u0105dzi\u0142 testament. Jego zachowanie niepokoi\u0142o rodze\u0144stwo (raz wygadywa\u0142 totalne g\u0142upoty, sk\u0142\u00f3caj\u0105c si\u0119 z bra\u0107mi i z Armandem Levym, a gdy Levy wyszed\u0142 i zamkn\u0105\u0142 za sob\u0105 drzwi, Jan wdar\u0142 si\u0119 si\u0142\u0105 do \u015brodka), a\u017c wreszcie w 1867 roku doktor Borzobohaty, przyjaciel W\u0142adys\u0142awa, wyjawi\u0142 najstarszemu Mickiewiczowi, \u017ce jego brat zdradza objawy choroby psychicznej. Nie by\u0142a to nowo\u015b\u0107 w rodzinie Wieszcza &#8211; chorowa\u0142a przecie\u017c i Celina, i jej wujostwo. W\u0142adys\u0142aw jednak nie odda\u0142 Jana do zak\u0142adu, mimo zalece\u0144 lekarza.<\/p>\n\n\n\n<p>W tym czasie Ja\u015b zacz\u0105\u0142 chadza\u0107 do <a href=\"https:\/\/paryskiesalonyromantykow.pl\/index.php\/seweryn-goszczynski\/\" data-type=\"page\" data-id=\"284\">Seweryna Goszczy\u0144skiego<\/a>, opowiadaj\u0105c mu o swoich k\u0142\u00f3tniach z bratem. Stawa\u0142 si\u0119 te\u017c coraz bardziej niebezpieczny dla otoczenia, a\u017c W\u0142adys\u0142aw, kt\u00f3rego \u017cona oczekiwa\u0142a dziecka, zdecydowa\u0142 si\u0119 umie\u015bci\u0107 go w zak\u0142adzie. Po kilku miesi\u0105cach nast\u0105pi\u0142a poprawa, jednak nie na d\u0142ugo.<\/p>\n\n\n\n<p>Wiosn\u0105 1869 roku Jan znikn\u0105\u0142 z zawarto\u015bci\u0105 kasy z kantorku Ksi\u0119garni Luksemburskiej, w kt\u00f3rej pracowa\u0142 z bratem. Pojawi\u0142 si\u0119 na drugi dzie\u0144, bez s\u0142owa wmaszerowuj\u0105c z pistoletem w r\u0119ku. Zacz\u0105\u0142 celowa\u0107 do ka\u017cdego z pracownik\u00f3w po kolei. Przetrzyma\u0142 swoich &#8222;zak\u0142adnik\u00f3w&#8221; przez cztery godziny, a\u017c wreszcie wystrzeli\u0142 w sufit. Wtedy do ksi\u0119garni wbiegli policjanci. Jan wystrzela\u0142 ca\u0142y magazynek, szcz\u0119\u015bliwie nikogo nie zabi\u0142.<br>Pozosta\u0142e 16 lat \u017cycia sp\u0119dzi\u0142 w zak\u0142adzie w Charenton, tam te\u017c zmar\u0142 w wieku zaledwie 40 lat. Pochowano go w rodzinnym grobowcu na cmentarzu w Montmorency.<\/p>\n","protected":false},"excerpt":{"rendered":"<p>Jan Gabriel Donat Mickiewicz Data i miejsce urodzenia 7 kwietnia 1845 rokuPary\u017c Data i miejsce \u015bmierci 23 kwietnia 1885 rokCharenton Rodzice Adam Mickiewicz (1798-1855)Celina z Szymanowskich (1812-1855) Rodze\u0144stwo Maria (1835-1922)W\u0142adys\u0142aw (1838-1926)Helena (1840-1897)Aleksander (1842-1864)J\u00f3zef (1850-1938)Klara (1850-?) &#8211; przyrodnia siostra Jan Mickiewicz, trzeci syn i pi\u0105te dziecko Adama i Celiny Mickiewicz\u00f3w. Miesi\u0105c po jego narodzinach poeta wyjecha\u0142 [&hellip;]<\/p>\n","protected":false},"author":1,"featured_media":0,"parent":0,"menu_order":0,"comment_status":"closed","ping_status":"closed","template":"","meta":[],"_links":{"self":[{"href":"https:\/\/paryskiesalonyromantykow.pl\/index.php\/wp-json\/wp\/v2\/pages\/484"}],"collection":[{"href":"https:\/\/paryskiesalonyromantykow.pl\/index.php\/wp-json\/wp\/v2\/pages"}],"about":[{"href":"https:\/\/paryskiesalonyromantykow.pl\/index.php\/wp-json\/wp\/v2\/types\/page"}],"author":[{"embeddable":true,"href":"https:\/\/paryskiesalonyromantykow.pl\/index.php\/wp-json\/wp\/v2\/users\/1"}],"replies":[{"embeddable":true,"href":"https:\/\/paryskiesalonyromantykow.pl\/index.php\/wp-json\/wp\/v2\/comments?post=484"}],"version-history":[{"count":4,"href":"https:\/\/paryskiesalonyromantykow.pl\/index.php\/wp-json\/wp\/v2\/pages\/484\/revisions"}],"predecessor-version":[{"id":1788,"href":"https:\/\/paryskiesalonyromantykow.pl\/index.php\/wp-json\/wp\/v2\/pages\/484\/revisions\/1788"}],"wp:attachment":[{"href":"https:\/\/paryskiesalonyromantykow.pl\/index.php\/wp-json\/wp\/v2\/media?parent=484"}],"curies":[{"name":"wp","href":"https:\/\/api.w.org\/{rel}","templated":true}]}}