{"id":475,"date":"2021-01-10T15:40:33","date_gmt":"2021-01-10T14:40:33","guid":{"rendered":"http:\/\/paryskiesalonyromantykow.pl\/?page_id=475"},"modified":"2022-01-16T13:44:13","modified_gmt":"2022-01-16T12:44:13","slug":"claire-clairmont","status":"publish","type":"page","link":"https:\/\/paryskiesalonyromantykow.pl\/index.php\/claire-clairmont\/","title":{"rendered":"Claire Clairmont"},"content":{"rendered":"\n<figure class=\"wp-block-table aligncenter is-style-stripes\"><table><tbody><tr><td class=\"has-text-align-left\" data-align=\"left\"><img loading=\"lazy\" width=\"1000\" height=\"1236\" class=\"wp-image-476\" style=\"width: 200px;\" src=\"http:\/\/paryskiesalonyromantykow.pl\/wp-content\/uploads\/2021\/01\/Claire-Clairmont-portret-Amelii-Curran-1819.jpg\" alt=\"\" srcset=\"https:\/\/paryskiesalonyromantykow.pl\/wp-content\/uploads\/2021\/01\/Claire-Clairmont-portret-Amelii-Curran-1819.jpg 1000w, https:\/\/paryskiesalonyromantykow.pl\/wp-content\/uploads\/2021\/01\/Claire-Clairmont-portret-Amelii-Curran-1819-243x300.jpg 243w, https:\/\/paryskiesalonyromantykow.pl\/wp-content\/uploads\/2021\/01\/Claire-Clairmont-portret-Amelii-Curran-1819-828x1024.jpg 828w, https:\/\/paryskiesalonyromantykow.pl\/wp-content\/uploads\/2021\/01\/Claire-Clairmont-portret-Amelii-Curran-1819-768x949.jpg 768w\" sizes=\"(max-width: 1000px) 100vw, 1000px\" \/><\/td><td>Mary Jane Clairmont<\/td><\/tr><tr><td class=\"has-text-align-left\" data-align=\"left\"><strong>Data i miejsce urodzenia<\/strong><\/td><td>27 kwietnia 1798 roku<br>Brislington<\/td><\/tr><tr><td class=\"has-text-align-left\" data-align=\"left\"><strong>Data i miejsce \u015bmierci<\/strong><\/td><td>19 marca 1879 roku<br>Florencja<\/td><\/tr><tr><td class=\"has-text-align-left\" data-align=\"left\"><strong>Rodzice<\/strong><\/td><td>John Lethbridge (1746-1815)<br>Mary Jane Vial (1768-1841)<br><a href=\"https:\/\/paryskiesalonyromantykow.pl\/index.php\/william-godwin\/\" data-type=\"page\" data-id=\"2070\">William Godwin<\/a> (1756-1836) &#8211; ojczym<\/td><\/tr><tr><td class=\"has-text-align-left\" data-align=\"left\"><strong>Rodze\u0144stwo<\/strong><\/td><td>Fanny Imlay (1794-1816) &#8211; przybrana siostra<br>Charles Gaulis (1795-1850) &#8211; przyrodni brat<br><a href=\"https:\/\/paryskiesalonyromantykow.pl\/index.php\/mary-shelley\/\" data-type=\"page\" data-id=\"356\">Mary Shelley (1797-1851)<\/a> &#8211; przybrana siostra<br>William Godwin Jr (1803-1832) &#8211; przyrodni brat<\/td><\/tr><tr><td class=\"has-text-align-left\" data-align=\"left\"><strong>Dzieci<\/strong><\/td><td>Clara Allegra (Alba) Byron (1817-1822)<\/td><\/tr><\/tbody><\/table><\/figure>\n\n\n\n<p>Mary Jane &#8222;Claire&#8221; Clairmont, przybrana siostra <a href=\"https:\/\/paryskiesalonyromantykow.pl\/index.php\/mary-shelley\/\" data-type=\"page\" data-id=\"356\">Mary Shelley<\/a>, przyjaci\u00f3\u0142ka <a href=\"https:\/\/paryskiesalonyromantykow.pl\/index.php\/percy-shelley\/\" data-type=\"page\" data-id=\"403\">Percy&#8217;ego Shelleya<\/a> i kochanka lorda <a href=\"https:\/\/paryskiesalonyromantykow.pl\/index.php\/george-byron\/\" data-type=\"page\" data-id=\"480\">Byrona<\/a>, by\u0142a nie\u015blubn\u0105 c\u00f3rk\u0105 barona Johna Lethbridge (co uda\u0142o si\u0119 ustali\u0107 dopiero niedawno) i Mary Jane Vial Clairmont, kt\u00f3ra w grudniu 1801 roku po\u015blubi\u0142a pisarza i filozofa <a href=\"https:\/\/paryskiesalonyromantykow.pl\/index.php\/william-godwin\/\" data-type=\"page\" data-id=\"2070\">Williama Godwina<\/a>. Owdowia\u0142y Godwin mia\u0142 ju\u017c c\u00f3rk\u0119 Mary oraz pasierbic\u0119 Fanny Imlay ze zwi\u0105zku z pisark\u0105 i feministk\u0105 <a href=\"https:\/\/paryskiesalonyromantykow.pl\/index.php\/mary-wollstonecraft\/\" data-type=\"page\" data-id=\"350\">Mary Wollstonecraft<\/a>, kt\u00f3ra zmar\u0142a na gor\u0105czk\u0119 popo\u0142ogow\u0105 trzy lata wcze\u015bniej. Niebawem pa\u0144stwu Godwin urodzi\u0142o si\u0119 kolejne dziecko, William.<\/p>\n\n\n\n<p>Rodzice zapewnili swoim pociechom gruntowne wykszta\u0142cenie. Claire wykazywa\u0142a du\u017ce zdolno\u015bci j\u0119zykowe &#8211; ju\u017c jako nastolatka biegle m\u00f3wi\u0142a po francusku, a w wieku doros\u0142ym w\u0142ada\u0142a pi\u0119cioma j\u0119zykami. Mia\u0142a r\u00f3wnie\u017c talent do \u015bpiewu. Mary i Claire szybko zosta\u0142y przyjaci\u00f3\u0142kami. Mimo formalnych wi\u0119z\u00f3w rodzinnych brak pokrewie\u0144stwa mi\u0119dzy nimi by\u0142 doskonale widoczny w wygl\u0105dzie. Ruda, wysoka i pos\u0105gowo pi\u0119kna Mary nie przypomina\u0142a ciemnow\u0142osej, kr\u0105g\u0142ej i zmys\u0142owej Claire.<\/p>\n\n\n\n<p>W 1814 roku w domu pa\u0144stwa Godwin zacz\u0105\u0142 bywa\u0107 m\u0142ody poeta Percy Bysshe Shelley, s\u0142yn\u0105cy z radykalnych pogl\u0105d\u00f3w. Percy porzuci\u0142 pierwsz\u0105 \u017con\u0119 i zwi\u0105za\u0142 si\u0119 z Mary, Claire za\u015b pomaga\u0142a zakochanym w potajemnych schadzkach. Kiedy za\u015b sprawa wysz\u0142a na jaw i pan Godwin stanowczo sprzeciwi\u0142 si\u0119 zwi\u0105zkowi c\u00f3rki z poet\u0105, para postanowi\u0142a uciec i uda\u0107 si\u0119 do Francji. Claire wyjecha\u0142a razem z nimi, gdy\u017c w przeciwie\u0144stwie do Mary i Percy&#8217;ego w\u0142ada\u0142a p\u0142ynnie j\u0119zykiem francuskim.<\/p>\n\n\n\n<p>Ca\u0142a tr\u00f3jka sp\u0119dzi\u0142a podr\u00f3\u017c na czytaniu klasyk\u00f3w literatury &#8211; Rousseau, Szekspira, a tak\u017ce Mary Wollstonecraft. Wkr\u00f3tce i Claire postanowi\u0142a spr\u00f3bowa\u0107 swoich si\u0142 w pisaniu. Gdy za\u015b zabrak\u0142o im pieni\u0119dzy, wr\u00f3cili do Anglii, gdzie okaza\u0142o si\u0119, \u017ce Mary by\u0142a w ci\u0105\u017cy. Percy sp\u0119dza\u0142 wtedy du\u017co czasu z Claire, mo\u017cliwe, \u017ce nawet zostali kochankami, cho\u0107 brak ku temu dowod\u00f3w. Shelleyowie stracili swoje pierwsze dziecko, po czym przeprowadzili si\u0119 do Bishopsgate.<\/p>\n\n\n\n<p>W 1816 roku Claire pozna\u0142a lorda Byrona, s\u0142ynnego poet\u0119, kt\u00f3rego otacza\u0142a atmosfera skandalu &#8211; jego ma\u0142\u017ce\u0144stwo z Annabell\u0105 Milbanke rozpad\u0142o si\u0119, kr\u0105\u017cy\u0142y te\u017c plotki o jego romansie z przyrodni\u0105 siostr\u0105, <a href=\"https:\/\/paryskiesalonyromantykow.pl\/index.php\/augusta-leigh\/\" data-type=\"page\" data-id=\"1882\">August\u0105 Leigh<\/a>. Nastoletnia Claire marzy\u0142a, \u017ce podobnie jak Mary zwi\u0105\u017ce si\u0119 z wybitnym poet\u0105, Byron za\u015b pocz\u0105tkowo uleg\u0142 jej wdzi\u0119kom. By\u0142 jednak w skomplikowanej sytuacji uczuciowej i nie chcia\u0142 kontynuowa\u0107 tej znajomo\u015bci. Niebawem opu\u015bci\u0142 Angli\u0119 i schroni\u0142 si\u0119 przed ostracyzmem w Szwajcarii.<\/p>\n\n\n\n<p>Claire t\u0119skni\u0142a za ukochanym, przekona\u0142a wi\u0119c Shelley\u00f3w, aby sp\u0119dzili wakacje z Byronem nad Jeziorem Genewskim.Anomalie pogodowe tamtego roku skutecznie zniech\u0119ca\u0142y do sp\u0119dzania czasu na dworze, wi\u0119c aby zabi\u0107 nud\u0119, gospodarz zaproponowa\u0142 swoim go\u015bciom zabaw\u0119 literack\u0105, kt\u00f3rej celem by\u0142o napisanie najlepszego opowiadania grozy. Claire pragn\u0119\u0142a odnowi\u0107 sw\u00f3j zwi\u0105zek z Byronem, on jednak pocz\u0105tkowo nie chcia\u0142 zostawa\u0107 z ni\u0105 sam na sam. Z czasem ponownie uleg\u0142 jej czarowi, co zaowocowa\u0142o ci\u0105\u017c\u0105. Siostry przepisywa\u0142y r\u00f3wnie\u017c jego poemat &#8222;W\u0119dr\u00f3wki Childe Harolda&#8221;, nad kt\u00f3rym aktualnie pracowa\u0142.<\/p>\n\n\n\n<p>Po zako\u0144czeniu wakacji Shelleyowie wraz z Claire wr\u00f3cili do Anglii. Dziewczyna s\u0142a\u0142a do Byrona list za listem, na przemian prosz\u0105c o opiek\u0119 dla siebie i dziecka, wspominaj\u0105c najprzyjemniejsze momenty oraz gro\u017c\u0105c samob\u00f3jstwem. Poeta jednak nie chcia\u0142 mie\u0107 z ni\u0105 ju\u017c do czynienia. W styczniu 1817 roku przysz\u0142a na \u015bwiat Alba, c\u00f3rka Byrona i Clairmont. Po d\u0142ugich namowach zamo\u017cny Byron zgodzi\u0142 si\u0119 ni\u0105 zaj\u0105\u0107 pod warunkiem ograniczenia kontakt\u00f3w z jej matk\u0105 do minimum. Shelleyowie wraz z Claire wyruszyli do W\u0142och, gdzie dziewczynka zosta\u0142a oddana ojcu. Ten zmieni\u0142 jej imi\u0119 na Clara Allegra. Gdy odda\u0142 j\u0105 do klasztoru kapucyn\u00f3w, Claire zacz\u0119\u0142a planowa\u0107 wykradni\u0119cie c\u00f3rki. Niespodziewanie Allegra zmar\u0142a w wieku pi\u0119ciu lat, o co jej matka obwinia\u0142a Byrona. Dwa miesi\u0105ce p\u00f3\u017aniej, 8 lipca 1822 roku Percy Shelley zgin\u0105\u0142 w czasie sztormu.<\/p>\n\n\n\n<p>Zdecydowana prowadzi\u0107 w pe\u0142ni niezale\u017cne \u017cycie Claire przyjecha\u0142a do brata w Wiedniu, gdzie przez rok pracowa\u0142a jako guwernantka. Jednak zmienna polityka cesarstwa zmusi\u0142a oboje rodze\u0144stwa do opuszczenia kraju, wi\u0119c zatrudni\u0142a si\u0119 jako guwernantka u rosyjskiej rodziny Zotow\u00f3w. Wraz z nimi pojecha\u0142a do Petersburga, a nast\u0119pnie do Moskwy. Po nag\u0142ej \u015bmierci swojej wychowanki przenios\u0142a si\u0119 do rodziny Galicyn\u00f3w, gdzie mocno konserwatywna atmosfera wdawa\u0142a jej si\u0119 we znaki. Z nast\u0119pnymi pracodawcami, rodzin\u0105 genera\u0142a Kajzarowa w 1828 roku wr\u00f3ci\u0142a do Anglii, gdzie spotka\u0142a si\u0119 z rodzin\u0105. Szczeg\u00f3ln\u0105 sympati\u0119 poczu\u0142a do dziewi\u0119cioletniego <a href=\"https:\/\/paryskiesalonyromantykow.pl\/index.php\/percy-florence-shelley\/\" data-type=\"page\" data-id=\"1907\">Percy&#8217;ego Florence&#8217;a Shelleya<\/a>, syna Percy&#8217;ego i Mary, z kt\u00f3rym wi\u0105za\u0142a wielkie nadzieje. Nie chcia\u0142a by\u0107 zale\u017cna od krewnych, wi\u0119c po kilku miesi\u0105cach pomieszkiwania u Mary wyjecha\u0142a z Kajzarowami do Drezna. W nast\u0119pnym roku wsp\u00f3lnie udali si\u0119 do Nicei i Florencji, miast dobrze znanych Claire. Gdy jednak Rosjanie postanowili wr\u00f3ci\u0107 do Moskwy, ona pozosta\u0142a w Neapolu. Pracowa\u0142a u angielskiej rodziny Bennet\u00f3w, zachowuj\u0105c du\u017c\u0105 niezale\u017cno\u015b\u0107. Pomieszkiwa\u0142a u lady Margaret Mountcashell, pisarki i uczennicy Mary Wollstonecraft, zwanej pani\u0105 Mason.<\/p>\n\n\n\n<p>Po \u015bmierci ojczyma Williama Godwina ponownie przeprowadzi\u0142a si\u0119 do Anglii. Utrzymywa\u0142a si\u0119 z lekcji muzyki i opiekowa\u0142a si\u0119 chor\u0105 matk\u0105. Gdy za\u015b Mary Jane Godwin zmar\u0142a w czerwcu 1841 roku, czterdziestotrzyletnia Claire z nieznanych powod\u00f3w i w tajemniczych okoliczno\u015bciach pojecha\u0142a do Pary\u017ca, gdzie zamieszka\u0142a na najbli\u017csze kilka lat. Skorzysta\u0142a wtedy z pieni\u0119dzy, kt\u00f3re Percy zapisa\u0142 jej w spadku, a kt\u00f3re teraz pozwoli\u0142y jej na wygodne \u017cycie w dzielnicy Montmartre. Najprawdopodobniej powodem jej pobytu w Pary\u017cu by\u0142 potajemny romans, lecz zar\u00f3wno Claire, jak i Mary starannie zatar\u0142y na jego temat wszelkie \u015blady. \u015amier\u0107 sir Timothy&#8217;ego Shelleya, ojca Percy&#8217;ego, i tocz\u0105ce si\u0119 p\u00f3\u017aniej post\u0119powanie spadkowe wymusi\u0142y na niej powr\u00f3t do Anglii.<\/p>\n\n\n\n<p>W Londynie zbli\u017cy\u0142a si\u0119 ponownie z bratem Charlesem i jego rodzin\u0105. Szczeg\u00f3lnie mocno przywi\u0105za\u0142a si\u0119 do jego dzieci. Gdy jednak jego c\u00f3rka, Clara, potajemnie po\u015blubi\u0142a Alexandra Knoxa, poet\u0119 i koleg\u0119 Percy&#8217;ego Florence, Claire wpad\u0142a we w\u015bciek\u0142o\u015b\u0107. Win\u0105 &#8222;nieupilnowania&#8221; panienki i spiskowania za swoimi plecami obarcza\u0142a Mary. W obronie podupadaj\u0105cej na zdrowiu pisarki stan\u0119\u0142a jej synowa, Jane Shelley, kt\u00f3ra wyrzuci\u0142a &#8222;ciotk\u0119&#8221; z domu.<\/p>\n\n\n\n<p>W latach pi\u0119\u0107dziesi\u0105tych Claire straci\u0142a wiele bliskich os\u00f3b &#8211; Mary, kt\u00f3ra zmar\u0142a po d\u0142ugiej walce z nowotworem m\u00f3zgu, Charlesa, kt\u00f3ry niespodziewanie dozna\u0142 krwotoku \u015br\u00f3dm\u00f3zgowego, a tak\u017ce czworga jego dzieci (Clar\u0119 zabra\u0142a gru\u017alica, pozosta\u0142\u0105 tr\u00f3jk\u0119 &#8211; epidemia cholery). Odrzucona przez pozosta\u0142ych przy \u017cyciu Shelley\u00f3w, w 1860 roku postanowi\u0142a ostatecznie opu\u015bci\u0107 Angli\u0119. Zatrzyma\u0142a si\u0119 na kr\u00f3tko w Baden-Baden, a nast\u0119pnie osiedli\u0142a si\u0119 we Florencji, kt\u00f3ra kojarzy\u0142a jej si\u0119 z m\u0142odzie\u0144czymi podr\u00f3\u017cami.<\/p>\n\n\n\n<p>W nowym domu niebawem odwiedzili j\u0105 bliscy &#8211; bratanek William oraz jego siostra Pauline. Claire zaprzyja\u017ani\u0142a si\u0119 serdecznie z bratanic\u0105, zw\u0142aszcza gdy dowiedzia\u0142a si\u0119, \u017ce ta r\u00f3wnie\u017c urodzi\u0142a nie\u015blubne dziecko i prowadzi\u0142a burzliwe, niezale\u017cne \u017cycie. W tym czasie wiele os\u00f3b &#8211; zar\u00f3wno znajomych, jak i obcych &#8211; kontaktowa\u0142o si\u0119 z ni\u0105, chc\u0105c dowiedzie\u0107 si\u0119 czego\u015b ciekawego o Shelleyu lub Byronie. Namawiano j\u0105 r\u00f3wnie\u017c do spisania wspomnie\u0144, ona jednak konsekwentnie odmawia\u0142a. Przez wi\u0119kszo\u015b\u0107 \u017cycia dumna agnostyczna, na kilka lat przed \u015bmierci\u0105 nawr\u00f3ci\u0142a si\u0119 i przyj\u0119\u0142a katolicyzm. Zmar\u0142a w wieku osiemdziesi\u0119ciu lat i zosta\u0142a pochowana we Florencji.<\/p>\n","protected":false},"excerpt":{"rendered":"<p>Mary Jane Clairmont Data i miejsce urodzenia 27 kwietnia 1798 rokuBrislington Data i miejsce \u015bmierci 19 marca 1879 rokuFlorencja Rodzice John Lethbridge (1746-1815)Mary Jane Vial (1768-1841)William Godwin (1756-1836) &#8211; ojczym Rodze\u0144stwo Fanny Imlay (1794-1816) &#8211; przybrana siostraCharles Gaulis (1795-1850) &#8211; przyrodni bratMary Shelley (1797-1851) &#8211; przybrana siostraWilliam Godwin Jr (1803-1832) &#8211; przyrodni brat Dzieci Clara [&hellip;]<\/p>\n","protected":false},"author":1,"featured_media":0,"parent":0,"menu_order":0,"comment_status":"closed","ping_status":"closed","template":"","meta":[],"_links":{"self":[{"href":"https:\/\/paryskiesalonyromantykow.pl\/index.php\/wp-json\/wp\/v2\/pages\/475"}],"collection":[{"href":"https:\/\/paryskiesalonyromantykow.pl\/index.php\/wp-json\/wp\/v2\/pages"}],"about":[{"href":"https:\/\/paryskiesalonyromantykow.pl\/index.php\/wp-json\/wp\/v2\/types\/page"}],"author":[{"embeddable":true,"href":"https:\/\/paryskiesalonyromantykow.pl\/index.php\/wp-json\/wp\/v2\/users\/1"}],"replies":[{"embeddable":true,"href":"https:\/\/paryskiesalonyromantykow.pl\/index.php\/wp-json\/wp\/v2\/comments?post=475"}],"version-history":[{"count":7,"href":"https:\/\/paryskiesalonyromantykow.pl\/index.php\/wp-json\/wp\/v2\/pages\/475\/revisions"}],"predecessor-version":[{"id":2076,"href":"https:\/\/paryskiesalonyromantykow.pl\/index.php\/wp-json\/wp\/v2\/pages\/475\/revisions\/2076"}],"wp:attachment":[{"href":"https:\/\/paryskiesalonyromantykow.pl\/index.php\/wp-json\/wp\/v2\/media?parent=475"}],"curies":[{"name":"wp","href":"https:\/\/api.w.org\/{rel}","templated":true}]}}