{"id":458,"date":"2021-01-10T15:09:33","date_gmt":"2021-01-10T14:09:33","guid":{"rendered":"http:\/\/paryskiesalonyromantykow.pl\/?page_id=458"},"modified":"2021-01-20T19:08:55","modified_gmt":"2021-01-20T18:08:55","slug":"eliza-krasinska","status":"publish","type":"page","link":"https:\/\/paryskiesalonyromantykow.pl\/index.php\/eliza-krasinska\/","title":{"rendered":"Eliza Krasi\u0144ska"},"content":{"rendered":"\n<figure class=\"wp-block-table aligncenter is-style-stripes\"><table><tbody><tr><td class=\"has-text-align-left\" data-align=\"left\"><img loading=\"lazy\" width=\"1000\" height=\"1000\" class=\"wp-image-459\" style=\"width: 200px;\" src=\"http:\/\/paryskiesalonyromantykow.pl\/wp-content\/uploads\/2021\/01\/pjimage-21.jpg\" alt=\"\" srcset=\"https:\/\/paryskiesalonyromantykow.pl\/wp-content\/uploads\/2021\/01\/pjimage-21.jpg 1000w, https:\/\/paryskiesalonyromantykow.pl\/wp-content\/uploads\/2021\/01\/pjimage-21-300x300.jpg 300w, https:\/\/paryskiesalonyromantykow.pl\/wp-content\/uploads\/2021\/01\/pjimage-21-150x150.jpg 150w, https:\/\/paryskiesalonyromantykow.pl\/wp-content\/uploads\/2021\/01\/pjimage-21-768x768.jpg 768w\" sizes=\"(max-width: 1000px) 100vw, 1000px\" \/><\/td><td>El\u017cbieta Krasi\u0144ska z Branickich<\/td><\/tr><tr><td class=\"has-text-align-left\" data-align=\"left\"><strong>Data i miejsce urodzenia<\/strong><\/td><td>15 stycznia 1820 roku<br>Tomaszpol<\/td><\/tr><tr><td class=\"has-text-align-left\" data-align=\"left\"><strong>Data i miejsce \u015bmierci<\/strong><\/td><td>15 maja 1876 roku<br>Krak\u00f3w<\/td><\/tr><tr><td class=\"has-text-align-left\" data-align=\"left\"><strong>Rodzice<\/strong><\/td><td>W\u0142adys\u0142aw (1783-1843)<br>R\u00f3\u017ca z Potockich (1782-1862)<\/td><\/tr><tr><td class=\"has-text-align-left\" data-align=\"left\"><strong>Rodze\u0144stwo<\/strong><\/td><td>Franciszek (1816-1879)<br>Aleksander (1821-1877)<br>Zofia (1821-1886)<br>Konstanty (1824-1884)<br>Katarzyna (1825-1907)<br>W\u0142adys\u0142aw (1826-1884)<br>W\u0142odzimierz Potocki (1800-1820) &#8211; przyrodni brat<br>R\u00f3\u017ca Potocka (1802-1862) &#8211; przyrodnia siostra<br>Przemys\u0142aw Potocki (1804-1847) &#8211; przyrodni brat<\/td><\/tr><tr><td class=\"has-text-align-left\" data-align=\"left\"><strong>M\u0105\u017c<\/strong><\/td><td><a href=\"https:\/\/paryskiesalonyromantykow.pl\/index.php\/zygmunt-krasinski\/\" data-type=\"page\" data-id=\"494\">Zygmunt Krasi\u0144ski (1812-1859)<\/a><br>Ludwik Krasi\u0144ski (1833-1895)<\/td><\/tr><tr><td class=\"has-text-align-left\" data-align=\"left\"><strong>Dzieci<\/strong><\/td><td><a href=\"https:\/\/paryskiesalonyromantykow.pl\/index.php\/wladyslaw-wincenty-krasinski\/\" data-type=\"page\" data-id=\"1225\">W\u0142adys\u0142aw Wincenty (1844-1873)<\/a><br>Zygmunt (1846-1867)<br><a href=\"https:\/\/paryskiesalonyromantykow.pl\/index.php\/maria-beatrix-krasinska\/\" data-type=\"page\" data-id=\"1229\">Maria Beatrix (1850-1884)<\/a><br>El\u017cbieta (1853-1857)<\/td><\/tr><\/tbody><\/table><\/figure>\n\n\n\n<p>Eliza Krasi\u0144ska z Branickich, hrabina, malarka i \u017cona <a href=\"https:\/\/paryskiesalonyromantykow.pl\/index.php\/zygmunt-krasinski\/\" data-type=\"page\" data-id=\"494\">Zygmunta Krasi\u0144skiego<\/a>, pochodzi\u0142a z arystokratycznej rodziny &#8211; jej ojciec W\u0142adys\u0142aw Grzegorz Branicki by\u0142 senatorem, genera\u0142em i wielkim \u0142owczym, a matka R\u00f3\u017ca z Potockich c\u00f3rk\u0105 samego Stanis\u0142awa Szcz\u0119snego Potockiego. Dzieci\u0144stwo sp\u0119dzi\u0142a w rodzinnym Tomaszpolu na Ukrainie, gdzie odebra\u0142a wykszta\u0142cenie typowe dla arystokratek pierwszej po\u0142owy XIX wieku. Gdy jednak po uko\u0144czeniu dwudziestu lat u\u015bwiadomi\u0142a sobie, \u017ce lada dzie\u0144 rodzice wydadz\u0105 j\u0105 za m\u0105\u017c, zacz\u0119\u0142a stawia\u0107 zawzi\u0119ty op\u00f3r wszelkim pr\u00f3bom wyswatania jej z kimkolwiek. Eliza pragn\u0119\u0142a rozwija\u0107 si\u0119 i \u017cy\u0107 samodzielne, taki \u017cywot by\u0142 jednak dla niej niedost\u0119pny. Zdaj\u0105c sobie spraw\u0119 z r\u00f3\u017cnicy wymog\u00f3w spo\u0142ecznych wobec panien i m\u0142odzie\u0144c\u00f3w, zda\u0142a sobie spraw\u0119, \u017ce w istocie nie czu\u0142a si\u0119 kobiet\u0105. Pisa\u0142a: &#8222;Czemu nie jestem ch\u0142opcem? Wewn\u0119trznie rzeczywi\u015bcie jestem ch\u0142opcem, gdybym by\u0142a nim chocia\u017c troch\u0119 zewn\u0119trznie, niczego bym ju\u017c nie pragn\u0119\u0142a. Nie jestem wymagaj\u0105ca, niechby by\u0142 ze mnie jaki b\u0105d\u017a ch\u0142opiec.&#8221; Obdarzona bujn\u0105 wyobra\u017ani\u0105, nie cierpia\u0142a bal\u00f3w i salon\u00f3w, uwielbia\u0142a za\u015b czytanie i inne rozrywki intelektualne. Przez jaki\u015b czas my\u015bla\u0142a nawet o wst\u0105pieniu do zakonu szarytek.<\/p>\n\n\n\n<p>W 1841 roku w Karlsbadzie pozna\u0142a hrabiego Zygmunta Krasi\u0144skiego, s\u0142ynnego ju\u017c wtedy poet\u0119. Niebawem rodzice obojga zacz\u0119li rozmowy na temat po\u0142\u0105czenia m\u0142odych w\u0119z\u0142em ma\u0142\u017ce\u0144skim, cho\u0107 Zygmunt mia\u0142 wtedy romans z <a href=\"https:\/\/paryskiesalonyromantykow.pl\/index.php\/delfina-potocka\/\" data-type=\"page\" data-id=\"489\">Delfin\u0105 Potock\u0105<\/a>. Eliza przysta\u0142a na \u015blub, by\u0107 mo\u017ce widz\u0105c w obdarzonym bujn\u0105 wyobra\u017ani\u0119 poecie bratni\u0105 dusz\u0119. On r\u00f3wnie\u017c ostatecznie uleg\u0142 namowom ojca i po\u015blubi\u0142 Branick\u0105 w Dre\u017anie 27 lipca 1843 roku.<\/p>\n\n\n\n<p>Niestety Zygmunt nie zachowa\u0142 si\u0119 jak przysta\u0142o na ponad trzydziestoletniego, \u017conatego m\u0119\u017cczyzn\u0119 i nie zerwa\u0142 romansu z Potock\u0105. Eliza podesz\u0142a do tego nietypowo &#8211; zamiast urz\u0105dza\u0107 mu awantury i protestowa\u0107, zjednywa\u0142a go sobie dobroci\u0105 i uczynno\u015bci\u0105. I da\u0142o to o tyle dobre efekty, \u017ce niebawem przysz\u0142y na \u015bwiat ich dzieci, W\u0142adys\u0142aw, Zygmunt, Maria Beatrix i El\u017cbieta. Krasi\u0144ski przez jaki\u015b czas usi\u0142owa\u0142 zbli\u017cy\u0107 ze sob\u0105 \u017con\u0119 i kochank\u0119, one jednak powoli odsuwa\u0142y si\u0119 od niego. Delfina odesz\u0142a i zwi\u0105za\u0142a si\u0119 z malarzem Paulem Delarochem, a Eliza po\u015bwi\u0119ci\u0142a si\u0119 wychowaniu dzieci, coraz bardziej te\u017c zbli\u017caj\u0105c si\u0119 z kuzynem Zygmunta, Ludwikiem J\u00f3zefem Krasi\u0144skim. Cho\u0107 na \u0142o\u017cu \u015bmierci poeta wyzna\u0142 mi\u0142o\u015b\u0107 \u017conie, nie naprawi\u0142o to \u0142\u0105cz\u0105cych ich stosunk\u00f3w.<\/p>\n\n\n\n<p>Nied\u0142ugo po odbyciu obowi\u0105zkowej \u017ca\u0142oby Eliza po\u015blubi\u0142a Ludwika, m\u0142odszego od niej o 13 lat. I cho\u0107 nie doczekali si\u0119 dzieci, to ma\u0142\u017ce\u0144stwo zdecydowanie by\u0142o bardziej udane ni\u017c to z poet\u0105.<\/p>\n","protected":false},"excerpt":{"rendered":"<p>El\u017cbieta Krasi\u0144ska z Branickich Data i miejsce urodzenia 15 stycznia 1820 rokuTomaszpol Data i miejsce \u015bmierci 15 maja 1876 rokuKrak\u00f3w Rodzice W\u0142adys\u0142aw (1783-1843)R\u00f3\u017ca z Potockich (1782-1862) Rodze\u0144stwo Franciszek (1816-1879)Aleksander (1821-1877)Zofia (1821-1886)Konstanty (1824-1884)Katarzyna (1825-1907)W\u0142adys\u0142aw (1826-1884)W\u0142odzimierz Potocki (1800-1820) &#8211; przyrodni bratR\u00f3\u017ca Potocka (1802-1862) &#8211; przyrodnia siostraPrzemys\u0142aw Potocki (1804-1847) &#8211; przyrodni brat M\u0105\u017c Zygmunt Krasi\u0144ski (1812-1859)Ludwik Krasi\u0144ski (1833-1895) [&hellip;]<\/p>\n","protected":false},"author":1,"featured_media":0,"parent":0,"menu_order":0,"comment_status":"closed","ping_status":"closed","template":"","meta":[],"_links":{"self":[{"href":"https:\/\/paryskiesalonyromantykow.pl\/index.php\/wp-json\/wp\/v2\/pages\/458"}],"collection":[{"href":"https:\/\/paryskiesalonyromantykow.pl\/index.php\/wp-json\/wp\/v2\/pages"}],"about":[{"href":"https:\/\/paryskiesalonyromantykow.pl\/index.php\/wp-json\/wp\/v2\/types\/page"}],"author":[{"embeddable":true,"href":"https:\/\/paryskiesalonyromantykow.pl\/index.php\/wp-json\/wp\/v2\/users\/1"}],"replies":[{"embeddable":true,"href":"https:\/\/paryskiesalonyromantykow.pl\/index.php\/wp-json\/wp\/v2\/comments?post=458"}],"version-history":[{"count":6,"href":"https:\/\/paryskiesalonyromantykow.pl\/index.php\/wp-json\/wp\/v2\/pages\/458\/revisions"}],"predecessor-version":[{"id":1502,"href":"https:\/\/paryskiesalonyromantykow.pl\/index.php\/wp-json\/wp\/v2\/pages\/458\/revisions\/1502"}],"wp:attachment":[{"href":"https:\/\/paryskiesalonyromantykow.pl\/index.php\/wp-json\/wp\/v2\/media?parent=458"}],"curies":[{"name":"wp","href":"https:\/\/api.w.org\/{rel}","templated":true}]}}