{"id":446,"date":"2021-01-10T14:40:12","date_gmt":"2021-01-10T13:40:12","guid":{"rendered":"http:\/\/paryskiesalonyromantykow.pl\/?page_id=446"},"modified":"2022-01-21T17:44:21","modified_gmt":"2022-01-21T16:44:21","slug":"helena-hryniewiecka","status":"publish","type":"page","link":"https:\/\/paryskiesalonyromantykow.pl\/index.php\/helena-hryniewiecka\/","title":{"rendered":"Helena Hryniewiecka"},"content":{"rendered":"\n<figure class=\"wp-block-table aligncenter is-style-stripes\"><table><tbody><tr><td class=\"has-text-align-left\" data-align=\"left\"><img loading=\"lazy\" width=\"1000\" height=\"1000\" class=\"wp-image-447\" style=\"width: 200px;\" src=\"http:\/\/paryskiesalonyromantykow.pl\/wp-content\/uploads\/2021\/01\/pjimage-19.jpg\" alt=\"\" srcset=\"https:\/\/paryskiesalonyromantykow.pl\/wp-content\/uploads\/2021\/01\/pjimage-19.jpg 1000w, https:\/\/paryskiesalonyromantykow.pl\/wp-content\/uploads\/2021\/01\/pjimage-19-300x300.jpg 300w, https:\/\/paryskiesalonyromantykow.pl\/wp-content\/uploads\/2021\/01\/pjimage-19-150x150.jpg 150w, https:\/\/paryskiesalonyromantykow.pl\/wp-content\/uploads\/2021\/01\/pjimage-19-768x768.jpg 768w\" sizes=\"(max-width: 1000px) 100vw, 1000px\" \/><\/td><td>Helena Johanna Karolina<br>Hryniewiecka z Mickiewicz\u00f3w<\/td><\/tr><tr><td class=\"has-text-align-left\" data-align=\"left\"><strong>Data i miejsce urodzenia<\/strong><\/td><td>24 maja 1840 roku<br>Lozanna<\/td><\/tr><tr><td class=\"has-text-align-left\" data-align=\"left\"><strong>Data i miejsce \u015bmierci<\/strong><\/td><td>10 sierpnia 1897 roku<br>Cosne<\/td><\/tr><tr><td class=\"has-text-align-left\" data-align=\"left\"><strong>Rodzice<\/strong><\/td><td><a href=\"https:\/\/paryskiesalonyromantykow.pl\/index.php\/adam-mickiewicz\/\">Adam Mickiewicz (1798-1855)<\/a><br><a href=\"https:\/\/paryskiesalonyromantykow.pl\/index.php\/celina-mickiewiczowa\/\" data-type=\"page\" data-id=\"157\">Celina z Szymanowskich (1812-1855)<\/a><\/td><\/tr><tr><td class=\"has-text-align-left\" data-align=\"left\"><strong>Rodze\u0144stwo<\/strong><\/td><td><a href=\"https:\/\/paryskiesalonyromantykow.pl\/index.php\/maria-gorecka\/\" data-type=\"page\" data-id=\"260\"><\/a><a href=\"https:\/\/paryskiesalonyromantykow.pl\/index.php\/maria-gorecka\/\">Maria (1835-1922)<\/a><br><a href=\"https:\/\/paryskiesalonyromantykow.pl\/index.php\/wladyslaw-mickiewicz\/\">W\u0142adys\u0142aw (1838-1926)<\/a><br><a href=\"https:\/\/paryskiesalonyromantykow.pl\/index.php\/aleksander-mickiewicz\/\">Aleksander (1842-1864)<\/a><br><a href=\"https:\/\/paryskiesalonyromantykow.pl\/index.php\/jan-mickiewicz\/\">Jan (1845-1885)<\/a><br><a href=\"https:\/\/paryskiesalonyromantykow.pl\/index.php\/jozef-mickiewicz\/\">J\u00f3zef (1850-1938)<\/a><br><a href=\"https:\/\/paryskiesalonyromantykow.pl\/index.php\/klara-mainard\/\" data-type=\"page\" data-id=\"192\">Klara (1850-?)<\/a> &#8211; przyrodnia siostra<\/td><\/tr><tr><td class=\"has-text-align-left\" data-align=\"left\"><strong>M\u0105\u017c<\/strong><\/td><td>Ludwik Hryniewiecki (1830-1900)<\/td><\/tr><tr><td class=\"has-text-align-left\" data-align=\"left\"><strong>Dzieci<\/strong><\/td><td>Maria Michalina (1863-1864)<br>Jadwiga (1864-1940)<br>Maria Ludwika (1865-ok. 1921)<br>Ludwika Helena (1868-?)<br>Witold Ludwik-Filip (1870-1903)<\/td><\/tr><\/tbody><\/table><\/figure>\n\n\n\n<p>Helena Mickiewicz\u00f3wna, druga c\u00f3rka i trzecie dziecko <a href=\"https:\/\/paryskiesalonyromantykow.pl\/index.php\/adam-mickiewicz\/\" data-type=\"page\" data-id=\"138\">Adama<\/a> i <a href=\"https:\/\/paryskiesalonyromantykow.pl\/index.php\/celina-mickiewiczowa\/\" data-type=\"page\" data-id=\"157\">Celiny<\/a> Mickiewicz\u00f3w, jako jedyne z potomstwa poety nie przysz\u0142a na \u015bwiat we Francji, tylko w Szwajcarii, a to w zwi\u0105zku z obj\u0119ciem przez Adama stanowiska wyk\u0142adowcy na katedrze \u0142aciny uniwersytetu loza\u0144skiego. Przeprowadzka oznacza\u0142a znaczn\u0105 popraw\u0119 warunk\u00f3w finansowych, a pi\u0119kne krajobrazy i przyjazny klimat pocz\u0105tkowo przypad\u0142y do gustu Mickiewiczom. Z czasem zacz\u0105\u0142 im dokucza\u0107 brak krewnych i znajomych, wi\u0119c gdy tylko pojawi\u0142a si\u0119 mo\u017cliwo\u015b\u0107 obj\u0119cia przez poet\u0119 katedry j\u0119zyk\u00f3w s\u0142owia\u0144skich w College de France, natychmiast poczynili przygotowania do przeprowadzki. Kr\u00f3tko po urodzeniu Helenki Celina prze\u017cy\u0142a kolejny atak swej tajemniczej choroby psychicznej, z kt\u00f3rej wyratowa\u0142 j\u0105 dopiero <a href=\"https:\/\/paryskiesalonyromantykow.pl\/index.php\/andrzej-towianski\/\" data-type=\"page\" data-id=\"203\">Andrzej Towia\u0144ski<\/a>.<\/p>\n\n\n\n<p>Dziewczynka r\u00f3\u017cni\u0142a si\u0119 znacznie od swojego rodze\u0144stwa. W przeciwie\u0144stwie do starszej <a href=\"https:\/\/paryskiesalonyromantykow.pl\/index.php\/maria-gorecka\/\" data-type=\"page\" data-id=\"260\">Maryni<\/a> rozwija\u0142a si\u0119 do\u015b\u0107 powoli, w wieku dw\u00f3ch lat jeszcze nie m\u00f3wi\u0142a, lecz ojciec nie m\u00f3g\u0142 si\u0119 jej nachwali\u0107. Blondyneczka o niebieskich oczach, kojarzy\u0142a mu si\u0119 z Zosi\u0105 z &#8222;Pana Tadeusza&#8221; &#8211; prost\u0105, dobroduszn\u0105, cho\u0107 nieco naiwn\u0105 wiejsk\u0105 dziewczynk\u0105. W istocie Helena nawet po wej\u015bciu w doros\u0142o\u015b\u0107 nade wszystko pragn\u0119\u0142a tylko cichego, bezproblemowego \u017cycia i stabilizacji.<\/p>\n\n\n\n<p>Po \u015bmierci rodzic\u00f3w i wyje\u017adzie ciotki <a href=\"https:\/\/paryskiesalonyromantykow.pl\/index.php\/zofia-szymanowska\/\" data-type=\"page\" data-id=\"224\">Zofii Szymanowskiej<\/a> do Warszawy szesnastoletnia Helenka zamieszka\u0142a u rodziny Karola Sienkiewicza, historyka i poety, a prywatnie ojca chrzestnego jej najm\u0142odszego brata, <a href=\"https:\/\/paryskiesalonyromantykow.pl\/index.php\/jozef-mickiewicz\/\" data-type=\"page\" data-id=\"184\">J\u00f3zefa<\/a>. Zacz\u0119\u0142a w tym czasie rozgl\u0105da\u0107 si\u0119 za kandydatem na m\u0119\u017ca, marz\u0105c o w\u0142asnym ognisku domowym. Aby powstrzyma\u0107 jej przed nierozs\u0105dnym o\u017cenkiem, starsza siostra wys\u0142a\u0142a j\u0105 do kraju, gdzie odwiedzi\u0142a rodzin\u0119 matki w Warszawie, stryja Aleksandra na Litwie i rodzin\u0119 Malewskich (w tym ciotk\u0119 <a href=\"https:\/\/paryskiesalonyromantykow.pl\/index.php\/helena-malewska\/\" data-type=\"page\" data-id=\"1699\">Helen\u0119<\/a>, po kt\u00f3rej otrzyma\u0142a imi\u0119) w Petersburgu. Po powrocie do Francji wysz\u0142a za m\u0142odego in\u017cyniera Ludwika Hryniewieckiego, i wsp\u00f3lnie zamieszkali na prowincji. Doczekali si\u0119 pi\u0119ciorga dzieci, nie wiadomo jednak, czy jacy\u015b ich potomkowie \u017cyj\u0105 do dzi\u015b.<\/p>\n\n\n\n<p>Stosunki z rodze\u0144stwem nie uk\u0142ada\u0142y si\u0119 najlepiej. Helena nie wspomaga\u0142a <a href=\"https:\/\/paryskiesalonyromantykow.pl\/index.php\/wladyslaw-mickiewicz\/\" data-type=\"page\" data-id=\"421\">W\u0142adys\u0142awa<\/a> i <a href=\"https:\/\/paryskiesalonyromantykow.pl\/index.php\/maria-gorecka\/\" data-type=\"page\" data-id=\"260\">Marii<\/a> w piel\u0119gnowaniu pami\u0119ci o ojcu i propagowaniu sprawy polskiej, pragn\u0119\u0142a jedynie zachowania pami\u0105tek rodzinnych. Dba\u0142a r\u00f3wnie\u017c o m\u0142odszych braci, a \u015bmier\u0107 <a href=\"https:\/\/paryskiesalonyromantykow.pl\/index.php\/aleksander-mickiewicz\/\" data-type=\"page\" data-id=\"470\">Aleksandra<\/a> i choroba psychiczna <a href=\"https:\/\/paryskiesalonyromantykow.pl\/index.php\/jan-mickiewicz\/\" data-type=\"page\" data-id=\"484\">Jana<\/a> sprawi\u0142y, \u017ce tym mocniej przywi\u0105za\u0142a si\u0119 do najm\u0142odszego <a href=\"https:\/\/paryskiesalonyromantykow.pl\/index.php\/jozef-mickiewicz\/\" data-type=\"page\" data-id=\"184\">J\u00f3zefa<\/a>. Kiedy wi\u0119c on postanowi\u0142 uniezale\u017cni\u0107 si\u0119 od rodziny i zerwa\u0107 stosunki z rodze\u0144stwem, prze\u017cy\u0142a to bardzo silnie.<\/p>\n\n\n\n<p>Pod koniec 1896 roku zdiagnozowano u niej raka na j\u0119zyku. W jednej chwili ta zawsze pogodna i nieco naiwna kobieta za\u0142ama\u0142a si\u0119 ca\u0142kowicie. Operacja przynios\u0142a chwilow\u0105 popraw\u0119, niebawem jednak zn\u00f3w zacz\u0119\u0142a cierpie\u0107. Zmar\u0142a w Cosne w wieku 57 lat.<\/p>\n","protected":false},"excerpt":{"rendered":"<p>Helena Johanna KarolinaHryniewiecka z Mickiewicz\u00f3w Data i miejsce urodzenia 24 maja 1840 rokuLozanna Data i miejsce \u015bmierci 10 sierpnia 1897 rokuCosne Rodzice Adam Mickiewicz (1798-1855)Celina z Szymanowskich (1812-1855) Rodze\u0144stwo Maria (1835-1922)W\u0142adys\u0142aw (1838-1926)Aleksander (1842-1864)Jan (1845-1885)J\u00f3zef (1850-1938)Klara (1850-?) &#8211; przyrodnia siostra M\u0105\u017c Ludwik Hryniewiecki (1830-1900) Dzieci Maria Michalina (1863-1864)Jadwiga (1864-1940)Maria Ludwika (1865-ok. 1921)Ludwika Helena (1868-?)Witold Ludwik-Filip (1870-1903) [&hellip;]<\/p>\n","protected":false},"author":1,"featured_media":0,"parent":0,"menu_order":0,"comment_status":"closed","ping_status":"closed","template":"","meta":[],"_links":{"self":[{"href":"https:\/\/paryskiesalonyromantykow.pl\/index.php\/wp-json\/wp\/v2\/pages\/446"}],"collection":[{"href":"https:\/\/paryskiesalonyromantykow.pl\/index.php\/wp-json\/wp\/v2\/pages"}],"about":[{"href":"https:\/\/paryskiesalonyromantykow.pl\/index.php\/wp-json\/wp\/v2\/types\/page"}],"author":[{"embeddable":true,"href":"https:\/\/paryskiesalonyromantykow.pl\/index.php\/wp-json\/wp\/v2\/users\/1"}],"replies":[{"embeddable":true,"href":"https:\/\/paryskiesalonyromantykow.pl\/index.php\/wp-json\/wp\/v2\/comments?post=446"}],"version-history":[{"count":8,"href":"https:\/\/paryskiesalonyromantykow.pl\/index.php\/wp-json\/wp\/v2\/pages\/446\/revisions"}],"predecessor-version":[{"id":2100,"href":"https:\/\/paryskiesalonyromantykow.pl\/index.php\/wp-json\/wp\/v2\/pages\/446\/revisions\/2100"}],"wp:attachment":[{"href":"https:\/\/paryskiesalonyromantykow.pl\/index.php\/wp-json\/wp\/v2\/media?parent=446"}],"curies":[{"name":"wp","href":"https:\/\/api.w.org\/{rel}","templated":true}]}}