{"id":431,"date":"2021-01-10T14:18:37","date_gmt":"2021-01-10T13:18:37","guid":{"rendered":"http:\/\/paryskiesalonyromantykow.pl\/?page_id=431"},"modified":"2021-01-17T11:00:25","modified_gmt":"2021-01-17T10:00:25","slug":"stanislaw-moniuszko","status":"publish","type":"page","link":"https:\/\/paryskiesalonyromantykow.pl\/index.php\/stanislaw-moniuszko\/","title":{"rendered":"Stanis\u0142aw Moniuszko"},"content":{"rendered":"\n<figure class=\"wp-block-table aligncenter is-style-stripes\"><table><tbody><tr><td class=\"has-text-align-left\" data-align=\"left\"><img loading=\"lazy\" width=\"1000\" height=\"1000\" class=\"wp-image-434\" style=\"width: 200px;\" src=\"http:\/\/paryskiesalonyromantykow.pl\/wp-content\/uploads\/2021\/01\/pjimage-17.jpg\" alt=\"\" srcset=\"https:\/\/paryskiesalonyromantykow.pl\/wp-content\/uploads\/2021\/01\/pjimage-17.jpg 1000w, https:\/\/paryskiesalonyromantykow.pl\/wp-content\/uploads\/2021\/01\/pjimage-17-300x300.jpg 300w, https:\/\/paryskiesalonyromantykow.pl\/wp-content\/uploads\/2021\/01\/pjimage-17-150x150.jpg 150w, https:\/\/paryskiesalonyromantykow.pl\/wp-content\/uploads\/2021\/01\/pjimage-17-768x768.jpg 768w\" sizes=\"(max-width: 1000px) 100vw, 1000px\" \/><\/td><td>Stanis\u0142aw Jan Edward Kazimierz Moniuszko<\/td><\/tr><tr><td class=\"has-text-align-left\" data-align=\"left\"><strong>Data i miejsce urodzenia<\/strong><\/td><td>5 maja 1819 roku<br>Ubiel<\/td><\/tr><tr><td class=\"has-text-align-left\" data-align=\"left\"><strong>Data i miejsce \u015bmierci<\/strong><\/td><td>4 czerwca 1872 roku<br>Warszawa<\/td><\/tr><tr><td class=\"has-text-align-left\" data-align=\"left\"><strong>Rodzice<\/strong><\/td><td>Czes\u0142aw (1790-1870)<br>El\u017cbieta z Mad\u017carskich<\/td><\/tr><tr><td class=\"has-text-align-left\" data-align=\"left\"><strong>\u017bona<\/strong><\/td><td>Aleksandra z M\u00fcller\u00f3w (1821-1891)<\/td><\/tr><tr><td class=\"has-text-align-left\" data-align=\"left\"><strong>Dzieci<\/strong><\/td><td>El\u017cbieta (1841-1891)<br>Kazimierz (1842-?)<br>Stanis\u0142aw (1843-1905)<br>Boles\u0142aw (1846-1902)<br>Maria (1847-?)<br>Jadwiga (1848-?)<br>Zofia (ok. 1849-?)<br>Aleksandra (ok. 1851-?)<br>Cecylia (1852-1913)<br>Jan Czes\u0142aw (1853-1908)<\/td><\/tr><\/tbody><\/table><\/figure>\n\n\n\n<p>Stanis\u0142aw Moniuszko, jeden z najwybitniejszych kompozytor\u00f3w romantyzmu, dyrygent, pedagog i organista, ojciec polskiej opery narodowej, by\u0142 synem Czes\u0142awa Moniuszki, uczestnika kampanii napoleo\u0144skich i utalentowanego rysownika, i El\u017cbiety z Madziarskich. Ju\u017c jako dziecko rozpocz\u0105\u0142 edukacj\u0119 pod okiem matki, kt\u00f3ra grywa\u0142a mu na klawikordzie. Gdy Moniuszkowie przenie\u015bli si\u0119 do Mi\u0144ska, kszta\u0142ci\u0142 si\u0119 u Dominika Dziewanowskiego, a p\u00f3\u017aniej, w Warszawie \u2013 u Augusta Freyera, organisty w ko\u015bciele \u015awi\u0119tej Tr\u00f3jc. W 1830 roku wr\u00f3cili do Ubiela, sk\u0105d m\u0142ody Stanis\u0142aw pojecha\u0142 do Berlina, aby kontynuowa\u0107 nauk\u0119 w Singakademie prowadzonej przez Carla Rungenhagena.<\/p>\n\n\n\n<p>Po uko\u0144czeniu studi\u00f3w po\u015blubi\u0142 Aleksandr\u0119 M\u00fcller, z kt\u00f3r\u0105 wsp\u00f3lnie zamieszkali w Wilnie. Zarabia\u0142 na \u017cycie jako organista w ko\u015bciele \u015bw. Jana, jednocze\u015bnie staraj\u0105c si\u0119 rozwin\u0105\u0107 wile\u0144sk\u0105 scen\u0119 muzyczn\u0105. Organizowa\u0142 wykonania swoich oper i operetek w prywatnych salonach, a w 1847 roku zaprezentowa\u0142 dwuaktow\u0105 oper\u0119 \u201eHalka\u201d. Zyska\u0142a ona jedynie lokalny rozg\u0142os.<\/p>\n\n\n\n<p>W 1858 roku odby\u0142a si\u0119 premiera nowej, czteroaktowej wersji \u201eHalki\u201d, po kt\u00f3rej otrzyma\u0142 stanowisko dyrygenta oper polskich w warszawskim Teatrze Wielkim. Wraz z \u017con\u0105 i dzie\u0107mi przeni\u00f3s\u0142 si\u0119 do Warszawy, gdzie odt\u0105d co roku odbywa\u0142y si\u0119 premiery jego dzie\u0142. Wyk\u0142ada\u0142 r\u00f3wnie\u017c harmoni\u0119 i kontrapunkt w nowo za\u0142o\u017conym Instytucie Muzycznym. Rozw\u00f3j jego kariery przerwa\u0142 wybuch powstania styczniowego, kt\u00f3ry op\u00f3\u017ani\u0142 wystawienie kolejnej opery. Dopiero 1865 roku nast\u0105pi\u0142a premiera \u201eStrasznego dworu\u201d, uwa\u017canego za jego najwybitniejsze dzie\u0142o.<\/p>\n\n\n\n<p>Jego nast\u0119pne opery, \u201eParia\u201d i \u201eBeata\u201d, zyska\u0142y jednak niepochlebne recenzje, w dodatku stale cierpia\u0142 na problemy finansowe, w kt\u00f3rych wspomaga\u0142a go <a href=\"https:\/\/paryskiesalonyromantykow.pl\/index.php\/maria-kalergis\/\" data-type=\"page\" data-id=\"398\">Maria Kalergis<\/a>. Zmar\u0142 nagle na atak serca w 1872 roku. Pochowano go na Cmentarzu Pow\u0105zkowskim w Warszawie, a na jego pogrzebie zjawi\u0142o si\u0119 kilkadziesi\u0105t tysi\u0119cy os\u00f3b.\u00a0<\/p>\n","protected":false},"excerpt":{"rendered":"<p>Stanis\u0142aw Jan Edward Kazimierz Moniuszko Data i miejsce urodzenia 5 maja 1819 rokuUbiel Data i miejsce \u015bmierci 4 czerwca 1872 rokuWarszawa Rodzice Czes\u0142aw (1790-1870)El\u017cbieta z Mad\u017carskich \u017bona Aleksandra z M\u00fcller\u00f3w (1821-1891) Dzieci El\u017cbieta (1841-1891)Kazimierz (1842-?)Stanis\u0142aw (1843-1905)Boles\u0142aw (1846-1902)Maria (1847-?)Jadwiga (1848-?)Zofia (ok. 1849-?)Aleksandra (ok. 1851-?)Cecylia (1852-1913)Jan Czes\u0142aw (1853-1908) Stanis\u0142aw Moniuszko, jeden z najwybitniejszych kompozytor\u00f3w romantyzmu, dyrygent, pedagog [&hellip;]<\/p>\n","protected":false},"author":1,"featured_media":0,"parent":0,"menu_order":0,"comment_status":"closed","ping_status":"closed","template":"","meta":[],"_links":{"self":[{"href":"https:\/\/paryskiesalonyromantykow.pl\/index.php\/wp-json\/wp\/v2\/pages\/431"}],"collection":[{"href":"https:\/\/paryskiesalonyromantykow.pl\/index.php\/wp-json\/wp\/v2\/pages"}],"about":[{"href":"https:\/\/paryskiesalonyromantykow.pl\/index.php\/wp-json\/wp\/v2\/types\/page"}],"author":[{"embeddable":true,"href":"https:\/\/paryskiesalonyromantykow.pl\/index.php\/wp-json\/wp\/v2\/users\/1"}],"replies":[{"embeddable":true,"href":"https:\/\/paryskiesalonyromantykow.pl\/index.php\/wp-json\/wp\/v2\/comments?post=431"}],"version-history":[{"count":2,"href":"https:\/\/paryskiesalonyromantykow.pl\/index.php\/wp-json\/wp\/v2\/pages\/431\/revisions"}],"predecessor-version":[{"id":1240,"href":"https:\/\/paryskiesalonyromantykow.pl\/index.php\/wp-json\/wp\/v2\/pages\/431\/revisions\/1240"}],"wp:attachment":[{"href":"https:\/\/paryskiesalonyromantykow.pl\/index.php\/wp-json\/wp\/v2\/media?parent=431"}],"curies":[{"name":"wp","href":"https:\/\/api.w.org\/{rel}","templated":true}]}}