{"id":403,"date":"2021-01-10T12:48:09","date_gmt":"2021-01-10T11:48:09","guid":{"rendered":"http:\/\/paryskiesalonyromantykow.pl\/?page_id=403"},"modified":"2022-02-23T13:22:41","modified_gmt":"2022-02-23T12:22:41","slug":"percy-shelley","status":"publish","type":"page","link":"https:\/\/paryskiesalonyromantykow.pl\/index.php\/percy-shelley\/","title":{"rendered":"Percy Bysshe Shelley"},"content":{"rendered":"\n<figure class=\"wp-block-table aligncenter is-style-stripes\"><table><tbody><tr><td class=\"has-text-align-left\" data-align=\"left\"><img loading=\"lazy\" width=\"1000\" height=\"1000\" class=\"wp-image-405\" style=\"width: 200px;\" src=\"http:\/\/paryskiesalonyromantykow.pl\/wp-content\/uploads\/2021\/01\/pjimage-14-1.jpg\" alt=\"\" srcset=\"https:\/\/paryskiesalonyromantykow.pl\/wp-content\/uploads\/2021\/01\/pjimage-14-1.jpg 1000w, https:\/\/paryskiesalonyromantykow.pl\/wp-content\/uploads\/2021\/01\/pjimage-14-1-300x300.jpg 300w, https:\/\/paryskiesalonyromantykow.pl\/wp-content\/uploads\/2021\/01\/pjimage-14-1-150x150.jpg 150w, https:\/\/paryskiesalonyromantykow.pl\/wp-content\/uploads\/2021\/01\/pjimage-14-1-768x768.jpg 768w\" sizes=\"(max-width: 1000px) 100vw, 1000px\" \/><\/td><td>Percy Bysshe Shelley<\/td><\/tr><tr><td class=\"has-text-align-left\" data-align=\"left\"><strong>Data i miejsce urodzenia<\/strong><\/td><td>4 sierpnia 1792 roku<br>Horsham<\/td><\/tr><tr><td class=\"has-text-align-left\" data-align=\"left\"><strong>Data i miejsce \u015bmierci<\/strong><\/td><td>8 lipca 1822 roku<br>Lerici<\/td><\/tr><tr><td class=\"has-text-align-left\" data-align=\"left\"><strong>Rodzice<\/strong><\/td><td>Timothy (1753-1844)<br>Elizabeth z domu Pilford (1753-1844)<\/td><\/tr><tr><td class=\"has-text-align-left\" data-align=\"left\"><strong>Rodze\u0144stwo<\/strong><\/td><td>Elizabeth (1794-1831)<br>Mary (1797-1884)<br>Helen (1799-1885)<br>Margaret (1801-1887)<br>John (1806-1866)<\/td><\/tr><tr><td class=\"has-text-align-left\" data-align=\"left\"><strong>\u017bona<\/strong><\/td><td>Harriet z domu Westbrook (1795-1816)<br><a href=\"https:\/\/paryskiesalonyromantykow.pl\/index.php\/mary-shelley\/\" data-type=\"page\" data-id=\"356\">Mary z domu Godwin (1797-1851)<\/a><\/td><\/tr><tr><td class=\"has-text-align-left\" data-align=\"left\"><strong>Dzieci<\/strong><\/td><td>Ianthe (1813-1876)<br>Charles (1814-1826)<br>Clara (1815-1815)<br>William (1816-1819)<br>Clara Everina (1817-1818)<br><a href=\"https:\/\/paryskiesalonyromantykow.pl\/index.php\/percy-florence-shelley\/\" data-type=\"page\" data-id=\"1907\">Percy Florence (1819-1889)<\/a><\/td><\/tr><\/tbody><\/table><\/figure>\n\n\n\n<p>Percy Bysshe Shelley, poeta i dramaturg angielskiego romantyzmu, by\u0142 najstarszym dzieckiem sir Timothy&#8217;ego Shelleya i jego \u017cony Elizabeth Pilfold. W dzieci\u0144stwie kszta\u0142cono go w domu pod okiem pastora Evana Edwardsa z Warnham, a po uko\u0144czeniu Syon House Academy w Brentford rozpocz\u0105\u0142 nauk\u0119 w Eton College. Tam by\u0142 dr\u0119czony przez starszych ch\u0142opc\u00f3w, kt\u00f3rzy wyrywali mu ksi\u0105\u017cki i szarpali za ubrania, poniewa\u017c nie chcia\u0142, zgodnie ze zwyczajem, us\u0142ugiwa\u0107 im jako m\u0142odszy, nie interesowa\u0142y go r\u00f3wnie\u017c typowe zabawy r\u00f3wie\u015bnik\u00f3w. W tym czasie zainteresowa\u0142a go nauka, kt\u00f3r\u0105 wykorzystywa\u0142 do przer\u00f3\u017cnych psikus\u00f3w, jak cho\u0107by wysadzenia drzewa za pomoc\u0105 prochu strzelniczego.<\/p>\n\n\n\n<p>W 1810 roku wst\u0105pi\u0142 na uniwersytet w Oksfordzie, gdzie czyta\u0142 przez szesna\u015bcie godzin dziennie. Wtedy te\u017c opublikowa\u0142 swoje pierwsze teksty, otwarcie pisz\u0105c o swoim ateizmie. Sta\u0142o si\u0119 to przyczyn\u0105 skandalu, i po interwencji ojca Percy mia\u0142 pozosta\u0107 na uczelni tylko pod warunkiem odwo\u0142ania swoich pogl\u0105d\u00f3w. Odm\u00f3wi\u0142, co spowodowa\u0142o wyra\u017any rozd\u017awi\u0119k mi\u0119dzy Shelleyami.<\/p>\n\n\n\n<p>Cztery miesi\u0105ce p\u00f3\u017aniej dziewi\u0119tnastoletni Percy uciek\u0142 z szesnastoletni\u0105 Harriet Westbrook do Szkocji, gdzie pobrali si\u0119 pomimo sprzeciwu rodziny. Sir Timothy, pochodz\u0105cy ze szlacheckiej rodziny, uwa\u017ca\u0142 to za mezalians, poniewa\u017c ojciec Harriet by\u0142 zwyk\u0142ym karczmarzem, i zablokowa\u0142 synowi dost\u0119p do pieni\u0119dzy. Cho\u0107 niebawem przysz\u0142y na \u015bwiat ich dzieci (Iante i Charles), z czasem mi\u0119dzy ma\u0142\u017conkami zacz\u0105\u0142 narasta\u0107 rozd\u017awi\u0119k &#8211; pani Shelley coraz bardziej nudzi\u0142a Percy&#8217;ego, kt\u00f3ry pragn\u0105\u0142 partnerki, kt\u00f3ra dor\u00f3wnywa\u0142aby mu inteligencj\u0105. Poeta sp\u0119dza\u0142 du\u017co czasu poza domem, cz\u0119sto odwiedzaj\u0105c Williama Godwina, pisarza, kt\u00f3rego podziwia\u0142 od najm\u0142odszych lat. Tam te\u017c pozna\u0142 jego c\u00f3rki, <a href=\"https:\/\/paryskiesalonyromantykow.pl\/index.php\/mary-shelley\/\" data-type=\"page\" data-id=\"356\">Mary Godwin<\/a>, Fanny Imlay i <a href=\"https:\/\/paryskiesalonyromantykow.pl\/index.php\/claire-clairmont\/\" data-type=\"page\" data-id=\"475\">Claire Clairmont<\/a>.<\/p>\n\n\n\n<p>Percy i Mary zakochali si\u0119 w sobie i postanowili wsp\u00f3lnie wyjecha\u0107. Zabrali ze sob\u0105 Claire, kt\u00f3ra jako jedyna zna\u0142a francuski, i pojechali do Szwajcarii. Przez sze\u015b\u0107 tygodni wsp\u00f3lnie czytali dzie\u0142a Rousseau, Szekspira <a href=\"https:\/\/paryskiesalonyromantykow.pl\/index.php\/mary-wollstonecraft\/\" data-type=\"page\" data-id=\"350\">i Mary Wollstonecraft<\/a>. Gdy wreszcie sko\u0144czy\u0142y im si\u0119 pieni\u0105dze, wr\u00f3cili do Anglii, gdzie okaza\u0142o si\u0119, \u017ce Mary by\u0142a w ci\u0105\u017cy. Przedwcze\u015bnie urodzone dziecko zmar\u0142o niemal natychmiast, pogr\u0105\u017caj\u0105c jego matk\u0119 w depresji.<\/p>\n\n\n\n<p>W tym czasie Percy otrzyma\u0142 spadek po dziadku, co podreperowa\u0142o ich finanse i pozwoli\u0142o na wynaj\u0119cie ma\u0142ej willi w Bishopsgate, na skraju Windsor Great Park. 24 stycznia 1816 roku przyszed\u0142 na \u015bwiat drugi syn pary, William. Claire za\u015b wda\u0142a si\u0119 w romans z lordem <a href=\"https:\/\/paryskiesalonyromantykow.pl\/index.php\/george-byron\/\" data-type=\"page\" data-id=\"480\">George\u2019em Byronem<\/a>, s\u0142ynnym poet\u0105 i ekscentrykiem. Percy i Mary postanowili tego roku sp\u0119dzi\u0107 z nim wakacje w Genewie, wynaj\u0119li wi\u0119c will\u0119 Maison Chapuis nieopodal Jeziora Genewskiego, Byron za\u015b wraz ze swym osobistym lekarzem, <a href=\"https:\/\/paryskiesalonyromantykow.pl\/index.php\/john-polidori\/\" data-type=\"page\" data-id=\"361\">Johnem Polidorim<\/a>, zaj\u0119li Vill\u0119 Diodati. By\u0142 to bez w\u0105tpienia pami\u0119tny rok. Wskutek erupcji wulkanicznych wyst\u0105pi\u0142y liczne anomalie pogodowe, cz\u0119sto tragiczne w skutkach.Aby umili\u0107 d\u017cd\u017cyste wieczory, Byron zaproponowa\u0142 swoim go\u015bciom wyzwanie literackie. Celem mia\u0142o by\u0107 napisanie najlepszego opowiadania grozy. Wtedy Mary napisa\u0142a &#8222;Frankensteina&#8221;.<\/p>\n\n\n\n<p>W tym czasie Claire zasz\u0142a w ci\u0105\u017c\u0119, Byron jednak nie kwapi\u0142 si\u0119, by uzna\u0107 dziecko za swoje, zw\u0142aszcza \u017ce dziewczyna nudzi\u0142a go, a zwi\u0105zek z ni\u0105 m\u0119czy\u0142. Ostatecznie Claire wr\u00f3ci\u0142a z Percym i Mary do Anglii. Nied\u0142ugo p\u00f3\u017aniej okaza\u0142o si\u0119, \u017ce porzucona Harriet pope\u0142ni\u0142a samob\u00f3jstwo. Percy pragn\u0105\u0142 zaopiekowa\u0107 si\u0119 dzie\u0107mi, jednak rodzina Harriet nie chcia\u0142a si\u0119 na to zgodzi\u0107. Aby ukr\u00f3ci\u0107 plotki o skandalicznym zachowaniu poety, Shelley i Godwin wzi\u0119li \u015blub 30 grudnia 1816 roku w ko\u015bciele \u015aw. Mildred w Londynie. Nie pomog\u0142o to jednak sprawie, a s\u0105d odebra\u0142 Percy\u2019emu prawa do dzieci z Harriet.<\/p>\n\n\n\n<p>Nast\u0119pnie Percy wr\u00f3ci\u0142 do Anglii z Mary i Claire, kt\u00f3ra by\u0142a w ci\u0105\u017cy z Byronem. Na miejscu otrzymali wie\u015b\u0107, \u017ce Harriet pope\u0142ni\u0142a samob\u00f3jstwo. Poeta postanowi\u0142 zaopiekowa\u0107 si\u0119 swoimi dzie\u0107mi z pierwszego ma\u0142\u017ce\u0144stwa, lecz rodzina zmar\u0142ej nie chcia\u0142a do tego dopu\u015bci\u0107 ze wzgl\u0119du na plotki o jego skandalicznym prowadzeniu si\u0119. W odpowiedzi Percy wzi\u0105\u0142 \u015blub z Mary 30 grudnia 1816 roku w ko\u015bciele \u015aw. Mildred w Londynie, jednak nie odzyska\u0142 opieki nad dzie\u0107mi.<\/p>\n\n\n\n<p>Rozczarowani Shelleyowie wyjechali z Claire do W\u0142och, by zamieszka\u0107 tam na sta\u0142e. Niebawem jednak zmar\u0142y ich dzieci, Clara i William, a Mary popad\u0142a w depresj\u0119. Percy za\u015b sp\u0119dza\u0142 wi\u0119cej czasu z Claire, kt\u00f3ra walczy\u0142a z Byronem o c\u00f3rk\u0119. 12 listopada 1819 roku urodzi\u0142 si\u0119 <a href=\"https:\/\/paryskiesalonyromantykow.pl\/index.php\/percy-florence-shelley\/\" data-type=\"page\" data-id=\"1907\">Percy Florence Shelley<\/a>, co nie zmniejszy\u0142o przepa\u015bci pomi\u0119dzy ma\u0142\u017conkami.<\/p>\n\n\n\n<p>Nied\u0142ugo p\u00f3\u017aniej poeta zaprzyja\u017ani\u0142 si\u0119 z Edwardem Williamsem i jego \u017con\u0105 Jane, Mary za\u015b po raz kolejny zasz\u0142a w ci\u0105\u017c\u0119. Do\u0142\u0105czy\u0142a do nich r\u00f3wnie\u017c Claire, kt\u00f3rej c\u00f3rka zmar\u0142a na tyfus. Percy zbli\u017cy\u0142 si\u0119 z Jane i pisywa\u0142 do niej mi\u0142osne listy, przez co sytuacja mi\u0119dzy przyjaci\u00f3\u0142mi by\u0142a napi\u0119ta. Mary za\u015b poroni\u0142a i omal nie zmar\u0142a, jej m\u0105\u017c jednak uratowa\u0142 j\u0105 w ostatniej chwili. Dwa tygodnie p\u00f3\u017aniej wybra\u0142 si\u0119 wraz z Williamsem w rejs \u017cagl\u00f3wk\u0105, jednak natrafili na sztorm, kt\u00f3ry zabi\u0142 ich obu. Ich cia\u0142a zosta\u0142y skremowane, a Mary zachowa\u0142a serce m\u0119\u017ca na pami\u0105tk\u0119.<\/p>\n","protected":false},"excerpt":{"rendered":"<p>Percy Bysshe Shelley Data i miejsce urodzenia 4 sierpnia 1792 rokuHorsham Data i miejsce \u015bmierci 8 lipca 1822 rokuLerici Rodzice Timothy (1753-1844)Elizabeth z domu Pilford (1753-1844) Rodze\u0144stwo Elizabeth (1794-1831)Mary (1797-1884)Helen (1799-1885)Margaret (1801-1887)John (1806-1866) \u017bona Harriet z domu Westbrook (1795-1816)Mary z domu Godwin (1797-1851) Dzieci Ianthe (1813-1876)Charles (1814-1826)Clara (1815-1815)William (1816-1819)Clara Everina (1817-1818)Percy Florence (1819-1889) Percy Bysshe [&hellip;]<\/p>\n","protected":false},"author":1,"featured_media":0,"parent":0,"menu_order":0,"comment_status":"closed","ping_status":"closed","template":"","meta":[],"_links":{"self":[{"href":"https:\/\/paryskiesalonyromantykow.pl\/index.php\/wp-json\/wp\/v2\/pages\/403"}],"collection":[{"href":"https:\/\/paryskiesalonyromantykow.pl\/index.php\/wp-json\/wp\/v2\/pages"}],"about":[{"href":"https:\/\/paryskiesalonyromantykow.pl\/index.php\/wp-json\/wp\/v2\/types\/page"}],"author":[{"embeddable":true,"href":"https:\/\/paryskiesalonyromantykow.pl\/index.php\/wp-json\/wp\/v2\/users\/1"}],"replies":[{"embeddable":true,"href":"https:\/\/paryskiesalonyromantykow.pl\/index.php\/wp-json\/wp\/v2\/comments?post=403"}],"version-history":[{"count":7,"href":"https:\/\/paryskiesalonyromantykow.pl\/index.php\/wp-json\/wp\/v2\/pages\/403\/revisions"}],"predecessor-version":[{"id":2199,"href":"https:\/\/paryskiesalonyromantykow.pl\/index.php\/wp-json\/wp\/v2\/pages\/403\/revisions\/2199"}],"wp:attachment":[{"href":"https:\/\/paryskiesalonyromantykow.pl\/index.php\/wp-json\/wp\/v2\/media?parent=403"}],"curies":[{"name":"wp","href":"https:\/\/api.w.org\/{rel}","templated":true}]}}