{"id":384,"date":"2021-01-10T12:15:45","date_gmt":"2021-01-10T11:15:45","guid":{"rendered":"http:\/\/paryskiesalonyromantykow.pl\/?page_id=384"},"modified":"2021-01-17T10:23:15","modified_gmt":"2021-01-17T09:23:15","slug":"karolina-towianska","status":"publish","type":"page","link":"https:\/\/paryskiesalonyromantykow.pl\/index.php\/karolina-towianska\/","title":{"rendered":"Karolina Towia\u0144ska"},"content":{"rendered":"\n<figure class=\"wp-block-table aligncenter is-style-stripes\"><table><tbody><tr><td class=\"has-text-align-left\" data-align=\"left\"><img loading=\"lazy\" width=\"1000\" height=\"1000\" class=\"wp-image-385\" style=\"width: 200px;\" src=\"http:\/\/paryskiesalonyromantykow.pl\/wp-content\/uploads\/2021\/01\/pjimage-11-2.jpg\" alt=\"\" srcset=\"https:\/\/paryskiesalonyromantykow.pl\/wp-content\/uploads\/2021\/01\/pjimage-11-2.jpg 1000w, https:\/\/paryskiesalonyromantykow.pl\/wp-content\/uploads\/2021\/01\/pjimage-11-2-300x300.jpg 300w, https:\/\/paryskiesalonyromantykow.pl\/wp-content\/uploads\/2021\/01\/pjimage-11-2-150x150.jpg 150w, https:\/\/paryskiesalonyromantykow.pl\/wp-content\/uploads\/2021\/01\/pjimage-11-2-768x768.jpg 768w\" sizes=\"(max-width: 1000px) 100vw, 1000px\" \/><\/td><td>Karolina Towia\u0144ska z domu Maxa<\/td><\/tr><tr><td class=\"has-text-align-left\" data-align=\"left\"><strong>Data i miejsce urodzenia<\/strong><\/td><td>10 sierpnia 1805 roku<br>Wilno<\/td><\/tr><tr><td class=\"has-text-align-left\" data-align=\"left\"><strong>Data i miejsce \u015bmierci<\/strong><\/td><td>28 kwietnia 1878 roku<br>Zurych<\/td><\/tr><tr><td class=\"has-text-align-left\" data-align=\"left\"><strong>Rodzice<\/strong><\/td><td>Matthias Maxa<br>Anna z Sauer\u00f3w<\/td><\/tr><tr><td class=\"has-text-align-left\" data-align=\"left\"><strong>Rodze\u0144stwo<\/strong><\/td><td>Anna (1804-ok. 1878)<\/td><\/tr><tr><td class=\"has-text-align-left\" data-align=\"left\"><strong>M\u0105\u017c<\/strong><\/td><td><a href=\"https:\/\/paryskiesalonyromantykow.pl\/index.php\/andrzej-towianski\/\" data-type=\"page\" data-id=\"203\">Andrzej Towia\u0144ski (1799-1878)<\/a><\/td><\/tr><tr><td class=\"has-text-align-left\" data-align=\"left\"><strong>Dzieci<\/strong><\/td><td>Jan (1831-1904)<br>Aleksandra (1832-1886)<br>Maria (1833-?)<br>Adam (1834-1905)<br>Waleria (1839-1932)<br>Ksawera (1840-1881)<br>Kazimiera (1842-1912)<br>Anna Rachela (1844-1877)<br>El\u017cbieta (1846-1861)<\/td><\/tr><\/tbody><\/table><\/figure>\n\n\n\n<p>Karolina Maxa, kt\u00f3ra przesz\u0142a do historii jako \u017cona <a href=\"https:\/\/paryskiesalonyromantykow.pl\/index.php\/andrzej-towianski\/\" data-type=\"page\" data-id=\"203\">Andrzeja Towia\u0144skiego<\/a>, mistyka i filozofia, by\u0142a m\u0142odsz\u0105 c\u00f3rk\u0105 spolonizowanego Niemca, Matthiasa Maxy, w\u0142a\u015bciciela warsztat\u00f3w siodlarskiego i karetniczego, i Anny z Sauer\u00f3w. Od najm\u0142odszych lat wyr\u00f3\u017cnia\u0142a si\u0119 urod\u0105, inteligencj\u0105 i talentem muzycznym, jako nastolatka grywa\u0142a na organach i \u015bpiewa\u0142a w okolicznym ko\u015bciele. Dok\u0142adnie 21 grudnia 1826 roku do domu pa\u0144stwa Maxa zawita\u0142 Andrzej Towia\u0144ski, wprowadzony przez koleg\u0119 szkolnego, doktora Ferdynanda Gutta. Niespe\u0142na cztery lata p\u00f3\u017aniej, 1 marca 1830 roku w ko\u015bciele \u015bw. Jana Chrzciciela i \u015bw. Jana Aposto\u0142a w Wilnie Andrzej i Karolina wzi\u0119li \u015blub, co wywo\u0142a\u0142o lawin\u0119 plotek. Jedn\u0105 z przyczyn by\u0142a r\u00f3\u017cnica stan\u00f3w ma\u0142\u017conk\u00f3w \u2013 potomek jednej z najstarszych wile\u0144skich rodzin po\u015blubi\u0142 pann\u0119 de facto z mieszcza\u0144stwa. Mimo wszystko ma\u0142\u017ce\u0144stwo by\u0142o zgodne i dobrane jak ma\u0142o kt\u00f3re, a w ci\u0105gu pierwszych dziesi\u0119ciu lat jego trwania Karolina urodzi\u0142a sze\u015bcioro dzieci. Jej starsza siostra, Anna, jako trzydziestoczteroletnia panna zosta\u0142a wydana za Ferdynanda Gutta, kt\u00f3ry w mi\u0119dzyczasie zd\u0105\u017cy\u0142 zosta\u0107 pierwszym aposto\u0142em Towia\u0144skiego. W 1840 roku Towia\u0144scy wraz z Guttami opu\u015bcili ojczyzny \u0142ono, aby reszt\u0119 \u017cycia sp\u0119dzi\u0107 na obczy\u017anie. Dzieci zostawili na wychowanie u kilku zaprzyja\u017anionych rodzin, a sami wyruszyli do Pary\u017ca.<\/p>\n\n\n\n<p>We Francji Andrzej uda\u0142 si\u0119 do <a href=\"https:\/\/paryskiesalonyromantykow.pl\/index.php\/adam-mickiewicz\/\" data-type=\"page\" data-id=\"138\">Adama Mickiewicza<\/a>, kt\u00f3rego <a href=\"https:\/\/paryskiesalonyromantykow.pl\/index.php\/celina-mickiewiczowa\/\" data-type=\"page\" data-id=\"157\">\u017cona<\/a> przebywa\u0142a w zak\u0142adzie dla umys\u0142owo chorych. Po jej uzdrowieniu panowie wsp\u00f3lnie za\u0142o\u017cyli Ko\u0142o Sprawy Bo\u017cej, do kt\u00f3rego do\u0142\u0105czyli ich najbli\u017csi. Karolina i jej siostra Anna odgrywa\u0142y w Kole rol\u0119 szarej eminencji. S\u0142owo pani Towia\u0144skiej mia\u0142o niemal r\u00f3wnie du\u017c\u0105 wag\u0119 i moc, co s\u0142owo jej m\u0119\u017ca \u2013 i towarzyszy\u0142 mu te\u017c identyczny pos\u0142uch. Kr\u0105\u017cy\u0142y nawet plotki, \u017ce to Karolina mia\u0142a wizje i objawienia, kt\u00f3re przedstawia\u0142 i interpretowa\u0142 Andrzej, ale dzi\u015b niemo\u017cliwe by\u0142oby to ustali\u0107. Na pewno jednak nie trzyma\u0142a si\u0119 w cieniu, tylko anga\u017cowa\u0142a si\u0119 ca\u0142ym sercem w spraw\u0119.<\/p>\n\n\n\n<p>Niebawem w\u0142adze Francji oskar\u017cy\u0142y Towia\u0144skiego o szpiegostwo i zmusi\u0142y do opuszczenia kraju. Osiad\u0142 wtedy wraz z rodzin\u0105 w szwajcarskim Einsiedeln. Obecnie ma\u0142\u017conkowie spoczywaj\u0105 we wsp\u00f3lnym grobie na cmentarzu Sihifeld w Zurychu<\/p>\n","protected":false},"excerpt":{"rendered":"<p>Karolina Towia\u0144ska z domu Maxa Data i miejsce urodzenia 10 sierpnia 1805 rokuWilno Data i miejsce \u015bmierci 28 kwietnia 1878 rokuZurych Rodzice Matthias MaxaAnna z Sauer\u00f3w Rodze\u0144stwo Anna (1804-ok. 1878) M\u0105\u017c Andrzej Towia\u0144ski (1799-1878) Dzieci Jan (1831-1904)Aleksandra (1832-1886)Maria (1833-?)Adam (1834-1905)Waleria (1839-1932)Ksawera (1840-1881)Kazimiera (1842-1912)Anna Rachela (1844-1877)El\u017cbieta (1846-1861) Karolina Maxa, kt\u00f3ra przesz\u0142a do historii jako \u017cona Andrzeja [&hellip;]<\/p>\n","protected":false},"author":1,"featured_media":0,"parent":0,"menu_order":0,"comment_status":"closed","ping_status":"closed","template":"","meta":[],"_links":{"self":[{"href":"https:\/\/paryskiesalonyromantykow.pl\/index.php\/wp-json\/wp\/v2\/pages\/384"}],"collection":[{"href":"https:\/\/paryskiesalonyromantykow.pl\/index.php\/wp-json\/wp\/v2\/pages"}],"about":[{"href":"https:\/\/paryskiesalonyromantykow.pl\/index.php\/wp-json\/wp\/v2\/types\/page"}],"author":[{"embeddable":true,"href":"https:\/\/paryskiesalonyromantykow.pl\/index.php\/wp-json\/wp\/v2\/users\/1"}],"replies":[{"embeddable":true,"href":"https:\/\/paryskiesalonyromantykow.pl\/index.php\/wp-json\/wp\/v2\/comments?post=384"}],"version-history":[{"count":3,"href":"https:\/\/paryskiesalonyromantykow.pl\/index.php\/wp-json\/wp\/v2\/pages\/384\/revisions"}],"predecessor-version":[{"id":1202,"href":"https:\/\/paryskiesalonyromantykow.pl\/index.php\/wp-json\/wp\/v2\/pages\/384\/revisions\/1202"}],"wp:attachment":[{"href":"https:\/\/paryskiesalonyromantykow.pl\/index.php\/wp-json\/wp\/v2\/media?parent=384"}],"curies":[{"name":"wp","href":"https:\/\/api.w.org\/{rel}","templated":true}]}}