{"id":379,"date":"2021-01-10T12:07:14","date_gmt":"2021-01-10T11:07:14","guid":{"rendered":"http:\/\/paryskiesalonyromantykow.pl\/?page_id=379"},"modified":"2021-04-26T16:35:40","modified_gmt":"2021-04-26T14:35:40","slug":"eugene-delacroix","status":"publish","type":"page","link":"https:\/\/paryskiesalonyromantykow.pl\/index.php\/eugene-delacroix\/","title":{"rendered":"Eug\u00e8ne Delacroix"},"content":{"rendered":"\n<figure class=\"wp-block-table aligncenter is-style-stripes\"><table><tbody><tr><td class=\"has-text-align-left\" data-align=\"left\"><img loading=\"lazy\" width=\"1000\" height=\"1000\" class=\"wp-image-380\" style=\"width: 200px;\" src=\"http:\/\/paryskiesalonyromantykow.pl\/wp-content\/uploads\/2021\/01\/pjimage-10-2.jpg\" alt=\"\" srcset=\"https:\/\/paryskiesalonyromantykow.pl\/wp-content\/uploads\/2021\/01\/pjimage-10-2.jpg 1000w, https:\/\/paryskiesalonyromantykow.pl\/wp-content\/uploads\/2021\/01\/pjimage-10-2-300x300.jpg 300w, https:\/\/paryskiesalonyromantykow.pl\/wp-content\/uploads\/2021\/01\/pjimage-10-2-150x150.jpg 150w, https:\/\/paryskiesalonyromantykow.pl\/wp-content\/uploads\/2021\/01\/pjimage-10-2-768x768.jpg 768w\" sizes=\"(max-width: 1000px) 100vw, 1000px\" \/><\/td><td>Ferdinand Victor Eug\u00e8ne Delacroix<\/td><\/tr><tr><td class=\"has-text-align-left\" data-align=\"left\"><strong>Data i miejsce urodzenia<\/strong><\/td><td>26 kwietnia 1798 roku<br>Saint-Maurice-en-Chalencon<\/td><\/tr><tr><td class=\"has-text-align-left\" data-align=\"left\"><strong>Data i miejsce \u015bmierci<\/strong><\/td><td>13 sierpnia 1863 roku<br>Pary\u017c<\/td><\/tr><tr><td class=\"has-text-align-left\" data-align=\"left\"><strong>Rodzice<\/strong><\/td><td>Charles-Fran\u00e7ois (1741-1805)<br>Victoire z domu O\u00ebb\u00e8ne (1759-1814)<\/td><\/tr><tr><td class=\"has-text-align-left\" data-align=\"left\"><strong>Rodze\u0144stwo<\/strong><\/td><td>Charles (1779-1845)<br>Henriette (1780-1827)<br>Henri (1784-1807)<\/td><\/tr><\/tbody><\/table><\/figure>\n\n\n\n<p>Eug\u00e8ne Delacroix, francuski malarz epoki romantyzmu. Oficjalnie jego rodzicami byli Charles-Fran\u00e7ois Delacroix, Minister Spraw Zagranicznych pod w\u0142adaniem Dyrektoriatu, i jego \u017cona Victoire O\u00ebb\u00e8ne, c\u00f3rka ebenisty kr\u00f3la Ludwika XV. Jednak kr\u00f3tko po jego narodzinach kr\u0105\u017cy\u0142y plotki, \u017ce Charles wskutek przebytej operacji usuni\u0119cia guza sta\u0142 si\u0119 bezp\u0142odny, a w \u0142o\u017cu zast\u0105pi\u0142 go Maurice de Talleyrand. Warto doda\u0107, \u017ce doros\u0142y Eug\u00e8ne niezwykle przypomina\u0142 Talleyranda.<\/p>\n\n\n\n<p>Ju\u017c jako ch\u0142opiec wykazywa\u0142 talenty artystyczne, szczeg\u00f3lnie w dziedzinie&#8230; muzyki. Jednak po \u015bmierci matki w 1814 roku postanowi\u0142 po\u015bwi\u0119ci\u0107 si\u0119 malarstwu i zapisa\u0142 si\u0119 do pracowni Pierre\u2019a Narcisse\u2019a Guerina. Jego pierwsza wi\u0119ksza praca malarska, &#8222;Barka Dantego&#8221;, zosta\u0142a entuzjastycznie przyj\u0119ta na Salonie w 1822 roku, podobnie jak &#8222;Masakra na Chios&#8221; dwa lata p\u00f3\u017aniej. Eug\u00e8ne w tym czasie by\u0142 zmuszony utrzymywa\u0107 si\u0119 z rysowanych przez siebie karykatur.<\/p>\n\n\n\n<p>Jego s\u0142awa ros\u0142a, a malarz poznawa\u0142 kolejne osobisto\u015bci \u015bwiata artystycznego &#8211; <a href=\"https:\/\/paryskiesalonyromantykow.pl\/index.php\/victor-hugo\/\" data-type=\"page\" data-id=\"1180\">Victora Hugo<\/a>, Stendhala, Teofila Gautier i Hectora Berlioza. W 1825 roku odwiedzi\u0142 Angli\u0119, a siedem lat p\u00f3\u017aniej w towarzystwie hrabiego Charlesa-Edgara de Mornay uda\u0142 si\u0119 w podr\u00f3\u017c do Maroko, co zaowocowa\u0142o wieloma orientalnymi inspiracjami i motywami w jego malarstwie.<\/p>\n\n\n\n<p>Z czasem jednak coraz bardziej ceni\u0142 prywatno\u015b\u0107 i samotno\u015b\u0107. Unika\u0142 salonowego \u017cycia, staraj\u0105c si\u0119 zachowa\u0107 niezale\u017cno\u015b\u0107 tw\u00f3rcz\u0105. Zaprzyja\u017ani\u0142 si\u0119 z pisark\u0105 <a href=\"https:\/\/paryskiesalonyromantykow.pl\/index.php\/george-sand\/\" data-type=\"page\" data-id=\"172\">George Sand<\/a> i jej partnerem, <a href=\"https:\/\/paryskiesalonyromantykow.pl\/index.php\/fryderyk-chopin\/\" data-type=\"page\" data-id=\"167\">Fryderykiem Chopinem<\/a>, i na ich zaproszenie wielokrotnie bywa\u0142 w Nohant, gdzie pracowa\u0142 nad studiami pejza\u017cy i kwiat\u00f3w. Udziela\u0142 tak\u017ce lekcji synowi George, <a href=\"https:\/\/paryskiesalonyromantykow.pl\/index.php\/maurice-sand\/\" data-type=\"page\" data-id=\"502\">Maurycemu<\/a>.<br>W p\u00f3\u017aniejszych latach \u017cycia coraz bardziej podupada\u0142 na zdrowiu. Jego jedyn\u0105 towarzyszk\u0105 by\u0142a s\u0142u\u017c\u0105ca Jeanne-Marie le Guillou, wiernie trwaj\u0105ca przy jego boku przez prawie trzydzie\u015bci lat. Delacroix nie zwi\u0105za\u0142 si\u0119 z \u017cadn\u0105 kobiet\u0105 na d\u0142ugo, cho\u0107 niekiedy jego modelki stawa\u0142y si\u0119 jego kochankami. Zmar\u0142 w 1863 roku w \u0142\u00f3\u017cku swojego domu w Champrosay, na po\u0142udnie od Pary\u017ca. Pochowano go na cmentarzu P\u00e8re Lachaise.<\/p>\n","protected":false},"excerpt":{"rendered":"<p>Ferdinand Victor Eug\u00e8ne Delacroix Data i miejsce urodzenia 26 kwietnia 1798 rokuSaint-Maurice-en-Chalencon Data i miejsce \u015bmierci 13 sierpnia 1863 rokuPary\u017c Rodzice Charles-Fran\u00e7ois (1741-1805)Victoire z domu O\u00ebb\u00e8ne (1759-1814) Rodze\u0144stwo Charles (1779-1845)Henriette (1780-1827)Henri (1784-1807) Eug\u00e8ne Delacroix, francuski malarz epoki romantyzmu. Oficjalnie jego rodzicami byli Charles-Fran\u00e7ois Delacroix, Minister Spraw Zagranicznych pod w\u0142adaniem Dyrektoriatu, i jego \u017cona Victoire O\u00ebb\u00e8ne, [&hellip;]<\/p>\n","protected":false},"author":1,"featured_media":0,"parent":0,"menu_order":0,"comment_status":"closed","ping_status":"closed","template":"","meta":[],"_links":{"self":[{"href":"https:\/\/paryskiesalonyromantykow.pl\/index.php\/wp-json\/wp\/v2\/pages\/379"}],"collection":[{"href":"https:\/\/paryskiesalonyromantykow.pl\/index.php\/wp-json\/wp\/v2\/pages"}],"about":[{"href":"https:\/\/paryskiesalonyromantykow.pl\/index.php\/wp-json\/wp\/v2\/types\/page"}],"author":[{"embeddable":true,"href":"https:\/\/paryskiesalonyromantykow.pl\/index.php\/wp-json\/wp\/v2\/users\/1"}],"replies":[{"embeddable":true,"href":"https:\/\/paryskiesalonyromantykow.pl\/index.php\/wp-json\/wp\/v2\/comments?post=379"}],"version-history":[{"count":3,"href":"https:\/\/paryskiesalonyromantykow.pl\/index.php\/wp-json\/wp\/v2\/pages\/379\/revisions"}],"predecessor-version":[{"id":1667,"href":"https:\/\/paryskiesalonyromantykow.pl\/index.php\/wp-json\/wp\/v2\/pages\/379\/revisions\/1667"}],"wp:attachment":[{"href":"https:\/\/paryskiesalonyromantykow.pl\/index.php\/wp-json\/wp\/v2\/media?parent=379"}],"curies":[{"name":"wp","href":"https:\/\/api.w.org\/{rel}","templated":true}]}}