{"id":366,"date":"2021-01-10T11:39:25","date_gmt":"2021-01-10T10:39:25","guid":{"rendered":"http:\/\/paryskiesalonyromantykow.pl\/?page_id=366"},"modified":"2021-12-20T11:44:10","modified_gmt":"2021-12-20T10:44:10","slug":"ludwika-bobrowna","status":"publish","type":"page","link":"https:\/\/paryskiesalonyromantykow.pl\/index.php\/ludwika-bobrowna\/","title":{"rendered":"Ludwika Bobr\u00f3wna"},"content":{"rendered":"\n<figure class=\"wp-block-table aligncenter is-style-stripes\"><table><tbody><tr><td class=\"has-text-align-left\" data-align=\"left\"><img loading=\"lazy\" width=\"1000\" height=\"1000\" class=\"wp-image-367\" style=\"width: 200px;\" src=\"http:\/\/paryskiesalonyromantykow.pl\/wp-content\/uploads\/2021\/01\/pjimage-7-4.jpg\" alt=\"\" srcset=\"https:\/\/paryskiesalonyromantykow.pl\/wp-content\/uploads\/2021\/01\/pjimage-7-4.jpg 1000w, https:\/\/paryskiesalonyromantykow.pl\/wp-content\/uploads\/2021\/01\/pjimage-7-4-300x300.jpg 300w, https:\/\/paryskiesalonyromantykow.pl\/wp-content\/uploads\/2021\/01\/pjimage-7-4-150x150.jpg 150w, https:\/\/paryskiesalonyromantykow.pl\/wp-content\/uploads\/2021\/01\/pjimage-7-4-768x768.jpg 768w\" sizes=\"(max-width: 1000px) 100vw, 1000px\" \/><\/td><td>Ludwika J\u00f3zefina Stanis\u0142awa<br>Potocka z B\u00f3br-Piotrowickich<\/td><\/tr><tr><td class=\"has-text-align-left\" data-align=\"left\"><strong>Data i miejsce urodzenia<\/strong><\/td><td>15 listopada 1825 roku<br>Zahajce<\/td><\/tr><tr><td class=\"has-text-align-left\" data-align=\"left\"><strong>Data i miejsce \u015bmierci<\/strong><\/td><td>19 marca 1890 roku<br>Zator<\/td><\/tr><tr><td class=\"has-text-align-left\" data-align=\"left\"><strong>Rodzice<\/strong><\/td><td>Teodor (1800-1865)<br><a href=\"https:\/\/paryskiesalonyromantykow.pl\/index.php\/joanna-bobrowa\/\" data-type=\"page\" data-id=\"463\">Joanna z Morzkowskich<\/a> (1807-1889)<\/td><\/tr><tr><td class=\"has-text-align-left\" data-align=\"left\"><strong>Rodze\u0144stwo<\/strong><\/td><td><a href=\"https:\/\/paryskiesalonyromantykow.pl\/index.php\/zofia-bobrowna\/\" data-type=\"page\" data-id=\"371\">Zofia<\/a> (1830-1904)<\/td><\/tr><tr><td class=\"has-text-align-left\" data-align=\"left\"><strong>M\u0105\u017c<\/strong><\/td><td>Maurycy Potocki (1812-1879)<\/td><\/tr><tr><td class=\"has-text-align-left\" data-align=\"left\"><strong>Dzieci<\/strong><\/td><td>August (1847-1905)<br>Natalia (1849-1916)<br>Maria (1850-1945)<br>Eustachy (1859-1914)<\/td><\/tr><\/tbody><\/table><\/figure>\n\n\n\n<p>Ludwika Bobr\u00f3wna by\u0142a c\u00f3rk\u0105 Teodora B\u00f3br-Piotrowickiego, bogatego wo\u0142y\u0144skiego gospodarza, i <a href=\"https:\/\/paryskiesalonyromantykow.pl\/index.php\/joanna-bobrowa\/\" data-type=\"page\" data-id=\"463\">Joanny z Morzkowskich<\/a>, zwanej Joann\u0105 Bobrow\u0105. Po rozwodzie rodzic\u00f3w Ludwika mieszka\u0142a z matk\u0105 i m\u0142odsz\u0105 siostr\u0105 <a href=\"https:\/\/paryskiesalonyromantykow.pl\/index.php\/zofia-bobrowna\/\" data-type=\"page\" data-id=\"371\">Zofi\u0105<\/a> w Pary\u017cu i Frankfurcie.<\/p>\n\n\n\n<p>W 1841 roku Bobrowa zaprzyja\u017ani\u0142a si\u0119 z <a href=\"https:\/\/paryskiesalonyromantykow.pl\/index.php\/juliusz-slowacki\/\" data-type=\"page\" data-id=\"153\">Juliuszem S\u0142owackim<\/a>. Poeta, z pocz\u0105tku g\u0142\u0119boko zakochany w rozw\u00f3dce, zaprzyja\u017ani\u0142 si\u0119 z jej dorastaj\u0105cymi c\u00f3rkami. Ostatecznie Juliusz i Joanna nie zeszli si\u0119, ale ich przyja\u017a\u0144 przetrwa\u0142a lata. Gdy za\u015b w marcu 1844 roku panienki wraz z matk\u0105 wraca\u0142y do kraju, S\u0142owacki napisa\u0142 dla nich trzy pi\u0119kne wiersze &#8211; &#8222;W pami\u0119tniku Zofii Bobr\u00f3wny&#8221;, &#8222;Do Ludwiki Bobr\u00f3wny&#8221; i &#8222;Dziecinka Lolka na rzymskich ruinach&#8221;.<\/p>\n\n\n\n<p>Po powrocie do ojczyzny Bobr\u00f3wny, obie pi\u0119kne i maj\u0119tne, wysz\u0142y za m\u0105\u017c &#8211; Ludwika w 1846 roku, za Maurycego Potockiego, w\u0142a\u015bciciela ksi\u0119stwa Zatorskiego pod Krakowem i ogromnych d\u00f3br Berezy\u0144skich na Litwie, a Zofia w 1857 roku, za Juliusza Dzieduszyckiego, w\u0142a\u015bciciela d\u00f3br Zborowskich i wielkiego mi\u0142o\u015bnika koni. Po \u015bmierci Teodora B\u00f3br-Piotrowickiego Ludwika przej\u0119\u0142a jego maj\u0105tek w Zahajcach. Zmar\u0142a w 1890 roku w Zatorze, maj\u0105tku nale\u017c\u0105cym do jej m\u0119\u017ca.<\/p>\n","protected":false},"excerpt":{"rendered":"<p>Ludwika J\u00f3zefina Stanis\u0142awaPotocka z B\u00f3br-Piotrowickich Data i miejsce urodzenia 15 listopada 1825 rokuZahajce Data i miejsce \u015bmierci 19 marca 1890 rokuZator Rodzice Teodor (1800-1865)Joanna z Morzkowskich (1807-1889) Rodze\u0144stwo Zofia (1830-1904) M\u0105\u017c Maurycy Potocki (1812-1879) Dzieci August (1847-1905)Natalia (1849-1916)Maria (1850-1945)Eustachy (1859-1914) Ludwika Bobr\u00f3wna by\u0142a c\u00f3rk\u0105 Teodora B\u00f3br-Piotrowickiego, bogatego wo\u0142y\u0144skiego gospodarza, i Joanny z Morzkowskich, zwanej Joann\u0105 [&hellip;]<\/p>\n","protected":false},"author":1,"featured_media":0,"parent":0,"menu_order":0,"comment_status":"closed","ping_status":"closed","template":"","meta":[],"_links":{"self":[{"href":"https:\/\/paryskiesalonyromantykow.pl\/index.php\/wp-json\/wp\/v2\/pages\/366"}],"collection":[{"href":"https:\/\/paryskiesalonyromantykow.pl\/index.php\/wp-json\/wp\/v2\/pages"}],"about":[{"href":"https:\/\/paryskiesalonyromantykow.pl\/index.php\/wp-json\/wp\/v2\/types\/page"}],"author":[{"embeddable":true,"href":"https:\/\/paryskiesalonyromantykow.pl\/index.php\/wp-json\/wp\/v2\/users\/1"}],"replies":[{"embeddable":true,"href":"https:\/\/paryskiesalonyromantykow.pl\/index.php\/wp-json\/wp\/v2\/comments?post=366"}],"version-history":[{"count":3,"href":"https:\/\/paryskiesalonyromantykow.pl\/index.php\/wp-json\/wp\/v2\/pages\/366\/revisions"}],"predecessor-version":[{"id":2009,"href":"https:\/\/paryskiesalonyromantykow.pl\/index.php\/wp-json\/wp\/v2\/pages\/366\/revisions\/2009"}],"wp:attachment":[{"href":"https:\/\/paryskiesalonyromantykow.pl\/index.php\/wp-json\/wp\/v2\/media?parent=366"}],"curies":[{"name":"wp","href":"https:\/\/api.w.org\/{rel}","templated":true}]}}