{"id":345,"date":"2021-01-10T10:53:31","date_gmt":"2021-01-10T09:53:31","guid":{"rendered":"http:\/\/paryskiesalonyromantykow.pl\/?page_id=345"},"modified":"2021-12-19T20:09:32","modified_gmt":"2021-12-19T19:09:32","slug":"clara-schumann","status":"publish","type":"page","link":"https:\/\/paryskiesalonyromantykow.pl\/index.php\/clara-schumann\/","title":{"rendered":"Clara Schumann"},"content":{"rendered":"\n<figure class=\"wp-block-table aligncenter is-style-stripes\"><table><tbody><tr><td class=\"has-text-align-left\" data-align=\"left\"><img loading=\"lazy\" width=\"1392\" height=\"1600\" class=\"wp-image-346\" style=\"width: 200px;\" src=\"http:\/\/paryskiesalonyromantykow.pl\/wp-content\/uploads\/2021\/01\/Clara-Schumann.jpg\" alt=\"\" srcset=\"https:\/\/paryskiesalonyromantykow.pl\/wp-content\/uploads\/2021\/01\/Clara-Schumann.jpg 1392w, https:\/\/paryskiesalonyromantykow.pl\/wp-content\/uploads\/2021\/01\/Clara-Schumann-261x300.jpg 261w, https:\/\/paryskiesalonyromantykow.pl\/wp-content\/uploads\/2021\/01\/Clara-Schumann-891x1024.jpg 891w, https:\/\/paryskiesalonyromantykow.pl\/wp-content\/uploads\/2021\/01\/Clara-Schumann-768x883.jpg 768w, https:\/\/paryskiesalonyromantykow.pl\/wp-content\/uploads\/2021\/01\/Clara-Schumann-1336x1536.jpg 1336w\" sizes=\"(max-width: 1392px) 100vw, 1392px\" \/><\/td><td>Clara Josephine Schumann z domu Wieck<\/td><\/tr><tr><td class=\"has-text-align-left\" data-align=\"left\"><strong>Data i miejsce urodzenia<\/strong><\/td><td>13 wrze\u015bnia 1819 roku<br>Lipsk<\/td><\/tr><tr><td class=\"has-text-align-left\" data-align=\"left\"><strong>Data i miejsce \u015bmierci<\/strong><\/td><td>20 maja 1896 roku<br>Frankfurt nad Menem<\/td><\/tr><tr><td class=\"has-text-align-left\" data-align=\"left\"><strong>Rodzice<\/strong><\/td><td>Johann Wieck (1785-1873)<br>Marianne Tromlitz (1797-1872)<\/td><\/tr><tr><td class=\"has-text-align-left\" data-align=\"left\"><strong>Rodze\u0144stwo<\/strong><\/td><td>Adelheid (1817-1818)<br>Friedrich (1821-1885)<br>Gustav (1823-1884)<br>Victor (1824-1827)<br>Woldemar Bargiel (1828-1897) &#8211; przyrodni brat<br>Ernst Bargiel (1830-1870) &#8211; przyrodni brat<br>Clementine Bargiel (1830-1869) &#8211; przyrodnia siostra<br>C\u00e4cilie Bargiel (1831-1910) &#8211; przyrodnia siostra<br>Clemens Wieck (1829-1833) &#8211; przyrodni brat<br>Marie Wieck (1832-1916) &#8211; przyrodnia siostra<br>C\u00e4cilie Wieck (1834-1893) &#8211; przyrodnia siostra<\/td><\/tr><tr><td class=\"has-text-align-left\" data-align=\"left\"><strong>M\u0105\u017c<\/strong><\/td><td><a href=\"https:\/\/paryskiesalonyromantykow.pl\/index.php\/robert-schumann\/\" data-type=\"page\" data-id=\"1725\">Robert Schumann (1810-1856)<\/a><\/td><\/tr><tr><td class=\"has-text-align-left\" data-align=\"left\"><strong>Dzieci<\/strong><\/td><td>Marie (1841-1929)<br>Elise (1843 &#8211; 1928)<br>Julie (1845-1872)<br>Emil (1846-1847)<br>Ludwig (1848-1899)<br>Ferdinand (1849-1891)<br>Eugenie (1851-1938)<br>Felix (1854-1879)<\/td><\/tr><\/tbody><\/table><\/figure>\n\n\n\n<p>Clara Schumann z domu Wieck, niemiecka pianistka i kompozytorka. Jej rodzice, nauczyciel muzyki Friedrich Wieck i s\u0142ynna \u015bpiewaczka Mariane z domu Tromlitz rozwiedli si\u0119, gdy Clara mia\u0142a pi\u0119\u0107 lat. Opiek\u0105 nad dziewczynk\u0105 zaj\u0105\u0142 si\u0119 Friedrich, kt\u00f3ry zacz\u0105\u0142 dawa\u0107 jej lekcje muzyki. Po raz pierwszy wyst\u0105pi\u0142a publicznie jako dziewi\u0119ciolatka. Podczas jednego z koncert\u00f3w pozna\u0142a m\u0142odego <a href=\"https:\/\/paryskiesalonyromantykow.pl\/index.php\/robert-schumann\/\" data-type=\"page\" data-id=\"1725\">Roberta Schumanna<\/a>, kt\u00f3ry tak zachwyci\u0142 si\u0119 jej gr\u0105, \u017ce wyb\u0142aga\u0142 matk\u0119, aby pozwoli\u0142a mu porzuci\u0107 studia prawnicze i rozpocz\u0105\u0107 nauk\u0119 u ojca Clary. Podczas pobierania lekcji wynaj\u0105\u0142 pok\u00f3j w posiad\u0142o\u015bci Wieck\u00f3w.<\/p>\n\n\n\n<p>Podczas swojego pierwszych tournee w latach 30. XIX wieku zachwyci\u0142a wielu znanych ludzi, w tym Goethego, kt\u00f3ry podarowa\u0142 jej medal ze swoim wizerunkiem i kartk\u0119, na kt\u00f3rej napisa\u0142 &#8222;Dla zdolnej artystki Clary Wieck&#8221;, <a href=\"https:\/\/paryskiesalonyromantykow.pl\/index.php\/niccolo-paganini\/\" data-type=\"page\" data-id=\"304\">Paganiniego<\/a>, kt\u00f3ry zaproponowa\u0142 jej wsp\u00f3lny wyst\u0119p, oraz <a href=\"https:\/\/paryskiesalonyromantykow.pl\/index.php\/fryderyk-chopin\/\" data-type=\"page\" data-id=\"167\">Chopina<\/a>, kt\u00f3ry zachwala\u0142 jej gr\u0119 w korespondencji z <a href=\"https:\/\/paryskiesalonyromantykow.pl\/index.php\/ferenc-liszt\/\" data-type=\"page\" data-id=\"309\">Lisztem<\/a>.<\/p>\n\n\n\n<p>Gdy sko\u0144czy\u0142a 18 lat, zar\u0119czy\u0142a si\u0119 z Robertem Schumannem, jej ojciec jednak sprzeciwi\u0142 si\u0119 temu zwi\u0105zkowi. Robert i Clara udali si\u0119 do s\u0105du, kt\u00f3ry przyzna\u0142 im pozwolenie na \u015blub. Pobrali si\u0119 12 wrze\u015bnia 1840 roku, dzie\u0144 przed 21. urodzinami pianistki. Para doczeka\u0142a si\u0119 o\u015bmiorga dzieci, jednak ma\u0142\u017ce\u0144stwo okaza\u0142o si\u0119 dalekie od idea\u0142u. Pani Schumann nie mog\u0142a \u0107wiczy\u0107 w domu, poniewa\u017c jej gra pono\u0107 przeszkadza\u0142a m\u0119\u017cowi w komponowaniu. Jej dzia\u0142alno\u015b\u0107 artystyczna zosta\u0142a ograniczona, na co wp\u0142yw mia\u0142y te\u017c cz\u0119ste ci\u0105\u017ce. Ma\u0142\u017conkowie odbywali jednak wsp\u00f3lne podr\u00f3\u017ce koncertowe.<\/p>\n\n\n\n<p>W 1854 roku Schumann prze\u017cy\u0142 za\u0142amanie nerwowe, a nast\u0119pnie usi\u0142owa\u0142 pope\u0142ni\u0107 samob\u00f3jstwo. Przyj\u0119to go do sanatorium w Endenich nieopodal Bonn, gdzie sp\u0119dzi\u0142 ostatnie dwa lata \u017cycia. Przez ten czas Clara nie mog\u0142a go odwiedza\u0107, zezwolono jej na to dopiero na dwa dni przed \u015bmierci\u0105 kompozytora. Od tego czasu wyst\u0119powa\u0142a zawsze w czarnej sukni. W nast\u0119pnych latach pianistka \u0142\u0105czy\u0142a rol\u0119 matki z intensywnym koncertowaniem i dawaniem lekcji, dzi\u0119ki czemu nie musia\u0142a obawia\u0107 si\u0119 o swoje finanse. Przyja\u017ani\u0142a si\u0119 ze \u015bpiewaczk\u0105 <a href=\"https:\/\/paryskiesalonyromantykow.pl\/index.php\/pauline-viardot\/\" data-type=\"page\" data-id=\"416\">Pauline Viardot-Garcia<\/a> i kompozytorem<a href=\"https:\/\/paryskiesalonyromantykow.pl\/index.php\/johannes-brahms\/\" data-type=\"page\" data-id=\"1982\"> Johannesem Brahmsem<\/a>. W 1874 roku dozna\u0142a kontuzji ramienia, przez kt\u00f3r\u0105 musia\u0142a powa\u017cnie ograniczy\u0107 gr\u0119 na fortepianie.<\/p>\n\n\n\n<p>Cztery lata p\u00f3\u017aniej przyj\u0119\u0142a posad\u0119 nauczycielki w nowo powsta\u0142ym Konserwatorium Hocha we Frankfurcie nad Menem. Mieszka\u0142a tam z c\u00f3rkami Mari\u0105 i Eugeni\u0105, kt\u00f3re wyr\u0119cza\u0142y j\u0105 w technicznym nauczaniu, pozostawiaj\u0105c jej kwestie interpretacji. Pracowa\u0142a tam a\u017c do 1892 roku, kiedy to post\u0119puj\u0105ce problemy ze s\u0142uchem i nerwob\u00f3le uniemo\u017cliwi\u0142y jej dalsz\u0105 prac\u0119. Zmar\u0142a w wyniku udaru m\u00f3zgu i pochowano j\u0105 obok m\u0119\u017ca na cmentarzu Alter Friedhof w Bonn.<\/p>\n","protected":false},"excerpt":{"rendered":"<p>Clara Josephine Schumann z domu Wieck Data i miejsce urodzenia 13 wrze\u015bnia 1819 rokuLipsk Data i miejsce \u015bmierci 20 maja 1896 rokuFrankfurt nad Menem Rodzice Johann Wieck (1785-1873)Marianne Tromlitz (1797-1872) Rodze\u0144stwo Adelheid (1817-1818)Friedrich (1821-1885)Gustav (1823-1884)Victor (1824-1827)Woldemar Bargiel (1828-1897) &#8211; przyrodni bratErnst Bargiel (1830-1870) &#8211; przyrodni bratClementine Bargiel (1830-1869) &#8211; przyrodnia siostraC\u00e4cilie Bargiel (1831-1910) &#8211; przyrodnia [&hellip;]<\/p>\n","protected":false},"author":1,"featured_media":0,"parent":0,"menu_order":0,"comment_status":"closed","ping_status":"closed","template":"","meta":[],"_links":{"self":[{"href":"https:\/\/paryskiesalonyromantykow.pl\/index.php\/wp-json\/wp\/v2\/pages\/345"}],"collection":[{"href":"https:\/\/paryskiesalonyromantykow.pl\/index.php\/wp-json\/wp\/v2\/pages"}],"about":[{"href":"https:\/\/paryskiesalonyromantykow.pl\/index.php\/wp-json\/wp\/v2\/types\/page"}],"author":[{"embeddable":true,"href":"https:\/\/paryskiesalonyromantykow.pl\/index.php\/wp-json\/wp\/v2\/users\/1"}],"replies":[{"embeddable":true,"href":"https:\/\/paryskiesalonyromantykow.pl\/index.php\/wp-json\/wp\/v2\/comments?post=345"}],"version-history":[{"count":4,"href":"https:\/\/paryskiesalonyromantykow.pl\/index.php\/wp-json\/wp\/v2\/pages\/345\/revisions"}],"predecessor-version":[{"id":1986,"href":"https:\/\/paryskiesalonyromantykow.pl\/index.php\/wp-json\/wp\/v2\/pages\/345\/revisions\/1986"}],"wp:attachment":[{"href":"https:\/\/paryskiesalonyromantykow.pl\/index.php\/wp-json\/wp\/v2\/media?parent=345"}],"curies":[{"name":"wp","href":"https:\/\/api.w.org\/{rel}","templated":true}]}}