{"id":340,"date":"2021-01-10T10:35:01","date_gmt":"2021-01-10T09:35:01","guid":{"rendered":"http:\/\/paryskiesalonyromantykow.pl\/?page_id=340"},"modified":"2023-03-17T15:57:15","modified_gmt":"2023-03-17T14:57:15","slug":"solange-clesinger","status":"publish","type":"page","link":"https:\/\/paryskiesalonyromantykow.pl\/index.php\/solange-clesinger\/","title":{"rendered":"Solange Cl\u00e9singer"},"content":{"rendered":"\n<figure class=\"wp-block-table aligncenter is-style-stripes\"><table><tbody><tr><td class=\"has-text-align-left\" data-align=\"left\"><img loading=\"lazy\" width=\"1000\" height=\"1000\" class=\"wp-image-341\" style=\"width: 200px;\" src=\"http:\/\/paryskiesalonyromantykow.pl\/wp-content\/uploads\/2021\/01\/pjimage-3-4.jpg\" alt=\"\" srcset=\"https:\/\/paryskiesalonyromantykow.pl\/wp-content\/uploads\/2021\/01\/pjimage-3-4.jpg 1000w, https:\/\/paryskiesalonyromantykow.pl\/wp-content\/uploads\/2021\/01\/pjimage-3-4-300x300.jpg 300w, https:\/\/paryskiesalonyromantykow.pl\/wp-content\/uploads\/2021\/01\/pjimage-3-4-150x150.jpg 150w, https:\/\/paryskiesalonyromantykow.pl\/wp-content\/uploads\/2021\/01\/pjimage-3-4-768x768.jpg 768w\" sizes=\"(max-width: 1000px) 100vw, 1000px\" \/><\/td><td>Gabrielle Solange Cl\u00e9singer z domu Dudevant<\/td><\/tr><tr><td class=\"has-text-align-left\" data-align=\"left\"><strong>Data i miejsce urodzenia<\/strong><\/td><td>13 wrze\u015bnia 1828 roku<br>Nohant-Vic<\/td><\/tr><tr><td class=\"has-text-align-left\" data-align=\"left\"><strong>Data i miejsce \u015bmierci<\/strong><\/td><td>17 marca 1899 roku<br>Pary\u017c<\/td><\/tr><tr><td class=\"has-text-align-left\" data-align=\"left\"><strong>Rodzice<\/strong><\/td><td>Casimir Dudevant (1795-1871)<br><a href=\"https:\/\/paryskiesalonyromantykow.pl\/index.php\/george-sand\/\" data-type=\"page\" data-id=\"172\">George Sand (1804-1876)<\/a><\/td><\/tr><tr><td class=\"has-text-align-left\" data-align=\"left\"><strong>Rodze\u0144stwo<\/strong><\/td><td><a href=\"https:\/\/paryskiesalonyromantykow.pl\/index.php\/maurice-sand\/\" data-type=\"page\" data-id=\"502\">Maurice (1823-1889)<\/a><\/td><\/tr><tr><td class=\"has-text-align-left\" data-align=\"left\"><strong>M\u0105\u017c<\/strong><\/td><td><a href=\"https:\/\/paryskiesalonyromantykow.pl\/index.php\/auguste-clesinger\/\" data-type=\"page\" data-id=\"1998\">Jean-Baptiste Auguste Cl\u00e9singer (1814-1883)<\/a><\/td><\/tr><tr><td class=\"has-text-align-left\" data-align=\"left\"><strong>Dzieci<\/strong><\/td><td>Jeanne-Gabrielle (1848-1848)<br>Jeanne-Gabrielle [Nini] (1849-1855)<\/td><\/tr><\/tbody><\/table><\/figure>\n\n\n\n<p>Solange by\u0142a c\u00f3rk\u0105 <a href=\"https:\/\/paryskiesalonyromantykow.pl\/index.php\/george-sand\/\" data-type=\"page\" data-id=\"172\">George Sand<\/a>. Oficjalnie jej ojcem by\u0142 m\u0105\u017c pisarki, baron Casimir Dudevant, cho\u0107 zar\u00f3wno wtedy, jak i obecnie niekt\u00f3rzy uznaj\u0105 j\u0105 za c\u00f3rk\u0119 Stephane Ajassona de Gransagne, przyjaciela George z dzieci\u0144stwa. Podczas p\u00f3\u017aniejszej sprawy o separacj\u0119 baron wspomina\u0142, \u017ce pisarka mia\u0142a romans z de Gransagne, sprawa ojcostwa Solange jednak nie zosta\u0142a wtedy poruszona. Jak by\u0142o naprawd\u0119, nie dowiemy si\u0119 ju\u017c nigdy.<\/p>\n\n\n\n<p>Sand bardzo pragn\u0119\u0142a c\u00f3rki. Po latach jednak przyzna\u0142a, \u017ce gdy na \u015bwiat przysz\u0142a Solange, nie odczuwa\u0142a tej samej rado\u015bci, co przy narodzinach syna, <a href=\"https:\/\/paryskiesalonyromantykow.pl\/index.php\/maurice-sand\/\" data-type=\"page\" data-id=\"502\">Maurice\u2019a<\/a>. Gdy ma\u0142\u017conkowie ostatecznie si\u0119 rozstali w 1836 roku, Casimir pr\u00f3bowa\u0142 przez kr\u00f3tki czas walczy\u0142 o dzieci, lecz szybko podda\u0142 si\u0119 i pozwoli\u0142 zosta\u0142y pod opiek\u0105 matki w Nohant. Jak ka\u017cd\u0105 m\u0142od\u0105 dziewczyn\u0119 w tamtych czasach Solange wys\u0142ano na nauk\u0119 do pensji dla panien u Michelle H\u00e9reau i Sophie Bascans w Pary\u017cu. Z kolei gry na fortepianie uczyli j\u0105 Marie de Rozi\u00e8res i <a href=\"https:\/\/paryskiesalonyromantykow.pl\/index.php\/fryderyk-chopin\/\" data-type=\"page\" data-id=\"167\">Fryderyk Chopin<\/a>. Kompozytor bardzo lubi\u0142 c\u00f3rk\u0119 pisarki, za\u015b za jej synem, Mauricem, nie przepada\u0142 z wzajemno\u015bci\u0105. Wiecznie pomijana Solange poczu\u0142a, \u017ce w schorowanym nauczycielu odnalaz\u0142a powiernika i przyjaciela, przez pewien czas te\u017c by\u0142a nim wyra\u017anie zauroczona. Ich znajomo\u015b\u0107 jednak nigdy nie przekroczy\u0142a granic serdecznej przyja\u017ani.<\/p>\n\n\n\n<p>W drugiej po\u0142owie lat 40. XIX wieku George zacz\u0119\u0142a rozgl\u0105da\u0107 si\u0119 za kandydatem na m\u0119\u017ca dla c\u00f3rki. Wtedy te\u017c obie znalaz\u0142y si\u0119 w pracowni <a href=\"https:\/\/paryskiesalonyromantykow.pl\/index.php\/auguste-clesinger\/\" data-type=\"page\" data-id=\"1998\">Jean-Baptiste\u2019a Auguste\u2019a Cl\u00e9singera<\/a>, paryskiego rze\u017abiarza, o czterna\u015bcie lat starszego od Solange i o dziesi\u0119\u0107 lat m\u0142odszego od Sand. Cho\u0107 pisarka oficjalnie poszukiwa\u0142a zi\u0119cia, to odczuwa\u0142a poci\u0105g do energicznego Cl\u00e9singera i postanowi\u0142a wyda\u0107 za niego swoj\u0105 c\u00f3rk\u0119. Ta z pocz\u0105tku nie by\u0142a przekonana, ale ostatecznie rze\u017abiarz zdoby\u0142 jej serce i para stan\u0119\u0142a na \u015blubnym kobiercu. Jedyn\u0105 osob\u0105, kt\u00f3ra do Cl\u00e9singera zachowywa\u0142a dystans, by\u0142 Chopin, kt\u00f3ry nie pojawi\u0142 si\u0119 na \u015blubie, zas\u0142aniaj\u0105c si\u0119 zobowi\u0105zaniami w Pary\u017cu.<\/p>\n\n\n\n<p>Nied\u0142ugo p\u00f3\u017aniej okaza\u0142o si\u0119, \u017ce rze\u017abiarz, cho\u0107 niew\u0105tpliwie utalentowany, ma te\u017c poci\u0105g do hazardu oraz wynikaj\u0105ce z tego ogromne d\u0142ugi. Sprowokowa\u0142o to k\u0142\u00f3tni\u0119 mi\u0119dzy Solange, kt\u00f3ra pragn\u0119\u0142a, aby jej matka pomog\u0142a im w k\u0142opotach finansowych, a George, kt\u00f3rej nie u\u015bmiecha\u0142o si\u0119 sp\u0142acanie cudzych zobowi\u0105za\u0144. Po k\u0142\u00f3tni, podczas kt\u00f3rej niemal dosz\u0142o do r\u0119koczyn\u00f3w, pisarka wyrzuci\u0142a m\u0142odych z domu. Nie\u015bwiadomy tego Chopin pom\u00f3g\u0142 ci\u0119\u017carnej Solange w trudnej sytuacji, co wywo\u0142a\u0142o wybuch zazdro\u015bci pani Sand i ostatecznie zako\u0144czy\u0142o ten wieloletni zwi\u0105zek. Wprawdzie pisarka zerwa\u0142a kontakt z kompozytorem, lecz on pozosta\u0142 wiernym przyjacielem jej c\u00f3rki.<\/p>\n\n\n\n<p>Solange urodzi\u0142a Cl\u00e9singerowi dwie c\u00f3rki, kt\u00f3re zmar\u0142y kr\u00f3tko po porodzie. Bardzo szybko te\u017c dostrzeg\u0142a, \u017ce jej ma\u0142\u017ce\u0144stwo jest kompletnie nieudane. Po separacji z m\u0119\u017cem wr\u00f3ci\u0142a do Nohant, \u017cyj\u0105c z pieni\u0119dzy przysy\u0142anych przez Cl\u00e9singera. Nie podoba\u0142o si\u0119 to George, kt\u00f3ra do ko\u0144ca \u017cycia nie pogodzi\u0142a si\u0119 z c\u00f3rk\u0105.<\/p>\n\n\n\n<p>Wiele lat p\u00f3\u017aniej Solange postanowi\u0142a spr\u00f3bowa\u0107 swoich si\u0142 w pisarstwie. Cho\u0107 nie osi\u0105gn\u0119\u0142a takiego sukcesu, jak jej matka, pod nazwiskiem Cl\u00e9singer-Sand uda\u0142o jej si\u0119 wyda\u0107 dwie powie\u015bci, &#8222;Jacques Bruneau&#8221; (1869) i &#8222;Carl Robert&#8221; (1885). W p\u00f3\u017aniejszych latach \u017cycia razem z bratem spisywali wspomnienia dotycz\u0105ce Chopina i George Sand oraz wsp\u00f3\u0142pracowali przy publikacji ich korespondencji. Nie wysz\u0142a drugi raz za m\u0105\u017c i zmar\u0142a bezpotomnie w wieku 70 lat.<\/p>\n","protected":false},"excerpt":{"rendered":"<p>Gabrielle Solange Cl\u00e9singer z domu Dudevant Data i miejsce urodzenia 13 wrze\u015bnia 1828 rokuNohant-Vic Data i miejsce \u015bmierci 17 marca 1899 rokuPary\u017c Rodzice Casimir Dudevant (1795-1871)George Sand (1804-1876) Rodze\u0144stwo Maurice (1823-1889) M\u0105\u017c Jean-Baptiste Auguste Cl\u00e9singer (1814-1883) Dzieci Jeanne-Gabrielle (1848-1848)Jeanne-Gabrielle [Nini] (1849-1855) Solange by\u0142a c\u00f3rk\u0105 George Sand. Oficjalnie jej ojcem by\u0142 m\u0105\u017c pisarki, baron Casimir Dudevant, [&hellip;]<\/p>\n","protected":false},"author":1,"featured_media":0,"parent":0,"menu_order":0,"comment_status":"closed","ping_status":"closed","template":"","meta":[],"_links":{"self":[{"href":"https:\/\/paryskiesalonyromantykow.pl\/index.php\/wp-json\/wp\/v2\/pages\/340"}],"collection":[{"href":"https:\/\/paryskiesalonyromantykow.pl\/index.php\/wp-json\/wp\/v2\/pages"}],"about":[{"href":"https:\/\/paryskiesalonyromantykow.pl\/index.php\/wp-json\/wp\/v2\/types\/page"}],"author":[{"embeddable":true,"href":"https:\/\/paryskiesalonyromantykow.pl\/index.php\/wp-json\/wp\/v2\/users\/1"}],"replies":[{"embeddable":true,"href":"https:\/\/paryskiesalonyromantykow.pl\/index.php\/wp-json\/wp\/v2\/comments?post=340"}],"version-history":[{"count":7,"href":"https:\/\/paryskiesalonyromantykow.pl\/index.php\/wp-json\/wp\/v2\/pages\/340\/revisions"}],"predecessor-version":[{"id":2243,"href":"https:\/\/paryskiesalonyromantykow.pl\/index.php\/wp-json\/wp\/v2\/pages\/340\/revisions\/2243"}],"wp:attachment":[{"href":"https:\/\/paryskiesalonyromantykow.pl\/index.php\/wp-json\/wp\/v2\/media?parent=340"}],"curies":[{"name":"wp","href":"https:\/\/api.w.org\/{rel}","templated":true}]}}