{"id":330,"date":"2021-01-10T09:58:22","date_gmt":"2021-01-10T08:58:22","guid":{"rendered":"http:\/\/paryskiesalonyromantykow.pl\/?page_id=330"},"modified":"2023-01-04T12:12:11","modified_gmt":"2023-01-04T11:12:11","slug":"hersylia-januszewska","status":"publish","type":"page","link":"https:\/\/paryskiesalonyromantykow.pl\/index.php\/hersylia-januszewska\/","title":{"rendered":"Hersylia Januszewska"},"content":{"rendered":"\n<figure class=\"wp-block-table aligncenter is-style-stripes\"><table><tbody><tr><td class=\"has-text-align-left\" data-align=\"left\"><img loading=\"lazy\" width=\"1000\" height=\"1000\" class=\"wp-image-331\" style=\"width: 200px;\" src=\"http:\/\/paryskiesalonyromantykow.pl\/wp-content\/uploads\/2021\/01\/pjimage-9-2.jpg\" alt=\"\" srcset=\"https:\/\/paryskiesalonyromantykow.pl\/wp-content\/uploads\/2021\/01\/pjimage-9-2.jpg 1000w, https:\/\/paryskiesalonyromantykow.pl\/wp-content\/uploads\/2021\/01\/pjimage-9-2-300x300.jpg 300w, https:\/\/paryskiesalonyromantykow.pl\/wp-content\/uploads\/2021\/01\/pjimage-9-2-150x150.jpg 150w, https:\/\/paryskiesalonyromantykow.pl\/wp-content\/uploads\/2021\/01\/pjimage-9-2-768x768.jpg 768w\" sizes=\"(max-width: 1000px) 100vw, 1000px\" \/><\/td><td>Hersylia \u0141ucja Januszewska z domu B\u00e9cu<\/td><\/tr><tr><td class=\"has-text-align-left\" data-align=\"left\"><strong>Data i miejsce urodzenia<\/strong><\/td><td>4 stycznia 1805 roku<br>Wilno<\/td><\/tr><tr><td class=\"has-text-align-left\" data-align=\"left\"><strong>Data i miejsce \u015bmierci<\/strong><\/td><td>16 pa\u017adziernika 1872 roku<br>Ubie\u0144<\/td><\/tr><tr><td class=\"has-text-align-left\" data-align=\"left\"><strong>Rodzice<\/strong><\/td><td><a href=\"https:\/\/paryskiesalonyromantykow.pl\/index.php\/august-becu\/\" data-type=\"page\" data-id=\"587\">August B\u00e9cu (1771-1824)<\/a><br>Katarzyna z Tomaszewskich (1774-1814)<br><a href=\"https:\/\/paryskiesalonyromantykow.pl\/index.php\/salomea-becu\/\" data-type=\"page\" data-id=\"390\">Salomea z Januszewskich (1792-1855)<\/a> &#8211; macocha<\/td><\/tr><tr><td class=\"has-text-align-left\" data-align=\"left\"><strong>Rodze\u0144stwo<\/strong><\/td><td><a href=\"https:\/\/paryskiesalonyromantykow.pl\/index.php\/aleksandra-mianowska\/\" data-type=\"page\" data-id=\"325\">Aleksandra (1803-1832)<\/a><br><a href=\"https:\/\/paryskiesalonyromantykow.pl\/index.php\/juliusz-slowacki\/\" data-type=\"page\" data-id=\"153\">Juliusz S\u0142owacki (1809-1849)<\/a> &#8211; przybrany brat<\/td><\/tr><tr><td class=\"has-text-align-left\" data-align=\"left\"><strong>M\u0105\u017c<\/strong><\/td><td>Teofil Januszewski (1798-1865)<\/td><\/tr><tr><td class=\"has-text-align-left\" data-align=\"left\"><strong>Dzieci<\/strong><\/td><td>Melania (1828-1832)<\/td><\/tr><\/tbody><\/table><\/figure>\n\n\n\n<p>Hersylia Januszewska by\u0142a c\u00f3rk\u0105 doktora <a href=\"https:\/\/paryskiesalonyromantykow.pl\/index.php\/august-becu\/\" data-type=\"page\" data-id=\"587\">Augusta B\u00e9cu<\/a>, wybitnego chirurga, profesora medycyny na Uniwersytecie Wile\u0144skim i jego pierwszej \u017cony, Katarzyny z Tomaszewskich. Po \u015bmierci Katarzyny w 1814 roku August zosta\u0142 sam z dwiema dorastaj\u0105cymi panienkami. W 1818 roku zajecha\u0142 do Krzemie\u0144ca, gdzie mieszka\u0142a <a href=\"https:\/\/paryskiesalonyromantykow.pl\/index.php\/salomea-becu\/\" data-type=\"page\" data-id=\"390\">Salomea z Januszewskich<\/a>, wdowa po jego koledze z Uniwersytetu, <a href=\"https:\/\/paryskiesalonyromantykow.pl\/index.php\/euzebiusz-slowacki\/\" data-type=\"page\" data-id=\"544\">Euzebiuszu S\u0142owackim<\/a>. M\u0142oda Salomea i stateczny August szybko doszli do wniosku, \u017ce najlepiej b\u0119dzie im si\u0119 \u017cy\u0142o razem, i jeszcze tego samego miesi\u0105ca wzi\u0119li \u015blub. Wtedy te\u017c profesor B\u00e9cu zosta\u0142 ojczymem <a href=\"https:\/\/paryskiesalonyromantykow.pl\/index.php\/juliusz-slowacki\/\" data-type=\"page\" data-id=\"153\">Juliusza<\/a>, syna S\u0142owackich. \u015awie\u017co po\u0142\u0105czona rodzina przeprowadzi\u0142a si\u0119 do Wilna, do domu profesor\u00f3w Uniwersytetu przy ulicy Zamkowej.<\/p>\n\n\n\n<p>Hersylia i jej siostra <a href=\"https:\/\/paryskiesalonyromantykow.pl\/index.php\/aleksandra-mianowska\/\" data-type=\"page\" data-id=\"325\">Aleksandra<\/a> s\u0142yn\u0119\u0142y w stolicy Litwy z urody, cho\u0107 nie wida\u0107 by\u0142o po nich pokrewie\u0144stwa \u2013 starsza mia\u0142a w\u0142osy blond i niebieskie oczy, a m\u0142odsza \u2013 ciemne w\u0142osy i ciemne oczy. Obie pokocha\u0142y Juliusza jak prawdziwego brata, i z wzajemno\u015bci\u0105 \u2013 przysz\u0142y Wieszcz szczeg\u00f3lnie mocno pokocha\u0142 Olesi\u0119, kt\u00f3ra sta\u0142a si\u0119 jego powiernic\u0105. Gdy w 1824 roku doktor B\u00e9cu zgin\u0105\u0142 od pioruna kulistego, kt\u00f3ry wpad\u0142 przez okno ich domu do sypialni, m\u0142odzi zbli\u017cyli si\u0119 do siebie jeszcze bardziej. R\u00f3wnie\u017c owdowia\u0142a Salomea pokocha\u0142a panny B\u00e9cu jak rodzone c\u00f3rki, utrzymuj\u0105c z nimi r\u00f3wnie o\u017cywion\u0105 korespondencj\u0119, co z podr\u00f3\u017cuj\u0105cym po \u015bwiecie Juliuszem.<\/p>\n\n\n\n<p>Hersylia i Julek byli chrzczeni jednego dnia, 22 kwietnia 1827 roku \u2013 dok\u0142adniej, dope\u0142niono nad nimi wtedy obrz\u0105dku, bowiem oboje urodzili si\u0119 bardzo s\u0142abi i natychmiast ochrzczono ich z samej wody, gdy\u017c obawiano si\u0119, \u017ce mogliby nie do\u017cy\u0107 \u201eprawdziwego\u201d chrztu \u2013 oczywi\u015bcie w wypadku prze\u017cycia dziecka nale\u017cy taki obrz\u0105dek dope\u0142ni\u0107. Nieco ponad tydzie\u0144 p\u00f3\u017aniej, 30 kwietnia 1827 roku Hersylia wysz\u0142a za Teofila Januszewskiego, brata Salomei, swojej macochy. Nied\u0142ugo p\u00f3\u017aniej Teofil zosta\u0142 buchalterem w Liceum Krzemienieckim, a po jego przeniesieniu do Kijowa i przemianowaniu na Uniwersytet Kijowski pe\u0142ni\u0142 t\u0119 sam\u0105 funkcj\u0119 przy tej uczelni. <\/p>\n\n\n\n<p>Rok po \u015blubie urodzi\u0142a im si\u0119 c\u00f3rka, Melania. Po jej przedwczesnej \u015bmierci wyjechali do W\u0142och, by poratowa\u0107 zdrowie Hersylii, i spotkali tam Juliusza. Nast\u0119pnie poeta wyruszy\u0142 w s\u0142ynn\u0105 podr\u00f3\u017c na Wsch\u00f3d, a Januszewscy powr\u00f3cili do kraju, gdzie Teofil obj\u0105\u0142 w dzier\u017caw\u0119 wie\u015b Pereniatyn.<\/p>\n\n\n\n<p>W 1838 roku za udzia\u0142 w sprawie Szymona Konarskiego zosta\u0142 aresztowany i wraz z \u017con\u0105 zes\u0142any do Permu. Po powrocie w 1842 roku zamieszkali w Wierzch\u00f3wce, a nast\u0119pnie w Ubieniu, maj\u0105tku odziedziczonym po siostrze babki Juliusza. Wsp\u00f3lnie uczynili z niego miejsce spotka\u0144 \u015bwiata literackiego Galicji.<\/p>\n\n\n\n<p>Po \u015bmierci m\u0119\u017ca w 1870 roku Hersylia sprzeda\u0142a Ubie\u0144, a pieni\u0105dze z tego przeznaczy\u0142a na stypendia dla rzemie\u015blnik\u00f3w. Z kolei fundusze pochodz\u0105ce z po\u015bmiertnych wyda\u0144 dzie\u0142 S\u0142owackiego pozwoli\u0142y jej za\u0142o\u017cy\u0107 fundacj\u0119 im. Juliusza S\u0142owackiego na stypendia dla student\u00f3w historii literatury polskiej Uniwersytetu Lwowskiego.<\/p>\n\n\n\n<p>Zmar\u0142a w wieku 67 lat i zosta\u0142a pochowana w Ubieniu, obok m\u0119\u017ca.<\/p>\n","protected":false},"excerpt":{"rendered":"<p>Hersylia \u0141ucja Januszewska z domu B\u00e9cu Data i miejsce urodzenia 4 stycznia 1805 rokuWilno Data i miejsce \u015bmierci 16 pa\u017adziernika 1872 rokuUbie\u0144 Rodzice August B\u00e9cu (1771-1824)Katarzyna z Tomaszewskich (1774-1814)Salomea z Januszewskich (1792-1855) &#8211; macocha Rodze\u0144stwo Aleksandra (1803-1832)Juliusz S\u0142owacki (1809-1849) &#8211; przybrany brat M\u0105\u017c Teofil Januszewski (1798-1865) Dzieci Melania (1828-1832) Hersylia Januszewska by\u0142a c\u00f3rk\u0105 doktora Augusta [&hellip;]<\/p>\n","protected":false},"author":1,"featured_media":0,"parent":0,"menu_order":0,"comment_status":"closed","ping_status":"closed","template":"","meta":[],"_links":{"self":[{"href":"https:\/\/paryskiesalonyromantykow.pl\/index.php\/wp-json\/wp\/v2\/pages\/330"}],"collection":[{"href":"https:\/\/paryskiesalonyromantykow.pl\/index.php\/wp-json\/wp\/v2\/pages"}],"about":[{"href":"https:\/\/paryskiesalonyromantykow.pl\/index.php\/wp-json\/wp\/v2\/types\/page"}],"author":[{"embeddable":true,"href":"https:\/\/paryskiesalonyromantykow.pl\/index.php\/wp-json\/wp\/v2\/users\/1"}],"replies":[{"embeddable":true,"href":"https:\/\/paryskiesalonyromantykow.pl\/index.php\/wp-json\/wp\/v2\/comments?post=330"}],"version-history":[{"count":6,"href":"https:\/\/paryskiesalonyromantykow.pl\/index.php\/wp-json\/wp\/v2\/pages\/330\/revisions"}],"predecessor-version":[{"id":2240,"href":"https:\/\/paryskiesalonyromantykow.pl\/index.php\/wp-json\/wp\/v2\/pages\/330\/revisions\/2240"}],"wp:attachment":[{"href":"https:\/\/paryskiesalonyromantykow.pl\/index.php\/wp-json\/wp\/v2\/media?parent=330"}],"curies":[{"name":"wp","href":"https:\/\/api.w.org\/{rel}","templated":true}]}}