{"id":325,"date":"2021-01-10T09:51:51","date_gmt":"2021-01-10T08:51:51","guid":{"rendered":"http:\/\/paryskiesalonyromantykow.pl\/?page_id=325"},"modified":"2021-06-18T20:31:49","modified_gmt":"2021-06-18T18:31:49","slug":"aleksandra-mianowska","status":"publish","type":"page","link":"https:\/\/paryskiesalonyromantykow.pl\/index.php\/aleksandra-mianowska\/","title":{"rendered":"Aleksandra Mianowska"},"content":{"rendered":"\n<figure class=\"wp-block-table aligncenter is-style-stripes\"><table><tbody><tr><td class=\"has-text-align-left\" data-align=\"left\"><img loading=\"lazy\" width=\"1000\" height=\"1000\" class=\"wp-image-326\" style=\"width: 200px;\" src=\"http:\/\/paryskiesalonyromantykow.pl\/wp-content\/uploads\/2021\/01\/pjimage-8-2.jpg\" alt=\"\" srcset=\"https:\/\/paryskiesalonyromantykow.pl\/wp-content\/uploads\/2021\/01\/pjimage-8-2.jpg 1000w, https:\/\/paryskiesalonyromantykow.pl\/wp-content\/uploads\/2021\/01\/pjimage-8-2-300x300.jpg 300w, https:\/\/paryskiesalonyromantykow.pl\/wp-content\/uploads\/2021\/01\/pjimage-8-2-150x150.jpg 150w, https:\/\/paryskiesalonyromantykow.pl\/wp-content\/uploads\/2021\/01\/pjimage-8-2-768x768.jpg 768w\" sizes=\"(max-width: 1000px) 100vw, 1000px\" \/><\/td><td>Aleksandra J\u00f3zefa Mianowska z domu B\u00e9cu<\/td><\/tr><tr><td class=\"has-text-align-left\" data-align=\"left\"><strong>Data i miejsce urodzenia<\/strong><\/td><td>2 stycznia 1803 roku<br>Wilno<\/td><\/tr><tr><td class=\"has-text-align-left\" data-align=\"left\"><strong>Data i miejsce \u015bmierci<\/strong><\/td><td>23 maja 1832 roku<br>Wilno<\/td><\/tr><tr><td class=\"has-text-align-left\" data-align=\"left\"><strong>Rodzice<\/strong><\/td><td><a href=\"https:\/\/paryskiesalonyromantykow.pl\/index.php\/august-becu\/\" data-type=\"page\" data-id=\"587\">August B\u00e9cu (1771-1824)<\/a><br>Katarzyna z Tomaszewskich (1774-1814)<br><a href=\"https:\/\/paryskiesalonyromantykow.pl\/index.php\/salomea-becu\/\" data-type=\"page\" data-id=\"390\">Salomea z Januszewskich (1792-1855)<\/a> &#8211; macocha<\/td><\/tr><tr><td class=\"has-text-align-left\" data-align=\"left\"><strong>Rodze\u0144stwo<\/strong><\/td><td><a href=\"https:\/\/paryskiesalonyromantykow.pl\/index.php\/hersylia-januszewska\/\" data-type=\"page\" data-id=\"330\">Hersylia (1805-1872)<\/a><br><a href=\"https:\/\/paryskiesalonyromantykow.pl\/index.php\/juliusz-slowacki\/\" data-type=\"page\" data-id=\"153\">Juliusz S\u0142owacki (1809-1849)<\/a> &#8211; przybrany brat<\/td><\/tr><tr><td class=\"has-text-align-left\" data-align=\"left\"><strong>M\u0105\u017c<\/strong><\/td><td>J\u00f3zef Mianowski (1804-1879)<\/td><\/tr><tr><td class=\"has-text-align-left\" data-align=\"left\"><strong>Dzieci<\/strong><\/td><td>Jan (1832-1832)<\/td><\/tr><\/tbody><\/table><\/figure>\n\n\n\n<p>Aleksandra Mianowska by\u0142a c\u00f3rk\u0105 doktora <a href=\"https:\/\/paryskiesalonyromantykow.pl\/index.php\/august-becu\/\" data-type=\"page\" data-id=\"587\">Augusta B\u00e9cu<\/a>, wybitnego chirurga, profesora medycyny na Uniwersytecie Wile\u0144skim i jego pierwszej \u017cony, Katarzyny z Tomaszewskich. Po \u015bmierci Katarzyny w 1814 roku August zosta\u0142 sam z dwiema dorastaj\u0105cymi panienkami. W 1818 roku zajecha\u0142 do Krzemie\u0144ca, gdzie mieszka\u0142a <a href=\"https:\/\/paryskiesalonyromantykow.pl\/index.php\/salomea-becu\/\" data-type=\"page\" data-id=\"390\">Salomea z Januszewskich<\/a>, wdowa po jego koledze z Uniwersytetu, <a href=\"https:\/\/paryskiesalonyromantykow.pl\/index.php\/euzebiusz-slowacki\/\" data-type=\"page\" data-id=\"544\">Euzebiuszu S\u0142owackim<\/a>. M\u0142oda Salomea i stateczny August szybko doszli do wniosku, \u017ce najlepiej b\u0119dzie im si\u0119 \u017cy\u0142o razem, i jeszcze tego samego miesi\u0105ca wzi\u0119li \u015blub. Wtedy te\u017c profesor B\u00e9cu zosta\u0142 ojczymem <a href=\"https:\/\/paryskiesalonyromantykow.pl\/index.php\/juliusz-slowacki\/\" data-type=\"page\" data-id=\"153\">Juliusza<\/a>, syna S\u0142owackich. \u015awie\u017co po\u0142\u0105czona rodzina przeprowadzi\u0142a si\u0119 do Wilna, do domu profesor\u00f3w Uniwersytetu przy ulicy Zamkowej.<\/p>\n\n\n\n<p><a href=\"https:\/\/paryskiesalonyromantykow.pl\/index.php\/hersylia-januszewska\/\" data-type=\"page\" data-id=\"330\">Hersylia<\/a> i jej siostra Aleksandra s\u0142yn\u0119\u0142y w stolicy Litwy z urody, cho\u0107 nie wida\u0107 by\u0142o po nich pokrewie\u0144stwa \u2013 starsza mia\u0142a w\u0142osy blond i niebieskie oczy, a m\u0142odsza \u2013 ciemne w\u0142osy i ciemne oczy. Obie pokocha\u0142y Juliusza jak prawdziwego brata, i z wzajemno\u015bci\u0105 \u2013 przysz\u0142y Wieszcz szczeg\u00f3lnie mocno pokocha\u0142 Olesi\u0119, kt\u00f3ra sta\u0142a si\u0119 jego powiernic\u0105. Gdy w 1824 roku doktor B\u00e9cu zgin\u0105\u0142 od pioruna kulistego, kt\u00f3ry wpad\u0142 przez okno ich domu do sypialni, m\u0142odzi zbli\u017cyli si\u0119 do siebie jeszcze bardziej. R\u00f3wnie\u017c owdowia\u0142a Salomea pokocha\u0142a panny B\u00e9cu jak rodzone c\u00f3rki, utrzymuj\u0105c z nimi r\u00f3wnie o\u017cywion\u0105 korespondencj\u0119, co z podr\u00f3\u017cuj\u0105cym po \u015bwiecie Juliuszem.<\/p>\n\n\n\n<p>Aleksandra wysz\u0142a za m\u0105\u017c 27 kwietnia 1831 roku za J\u00f3zefa Mianowskiego, lekarza i dzia\u0142acza spo\u0142ecznego, a prywatnie przyjaciela Juliusza S\u0142owackiego. Niestety Mianowscy nie zd\u0105\u017cyli si\u0119 sob\u0105 nacieszy\u0107 \u2013 w maju 1832 roku Olesia urodzi\u0142a synka Jana, kt\u00f3ry po\u017cy\u0142 zaledwie kilka godzin, a tydzie\u0144 p\u00f3\u017aniej zmar\u0142a sama. Matk\u0119 z dzieckiem pochowano w grobie doktora B\u00e9cu.<\/p>\n","protected":false},"excerpt":{"rendered":"<p>Aleksandra J\u00f3zefa Mianowska z domu B\u00e9cu Data i miejsce urodzenia 2 stycznia 1803 rokuWilno Data i miejsce \u015bmierci 23 maja 1832 rokuWilno Rodzice August B\u00e9cu (1771-1824)Katarzyna z Tomaszewskich (1774-1814)Salomea z Januszewskich (1792-1855) &#8211; macocha Rodze\u0144stwo Hersylia (1805-1872)Juliusz S\u0142owacki (1809-1849) &#8211; przybrany brat M\u0105\u017c J\u00f3zef Mianowski (1804-1879) Dzieci Jan (1832-1832) Aleksandra Mianowska by\u0142a c\u00f3rk\u0105 doktora Augusta [&hellip;]<\/p>\n","protected":false},"author":1,"featured_media":0,"parent":0,"menu_order":0,"comment_status":"closed","ping_status":"closed","template":"","meta":[],"_links":{"self":[{"href":"https:\/\/paryskiesalonyromantykow.pl\/index.php\/wp-json\/wp\/v2\/pages\/325"}],"collection":[{"href":"https:\/\/paryskiesalonyromantykow.pl\/index.php\/wp-json\/wp\/v2\/pages"}],"about":[{"href":"https:\/\/paryskiesalonyromantykow.pl\/index.php\/wp-json\/wp\/v2\/types\/page"}],"author":[{"embeddable":true,"href":"https:\/\/paryskiesalonyromantykow.pl\/index.php\/wp-json\/wp\/v2\/users\/1"}],"replies":[{"embeddable":true,"href":"https:\/\/paryskiesalonyromantykow.pl\/index.php\/wp-json\/wp\/v2\/comments?post=325"}],"version-history":[{"count":4,"href":"https:\/\/paryskiesalonyromantykow.pl\/index.php\/wp-json\/wp\/v2\/pages\/325\/revisions"}],"predecessor-version":[{"id":1751,"href":"https:\/\/paryskiesalonyromantykow.pl\/index.php\/wp-json\/wp\/v2\/pages\/325\/revisions\/1751"}],"wp:attachment":[{"href":"https:\/\/paryskiesalonyromantykow.pl\/index.php\/wp-json\/wp\/v2\/media?parent=325"}],"curies":[{"name":"wp","href":"https:\/\/api.w.org\/{rel}","templated":true}]}}