{"id":304,"date":"2021-01-09T20:36:26","date_gmt":"2021-01-09T19:36:26","guid":{"rendered":"http:\/\/paryskiesalonyromantykow.pl\/?page_id=304"},"modified":"2021-01-17T11:03:56","modified_gmt":"2021-01-17T10:03:56","slug":"niccolo-paganini","status":"publish","type":"page","link":"https:\/\/paryskiesalonyromantykow.pl\/index.php\/niccolo-paganini\/","title":{"rendered":"Niccol\u00f2 Paganini"},"content":{"rendered":"\n<figure class=\"wp-block-table aligncenter is-style-stripes\"><table><tbody><tr><td class=\"has-text-align-left\" data-align=\"left\"><img loading=\"lazy\" width=\"1000\" height=\"1000\" class=\"wp-image-305\" style=\"width: 200px;\" src=\"http:\/\/paryskiesalonyromantykow.pl\/wp-content\/uploads\/2021\/01\/pjimage-5-3.jpg\" alt=\"\" srcset=\"https:\/\/paryskiesalonyromantykow.pl\/wp-content\/uploads\/2021\/01\/pjimage-5-3.jpg 1000w, https:\/\/paryskiesalonyromantykow.pl\/wp-content\/uploads\/2021\/01\/pjimage-5-3-300x300.jpg 300w, https:\/\/paryskiesalonyromantykow.pl\/wp-content\/uploads\/2021\/01\/pjimage-5-3-150x150.jpg 150w, https:\/\/paryskiesalonyromantykow.pl\/wp-content\/uploads\/2021\/01\/pjimage-5-3-768x768.jpg 768w\" sizes=\"(max-width: 1000px) 100vw, 1000px\" \/><\/td><td>Niccol\u00f2 Bocciardo Paganini<\/td><\/tr><tr><td class=\"has-text-align-left\" data-align=\"left\"><strong>Data i miejsce urodzenia<\/strong><\/td><td>27 pa\u017adziernika 1782 roku<br>Genua<\/td><\/tr><tr><td class=\"has-text-align-left\" data-align=\"left\"><strong>Data i miejsce \u015bmierci<\/strong><\/td><td>27 maja 1840 roku<br>Nicea<\/td><\/tr><tr><td class=\"has-text-align-left\" data-align=\"left\"><strong>Rodzice<\/strong><\/td><td>Antonio (1752-1817)<br>Teresa z domu Bocchiardi (1758-?)<\/td><\/tr><tr><td class=\"has-text-align-left\" data-align=\"left\"><strong>Rodze\u0144stwo<\/strong><\/td><td>Carlo (1778-1830)<br>Biagio (1780-1781)<br>Angela (1784-1786)<br>Giulia Nicoletta (1786-?)<br>Paola Domenica (1788-?)<\/td><\/tr><tr><td class=\"has-text-align-left\" data-align=\"left\"><strong>Dzieci<\/strong><\/td><td>Achille (1827-1895)<\/td><\/tr><\/tbody><\/table><\/figure>\n\n\n\n<p>Niccol\u00f2 Paganini, w\u0142oski skrzypek i gitarzysta, od najm\u0142odszych lat zmuszany do nauki muzyki przez despotycznego ojca, bardzo szybko osi\u0105gn\u0105\u0142 mistrzostwo w grze na skrzypcach. Stworzy\u0142 w\u0142asn\u0105 technik\u0119 gry, wykorzystuj\u0105c nienaturaln\u0105 gi\u0119tko\u015b\u0107 palc\u00f3w, co uniemo\u017cliwia\u0142o powt\u00f3rzenie jego wyczyn\u00f3w przez konkurencj\u0119. Z pocz\u0105tku koncertowa\u0142 wy\u0142\u0105cznie we W\u0142oszech, dopiero w 1828 roku wyruszy\u0142 na wyst\u0119py zagraniczne.<\/p>\n\n\n\n<p>Paganini wraz ze swoim najwi\u0119kszym konkurentem, polskim skrzypkiem <a href=\"https:\/\/paryskiesalonyromantykow.pl\/index.php\/karol-lipinski\/\" data-type=\"page\" data-id=\"292\">Karolem Lipi\u0144skim<\/a>, wyst\u0105pili na koronacji cara Miko\u0142aja I w 1829 roku. Na koncercie obecni byli tak\u017ce dwaj m\u0142odzie\u0144cy, pomieszkuj\u0105cy akurat w Warszawie \u2013 <a href=\"https:\/\/paryskiesalonyromantykow.pl\/index.php\/juliusz-slowacki\/\" data-type=\"page\" data-id=\"153\">Juliusz S\u0142owacki<\/a> i <a href=\"https:\/\/paryskiesalonyromantykow.pl\/index.php\/fryderyk-chopin\/\" data-type=\"page\" data-id=\"167\">Fryderyk Chopin<\/a>. Gra W\u0142ocha najprawdopodobniej zainspirowa\u0142a m\u0142odego Fryderyka do napisania \u201eWariacji A-dur Souvenir de Paganini\u201d (cho\u0107 autorstwo Chopina nie jest w stu procentach pewne). Jednym z uczni\u00f3w (bynajmniej nie jedynym) Paganiniego by\u0142 Polak, Apolinary K\u0105tski. Jednak wbrew plotkom Niccol\u00f2 nie podarowa\u0142 mu swoich skrzypiec i r\u0119kopis\u00f3w, ale publicznie wyra\u017ca\u0142 swoje uznanie dla m\u0142odego geniusza.<\/p>\n\n\n\n<p>Pomimo osza\u0142amiaj\u0105cej kariery i rozlicznych koncert\u00f3w Paganini nie zdoby\u0142 wielkiej fortuny. Prowadzi\u0142 hulaszczy i rozpustny tryb \u017cycia, co poskutkowa\u0142o zachorowaniem na syfilis, cierpia\u0142 r\u00f3wnie\u017c na gru\u017alic\u0119. Przez pewien czas zwi\u0105zany by\u0142 z w\u0142osk\u0105 \u015bpiewaczk\u0105 operow\u0105 Antoni\u0105 Bianchi, z kt\u00f3r\u0105 wielokrotnie wyst\u0119powa\u0142 we W\u0142oszech. Para doczeka\u0142a si\u0119 syna, Achille Ciro Alessandro, uznanego oficjalnie przez Niccol\u00f2.<\/p>\n\n\n\n<p>W 1836 roku Paganini pr\u00f3bowa\u0142 otworzy\u0107 kasyno w Pary\u017cu, jednak kl\u0119ska tego przedsi\u0119wzi\u0119cia doprowadzi\u0142a go do ruiny finansowej, tak \u017ce zmuszony by\u0142 sprzeda\u0107 swoje instrumenty. W tym czasie bywa\u0142 w salonie <a href=\"https:\/\/paryskiesalonyromantykow.pl\/index.php\/george-sand\/\" data-type=\"page\" data-id=\"172\">George Sand<\/a>, a tak\u017ce zawita\u0142 do Fryderyka Chopina i zachwyci\u0142 si\u0119 jego gr\u0105. P\u00f3\u017aniej przeprowadzi\u0142 si\u0119 do Nicei, gdzie stan jego zdrowia gwa\u0142townie si\u0119 pogorszy\u0142. Biskup nicejski podes\u0142a\u0142 do niego ksi\u0119dza, kt\u00f3ry mia\u0142 odprawi\u0107 nad nim ostatnie namaszczenie, skrzypek jednak stwierdzi\u0142, \u017ce to przedwczesne, i nie przyj\u0105\u0142 sakramentu. Zmar\u0142 tydzie\u0144 p\u00f3\u017aniej z powodu krwotoku wewn\u0119trznego. Ko\u015bci\u00f3\u0142 nie zgodzi\u0142 si\u0119 na katolicki poch\u00f3wek, dopiero po kilkudziesi\u0119ciu latach Paganini spocz\u0105\u0142 na cmentarzu w Parmie.<\/p>\n","protected":false},"excerpt":{"rendered":"<p>Niccol\u00f2 Bocciardo Paganini Data i miejsce urodzenia 27 pa\u017adziernika 1782 rokuGenua Data i miejsce \u015bmierci 27 maja 1840 rokuNicea Rodzice Antonio (1752-1817)Teresa z domu Bocchiardi (1758-?) Rodze\u0144stwo Carlo (1778-1830)Biagio (1780-1781)Angela (1784-1786)Giulia Nicoletta (1786-?)Paola Domenica (1788-?) Dzieci Achille (1827-1895) Niccol\u00f2 Paganini, w\u0142oski skrzypek i gitarzysta, od najm\u0142odszych lat zmuszany do nauki muzyki przez despotycznego ojca, bardzo [&hellip;]<\/p>\n","protected":false},"author":1,"featured_media":0,"parent":0,"menu_order":0,"comment_status":"closed","ping_status":"closed","template":"","meta":[],"_links":{"self":[{"href":"https:\/\/paryskiesalonyromantykow.pl\/index.php\/wp-json\/wp\/v2\/pages\/304"}],"collection":[{"href":"https:\/\/paryskiesalonyromantykow.pl\/index.php\/wp-json\/wp\/v2\/pages"}],"about":[{"href":"https:\/\/paryskiesalonyromantykow.pl\/index.php\/wp-json\/wp\/v2\/types\/page"}],"author":[{"embeddable":true,"href":"https:\/\/paryskiesalonyromantykow.pl\/index.php\/wp-json\/wp\/v2\/users\/1"}],"replies":[{"embeddable":true,"href":"https:\/\/paryskiesalonyromantykow.pl\/index.php\/wp-json\/wp\/v2\/comments?post=304"}],"version-history":[{"count":2,"href":"https:\/\/paryskiesalonyromantykow.pl\/index.php\/wp-json\/wp\/v2\/pages\/304\/revisions"}],"predecessor-version":[{"id":1245,"href":"https:\/\/paryskiesalonyromantykow.pl\/index.php\/wp-json\/wp\/v2\/pages\/304\/revisions\/1245"}],"wp:attachment":[{"href":"https:\/\/paryskiesalonyromantykow.pl\/index.php\/wp-json\/wp\/v2\/media?parent=304"}],"curies":[{"name":"wp","href":"https:\/\/api.w.org\/{rel}","templated":true}]}}