{"id":288,"date":"2021-01-09T19:59:18","date_gmt":"2021-01-09T18:59:18","guid":{"rendered":"http:\/\/paryskiesalonyromantykow.pl\/?page_id=288"},"modified":"2021-12-04T16:24:04","modified_gmt":"2021-12-04T15:24:04","slug":"john-keats","status":"publish","type":"page","link":"https:\/\/paryskiesalonyromantykow.pl\/index.php\/john-keats\/","title":{"rendered":"John Keats"},"content":{"rendered":"\n<figure class=\"wp-block-table aligncenter is-style-stripes\"><table><tbody><tr><td class=\"has-text-align-left\" data-align=\"left\"><img loading=\"lazy\" width=\"1500\" height=\"2016\" class=\"wp-image-289\" style=\"width: 200px;\" src=\"http:\/\/paryskiesalonyromantykow.pl\/wp-content\/uploads\/2021\/01\/123409627_787801275124264_5093029933902276166_o.jpg\" alt=\"\" srcset=\"https:\/\/paryskiesalonyromantykow.pl\/wp-content\/uploads\/2021\/01\/123409627_787801275124264_5093029933902276166_o.jpg 1500w, https:\/\/paryskiesalonyromantykow.pl\/wp-content\/uploads\/2021\/01\/123409627_787801275124264_5093029933902276166_o-223x300.jpg 223w, https:\/\/paryskiesalonyromantykow.pl\/wp-content\/uploads\/2021\/01\/123409627_787801275124264_5093029933902276166_o-762x1024.jpg 762w, https:\/\/paryskiesalonyromantykow.pl\/wp-content\/uploads\/2021\/01\/123409627_787801275124264_5093029933902276166_o-768x1032.jpg 768w, https:\/\/paryskiesalonyromantykow.pl\/wp-content\/uploads\/2021\/01\/123409627_787801275124264_5093029933902276166_o-1143x1536.jpg 1143w\" sizes=\"(max-width: 1500px) 100vw, 1500px\" \/><\/td><td>John Keats<\/td><\/tr><tr><td class=\"has-text-align-left\" data-align=\"left\"><strong>Data i miejsce urodzenia<\/strong><\/td><td>31 pa\u017adziernika 1795 roku<br>Londyn<\/td><\/tr><tr><td class=\"has-text-align-left\" data-align=\"left\"><strong>Data i miejsce \u015bmierci<\/strong><\/td><td>23 lutego 1821 roku<br>Rzym<\/td><\/tr><tr><td class=\"has-text-align-left\" data-align=\"left\"><strong>Rodzice<\/strong><\/td><td>Thomas Keats (1760-1804)<br>Frances Jennings (1775-1810)<\/td><\/tr><tr><td class=\"has-text-align-left\" data-align=\"left\"><strong>Rodze\u0144stwo<\/strong><\/td><td>John (1797-1841)<br>Thomas (1799-1818)<br>Frances (1803-1889)<\/td><\/tr><\/tbody><\/table><\/figure>\n\n\n\n<p>John Keats, jeden z najwa\u017cniejszych angielskich poet\u00f3w romantycznych by\u0142 najstarszym z pi\u0119ciorga dzieci stajennego, Thomasa Keatsa, i jego \u017cony Frances Jennings. Jako \u017ce jego rodzic\u00f3w nie sta\u0107 by\u0142o, \u017ceby pos\u0142a\u0107 go do Eton College albo Harrow School, ucz\u0119szcza\u0142 do szko\u0142y Johna Clarka w Enfield. Liberalny i post\u0119powy charakter tamtejszej edukacji pozytywnie wp\u0142yn\u0105\u0142 na nastoletniego Keatsa, kt\u00f3ry ju\u017c w dzieci\u0144stwie znany by\u0142 ze swojego wybuchowego charakteru i sk\u0142onno\u015bci do b\u00f3jek. Jego ojciec zgin\u0105\u0142 w wyniku upadku z konia, gdy John mia\u0142 osiem lat, a sze\u015b\u0107 lat p\u00f3\u017aniej jego matka zmar\u0142a na gru\u017alic\u0119. Dzie\u0107mi Keats\u00f3w zaj\u0119li si\u0119 dziadkowie.<\/p>\n\n\n\n<p>Po uko\u0144czeniu szko\u0142y John zacz\u0105\u0142 szkoli\u0107 si\u0119 pod okiem Thommasa Hammonda, chirurga i aptekarza, a nast\u0119pnie przyj\u0105\u0142 si\u0119 do pracy w Guy&#8217;s Hospital w Londynie. Szybko zosta\u0142 awansowany na asystenta chirurga, a jego rodzina podejrzewa\u0142a, \u017ce m\u0142ody Keats zostanie pe\u0142noprawnym lekarzem, ze sta\u0142ym dochodem. Jednak dziewi\u0119tnastolatek wci\u0105\u017c si\u0119 waha\u0142, poniewa\u017c pragn\u0105\u0142 po\u015bwi\u0119ci\u0107 si\u0119 poezji. Kr\u00f3tko po otrzymaniu licencji medycznej oznajmi\u0142, \u017ce porzuci medycyn\u0119 na rzecz bycia poet\u0105.<\/p>\n\n\n\n<p>W pa\u017adzierniku 1816 roku Keats pozna\u0142 Leigha Hunta, kt\u00f3ry pom\u00f3g\u0142 mu wyda\u0107 trzy tomy poezji, Hunt r\u00f3wnie\u017c przedstawi\u0142 go <a href=\"https:\/\/paryskiesalonyromantykow.pl\/index.php\/george-byron\/\" data-type=\"page\" data-id=\"480\">Byronowi<\/a> i <a href=\"https:\/\/paryskiesalonyromantykow.pl\/index.php\/percy-shelley\/\" data-type=\"page\" data-id=\"403\">Shelleyowi<\/a>. W 1818 roku Keats wraz z przyjacielem, Charlesem Armitage&#8217;em Brownem, ruszyli \u015bladami szkockiego poety Roberta Burnsa do Irlandii i Szkocji. Niestety w czasie podr\u00f3\u017cy John rozchorowa\u0142 si\u0119 powa\u017cnie, a przezi\u0119bienie szybko przerodzi\u0142o si\u0119 w gru\u017alic\u0119. Po powrocie Brown zaprosi\u0142 przyjaciela do swojego domu. By\u0142 to najlepszy okres w tw\u00f3rczo\u015bci poety, na co niebagatelny wp\u0142yw mia\u0142a te\u017c mi\u0142o\u015b\u0107 do s\u0105siadki Browna, <a href=\"https:\/\/paryskiesalonyromantykow.pl\/index.php\/fanny-brawne\/\" data-type=\"page\" data-id=\"1951\">Fanny Brawne<\/a>. Jednak stan jego zdrowia pogarsza\u0142 si\u0119, a\u017c lekarze zalecili mu podr\u00f3\u017c do W\u0142och i kuracj\u0119 w tamtejszym klimacie. Jednak nawet to nie pomog\u0142o, i po kilku miesi\u0105cach w Rzymie Keats zmar\u0142 w wieku zaledwie 25 lat.<\/p>\n","protected":false},"excerpt":{"rendered":"<p>John Keats Data i miejsce urodzenia 31 pa\u017adziernika 1795 rokuLondyn Data i miejsce \u015bmierci 23 lutego 1821 rokuRzym Rodzice Thomas Keats (1760-1804)Frances Jennings (1775-1810) Rodze\u0144stwo John (1797-1841)Thomas (1799-1818)Frances (1803-1889) John Keats, jeden z najwa\u017cniejszych angielskich poet\u00f3w romantycznych by\u0142 najstarszym z pi\u0119ciorga dzieci stajennego, Thomasa Keatsa, i jego \u017cony Frances Jennings. Jako \u017ce jego rodzic\u00f3w nie [&hellip;]<\/p>\n","protected":false},"author":1,"featured_media":0,"parent":0,"menu_order":0,"comment_status":"closed","ping_status":"closed","template":"","meta":[],"_links":{"self":[{"href":"https:\/\/paryskiesalonyromantykow.pl\/index.php\/wp-json\/wp\/v2\/pages\/288"}],"collection":[{"href":"https:\/\/paryskiesalonyromantykow.pl\/index.php\/wp-json\/wp\/v2\/pages"}],"about":[{"href":"https:\/\/paryskiesalonyromantykow.pl\/index.php\/wp-json\/wp\/v2\/types\/page"}],"author":[{"embeddable":true,"href":"https:\/\/paryskiesalonyromantykow.pl\/index.php\/wp-json\/wp\/v2\/users\/1"}],"replies":[{"embeddable":true,"href":"https:\/\/paryskiesalonyromantykow.pl\/index.php\/wp-json\/wp\/v2\/comments?post=288"}],"version-history":[{"count":3,"href":"https:\/\/paryskiesalonyromantykow.pl\/index.php\/wp-json\/wp\/v2\/pages\/288\/revisions"}],"predecessor-version":[{"id":1955,"href":"https:\/\/paryskiesalonyromantykow.pl\/index.php\/wp-json\/wp\/v2\/pages\/288\/revisions\/1955"}],"wp:attachment":[{"href":"https:\/\/paryskiesalonyromantykow.pl\/index.php\/wp-json\/wp\/v2\/media?parent=288"}],"curies":[{"name":"wp","href":"https:\/\/api.w.org\/{rel}","templated":true}]}}