{"id":281,"date":"2021-01-09T19:14:03","date_gmt":"2021-01-09T18:14:03","guid":{"rendered":"http:\/\/paryskiesalonyromantykow.pl\/?page_id=281"},"modified":"2023-07-07T16:12:38","modified_gmt":"2023-07-07T14:12:38","slug":"karolina-kowalska","status":"publish","type":"page","link":"https:\/\/paryskiesalonyromantykow.pl\/index.php\/karolina-kowalska\/","title":{"rendered":"Karolina Kowalska"},"content":{"rendered":"\n<figure class=\"wp-block-table aligncenter is-style-stripes\"><table><tbody><tr><td class=\"has-text-align-left\" data-align=\"left\"><\/td><td>Karolina Kowalska z Wagner\u00f3w<\/td><\/tr><tr><td class=\"has-text-align-left\" data-align=\"left\"><strong>Data i miejsce urodzenia<\/strong><\/td><td>1793<br>Wilno<\/td><\/tr><tr><td class=\"has-text-align-left\" data-align=\"left\"><strong>Data i miejsce \u015bmierci<\/strong><\/td><td>16 listopada 1855 roku<br>Wilno<\/td><\/tr><tr><td class=\"has-text-align-left\" data-align=\"left\"><strong>Rodzice<\/strong><\/td><td>Karol Wagner<br>??<\/td><\/tr><tr><td class=\"has-text-align-left\" data-align=\"left\"><strong>Rodze\u0144stwo<\/strong><\/td><td>Joanna<\/td><\/tr><tr><td class=\"has-text-align-left\" data-align=\"left\"><strong>M\u0105\u017c<\/strong><\/td><td>J\u00f3zef Kowalski (1785-1861)<\/td><\/tr><tr><td class=\"has-text-align-left\" data-align=\"left\"><strong>Dzieci<\/strong><\/td><td>Konstanty (1810-?)<br>Hipolit<br>Aleksandra<br>Kamila (ok. 1817-?)<\/td><\/tr><\/tbody><\/table><\/figure>\n\n\n\n<p>Karolina Kowalska, ukochana <a href=\"https:\/\/paryskiesalonyromantykow.pl\/index.php\/adam-mickiewicz\/\" data-type=\"page\" data-id=\"138\">Adama Mickiewicza<\/a> zwana &#8222;kowie\u0144sk\u0105 Wenus&#8221;, by\u0142a c\u00f3rk\u0105 wile\u0144skiego aptekarza, Karola Wagnera (lub Wegnera). W bardzo m\u0142odym wieku po\u015blubi\u0142a doktora J\u00f3zefa Kowalskiego, a nast\u0119pnie przeprowadzili si\u0119 do Kowna, gdzie przysz\u0142y na \u015bwiat ich dzieci.<\/p>\n\n\n\n<p>Pani Kowalska pomimo czterech porod\u00f3w s\u0142yn\u0119\u0142a z wielkiej urody &#8211; do tego stopnia, \u017ce pozowa\u0142a do p\u0142askorze\u017aby Wenus Andrzejowi Lebrun (lub Le Brun), kt\u00f3ry by\u0142 nadwornym rze\u017abiarzem Stanis\u0142awa Augusta Poniatowskiego, a potem profesorem na wydziale literatury i sztuk wyzwolonych Uniwersytetu Wile\u0144skiego. Ponadto pomimo braku wykszta\u0142cenia by\u0142a inteligentna i przenikliwa, a przy tym r\u00f3wnie\u017c opieku\u0144cza. W salonie pa\u0144stwa Kowalskich zbiera\u0142a si\u0119 \u015bmietanka towarzyska Kowna.<\/p>\n\n\n\n<p>Mickiewicz przyjecha\u0142 do Kowna we wrze\u015bniu 1819 roku i zamieszka\u0142 w gmachu dawnego kolegium jezuickiego, w kt\u00f3rym mie\u015bci\u0142a si\u0119 Kowie\u0144ska Szko\u0142a Powiatowa. Mieszkanie Kowalskich znajdowa\u0142o si\u0119 dok\u0142adnie naprzeciw, wi\u0119c spotkania by\u0142y nieuniknione.<\/p>\n\n\n\n<p>Niebawem Adam sta\u0142 si\u0119 cz\u0119stym go\u015bciem u doktorstwa, a z czasem przyjacielem ca\u0142ej rodziny. Grywa\u0142 w karty z matk\u0105 Kowalskiego, bawi\u0142 si\u0119 z dzie\u0107mi, a J\u00f3zef i Karolina wozili jego listy do Wilna, do przyjaci\u00f3\u0142 filomat\u00f3w. Odbywali r\u00f3wnie\u017c konne spacery w okolice Kowna. Podczas jednego z nich Adam &#8222;dla niedostatku szklanek pi\u0142 z jednej z Kow[alsk\u0105] fili\u017canki&#8221;, co wprawi\u0142o go &#8222;w humor prawdziwie romansowy&#8221;. Niebawem nawi\u0105za\u0142 si\u0119 mi\u0119dzy nimi romans.<\/p>\n\n\n\n<p>Za\u017cy\u0142o\u015b\u0107 mi\u0119dzy atrakcyjn\u0105 doktorow\u0105 a m\u0142odym nauczycielem zosta\u0142a dostrze\u017cona przez innego go\u015bcia Kowalskich, szambelana Nartowskiego z Galicji, kt\u00f3ry podczas gry w karty w ich salonie pozwala\u0142 sobie na niedwuznaczne aluzje. Wreszcie dosz\u0142o do awantury &#8211; obronie honoru Karoliny Adam zdzieli\u0142 szambelana w twarz, a gdy ten pr\u00f3bowa\u0142 podnie\u015b\u0107 si\u0119 z ziemi, poeta uderzy\u0142 go lichtarzem. Kowalski przybieg\u0142 natychmiast do salonu, a Nartowski powiedzia\u0142 mu o romansie jego \u017cony z Mickiewiczem. Nast\u0119pnego dnia Adam otrzyma\u0142 dwa zaproszenia na pojedynek &#8211; od szambelana i od doktora. Stosunki z Kowalskim uda\u0142o si\u0119 za\u0142agodzi\u0107 jego \u017conie, a Nartowski ostatecznie stch\u00f3rzy\u0142.<\/p>\n\n\n\n<p>Niebawem te\u017c relacje mi\u0119dzy kochankami zacz\u0119\u0142y si\u0119 psu\u0107, poniewa\u017c podczas wakacji poeta romansowa\u0142 r\u00f3wnie\u017c z <a href=\"https:\/\/paryskiesalonyromantykow.pl\/index.php\/maryla-wereszczakowna\/\" data-type=\"page\" data-id=\"207\">Maryl\u0105 z Wereszczak\u00f3w<\/a>, zam\u0119\u017cn\u0105 z hrabi\u0105 Puttkamerem. Nie potrafi\u0105c zdecydowa\u0107 mi\u0119dzy dwoma kobietami, prze\u017cywa\u0142 m\u0119ki. Ostatecznie oba romanse z m\u0119\u017catkami musia\u0142y dobiec ko\u0144ca.<\/p>\n\n\n\n<p>P\u00f3\u017anym latem 1823 roku, a zatem nied\u0142ugo przed procesem filomat\u00f3w prawdopodobnie pojecha\u0142 z pani\u0105 Kowalsk\u0105 i jej siostrzenic\u0105 do Po\u0142\u0105gi, nad morze. Za\u015b po raz ostatni widzia\u0142 doktorow\u0105 w ko\u0144cu pa\u017adziernika 1824 roku, kiedy to wygna\u0144cy skazani w procesie, w tym Mickiewicz i <a href=\"https:\/\/paryskiesalonyromantykow.pl\/index.php\/franciszek-malewski\/\" data-type=\"page\" data-id=\"375\">Malewski<\/a>, w drodze z Wilna do Petersburga zatrzymali si\u0119 na trzy dni w Kownie. Pono\u0107 Karolina i Adam wymieniali p\u00f3\u017aniej listy, kt\u00f3re jednak nie zachowa\u0142y si\u0119.<\/p>\n\n\n\n<p>Pani Kowalska zmar\u0142a 10 dni przed \u015bmierci\u0105 Mickiewicza i pochowano j\u0105 na nieistniej\u0105cym ju\u017c dzi\u015b cmentarzu ewangelicko-augsburskim na Pohulance w Wilnie.<\/p>\n\n\n\n<p>Nie zachowa\u0142 si\u0119 \u017caden portret doktorowej.<\/p>\n","protected":false},"excerpt":{"rendered":"<p>Karolina Kowalska z Wagner\u00f3w Data i miejsce urodzenia 1793Wilno Data i miejsce \u015bmierci 16 listopada 1855 rokuWilno Rodzice Karol Wagner?? Rodze\u0144stwo Joanna M\u0105\u017c J\u00f3zef Kowalski (1785-1861) Dzieci Konstanty (1810-?)HipolitAleksandraKamila (ok. 1817-?) Karolina Kowalska, ukochana Adama Mickiewicza zwana &#8222;kowie\u0144sk\u0105 Wenus&#8221;, by\u0142a c\u00f3rk\u0105 wile\u0144skiego aptekarza, Karola Wagnera (lub Wegnera). W bardzo m\u0142odym wieku po\u015blubi\u0142a doktora J\u00f3zefa Kowalskiego, [&hellip;]<\/p>\n","protected":false},"author":1,"featured_media":0,"parent":0,"menu_order":0,"comment_status":"closed","ping_status":"closed","template":"","meta":[],"_links":{"self":[{"href":"https:\/\/paryskiesalonyromantykow.pl\/index.php\/wp-json\/wp\/v2\/pages\/281"}],"collection":[{"href":"https:\/\/paryskiesalonyromantykow.pl\/index.php\/wp-json\/wp\/v2\/pages"}],"about":[{"href":"https:\/\/paryskiesalonyromantykow.pl\/index.php\/wp-json\/wp\/v2\/types\/page"}],"author":[{"embeddable":true,"href":"https:\/\/paryskiesalonyromantykow.pl\/index.php\/wp-json\/wp\/v2\/users\/1"}],"replies":[{"embeddable":true,"href":"https:\/\/paryskiesalonyromantykow.pl\/index.php\/wp-json\/wp\/v2\/comments?post=281"}],"version-history":[{"count":4,"href":"https:\/\/paryskiesalonyromantykow.pl\/index.php\/wp-json\/wp\/v2\/pages\/281\/revisions"}],"predecessor-version":[{"id":2246,"href":"https:\/\/paryskiesalonyromantykow.pl\/index.php\/wp-json\/wp\/v2\/pages\/281\/revisions\/2246"}],"wp:attachment":[{"href":"https:\/\/paryskiesalonyromantykow.pl\/index.php\/wp-json\/wp\/v2\/media?parent=281"}],"curies":[{"name":"wp","href":"https:\/\/api.w.org\/{rel}","templated":true}]}}