{"id":275,"date":"2021-01-09T18:58:04","date_gmt":"2021-01-09T17:58:04","guid":{"rendered":"http:\/\/paryskiesalonyromantykow.pl\/?page_id=275"},"modified":"2021-01-17T10:31:59","modified_gmt":"2021-01-17T09:31:59","slug":"zofia-wegierska","status":"publish","type":"page","link":"https:\/\/paryskiesalonyromantykow.pl\/index.php\/zofia-wegierska\/","title":{"rendered":"Zofia W\u0119gierska"},"content":{"rendered":"\n<figure class=\"wp-block-table aligncenter is-style-stripes\"><table><tbody><tr><td class=\"has-text-align-left\" data-align=\"left\"><img loading=\"lazy\" width=\"1000\" height=\"1000\" class=\"wp-image-277\" style=\"width: 200px;\" src=\"http:\/\/paryskiesalonyromantykow.pl\/wp-content\/uploads\/2021\/01\/pjimage-11-1.jpg\" alt=\"\" srcset=\"https:\/\/paryskiesalonyromantykow.pl\/wp-content\/uploads\/2021\/01\/pjimage-11-1.jpg 1000w, https:\/\/paryskiesalonyromantykow.pl\/wp-content\/uploads\/2021\/01\/pjimage-11-1-300x300.jpg 300w, https:\/\/paryskiesalonyromantykow.pl\/wp-content\/uploads\/2021\/01\/pjimage-11-1-150x150.jpg 150w, https:\/\/paryskiesalonyromantykow.pl\/wp-content\/uploads\/2021\/01\/pjimage-11-1-768x768.jpg 768w\" sizes=\"(max-width: 1000px) 100vw, 1000px\" \/><\/td><td>Zofia W\u0119gierska z domu Kami\u0144ska<\/td><\/tr><tr><td class=\"has-text-align-left\" data-align=\"left\"><strong>Data i miejsce urodzenia<\/strong><\/td><td>16 wrze\u015bnia 1822 roku<br>G\u00f3rki Borze<\/td><\/tr><tr><td class=\"has-text-align-left\" data-align=\"left\"><strong>Data i miejsce \u015bmierci<\/strong><\/td><td>8 pa\u017adziernika 1869 roku<br>Pary\u017c<\/td><\/tr><tr><td class=\"has-text-align-left\" data-align=\"left\"><strong>Rodzice<\/strong><\/td><td>Ludwik (1786-1867)<br>Barbara z Walknowskich (1787-?)<\/td><\/tr><tr><td class=\"has-text-align-left\" data-align=\"left\"><strong>Rodze\u0144stwo<\/strong><\/td><td>Ludwika (1810-1881)<\/td><\/tr><tr><td class=\"has-text-align-left\" data-align=\"left\"><strong>M\u0105\u017c<\/strong><\/td><td>Edmund Miel\u0119cki (1810-1872)<br>Feliks W\u0119gierski (1819-1849)<\/td><\/tr><\/tbody><\/table><\/figure>\n\n\n\n<p>Zofia W\u0119gierska, polska pisarka i felietonistka, by\u0142a c\u00f3rk\u0105 Ludwika Kami\u0144skiego, poety i t\u0142umacza, oraz jego \u017cony, Barbary z Walknowskich. Jako osiemnastolatka po\u015blubi\u0142a Edmunda Miel\u0119ckiego, zamo\u017cnego ziemianina, ale nied\u0142ugo p\u00f3\u017aniej opu\u015bci\u0142a go i zwi\u0105za\u0142a si\u0119 z Feliksem W\u0119gierski, dzia\u0142aczem konspiracyjnym. Ich romans budzi\u0142 powszechne zgorszenie a\u017c do 1848, kiedy to Zofii uda\u0142o si\u0119 uzyska\u0107 uniewa\u017cnienie ma\u0142\u017ce\u0144stwa, a zakochani mogli stan\u0105\u0107 na \u015blubnym kobiercu. Niestety Feliks zmar\u0142 rok po \u015blubie. Nied\u0142ugo p\u00f3\u017aniej Zofia przenios\u0142a si\u0119 do Pary\u017ca, gdzie prowadzi\u0142a salon literacki skupiaj\u0105cy polskich emigrant\u00f3w. Pisywa\u0142a felietony do \u201eBiblioteki Warszawskiej\u201d, \u201eBluszczu\u201d, \u201eGazety Codziennej\u201d, \u201eCzasu\u201d i \u201eKurjera Wile\u0144skiego\u201d, wyda\u0142a r\u00f3wnie\u017c kilka ksi\u0105\u017cek dla dzieci i m\u0142odzie\u017cy. Swoje utwory podpisywa\u0142a drugim imieniem i panie\u0144skim nazwiskiem &#8211; Bronis\u0142awa Kami\u0144ska, wskutek czego pozostawa\u0142a w du\u017cej mierze anonimowa. Jej zachowanie budzi\u0142o zgorszenie konserwatyst\u00f3w &#8211; nosi\u0142a kr\u00f3tko \u015bci\u0119te w\u0142osy i zielone lub niebieskie okulary, a tak\u017ce publicznie pali\u0142a cygara.<\/p>\n\n\n\n<p>Zofia utrzymywa\u0142a bliskie relacje z <a href=\"https:\/\/paryskiesalonyromantykow.pl\/index.php\/narcyza-zmichowska\/\" data-type=\"page\" data-id=\"212\">Narcyz\u0105 \u017bmichowsk\u0105<\/a> (kt\u00f3ra jako jedna z niewielu stan\u0119\u0142a po stronie W\u0119gierskiej po jej rozwodzie), z <a href=\"https:\/\/paryskiesalonyromantykow.pl\/index.php\/juliusz-slowacki\/\" data-type=\"page\" data-id=\"153\">Juliuszem S\u0142owackim<\/a> (kt\u00f3rego pozna\u0142a w 1848 roku we Wroc\u0142awiu, a kt\u00f3ry stworzy\u0142 poemat \u201eDzieje Sofos i Heliona\u201d jako prezent \u015blubny dla W\u0119gierskich), z <a href=\"https:\/\/paryskiesalonyromantykow.pl\/index.php\/seweryn-goszczynski\/\" data-type=\"page\" data-id=\"284\">Sewerynem Goszczy\u0144skim<\/a>, a przede wszystkim z <a href=\"https:\/\/paryskiesalonyromantykow.pl\/index.php\/cyprian-norwid\/\" data-type=\"page\" data-id=\"176\">Cyprianem Norwidem<\/a>. W\u0119giersk\u0105 i Norwida po\u0142\u0105czy\u0142a oparta na wzajemnym zrozumieniu i licznych dyskusjach intelektualnych serdeczna przyja\u017a\u0144, kt\u00f3ra z czasem przerodzi\u0142a si\u0119 w g\u0142\u0119bokie uczucie. Niestety dwoje artyst\u00f3w nie zd\u0105\u017cy\u0142o si\u0119 nacieszy\u0107 wsp\u00f3lnym szcz\u0119\u015bciem \u2013 W\u0119gierska nagle zachorowa\u0142a i zmar\u0142a w wieku czterdziestu siedmiu lat.<\/p>\n","protected":false},"excerpt":{"rendered":"<p>Zofia W\u0119gierska z domu Kami\u0144ska Data i miejsce urodzenia 16 wrze\u015bnia 1822 rokuG\u00f3rki Borze Data i miejsce \u015bmierci 8 pa\u017adziernika 1869 rokuPary\u017c Rodzice Ludwik (1786-1867)Barbara z Walknowskich (1787-?) Rodze\u0144stwo Ludwika (1810-1881) M\u0105\u017c Edmund Miel\u0119cki (1810-1872)Feliks W\u0119gierski (1819-1849) Zofia W\u0119gierska, polska pisarka i felietonistka, by\u0142a c\u00f3rk\u0105 Ludwika Kami\u0144skiego, poety i t\u0142umacza, oraz jego \u017cony, Barbary z [&hellip;]<\/p>\n","protected":false},"author":1,"featured_media":0,"parent":0,"menu_order":0,"comment_status":"closed","ping_status":"closed","template":"","meta":[],"_links":{"self":[{"href":"https:\/\/paryskiesalonyromantykow.pl\/index.php\/wp-json\/wp\/v2\/pages\/275"}],"collection":[{"href":"https:\/\/paryskiesalonyromantykow.pl\/index.php\/wp-json\/wp\/v2\/pages"}],"about":[{"href":"https:\/\/paryskiesalonyromantykow.pl\/index.php\/wp-json\/wp\/v2\/types\/page"}],"author":[{"embeddable":true,"href":"https:\/\/paryskiesalonyromantykow.pl\/index.php\/wp-json\/wp\/v2\/users\/1"}],"replies":[{"embeddable":true,"href":"https:\/\/paryskiesalonyromantykow.pl\/index.php\/wp-json\/wp\/v2\/comments?post=275"}],"version-history":[{"count":2,"href":"https:\/\/paryskiesalonyromantykow.pl\/index.php\/wp-json\/wp\/v2\/pages\/275\/revisions"}],"predecessor-version":[{"id":1213,"href":"https:\/\/paryskiesalonyromantykow.pl\/index.php\/wp-json\/wp\/v2\/pages\/275\/revisions\/1213"}],"wp:attachment":[{"href":"https:\/\/paryskiesalonyromantykow.pl\/index.php\/wp-json\/wp\/v2\/media?parent=275"}],"curies":[{"name":"wp","href":"https:\/\/api.w.org\/{rel}","templated":true}]}}