{"id":265,"date":"2021-01-09T17:50:13","date_gmt":"2021-01-09T16:50:13","guid":{"rendered":"http:\/\/paryskiesalonyromantykow.pl\/?page_id=265"},"modified":"2022-02-13T20:29:20","modified_gmt":"2022-02-13T19:29:20","slug":"ludwik-norwid","status":"publish","type":"page","link":"https:\/\/paryskiesalonyromantykow.pl\/index.php\/ludwik-norwid\/","title":{"rendered":"Ludwik Norwid"},"content":{"rendered":"\n<figure class=\"wp-block-table aligncenter is-style-stripes\"><table><tbody><tr><td class=\"has-text-align-left\" data-align=\"left\"><img loading=\"lazy\" width=\"1000\" height=\"1000\" class=\"wp-image-267\" style=\"width: 200px;\" src=\"http:\/\/paryskiesalonyromantykow.pl\/wp-content\/uploads\/2021\/01\/pjimage-10-1.jpg\" alt=\"\" srcset=\"https:\/\/paryskiesalonyromantykow.pl\/wp-content\/uploads\/2021\/01\/pjimage-10-1.jpg 1000w, https:\/\/paryskiesalonyromantykow.pl\/wp-content\/uploads\/2021\/01\/pjimage-10-1-300x300.jpg 300w, https:\/\/paryskiesalonyromantykow.pl\/wp-content\/uploads\/2021\/01\/pjimage-10-1-150x150.jpg 150w, https:\/\/paryskiesalonyromantykow.pl\/wp-content\/uploads\/2021\/01\/pjimage-10-1-768x768.jpg 768w\" sizes=\"(max-width: 1000px) 100vw, 1000px\" \/><\/td><td>Ludwik Jan Ksawery Norwid<\/td><\/tr><tr><td class=\"has-text-align-left\" data-align=\"left\"><strong>Data i miejsce urodzenia<\/strong><\/td><td>21 listopada 1818 roku<br>Strach\u00f3wka<\/td><\/tr><tr><td class=\"has-text-align-left\" data-align=\"left\"><strong>Data i miejsce \u015bmierci<\/strong><\/td><td>23 grudnia 1881 roku<br>Warszawa<\/td><\/tr><tr><td class=\"has-text-align-left\" data-align=\"left\"><strong>Rodzice<\/strong><\/td><td>Jan Norwid (1784-1835)<br>Ludwika ze Zdzieborskich (1798-1825)<\/td><\/tr><tr><td class=\"has-text-align-left\" data-align=\"left\"><strong>Rodze\u0144stwo<\/strong><\/td><td><a href=\"https:\/\/paryskiesalonyromantykow.pl\/index.php\/paulina-suska\/\" data-type=\"page\" data-id=\"1582\">Paulina (1820-1860)<\/a><br><a href=\"https:\/\/paryskiesalonyromantykow.pl\/index.php\/cyprian-norwid\/\" data-type=\"page\" data-id=\"176\">Cyprian (1821-1883)<\/a><br><a href=\"https:\/\/paryskiesalonyromantykow.pl\/index.php\/ksawery-norwid\/\" data-type=\"page\" data-id=\"1574\">Ksawery (1825-1864)<\/a><\/td><\/tr><tr><td class=\"has-text-align-left\" data-align=\"left\"><strong>\u017bona<\/strong><\/td><td>Anna z Jarnowskich (1839-ok. 1910)<\/td><\/tr><tr><td class=\"has-text-align-left\" data-align=\"left\">Dzieci<\/td><td>Marie Juliette Jeanne (1872-?)<\/td><\/tr><\/tbody><\/table><\/figure>\n\n\n\n<p>Ludwik Norwid, poeta, krytyk literacki i starszy brat <a href=\"https:\/\/paryskiesalonyromantykow.pl\/index.php\/cyprian-norwid\/\" data-type=\"page\" data-id=\"176\">Cypriana<\/a>, urodzi\u0142 si\u0119 w 1818 roku. Ich matka zmar\u0142a kilka lat p\u00f3\u017aniej, przy narodzinach najm\u0142odszego syna, <a href=\"https:\/\/paryskiesalonyromantykow.pl\/index.php\/ksawery-norwid\/\" data-type=\"page\" data-id=\"1574\">Ksawerego<\/a>. Pocz\u0105tkowo m\u0142odzi Norwidowie (Ludwik, Cyprian, Ksawery i ich siostra <a href=\"https:\/\/paryskiesalonyromantykow.pl\/index.php\/paulina-suska\/\" data-type=\"page\" data-id=\"1582\">Paulina<\/a>) wychowywali si\u0119 u prababki, Hilarii Sobieskiej, lecz po \u015bmierci ojca Jana Norwida zamieszkali w Warszawie pod opiek\u0105 Ksawerego Dybowskiego. Rodzice nie pozostawili im \u017cadnego maj\u0105tku.<\/p>\n\n\n\n<p>Jako nastolatek Ludwik do\u0142\u0105czy\u0142 do cyganerii warszawskiej, debiutuj\u0105c jako poeta. I jak przysta\u0142o na literata, by\u0142 absolwentem\u2026 Instytutu Gospodarstwa Wiejskiego. Nied\u0142ugo p\u00f3\u017aniej opu\u015bci\u0142 tereny polskie, pocz\u0105tkowo z zamiarem uko\u0144czenia studi\u00f3w medycznych we Francji.<\/p>\n\n\n\n<p>Po dotarciu do Pary\u017ca nawi\u0105za\u0142 kontakt z towia\u0144czykami, kt\u00f3rzy fascynowali go ju\u017c w Warszawie. Jeden z przyjaci\u00f3\u0142 przyprowadzi\u0142 go do mieszkania <a href=\"https:\/\/paryskiesalonyromantykow.pl\/index.php\/juliusz-slowacki\/\" data-type=\"page\" data-id=\"153\">Juliusza S\u0142owackiego<\/a>, kt\u00f3ry w tamtym czasie zerwa\u0142 wi\u0119zi z Ko\u0142em Sprawy Bo\u017cej i zaczyna\u0142 gromadzi\u0107 wok\u00f3\u0142 siebie m\u0142odych ludzi o podobnych pogl\u0105dach. Ludwik szybko zyska\u0142 sympati\u0119 poety z Krzemie\u0144ca i status \u201eukochanego ucznia\u201d. Gdy za\u015b w czasie Wiosny Lud\u00f3w (1848) us\u0142ysza\u0142 o planach <a href=\"https:\/\/paryskiesalonyromantykow.pl\/index.php\/adam-mickiewicz\/\" data-type=\"page\" data-id=\"138\">Mickiewicza<\/a> dotycz\u0105cych utworzenia Legionu Polskiego, natychmiast wyruszy\u0142 do Rzymu, aby do\u0144 do\u0142\u0105czy\u0107. Tam pozna\u0142 nie tylko Brata Wieszcza, ale te\u017c <a href=\"https:\/\/paryskiesalonyromantykow.pl\/index.php\/zygmunt-krasinski\/\" data-type=\"page\" data-id=\"494\">Zygmunta Krasi\u0144skiego<\/a>. Spotka\u0142 tam r\u00f3wnie\u017c Cypriana, kt\u00f3ry og\u00f3lnie popiera\u0142 pomys\u0142 z Legionem, ale nie m\u00f3g\u0142 si\u0119 zgodzi\u0107 z Mickiewiczem na p\u0142aszczy\u017anie \u015bwiatopogl\u0105dowej. Dosz\u0142o wtedy do konfliktu braci, gdy\u017c Ludwik ca\u0142ym sercem sta\u0142 po stronie poety z Nowogr\u00f3dka. Sprawa Legionu ucich\u0142a, Wiosna Lud\u00f3w min\u0119\u0142a, a Norwidowie pogodzili si\u0119 i pozostali w bliskich stosunkach a\u017c do \u015bmierci.<\/p>\n\n\n\n<p>Po kilku latach Ludwik wr\u00f3ci\u0142 do Pary\u017ca i wreszcie (w wieku trzydziestu o\u015bmiu lat!) zacz\u0105\u0142 studia medyczne. Nie wiadomo, czy je uko\u0144czy\u0142, bo nied\u0142ugo p\u00f3\u017aniej wzi\u0105\u0142 \u015blub z osiemnastoletni\u0105 Ann\u0105 Jarnowsk\u0105, z dobrej i bogatej rodziny. Nowo\u017ce\u0144cy zamieszkali w luksusowej willi w Vincennes pod Pary\u017cem.<\/p>\n\n\n\n<p>Sielanka trwa\u0142a nieca\u0142e dziesi\u0119\u0107 lat, a\u017c Ludwik przegra\u0142 (w karty albo w ruletk\u0119) wszystkie pieni\u0105dze \u017cony. Przez jaki\u015b czas \u017cyli w skrajnej biedzie, a\u017c Anna nie wytrzyma\u0142a i opu\u015bci\u0142a lekkomy\u015blnego ma\u0142\u017conka. On za\u015b wr\u00f3ci\u0142 do Warszawy, gdzie utrzymywa\u0142a go rodzina, w tym Cyprian, kt\u00f3ry sam ledwo wi\u0105za\u0142 koniec z ko\u0144cem. Ludwik trafi\u0142 wreszcie do Zak\u0142adu Ubogich Starc\u00f3w i Kalek prowadzonego przez Warszawskie Towarzystwo Dobroczynno\u015bci. Tam te\u017c zmar\u0142, zm\u0119czony bied\u0105 i licznymi chorobami, w wieku 63 lat. P\u00f3\u0142tora roku p\u00f3\u017aniej podobny los spotka\u0142 Cypriana w Pary\u017cu.<\/p>\n","protected":false},"excerpt":{"rendered":"<p>Ludwik Jan Ksawery Norwid Data i miejsce urodzenia 21 listopada 1818 rokuStrach\u00f3wka Data i miejsce \u015bmierci 23 grudnia 1881 rokuWarszawa Rodzice Jan Norwid (1784-1835)Ludwika ze Zdzieborskich (1798-1825) Rodze\u0144stwo Paulina (1820-1860)Cyprian (1821-1883)Ksawery (1825-1864) \u017bona Anna z Jarnowskich (1839-ok. 1910) Dzieci Marie Juliette Jeanne (1872-?) Ludwik Norwid, poeta, krytyk literacki i starszy brat Cypriana, urodzi\u0142 si\u0119 w [&hellip;]<\/p>\n","protected":false},"author":1,"featured_media":0,"parent":0,"menu_order":0,"comment_status":"closed","ping_status":"closed","template":"","meta":[],"_links":{"self":[{"href":"https:\/\/paryskiesalonyromantykow.pl\/index.php\/wp-json\/wp\/v2\/pages\/265"}],"collection":[{"href":"https:\/\/paryskiesalonyromantykow.pl\/index.php\/wp-json\/wp\/v2\/pages"}],"about":[{"href":"https:\/\/paryskiesalonyromantykow.pl\/index.php\/wp-json\/wp\/v2\/types\/page"}],"author":[{"embeddable":true,"href":"https:\/\/paryskiesalonyromantykow.pl\/index.php\/wp-json\/wp\/v2\/users\/1"}],"replies":[{"embeddable":true,"href":"https:\/\/paryskiesalonyromantykow.pl\/index.php\/wp-json\/wp\/v2\/comments?post=265"}],"version-history":[{"count":8,"href":"https:\/\/paryskiesalonyromantykow.pl\/index.php\/wp-json\/wp\/v2\/pages\/265\/revisions"}],"predecessor-version":[{"id":2166,"href":"https:\/\/paryskiesalonyromantykow.pl\/index.php\/wp-json\/wp\/v2\/pages\/265\/revisions\/2166"}],"wp:attachment":[{"href":"https:\/\/paryskiesalonyromantykow.pl\/index.php\/wp-json\/wp\/v2\/media?parent=265"}],"curies":[{"name":"wp","href":"https:\/\/api.w.org\/{rel}","templated":true}]}}