{"id":255,"date":"2021-01-09T17:34:45","date_gmt":"2021-01-09T16:34:45","guid":{"rendered":"http:\/\/paryskiesalonyromantykow.pl\/?page_id=255"},"modified":"2021-01-17T10:16:00","modified_gmt":"2021-01-17T09:16:00","slug":"maria-wodzinska","status":"publish","type":"page","link":"https:\/\/paryskiesalonyromantykow.pl\/index.php\/maria-wodzinska\/","title":{"rendered":"Maria Wodzi\u0144ska"},"content":{"rendered":"\n<figure class=\"wp-block-table aligncenter is-style-stripes\"><table><tbody><tr><td class=\"has-text-align-left\" data-align=\"left\"><img loading=\"lazy\" width=\"1000\" height=\"1000\" class=\"wp-image-256\" style=\"width: 200px;\" src=\"http:\/\/paryskiesalonyromantykow.pl\/wp-content\/uploads\/2021\/01\/pjimage-8-1.jpg\" alt=\"\" srcset=\"https:\/\/paryskiesalonyromantykow.pl\/wp-content\/uploads\/2021\/01\/pjimage-8-1.jpg 1000w, https:\/\/paryskiesalonyromantykow.pl\/wp-content\/uploads\/2021\/01\/pjimage-8-1-300x300.jpg 300w, https:\/\/paryskiesalonyromantykow.pl\/wp-content\/uploads\/2021\/01\/pjimage-8-1-150x150.jpg 150w, https:\/\/paryskiesalonyromantykow.pl\/wp-content\/uploads\/2021\/01\/pjimage-8-1-768x768.jpg 768w\" sizes=\"(max-width: 1000px) 100vw, 1000px\" \/><\/td><td>Maria Orpiszewska z Wodzi\u0144skich<\/td><\/tr><tr><td class=\"has-text-align-left\" data-align=\"left\"><strong>Data i miejsce urodzenia<\/strong><\/td><td>7 stycznia 1819 roku<br>Warszawa<\/td><\/tr><tr><td class=\"has-text-align-left\" data-align=\"left\"><strong>Data i miejsce \u015bmierci<\/strong><\/td><td>7 grudnia 1896 roku<br>K\u0142\u00f3bka<\/td><\/tr><tr><td class=\"has-text-align-left\" data-align=\"left\"><strong>Rodzice<\/strong><\/td><td>Wincenty (1784-1849)<br>Teresa (ok. 1790-1859)<\/td><\/tr><tr><td class=\"has-text-align-left\" data-align=\"left\"><strong>Rodze\u0144stwo<\/strong><\/td><td>Antoni (1812-1846)<br>Edmund (1814-1870)<br>Kazimierz (1817-?)<br>J\u00f3zefa (1824-1905)<br>Julian (ok. 1825-?)<br>Teresa (1831-1867)<\/td><\/tr><tr><td class=\"has-text-align-left\" data-align=\"left\"><strong>M\u0105\u017c<\/strong><\/td><td>J\u00f3zef Skarbek (1819-1900)<br>W\u0142adys\u0142aw Orpiszewski (ok. 1815-1881)<\/td><\/tr><tr><td class=\"has-text-align-left\" data-align=\"left\"><strong>Dzieci<\/strong><\/td><td>Tadeusz (1851-1854)<\/td><\/tr><\/tbody><\/table><\/figure>\n\n\n\n<p>Maria Wodzi\u0144ska, polska malarka, muza <a href=\"https:\/\/paryskiesalonyromantykow.pl\/index.php\/fryderyk-chopin\/\" data-type=\"page\" data-id=\"167\">Fryderyka Chopina<\/a> i <a href=\"https:\/\/paryskiesalonyromantykow.pl\/index.php\/juliusz-slowacki\/\" data-type=\"page\" data-id=\"153\">Juliusza S\u0142owackiego<\/a>, przysz\u0142a na \u015bwiat w Warszawie jako c\u00f3rka Wincentego Szymona Wodzi\u0144skiego, w\u0142a\u015bciciela maj\u0105tku S\u0142u\u017cewo i Su\u0142kowo na Kujawach, i Teresy Wodzi\u0144skiej. Bracia Marii uczyli si\u0119 przez rok na warszawskiej pensji <a href=\"https:\/\/paryskiesalonyromantykow.pl\/index.php\/mikolaj-chopin\/\" data-type=\"page\" data-id=\"540\">Miko\u0142aja Chopina<\/a>, przez co mi\u0119dzy rodzinami nawi\u0105za\u0142a si\u0119 wieloletnia przyja\u017a\u0144.<\/p>\n\n\n\n<p>Po powstaniu listopadowym Wodzi\u0144scy przeprowadzili si\u0119 do Genewy, gdzie pi\u0119tnastoletnia Maria pozna\u0142a dziesi\u0119\u0107 lat starszego Juliusza S\u0142owackiego. Nie wiadomo, jak dok\u0142adnie wygl\u0105da\u0142a ich relacja &#8211; w p\u00f3\u017aniejszych wspomnieniach poeta pisa\u0142, \u017ce to Wodzi\u0144ska straci\u0142a dla niego g\u0142ow\u0119, ona za\u015b zapewnia\u0142a, \u017ce nie mia\u0142a wtedy g\u0142owy do romans\u00f3w, a to on stara\u0142 si\u0119 o jej r\u0119k\u0119. W ka\u017cdym razie Juliusz odby\u0142 z Wodzi\u0144skimi wycieczk\u0119 w Alpy, a nast\u0119pnie uwieczni\u0142 to w poemacie &#8222;W Szwajcarii&#8221;. Nast\u0119pnie Maria z rodzicami przenios\u0142a si\u0119 do Drezna, gdzie odwiedzi\u0142 j\u0105 wracaj\u0105cy z Karlsbadu Fryderyk Chopin. Mi\u0119dzy m\u0142odymi zacz\u0119\u0142o kie\u0142kowa\u0107 uczucie. Kiedy spotkali si\u0119 w 1836 roku w Marienbadzie i Dre\u017anie, Fryderyk potajemnie o\u015bwiadczy\u0142 si\u0119 Marii i zosta\u0142 przyj\u0119ty za zgod\u0105 jej matki na okres pr\u00f3bny, pod warunkiem dbania o zdrowie.<\/p>\n\n\n\n<p>Wodzi\u0144scy wr\u00f3cili do Warszawy, Chopin za\u015b wyjecha\u0142 do Pary\u017ca. Stara\u0142 si\u0119 utrzymywa\u0107 z narzeczon\u0105 sta\u0142y kontakt listowny, jej rodzice jednak, zaniepokojeni stanem zdrowia Fryderyka i plotkami o jego romansach z <a href=\"https:\/\/paryskiesalonyromantykow.pl\/index.php\/delfina-potocka\/\" data-type=\"page\" data-id=\"489\">Delfin\u0105 Potock\u0105<\/a> i <a href=\"https:\/\/paryskiesalonyromantykow.pl\/index.php\/george-sand\/\" data-type=\"page\" data-id=\"172\">George Sand<\/a>, ostatecznie zerwali zar\u0119czyny. Chopin przewi\u0105za\u0142 ca\u0142\u0105 korespondencj\u0119 z Wodzi\u0144skimi sznurkiem i podpisa\u0142 &#8222;moja bi\u00e9da&#8221;.<\/p>\n\n\n\n<p>W 1841 roku Maria wysz\u0142a za hrabiego J\u00f3zefa Skarbka (syna Fryderyka Skarbka, kt\u00f3ry by\u0142 ojcem chrzestnym Fryderyka Chopina), jednak po siedmiu latach rozwiod\u0142a si\u0119 z nim i po\u015blubi\u0142a W\u0142adys\u0142awa Orpiszewskiego, dzier\u017cawc\u0119 maj\u0105tku Skarbka. Rodzice nie zaakceptowali jej drugiego zwi\u0105zku i zerwali z ni\u0105 kontakt, ona jednak by\u0142a szcz\u0119\u015bliwa z Orpiszewskim, kt\u00f3remu urodzi\u0142a syna Tadeusza Ludwika. Gdy u W\u0142adys\u0142awa pojawi\u0142y si\u0119 objawy choroby p\u0142uc, ma\u0142\u017conkowie przeprowadzili si\u0119 do W\u0142och. Po \u015bmierci m\u0119\u017ca w 1881 roku Maria wr\u00f3ci\u0142a z jego prochami do kraju i zamieszka\u0142a w K\u0142\u00f3bce u swojej siostrzenicy.<\/p>\n\n\n\n<p>Pod koniec \u017cycia wyzna\u0142a swemu bratankowi, Antoniemu: &#8222;Wszyscy mniemaj\u0105, \u017cem powinna by\u0107 dumna, \u017ce S\u0142owacki i Chopin we mnie si\u0119 kochali, a ja zawsze powtarzam, \u017ce z tego tylko dumna jestem, \u017ce taki cz\u0142owiek jak m\u00f3j m\u0105\u017c tak stale mnie kocha\u0142&#8221;. Zosta\u0142a pochowana w rodzinnym grobowcu w K\u0142\u00f3bce obok m\u0119\u017ca i syna.<\/p>\n","protected":false},"excerpt":{"rendered":"<p>Maria Orpiszewska z Wodzi\u0144skich Data i miejsce urodzenia 7 stycznia 1819 rokuWarszawa Data i miejsce \u015bmierci 7 grudnia 1896 rokuK\u0142\u00f3bka Rodzice Wincenty (1784-1849)Teresa (ok. 1790-1859) Rodze\u0144stwo Antoni (1812-1846)Edmund (1814-1870)Kazimierz (1817-?)J\u00f3zefa (1824-1905)Julian (ok. 1825-?)Teresa (1831-1867) M\u0105\u017c J\u00f3zef Skarbek (1819-1900)W\u0142adys\u0142aw Orpiszewski (ok. 1815-1881) Dzieci Tadeusz (1851-1854) Maria Wodzi\u0144ska, polska malarka, muza Fryderyka Chopina i Juliusza S\u0142owackiego, przysz\u0142a [&hellip;]<\/p>\n","protected":false},"author":1,"featured_media":0,"parent":0,"menu_order":0,"comment_status":"closed","ping_status":"closed","template":"","meta":[],"_links":{"self":[{"href":"https:\/\/paryskiesalonyromantykow.pl\/index.php\/wp-json\/wp\/v2\/pages\/255"}],"collection":[{"href":"https:\/\/paryskiesalonyromantykow.pl\/index.php\/wp-json\/wp\/v2\/pages"}],"about":[{"href":"https:\/\/paryskiesalonyromantykow.pl\/index.php\/wp-json\/wp\/v2\/types\/page"}],"author":[{"embeddable":true,"href":"https:\/\/paryskiesalonyromantykow.pl\/index.php\/wp-json\/wp\/v2\/users\/1"}],"replies":[{"embeddable":true,"href":"https:\/\/paryskiesalonyromantykow.pl\/index.php\/wp-json\/wp\/v2\/comments?post=255"}],"version-history":[{"count":2,"href":"https:\/\/paryskiesalonyromantykow.pl\/index.php\/wp-json\/wp\/v2\/pages\/255\/revisions"}],"predecessor-version":[{"id":1196,"href":"https:\/\/paryskiesalonyromantykow.pl\/index.php\/wp-json\/wp\/v2\/pages\/255\/revisions\/1196"}],"wp:attachment":[{"href":"https:\/\/paryskiesalonyromantykow.pl\/index.php\/wp-json\/wp\/v2\/media?parent=255"}],"curies":[{"name":"wp","href":"https:\/\/api.w.org\/{rel}","templated":true}]}}