{"id":250,"date":"2021-01-09T17:24:23","date_gmt":"2021-01-09T16:24:23","guid":{"rendered":"http:\/\/paryskiesalonyromantykow.pl\/?page_id=250"},"modified":"2023-05-19T15:35:27","modified_gmt":"2023-05-19T13:35:27","slug":"onufry-pietraszkiewicz","status":"publish","type":"page","link":"https:\/\/paryskiesalonyromantykow.pl\/index.php\/onufry-pietraszkiewicz\/","title":{"rendered":"Onufry Pietraszkiewicz"},"content":{"rendered":"\n<figure class=\"wp-block-table aligncenter is-style-stripes\"><table><tbody><tr><td class=\"has-text-align-left\" data-align=\"left\"><img loading=\"lazy\" width=\"1000\" height=\"1000\" class=\"wp-image-251\" style=\"width: 200px;\" src=\"http:\/\/paryskiesalonyromantykow.pl\/wp-content\/uploads\/2021\/01\/pjimage-7-2.jpg\" alt=\"\" srcset=\"https:\/\/paryskiesalonyromantykow.pl\/wp-content\/uploads\/2021\/01\/pjimage-7-2.jpg 1000w, https:\/\/paryskiesalonyromantykow.pl\/wp-content\/uploads\/2021\/01\/pjimage-7-2-300x300.jpg 300w, https:\/\/paryskiesalonyromantykow.pl\/wp-content\/uploads\/2021\/01\/pjimage-7-2-150x150.jpg 150w, https:\/\/paryskiesalonyromantykow.pl\/wp-content\/uploads\/2021\/01\/pjimage-7-2-768x768.jpg 768w\" sizes=\"(max-width: 1000px) 100vw, 1000px\" \/><\/td><td>Onufry Pietraszkiewicz<\/td><\/tr><tr><td class=\"has-text-align-left\" data-align=\"left\"><strong>Data i miejsce urodzenia<\/strong><\/td><td>26 wrze\u015bnia 1793 roku<br>Burdykowszczyzna<\/td><\/tr><tr><td class=\"has-text-align-left\" data-align=\"left\"><strong>Data i miejsce \u015bmierci<\/strong><\/td><td>7 grudnia 1863 roku<br>Wilno<\/td><\/tr><tr><td class=\"has-text-align-left\" data-align=\"left\"><strong>Rodzice<\/strong><\/td><td>?<br>Wiktoria<\/td><\/tr><tr><td class=\"has-text-align-left\" data-align=\"left\"><strong>Rodze\u0144stwo<\/strong><\/td><td>Micha\u0142<br>J\u00f3zef<br>Teresa<br>Katarzyna<br>Ignacy<br>Miko\u0142aj<\/td><\/tr><\/tbody><\/table><\/figure>\n\n\n\n<p>Onufry Pietraszkiewicz, poeta i wsp\u00f3\u0142za\u0142o\u017cyciel Towarzystwa Filomat\u00f3w, pochodzi\u0142 drobnej niezamo\u017cnej szlachty ze Szczuczyna i w 1815 roku rozpocz\u0105\u0142 studia na Uniwersytecie Wile\u0144skim, gdzie pozna\u0142 <a href=\"https:\/\/paryskiesalonyromantykow.pl\/index.php\/adam-mickiewicz\/\" data-type=\"page\" data-id=\"138\">Adama Mickiewicza<\/a> i <a href=\"https:\/\/paryskiesalonyromantykow.pl\/index.php\/tomasz-zan\/\" data-type=\"page\" data-id=\"217\">Tomasza Zana<\/a>. W Towarzystwie Filomat\u00f3w pe\u0142ni\u0142 funkcje archiwisty i skarbnika, gromadzi\u0142 korespondencj\u0119 przyjaci\u00f3\u0142 i notowa\u0142 wyg\u0142aszane wiersze. W 1820 roku jako stypendysta zosta\u0142 skierowany na studia do Warszawy, gdzie za\u0142o\u017cy\u0142 Zwi\u0105zek Przyjaci\u00f3\u0142, kt\u00f3ry mia\u0142 utrzymywa\u0107 kontakt z filomatami. Po otrzymaniu stopnia magistra filozofii zosta\u0142 nauczycielem wojew\u00f3dzkiej szko\u0142y lubelskiej.<\/p>\n\n\n\n<p>Wraz z przyjaci\u00f3\u0142mi zosta\u0142 aresztowany w procesie filomat\u00f3w i filaret\u00f3w, uda\u0142o mu si\u0119 jednak ukry\u0107 ca\u0142e archiwum filomat\u00f3w na wsi u swego brata Micha\u0142a. Zorganizowa\u0142 r\u00f3wnie\u017c komitet, kt\u00f3ry wspomaga\u0142 materialnie wi\u0119\u017ani\u00f3w i poucza\u0142 ich, jak maj\u0105 sk\u0142ada\u0107 zeznania. Ostatecznie skazano go na zes\u0142anie wg\u0142\u0105b Rosji. W Moskwie obj\u0105\u0142 stanowisko adiunkta na Uniwersytecie dla ods\u0142u\u017cenia stypendium. Po wybuchu powstania listopadowego pomaga\u0142 internowanym polskim oficerom Korpusu Litewskiego przedosta\u0107 si\u0119 do kraju, za co skazano go na \u015bmier\u0107. Wyrok ten zamieniono nast\u0119pnie na zes\u0142anie na Syberi\u0119, a tak\u017ce pozbawienie szlachectwa i stopnia magistra. Tras\u0119 z Moskwy do Tobolska przeszed\u0142 pieszo w p\u00f3\u0142 roku. Na miejscu prowadzi\u0142 bibliotek\u0119 wygna\u0144cz\u0105 sybirak\u00f3w, opiekowa\u0142 si\u0119 tak\u017ce zes\u0142a\u0144cami wsp\u00f3lnie z Gustawem Zieli\u0144skim i Konstantym Wolickim. Z czasem zosta\u0142 sekretarzem tamtejszego Towarzystwa Dobroczynno\u015bci.<\/p>\n\n\n\n<p>W 1859 roku pozwolono mu wr\u00f3ci\u0107 do Wilna, gdzie zamieszka\u0142 u brata J\u00f3zefa. Ostatnie lata \u017cycia po\u015bwi\u0119ci\u0142 porz\u0105dkowaniu archiwum filomat\u00f3w. Po \u015bmierci pochowano go na cmentarzu na Rossie.<\/p>\n","protected":false},"excerpt":{"rendered":"<p>Onufry Pietraszkiewicz Data i miejsce urodzenia 26 wrze\u015bnia 1793 rokuBurdykowszczyzna Data i miejsce \u015bmierci 7 grudnia 1863 rokuWilno Rodzice ?Wiktoria Rodze\u0144stwo Micha\u0142J\u00f3zefTeresaKatarzynaIgnacyMiko\u0142aj Onufry Pietraszkiewicz, poeta i wsp\u00f3\u0142za\u0142o\u017cyciel Towarzystwa Filomat\u00f3w, pochodzi\u0142 drobnej niezamo\u017cnej szlachty ze Szczuczyna i w 1815 roku rozpocz\u0105\u0142 studia na Uniwersytecie Wile\u0144skim, gdzie pozna\u0142 Adama Mickiewicza i Tomasza Zana. W Towarzystwie Filomat\u00f3w pe\u0142ni\u0142 [&hellip;]<\/p>\n","protected":false},"author":1,"featured_media":0,"parent":0,"menu_order":0,"comment_status":"closed","ping_status":"closed","template":"","meta":[],"_links":{"self":[{"href":"https:\/\/paryskiesalonyromantykow.pl\/index.php\/wp-json\/wp\/v2\/pages\/250"}],"collection":[{"href":"https:\/\/paryskiesalonyromantykow.pl\/index.php\/wp-json\/wp\/v2\/pages"}],"about":[{"href":"https:\/\/paryskiesalonyromantykow.pl\/index.php\/wp-json\/wp\/v2\/types\/page"}],"author":[{"embeddable":true,"href":"https:\/\/paryskiesalonyromantykow.pl\/index.php\/wp-json\/wp\/v2\/users\/1"}],"replies":[{"embeddable":true,"href":"https:\/\/paryskiesalonyromantykow.pl\/index.php\/wp-json\/wp\/v2\/comments?post=250"}],"version-history":[{"count":3,"href":"https:\/\/paryskiesalonyromantykow.pl\/index.php\/wp-json\/wp\/v2\/pages\/250\/revisions"}],"predecessor-version":[{"id":2244,"href":"https:\/\/paryskiesalonyromantykow.pl\/index.php\/wp-json\/wp\/v2\/pages\/250\/revisions\/2244"}],"wp:attachment":[{"href":"https:\/\/paryskiesalonyromantykow.pl\/index.php\/wp-json\/wp\/v2\/media?parent=250"}],"curies":[{"name":"wp","href":"https:\/\/api.w.org\/{rel}","templated":true}]}}