{"id":244,"date":"2021-01-09T17:10:51","date_gmt":"2021-01-09T16:10:51","guid":{"rendered":"http:\/\/paryskiesalonyromantykow.pl\/?page_id=244"},"modified":"2021-01-17T10:21:18","modified_gmt":"2021-01-17T09:21:18","slug":"alfred-de-musset","status":"publish","type":"page","link":"https:\/\/paryskiesalonyromantykow.pl\/index.php\/alfred-de-musset\/","title":{"rendered":"Alfred de Musset"},"content":{"rendered":"\n<figure class=\"wp-block-table aligncenter is-style-stripes\"><table><tbody><tr><td class=\"has-text-align-left\" data-align=\"left\"><img loading=\"lazy\" width=\"845\" height=\"1024\" class=\"wp-image-245\" style=\"width: 200px;\" src=\"http:\/\/paryskiesalonyromantykow.pl\/wp-content\/uploads\/2021\/01\/130998441_816572218913836_746235538785666739_o.jpg\" alt=\"\" srcset=\"https:\/\/paryskiesalonyromantykow.pl\/wp-content\/uploads\/2021\/01\/130998441_816572218913836_746235538785666739_o.jpg 845w, https:\/\/paryskiesalonyromantykow.pl\/wp-content\/uploads\/2021\/01\/130998441_816572218913836_746235538785666739_o-248x300.jpg 248w, https:\/\/paryskiesalonyromantykow.pl\/wp-content\/uploads\/2021\/01\/130998441_816572218913836_746235538785666739_o-768x931.jpg 768w\" sizes=\"(max-width: 845px) 100vw, 845px\" \/><\/td><td>Alfred Louis Charles de Musset<\/td><\/tr><tr><td class=\"has-text-align-left\" data-align=\"left\"><strong>Data i miejsce urodzenia<\/strong><\/td><td>10 grudnia 1810 roku<br>Pary\u017c<\/td><\/tr><tr><td class=\"has-text-align-left\" data-align=\"left\"><strong>Data i miejsce \u015bmierci<\/strong><\/td><td>2 maja 1857 roku<br>Pary\u017c<\/td><\/tr><tr><td class=\"has-text-align-left\" data-align=\"left\"><strong>Rodzice<\/strong><\/td><td>Victor (1768-1832)<br>Edm\u00e9e (1780-?)<\/td><\/tr><tr><td class=\"has-text-align-left\" data-align=\"left\"><strong>Rodze\u0144stwo<\/strong><\/td><td>Paul (1804-1880)<br>Charlotte (1819-1905)<\/td><\/tr><\/tbody><\/table><\/figure>\n\n\n\n<p>Alfred de Musset, francuski poeta, dramaturg i pisarz, przyszed\u0142 na \u015bwiat w zubo\u017ca\u0142ej arystokratycznej rodzinie, twierdzi\u0142 nawet, \u017ce do jego bezpo\u015brednich przodk\u00f3w nale\u017ca\u0142a siostra Joanny d&#8217;Arc. Z pewno\u015bci\u0105 jego rodzicami byli Victor-Donatien de Musset-Pathay, starszy urz\u0119dnik pracuj\u0105cy w Ministerstwie Wojny i wydawca dzie\u0142 Rousseau, oraz jego \u017cona Edm\u00e9e-Claudette-Christine Guyot-des-Herbiers. Po uko\u0144czeniu szko\u0142y \u015bredniej Lyc\u00e9e Henri-IV rozpocz\u0105\u0142 studia medyczne, prawnicze i malarskie, kt\u00f3re jednak szybko porzuci\u0142 na rzecz literatury. W 1829 roku wyda\u0142 sw\u00f3j pierwszy tomik poezji, &#8222;Contes d&#8217;Espagne et d&#8217;Italie&#8221;, staj\u0105c si\u0119 jednym z pierwszych poet\u00f3w tworz\u0105cych w nurcie romantyzmu. Szybko sta\u0142 si\u0119 znany tak\u017ce ze swojego dandyzmu i zami\u0142owania do rozpusty.<\/p>\n\n\n\n<p>W latach trzydziestych tworzy\u0142 sztuki, kt\u00f3re wystawiane w teatrze Od\u00e9on przynios\u0142y mu uznanie i pieni\u0105dze &#8211; Noc wenecka (1830), Andrea del Sarto (1833), Kaprysy Marianny (1833) Lorenzaccio (1834). Z kolei jego poezja nie zdoby\u0142a rozg\u0142osu w\u015br\u00f3d wsp\u00f3\u0142czesnych, cho\u0107 zachwyca\u0142 si\u0119 ni\u0105 <a href=\"https:\/\/paryskiesalonyromantykow.pl\/index.php\/aleksander-puszkin\/\" data-type=\"page\" data-id=\"426\">Puszkin<\/a>.<br>W 1833 roku zwi\u0105za\u0142 si\u0119 z pisark\u0105 <a href=\"https:\/\/paryskiesalonyromantykow.pl\/index.php\/george-sand\/\" data-type=\"page\" data-id=\"172\">George Sand<\/a>, kt\u00f3r\u0105 pozna\u0142 podczas kolacji wydanej przez Fran\u00e7oisa Buloza dla pracownik\u00f3w Revue des Deux Mondes. Wsp\u00f3lnie wyjechali na wakacje do W\u0142och, gdzie George niespodziewana zachorowa\u0142a na czerwonk\u0119. Podczas gdy ona le\u017ca\u0142a w \u0142\u00f3\u017cku przez dwa tygodnie, de Musset korzysta\u0142 z nocnego \u017cycia Wenecji, staj\u0105c si\u0119 rozpoznawaln\u0105 postaci\u0105 we wszystkich okolicznych burdelach. Gdy George wr\u00f3ci\u0142a do zdrowia, postanowi\u0142a rozsta\u0107 si\u0119 z Alfredem, zanim jednak zd\u0105\u017cy\u0142a to zrobi\u0107, poeta sam zachorowa\u0142. Pisarka opiekowa\u0142a si\u0119 nim, wezwa\u0142a tak\u017ce do niego m\u0142odego lekarza, Pietro Pagello, kt\u00f3ry zdiagnozowa\u0142 dur brzuszny. Podczas gdy de Musset powoli wraca\u0142 do zdrowia, opiekuj\u0105cy si\u0119 nim George i Pietro zakochali si\u0119 w sobie.<br>Po powrocie do Francji pisarka i poeta kilkakrotnie usi\u0142owali do siebie wr\u00f3ci\u0107, ich zwi\u0105zek stawa\u0142 si\u0119 jednak coraz bardziej destrukcyjny.<\/p>\n\n\n\n<p>Ostatecznie rozstali si\u0119 9 listopada 1834 roku, a w reakcji na to George obci\u0119\u0142a swoje d\u0142ugie w\u0142osy i wys\u0142a\u0142a je ukochanemu. Alfred opisa\u0142 ten zwi\u0105zek w swojej s\u0142ynnej powie\u015bci &#8222;Spowied\u017a dzieci\u0119cia wieku&#8221;.<br>W marcu 1835 roku zwi\u0105za\u0142 si\u0119 z Caroline Jaubert, \u017con\u0105 prawnika, a nast\u0119pnie z jej kuzynk\u0105, Aim\u00e9e-Ir\u00e8ne d&#8217;Alton. Aim\u00e9e-Ir\u00e8ne chcia\u0142a nawet go po\u015blubi\u0107, on jednak porzuci\u0142 j\u0105 dla \u015bpiewaczki operowej <a href=\"https:\/\/paryskiesalonyromantykow.pl\/index.php\/pauline-viardot\/\" data-type=\"page\" data-id=\"416\">Pauline Garcia<\/a>. Zaprzyja\u017aniona z George Sand Pauline nie przyj\u0119\u0142a go, a Aim\u00e9e-Ir\u00e8ne wysz\u0142a za brata Alfreda, Paula de Musset, kt\u00f3ry p\u00f3\u017aniej r\u00f3wnie\u017c zosta\u0142 pisarzem.<\/p>\n\n\n\n<p>Dzi\u0119ki przyja\u017ani z ksi\u0119ciem Orleanu w 1838 roku poeta zosta\u0142 bibliotekarzem Ministerstwa Spraw Wewn\u0119trznych, kt\u00f3r\u0105 to posad\u0119 straci\u0142 po rewolucji lutowej w 1848 roku. Popada\u0142 coraz bardziej w alkoholizm, a syfilis, kt\u00f3rym zarazi\u0142 si\u0119 w m\u0142odym wieku, i gru\u017alica wyniszcza\u0142y jego i tak s\u0142abe zdrowie. Zmar\u0142 w swoim domu przy rue du Mont-Thabor 6 w Pary\u017cu i pochowano go na cmentarzu P\u00e8re Lachaise.<\/p>\n","protected":false},"excerpt":{"rendered":"<p>Alfred Louis Charles de Musset Data i miejsce urodzenia 10 grudnia 1810 rokuPary\u017c Data i miejsce \u015bmierci 2 maja 1857 rokuPary\u017c Rodzice Victor (1768-1832)Edm\u00e9e (1780-?) Rodze\u0144stwo Paul (1804-1880)Charlotte (1819-1905) Alfred de Musset, francuski poeta, dramaturg i pisarz, przyszed\u0142 na \u015bwiat w zubo\u017ca\u0142ej arystokratycznej rodzinie, twierdzi\u0142 nawet, \u017ce do jego bezpo\u015brednich przodk\u00f3w nale\u017ca\u0142a siostra Joanny d&#8217;Arc. [&hellip;]<\/p>\n","protected":false},"author":1,"featured_media":0,"parent":0,"menu_order":0,"comment_status":"closed","ping_status":"closed","template":"","meta":[],"_links":{"self":[{"href":"https:\/\/paryskiesalonyromantykow.pl\/index.php\/wp-json\/wp\/v2\/pages\/244"}],"collection":[{"href":"https:\/\/paryskiesalonyromantykow.pl\/index.php\/wp-json\/wp\/v2\/pages"}],"about":[{"href":"https:\/\/paryskiesalonyromantykow.pl\/index.php\/wp-json\/wp\/v2\/types\/page"}],"author":[{"embeddable":true,"href":"https:\/\/paryskiesalonyromantykow.pl\/index.php\/wp-json\/wp\/v2\/users\/1"}],"replies":[{"embeddable":true,"href":"https:\/\/paryskiesalonyromantykow.pl\/index.php\/wp-json\/wp\/v2\/comments?post=244"}],"version-history":[{"count":2,"href":"https:\/\/paryskiesalonyromantykow.pl\/index.php\/wp-json\/wp\/v2\/pages\/244\/revisions"}],"predecessor-version":[{"id":1200,"href":"https:\/\/paryskiesalonyromantykow.pl\/index.php\/wp-json\/wp\/v2\/pages\/244\/revisions\/1200"}],"wp:attachment":[{"href":"https:\/\/paryskiesalonyromantykow.pl\/index.php\/wp-json\/wp\/v2\/media?parent=244"}],"curies":[{"name":"wp","href":"https:\/\/api.w.org\/{rel}","templated":true}]}}