{"id":229,"date":"2021-01-09T16:42:26","date_gmt":"2021-01-09T15:42:26","guid":{"rendered":"http:\/\/paryskiesalonyromantykow.pl\/?page_id=229"},"modified":"2022-01-14T20:40:40","modified_gmt":"2022-01-14T19:40:40","slug":"konstancja-gladkowska","status":"publish","type":"page","link":"https:\/\/paryskiesalonyromantykow.pl\/index.php\/konstancja-gladkowska\/","title":{"rendered":"Konstancja G\u0142adkowska"},"content":{"rendered":"\n<figure class=\"wp-block-table aligncenter is-style-stripes\"><table><tbody><tr><td class=\"has-text-align-left\" data-align=\"left\"><img loading=\"lazy\" width=\"1000\" height=\"1000\" class=\"wp-image-230\" style=\"width: 200px;\" src=\"http:\/\/paryskiesalonyromantykow.pl\/wp-content\/uploads\/2021\/01\/pjimage-5-2.jpg\" alt=\"\" srcset=\"https:\/\/paryskiesalonyromantykow.pl\/wp-content\/uploads\/2021\/01\/pjimage-5-2.jpg 1000w, https:\/\/paryskiesalonyromantykow.pl\/wp-content\/uploads\/2021\/01\/pjimage-5-2-300x300.jpg 300w, https:\/\/paryskiesalonyromantykow.pl\/wp-content\/uploads\/2021\/01\/pjimage-5-2-150x150.jpg 150w, https:\/\/paryskiesalonyromantykow.pl\/wp-content\/uploads\/2021\/01\/pjimage-5-2-768x768.jpg 768w\" sizes=\"(max-width: 1000px) 100vw, 1000px\" \/><\/td><td>Konstancja Salomea Grabowska z G\u0142adkowskich<\/td><\/tr><tr><td class=\"has-text-align-left\" data-align=\"left\"><strong>Data i miejsce urodzenia<\/strong><\/td><td>2 czerwca 1810 roku<br>Warszawa<\/td><\/tr><tr><td class=\"has-text-align-left\" data-align=\"left\"><strong>Data i miejsce \u015bmierci<\/strong><\/td><td>20 grudnia 1889 roku<br>Skierniewice<\/td><\/tr><tr><td class=\"has-text-align-left\" data-align=\"left\"><strong>Rodzice<\/strong><\/td><td>Andrzej G\u0142adkowski<br>Salomea z domu Woelke (1786-1833)<\/td><\/tr><tr><td class=\"has-text-align-left\" data-align=\"left\"><strong>Rodze\u0144stwo<\/strong><\/td><td>Aleksander (1813-?)<\/td><\/tr><tr><td class=\"has-text-align-left\" data-align=\"left\"><strong>M\u0105\u017c<\/strong><\/td><td>J\u00f3zef Grabowski (1804-1878)<\/td><\/tr><tr><td class=\"has-text-align-left\" data-align=\"left\"><strong>Dzieci<\/strong><\/td><td>Aleksander (1832-1897)<br>Stanis\u0142aw (1838-?)<br>Maria (1839-1873)<br>Zofia (?-1867)<\/td><\/tr><\/tbody><\/table><\/figure>\n\n\n\n<p>Konstancja G\u0142adkowska, \u015bpiewaczka, m\u0142odzie\u0144cza muza i pierwsza mi\u0142o\u015b\u0107 <a href=\"https:\/\/paryskiesalonyromantykow.pl\/index.php\/fryderyk-chopin\/\" data-type=\"page\" data-id=\"167\">Fryderyka Chopina<\/a>. By\u0142a c\u00f3rk\u0105 Andrzeja G\u0142adkowskiego, murgrabiego domu przy ulicy Zakroczymskiej w Warszawie, i jego \u017cony Salomei z domu Woelke vel Wilkin, za\u015b jej matk\u0105 chrzestn\u0105 by\u0142a nie\u015blubna c\u00f3rka kr\u00f3la Stanis\u0142awa Augusta, Konstancja z Cichockich \u017bwanowa.<\/p>\n\n\n\n<p>W 1824 roku rozpocz\u0119\u0142a nauk\u0119 \u015bpiewu w konserwatorium pod kierownictwem Carla Solivy, a po sko\u0144czeniu studi\u00f3w wesz\u0142a w sk\u0142ad zespo\u0142u artyst\u00f3w opery teatru warszawskiego. Ju\u017c od pierwszych wyst\u0119p\u00f3w uwa\u017cano j\u0105 za wyj\u0105tkowo zdoln\u0105 \u015bpiewaczk\u0119. 21 kwietnia 1829 roku na koncercie solistek warszawskiego konserwatorium pozna\u0142a m\u0142odego Fryderyka Chopina. Ich znajomo\u015b\u0107 trwa\u0142a p\u00f3\u0142tora roku, a\u017c do wyjazdu Fryderyka z kraju 11 pa\u017adziernika 1830 roku. Na po\u017cegnanie obdarowali si\u0119 pier\u015bcionkami, lecz p\u00f3\u017aniej utrzymywali kontakt listowny przez zaledwie rok.<\/p>\n\n\n\n<p>Dobrze zapowiadaj\u0105ca si\u0119 kariera Konstancji dobieg\u0142a ko\u0144ca, gdy 31 stycznia 1832 roku w Warszawie wysz\u0142a za m\u0105\u017c za J\u00f3zefa Grabowskiego i zamieszka\u0142a w jego maj\u0105tku Raducz. Ma\u0142\u017ce\u0144stwo okaza\u0142o si\u0119 udane, a Grabowscy doczekali si\u0119 pi\u0119ciorga dzieci. Niestety J\u00f3zef nie radzi\u0142 sobie z prowadzeniem gospodarstwa, skutkiem czego rodzina popad\u0142a w k\u0142opoty finansowe.<\/p>\n\n\n\n<p>W 1845 roku Konstancja niespodziewanie zacz\u0119\u0142a traci\u0107 wzrok. Cho\u0107 odwiedzi\u0142a kilku wybitnych okulist\u00f3w w Poznaniu i Pary\u017cu, nie uda\u0142o im si\u0119 uratowa\u0107 jej przed ociemnieniem. Znosi\u0142a to jednak z cierpliwo\u015bci\u0105 i pogod\u0105 ducha, do ko\u0144ca \u017cycia kieruj\u0105c domem oraz zajmuj\u0105c si\u0119 wychowaniem dzieci i wnuk\u00f3w. Nie by\u0142 to koniec trosk \u2013 jej dwie c\u00f3rki zmar\u0142y m\u0142odo, za\u015b uw\u0142aszczenie ch\u0142op\u00f3w dodatkowo pogorszy\u0142o sytuacj\u0119 materialn\u0105 Grabowskich.<\/p>\n\n\n\n<p>Po \u015bmierci m\u0119\u017ca w 1878 roku i sprzedaniu Raducza Konstancja przenios\u0142a si\u0119 do rodziny Skierniewic, gdzie zamieszka\u0142a w modrzewiowym dworze z XVIII roku. Cho\u0107 ch\u0119tnie opowiada\u0142a o Fryderyku i swojej znajomo\u015bci z nim, postanowi\u0142a spali\u0107 ca\u0142\u0105 korespondencj\u0119 z ukochanym. Zmar\u0142a w wieku 79 lat i pochowano j\u0105 w grobie m\u0119\u017ca w Babsku w powiecie rawskim.<\/p>\n","protected":false},"excerpt":{"rendered":"<p>Konstancja Salomea Grabowska z G\u0142adkowskich Data i miejsce urodzenia 2 czerwca 1810 rokuWarszawa Data i miejsce \u015bmierci 20 grudnia 1889 rokuSkierniewice Rodzice Andrzej G\u0142adkowskiSalomea z domu Woelke (1786-1833) Rodze\u0144stwo Aleksander (1813-?) M\u0105\u017c J\u00f3zef Grabowski (1804-1878) Dzieci Aleksander (1832-1897)Stanis\u0142aw (1838-?)Maria (1839-1873)Zofia (?-1867) Konstancja G\u0142adkowska, \u015bpiewaczka, m\u0142odzie\u0144cza muza i pierwsza mi\u0142o\u015b\u0107 Fryderyka Chopina. By\u0142a c\u00f3rk\u0105 Andrzeja G\u0142adkowskiego, [&hellip;]<\/p>\n","protected":false},"author":1,"featured_media":0,"parent":0,"menu_order":0,"comment_status":"closed","ping_status":"closed","template":"","meta":[],"_links":{"self":[{"href":"https:\/\/paryskiesalonyromantykow.pl\/index.php\/wp-json\/wp\/v2\/pages\/229"}],"collection":[{"href":"https:\/\/paryskiesalonyromantykow.pl\/index.php\/wp-json\/wp\/v2\/pages"}],"about":[{"href":"https:\/\/paryskiesalonyromantykow.pl\/index.php\/wp-json\/wp\/v2\/types\/page"}],"author":[{"embeddable":true,"href":"https:\/\/paryskiesalonyromantykow.pl\/index.php\/wp-json\/wp\/v2\/users\/1"}],"replies":[{"embeddable":true,"href":"https:\/\/paryskiesalonyromantykow.pl\/index.php\/wp-json\/wp\/v2\/comments?post=229"}],"version-history":[{"count":5,"href":"https:\/\/paryskiesalonyromantykow.pl\/index.php\/wp-json\/wp\/v2\/pages\/229\/revisions"}],"predecessor-version":[{"id":2069,"href":"https:\/\/paryskiesalonyromantykow.pl\/index.php\/wp-json\/wp\/v2\/pages\/229\/revisions\/2069"}],"wp:attachment":[{"href":"https:\/\/paryskiesalonyromantykow.pl\/index.php\/wp-json\/wp\/v2\/media?parent=229"}],"curies":[{"name":"wp","href":"https:\/\/api.w.org\/{rel}","templated":true}]}}