{"id":212,"date":"2021-01-09T16:10:01","date_gmt":"2021-01-09T15:10:01","guid":{"rendered":"http:\/\/paryskiesalonyromantykow.pl\/?page_id=212"},"modified":"2021-07-31T23:44:24","modified_gmt":"2021-07-31T21:44:24","slug":"narcyza-zmichowska","status":"publish","type":"page","link":"https:\/\/paryskiesalonyromantykow.pl\/index.php\/narcyza-zmichowska\/","title":{"rendered":"Narcyza \u017bmichowska"},"content":{"rendered":"\n<figure class=\"wp-block-table aligncenter is-style-stripes\"><table><tbody><tr><td class=\"has-text-align-left\" data-align=\"left\"><img loading=\"lazy\" width=\"1000\" height=\"1000\" class=\"wp-image-214\" style=\"width: 200px;\" src=\"http:\/\/paryskiesalonyromantykow.pl\/wp-content\/uploads\/2021\/01\/pjimage-2-1.jpg\" alt=\"\" srcset=\"https:\/\/paryskiesalonyromantykow.pl\/wp-content\/uploads\/2021\/01\/pjimage-2-1.jpg 1000w, https:\/\/paryskiesalonyromantykow.pl\/wp-content\/uploads\/2021\/01\/pjimage-2-1-300x300.jpg 300w, https:\/\/paryskiesalonyromantykow.pl\/wp-content\/uploads\/2021\/01\/pjimage-2-1-150x150.jpg 150w, https:\/\/paryskiesalonyromantykow.pl\/wp-content\/uploads\/2021\/01\/pjimage-2-1-768x768.jpg 768w\" sizes=\"(max-width: 1000px) 100vw, 1000px\" \/><\/td><td>Narcyza Kazimiera J\u00f3zefa \u017bmichowska<\/td><\/tr><tr><td class=\"has-text-align-left\" data-align=\"left\"><strong>Data i miejsce urodzenia<\/strong><\/td><td>4 marca 1819 roku<br>Warszawa<\/td><\/tr><tr><td class=\"has-text-align-left\" data-align=\"left\"><strong>Data i miejsce \u015bmierci<\/strong><\/td><td>25 grudnia 1876 roku<br>Warszawa<\/td><\/tr><tr><td class=\"has-text-align-left\" data-align=\"left\"><strong>Rodzice<\/strong><\/td><td>Jan \u017bmichowski (1765-1838)<br>Wiktoria z Kiedrzy\u0144skich (1769-1819)<\/td><\/tr><tr><td class=\"has-text-align-left\" data-align=\"left\"><strong>Rodze\u0144stwo<\/strong><\/td><td>Hiacynt (1801-1871)<br>Erazm (1806?-1868)<br>Beniamin (?-1828)<br>Wiktoria (1809-1899)<br>Kornelia (1810-1902)<br>Lilia (1811-1893)<br>Jan (1814-1843)<br>Hortensja (1815-?)<br>Wanda (1817?-1853)<\/td><\/tr><\/tbody><\/table><\/figure>\n\n\n\n<p>Narcyza \u017bmichowska, poetka, pisarka i edukatorka, prekursorka feminizmu w Polsce. By\u0142a dziesi\u0105tym dzieckiem Jana \u017bmichowskiego, pisarza \u017cupy solnej w Nowym Mie\u015bcie nad Pilic\u0105 i Wiktorii z Kiedrzy\u0144skich. Urodzi\u0142a si\u0119 w Warszawie, dok\u0105d przywieziono jej matk\u0119 z powodu pogarszaj\u0105cego si\u0119 stanu zdrowia w czasie ci\u0105\u017cy. Niestety Wiktoria zmar\u0142a w trzy dni po urodzeniu dziecka, co mia\u0142o silny wp\u0142yw na najm\u0142odsz\u0105 c\u00f3rk\u0119. Jan nie interesowa\u0142 si\u0119 ma\u0142\u0105 Narcyz\u0105, wi\u0119c zaopiekowali si\u0119 ni\u0105 trzej starsi bracia. Przekazywali jej rodzinne tradycje intelektualne i patriotyczne \u2013 ojciec bra\u0142 udzia\u0142 w insurekcji ko\u015bciuszkowskiej, wujowie ze strony matki w wojnach napoleo\u0144skich, a sami bracia, w\u0142\u0105cznie z pi\u0119tnastoletnim Janem przy\u0142\u0105czyli si\u0119 do powstania listopadowego.<\/p>\n\n\n\n<p>Narcyza uczy\u0142a si\u0119 na pensji Zuzanny Wilczy\u0144skiej, po czym uko\u0144czy\u0142a Rz\u0105dowy Instytut Guwernantek, gdzie pozna\u0142a Klementyn\u0119 z Ta\u0144skich Hoffmanow\u0105, prowadz\u0105c\u0105 wyk\u0142ady na temat \u201emoralno\u015bci kobiet\u201d. Panie nie przypad\u0142y sobie do gustu, a \u017bmichowska nie pochwala\u0142a jej systemu pedagogicznego i metod nauczania, czemu da\u0142a wyraz po latach, przygotowuj\u0105c edycj\u0119 \u201eDzie\u0142 zebranych\u201d Hoffmanowej. Po uko\u0144czeniu Instytutu mieszka\u0142a u wujostwa Kiedrzy\u0144skich w M\u0119\u017ceninie, lecz pragn\u0119\u0142a dalej rozwija\u0107 si\u0119 intelektualnie. W 1838 roku zosta\u0142a guwernantk\u0105 w domu ordynata Konstantego i Anieli Zamoyskich, z kt\u00f3rymi wyjecha\u0142a do Francji, gdzie na emigracji przebywa\u0142 jej brat Erazm. Za jego spraw\u0105 Narcyza pozna\u0142a demokratyczne grupy patriotyczne oraz dokszta\u0142ca\u0142a si\u0119 w Bibliotece Narodowej w Pary\u017cu. Nie podoba\u0142o si\u0119 to Zamoyskim, kt\u00f3rzy zwolnili j\u0105 z pracy, ona jednak nie przej\u0119\u0142a si\u0119 tym specjalnie. \u015aci\u0119\u0142a w\u0142osy i wzorem <a href=\"https:\/\/paryskiesalonyromantykow.pl\/index.php\/george-sand\/\" data-type=\"page\" data-id=\"172\">George Sand<\/a> zacz\u0119\u0142a pali\u0107 cygara, a we wrze\u015bniu 1839 roku, wbrew konwenansom zabraniaj\u0105cym m\u0142odej pannie podr\u00f3\u017cowa\u0107 samotnie, wr\u00f3ci\u0142a samodzielnie do Warszawy.<\/p>\n\n\n\n<p>W kraju zetkn\u0119\u0142a si\u0119 z wieloma podobnie my\u015bl\u0105cymi osobami, z kt\u00f3rymi anga\u017cowa\u0142a si\u0119 w r\u00f3\u017cne formy dzia\u0142alno\u015bci patriotycznej \u2013 wsp\u00f3\u0142praca z organizacjami spiskowymi, akcje o\u015bwiatowe i propagandowe oraz pomoc dla wi\u0119\u017ani\u00f3w politycznych. Narcyza debiutowa\u0142a w 1841 roku wierszem \u201eSzcz\u0119\u015bcie poety\u201d, zyskuj\u0105c uznanie recenzent\u00f3w. Zmotywowa\u0142o j\u0105 to do dalszej tw\u00f3rczo\u015bci, publikowa\u0142a m.in. w \u201ePrzegl\u0105dzie Naukowym\u201d i \u201ePielgrzymie\u201d. Stworzy\u0142a wok\u00f3\u0142 siebie kr\u0105g kobiet o zbli\u017conych pogl\u0105dach, nazywaj\u0105c je entuzjastkami. Przenios\u0142a si\u0119 z Warszawy do Wielkopolski w zwi\u0105zku z zainteresowaniem zaborcy jej dzia\u0142alno\u015bci\u0105, ale r\u00f3wnie\u017c dlatego, \u017ce rodzina coraz usilniej pragn\u0119\u0142a wyda\u0107 j\u0105 za m\u0105\u017c. Narcyza usi\u0142owa\u0142a za\u0142o\u017cy\u0107 w\u0142asny zak\u0142ad naukowy dla dziewcz\u0105t, jednak plany te spe\u0142z\u0142y na niczym. W tym czasie pozna\u0142a r\u00f3wnie\u017c W\u0142adys\u0142awa Dzwonkowskiego i Paulin\u0119 Zbyszewsk\u0105, z kt\u00f3rymi po\u0142\u0105czy\u0142y j\u0105 silne relacje emocjonalne.<\/p>\n\n\n\n<p>W lutym 1845 roku wr\u00f3ci\u0142a do Warszawy, gdzie powsta\u0142a jej najs\u0142ynniejsza powie\u015b\u0107, \u201ePoganka\u201d. Nast\u0119pnie Narcyza wyda\u0142a dwa podr\u0119czniki, pragn\u0105c dalej szerzy\u0107 o\u015bwiat\u0119, jednak w trakcie druku drugiego z nich w 1849 roku aresztowano j\u0105 za dzia\u0142alno\u015b\u0107 konspiracyjn\u0105 i osadzono w klasztorze Karmelitanek w Lublinie. Pobyt w wi\u0119zieniu zrujnowa\u0142 jej zdrowie i udr\u0119czy\u0142 j\u0105 psychicznie, mimo to nie z\u0142ama\u0142a si\u0119 w przeciwie\u0144stwie do wielu swoich towarzyszy (cho\u0107by Zbyszewskiej). W 1852 roku zwolniono j\u0105 z wyrokiem skazuj\u0105cym na przymusowy pobyt w Lublinie pod nadzorem policji. Zamieszka\u0142a u siostry Hortensji, obecnie po m\u0119\u017cu Duninowej.<\/p>\n\n\n\n<p>W 1855 roku Narcyza wreszcie mog\u0142a wr\u00f3ci\u0107 do Warszawy, gdzie za\u0142o\u017cy\u0142a w\u0142asn\u0105 pensj\u0119 dla dziewcz\u0105t przy ulicy Miodowej. Miejsce to zacz\u0119to nazywa\u0107 \u201eMiodog\u00f3rzem\u201d. Program pensji jak na \u00f3wczesne czasy by\u0142 rewolucyjny \u2013 istnia\u0142y tam dwa bloki nauczania: gospodarsko-praktyczny dla kobiet, kt\u00f3re pragn\u0119\u0142y po\u015bwi\u0119ci\u0107 si\u0119 \u017cyciu domowemu, i naukowy, dla dziewcz\u0105t marz\u0105cych o karierze. Poza nauk\u0105 typowo szkolnych przedmiot\u00f3w wa\u017cnym elementem pensji by\u0142o wyrabianie \u015bwiadomo\u015bci patriotycznej i nauka samodzielnego my\u015blenia. W tym czasie Narcyza wr\u00f3ci\u0142a do tw\u00f3rczo\u015bci literackiej, pisz\u0105c utw\u00f3r &#8222;Bia\u0142a r\u00f3\u017ca&#8221; b\u0119d\u0105cy po\u0142\u0105czeniem powie\u015bci z esejem psychologicznym. Coraz trudniej przychodzi\u0142o jej jednak doprowadzenie do ko\u0144ca w\u0142asnych pr\u00f3b literackich, nie wierzy\u0142a bowiem we w\u0142asny talent i w romantyczne traktowanie sztuki jako warto\u015bci samej dla siebie.<\/p>\n\n\n\n<p>W drugiej po\u0142owie lat 50. XIX wieku zainteresowa\u0142a si\u0119 towianizmem i napisa\u0142a do <a href=\"https:\/\/paryskiesalonyromantykow.pl\/index.php\/andrzej-towianski\/\" data-type=\"page\" data-id=\"203\">Andrzeja Towia\u0144skiego<\/a> z pro\u015bb\u0105 o przyj\u0119cie do Ko\u0142a Sprawy Bo\u017cej, lecz ostatecznie przewa\u017cy\u0142 indywidualizm i niemo\u017cno\u015b\u0107 przyj\u0119cia wszystkich za\u0142o\u017ce\u0144 Sprawy.<\/p>\n\n\n\n<p>Gdy 1863 roku wybuch\u0142o powstanie styczniowe, Narcyza, przeciwna wszelkiej walce zbrojnej i agresywnej dzia\u0142alno\u015bci konspiracyjnej, zaanga\u017cowa\u0142a si\u0119 w pomoc rannym i wi\u0119\u017aniom. Pog\u0142\u0119biaj\u0105ca si\u0119 depresja i fizyczne dolegliwo\u015bci kaza\u0142y jej wyjecha\u0107 do siostry na wie\u015b, gdzie zosta\u0142a niemal do ko\u0144ca \u017cycia. W 1874 roku przeprowadzi\u0142a si\u0119 do Warszawy, gdzie zmar\u0142a po dw\u00f3ch latach. Pochowano j\u0105 na warszawskich Pow\u0105zkach.<\/p>\n","protected":false},"excerpt":{"rendered":"<p>Narcyza Kazimiera J\u00f3zefa \u017bmichowska Data i miejsce urodzenia 4 marca 1819 rokuWarszawa Data i miejsce \u015bmierci 25 grudnia 1876 rokuWarszawa Rodzice Jan \u017bmichowski (1765-1838)Wiktoria z Kiedrzy\u0144skich (1769-1819) Rodze\u0144stwo Hiacynt (1801-1871)Erazm (1806?-1868)Beniamin (?-1828)Wiktoria (1809-1899)Kornelia (1810-1902)Lilia (1811-1893)Jan (1814-1843)Hortensja (1815-?)Wanda (1817?-1853) Narcyza \u017bmichowska, poetka, pisarka i edukatorka, prekursorka feminizmu w Polsce. By\u0142a dziesi\u0105tym dzieckiem Jana \u017bmichowskiego, pisarza \u017cupy [&hellip;]<\/p>\n","protected":false},"author":1,"featured_media":0,"parent":0,"menu_order":0,"comment_status":"closed","ping_status":"closed","template":"","meta":[],"_links":{"self":[{"href":"https:\/\/paryskiesalonyromantykow.pl\/index.php\/wp-json\/wp\/v2\/pages\/212"}],"collection":[{"href":"https:\/\/paryskiesalonyromantykow.pl\/index.php\/wp-json\/wp\/v2\/pages"}],"about":[{"href":"https:\/\/paryskiesalonyromantykow.pl\/index.php\/wp-json\/wp\/v2\/types\/page"}],"author":[{"embeddable":true,"href":"https:\/\/paryskiesalonyromantykow.pl\/index.php\/wp-json\/wp\/v2\/users\/1"}],"replies":[{"embeddable":true,"href":"https:\/\/paryskiesalonyromantykow.pl\/index.php\/wp-json\/wp\/v2\/comments?post=212"}],"version-history":[{"count":3,"href":"https:\/\/paryskiesalonyromantykow.pl\/index.php\/wp-json\/wp\/v2\/pages\/212\/revisions"}],"predecessor-version":[{"id":1833,"href":"https:\/\/paryskiesalonyromantykow.pl\/index.php\/wp-json\/wp\/v2\/pages\/212\/revisions\/1833"}],"wp:attachment":[{"href":"https:\/\/paryskiesalonyromantykow.pl\/index.php\/wp-json\/wp\/v2\/media?parent=212"}],"curies":[{"name":"wp","href":"https:\/\/api.w.org\/{rel}","templated":true}]}}