{"id":2088,"date":"2022-01-20T19:00:08","date_gmt":"2022-01-20T18:00:08","guid":{"rendered":"http:\/\/paryskiesalonyromantykow.pl\/?page_id=2088"},"modified":"2022-01-20T19:04:00","modified_gmt":"2022-01-20T18:04:00","slug":"tekla-badarzewska-baranowska","status":"publish","type":"page","link":"https:\/\/paryskiesalonyromantykow.pl\/index.php\/tekla-badarzewska-baranowska\/","title":{"rendered":"Tekla B\u0105darzewska-Baranowska"},"content":{"rendered":"\n<figure class=\"wp-block-table aligncenter is-style-stripes\"><table><tbody><tr><td class=\"has-text-align-left\" data-align=\"left\"><\/td><td>Tekla B\u0105darzewska-Baranowska<\/td><\/tr><tr><td class=\"has-text-align-left\" data-align=\"left\"><strong>Data i miejsce urodzenia<\/strong><\/td><td>17 wrze\u015bnia 1823 roku<br>M\u0142awa<\/td><\/tr><tr><td class=\"has-text-align-left\" data-align=\"left\"><strong>Data i miejsce \u015bmierci<\/strong><\/td><td>29 wrze\u015bnia 1861 roku<br>Warszawa<\/td><\/tr><tr><td class=\"has-text-align-left\" data-align=\"left\"><strong>Rodzice<\/strong><\/td><td>Andrzej B\u0105darzewski (ok. 1789-1872)<br>Tekla z Chrzanowskich (ok. 1800-1872)<\/td><\/tr><tr><td class=\"has-text-align-left\" data-align=\"left\"><strong>Rodze\u0144stwo<\/strong><\/td><td>Julia (ok. 1827-1893)<br>Hipolit (1837-1881)<\/td><\/tr><tr><td class=\"has-text-align-left\" data-align=\"left\"><strong>M\u0105\u017c<\/strong><\/td><td>Jan Baranowski (ok. 1826-?)<\/td><\/tr><tr><td class=\"has-text-align-left\" data-align=\"left\"><strong>Dzieci<\/strong><\/td><td>Maria Waleria (1855-?)<br>Bronis\u0142awa Maria (1856-?)<br>Janina Tekla Stanis\u0142awa Gabriela (1857-?)<\/td><\/tr><\/tbody><\/table><\/figure>\n\n\n\n<p>Tekla B\u0105darzewska-Baranowska, polska pianistka i kompozytorka, autorka niezwykle popularnego utworu \u201eModlitwa dziewicy\u201d. Zachowa\u0142o si\u0119 niewiele informacji na temat jej \u017cycia. By\u0142a c\u00f3rk\u0105 Andrzeja B\u0105darzewskiego, komisarza policji wykonawczej, i jego \u017cony Tekli z Chrzanowskich. Cho\u0107 ona i jej siostra Julia przysz\u0142y na \u015bwiat w M\u0142awie, gdzie mieszka\u0142a ca\u0142a rodzina, ich ojciec zg\u0142osi\u0142 ich narodziny w Warszawie, dok\u0105d je\u017adzi\u0142 do pracy. W latach trzydziestych XIX wieku B\u0105darzewscy przeprowadzili si\u0119 do stolicy, gdzie przysz\u0142o na \u015bwiat ich najm\u0142odsze dziecko, syn Hipolit.<\/p>\n\n\n\n<p>Nie wiadomo, jak\u0105 edukacj\u0119 muzyczn\u0105 odebra\u0142a, ale ju\u017c jako dwudziestolatka wyda\u0142a sw\u00f3j pierwszy utw\u00f3r \u2013 \u201eValse pour la piano forte\u201d, nak\u0142adem warszawskiego ksi\u0119garza Franciszka Henryka Spiessa. Za\u015b w 1851 roku ukaza\u0142a si\u0119 \u201eModlitwa dziewicy\u201d (\u201eLa pri\u00e8re d\u2019une vierge\u201d), kompozycja, kt\u00f3ra zdoby\u0142a mi\u0119dzynarodow\u0105 popularno\u015b\u0107. Jej kolejne wydania ukazywa\u0142y si\u0119 co kilka miesi\u0119cy. Opromieniona s\u0142aw\u0105 Tekla po\u015blubi\u0142a 30 kwietnia 1852 roku w Warszawie Jana Baranowskiego, sekretarza gubernialnym w IV Wydziale Kancelarii Genera\u0142a Intendenta. Doczekali si\u0119 trzech c\u00f3rek \u2013 Marii Walerii, Bronis\u0142awy Marii i Janiny Tekli Stanis\u0142awy Gabrieli (cho\u0107 nekrolog Tekli wspomina o pi\u0119ciorgu dzieci).<\/p>\n\n\n\n<p>Tymczasem \u201eModlitwa dziewicy\u201d ukaza\u0142a si\u0119 za granic\u0105 \u2013 najpierw w Berlinie i Poznaniu w 1855 roku, za\u015b trzy lata p\u00f3\u017aniej w Pary\u017cu i Belgii. Niebawem trafi\u0142a tak\u017ce do Nowego Jorku i Londynu. Popularno\u015b\u0107 ta mia\u0142a swoj\u0105 ciemn\u0105 stron\u0119 \u2013 w polskiej prasie zacz\u0119\u0142y pojawia\u0142y si\u0119 liczne s\u0142owa krytyczne na temat kompozycji, tym g\u0142o\u015bniejsze, im wi\u0119kszy rozg\u0142os towarzyszy\u0142 utworowi.<\/p>\n\n\n\n<p>Tekla z nieznanych przyczyn zmar\u0142a w wieku 38 lat w Warszawie i zosta\u0142a pochowana na Cmentarzu Pow\u0105zkowskim.<\/p>\n","protected":false},"excerpt":{"rendered":"<p>Tekla B\u0105darzewska-Baranowska Data i miejsce urodzenia 17 wrze\u015bnia 1823 rokuM\u0142awa Data i miejsce \u015bmierci 29 wrze\u015bnia 1861 rokuWarszawa Rodzice Andrzej B\u0105darzewski (ok. 1789-1872)Tekla z Chrzanowskich (ok. 1800-1872) Rodze\u0144stwo Julia (ok. 1827-1893)Hipolit (1837-1881) M\u0105\u017c Jan Baranowski (ok. 1826-?) Dzieci Maria Waleria (1855-?)Bronis\u0142awa Maria (1856-?)Janina Tekla Stanis\u0142awa Gabriela (1857-?) Tekla B\u0105darzewska-Baranowska, polska pianistka i kompozytorka, autorka niezwykle [&hellip;]<\/p>\n","protected":false},"author":1,"featured_media":0,"parent":0,"menu_order":0,"comment_status":"closed","ping_status":"closed","template":"","meta":[],"_links":{"self":[{"href":"https:\/\/paryskiesalonyromantykow.pl\/index.php\/wp-json\/wp\/v2\/pages\/2088"}],"collection":[{"href":"https:\/\/paryskiesalonyromantykow.pl\/index.php\/wp-json\/wp\/v2\/pages"}],"about":[{"href":"https:\/\/paryskiesalonyromantykow.pl\/index.php\/wp-json\/wp\/v2\/types\/page"}],"author":[{"embeddable":true,"href":"https:\/\/paryskiesalonyromantykow.pl\/index.php\/wp-json\/wp\/v2\/users\/1"}],"replies":[{"embeddable":true,"href":"https:\/\/paryskiesalonyromantykow.pl\/index.php\/wp-json\/wp\/v2\/comments?post=2088"}],"version-history":[{"count":1,"href":"https:\/\/paryskiesalonyromantykow.pl\/index.php\/wp-json\/wp\/v2\/pages\/2088\/revisions"}],"predecessor-version":[{"id":2090,"href":"https:\/\/paryskiesalonyromantykow.pl\/index.php\/wp-json\/wp\/v2\/pages\/2088\/revisions\/2090"}],"wp:attachment":[{"href":"https:\/\/paryskiesalonyromantykow.pl\/index.php\/wp-json\/wp\/v2\/media?parent=2088"}],"curies":[{"name":"wp","href":"https:\/\/api.w.org\/{rel}","templated":true}]}}