{"id":2084,"date":"2022-01-18T20:39:31","date_gmt":"2022-01-18T19:39:31","guid":{"rendered":"http:\/\/paryskiesalonyromantykow.pl\/?page_id=2084"},"modified":"2022-01-18T20:39:32","modified_gmt":"2022-01-18T19:39:32","slug":"august-antoni-jakubowski","status":"publish","type":"page","link":"https:\/\/paryskiesalonyromantykow.pl\/index.php\/august-antoni-jakubowski\/","title":{"rendered":"August Antoni Jakubowski"},"content":{"rendered":"\n<figure class=\"wp-block-table aligncenter is-style-stripes\"><table><tbody><tr><td class=\"has-text-align-left\" data-align=\"left\"><\/td><td>August Antoni Jakubowski<\/td><\/tr><tr><td class=\"has-text-align-left\" data-align=\"left\"><strong>Data i miejsce urodzenia<\/strong><\/td><td>ok. 1816 roku<br>Podole<\/td><\/tr><tr><td class=\"has-text-align-left\" data-align=\"left\"><strong>Data i miejsce \u015bmierci<\/strong><\/td><td>24 maja 1837 roku<br>Northampton<\/td><\/tr><tr><td class=\"has-text-align-left\" data-align=\"left\"><strong>Rodzice<\/strong><\/td><td><a href=\"http:\/\/paryskiesalonyromantykow.pl\/index.php\/antoni-malczewski\/\" data-type=\"page\" data-id=\"1715\">Antoni Malczewski<\/a> (1793-1826)<br><span class=\"has-inline-color has-vivid-red-color\">matka nieznana<\/span><\/td><\/tr><\/tbody><\/table><\/figure>\n\n\n\n<p>August Antoni Jakubowski, poeta, nie\u015blubny syn Antoniego Malczewskiego. Jego matka pozostaje do dzi\u015b nieznana, cho\u0107 musia\u0142a nale\u017ce\u0107 do znacz\u0105cej i maj\u0119tnej rodziny, gdy\u017c zapewni\u0142a potomkowi znakomite wykszta\u0142cenie. On za\u015b po latach wspomina\u0142 j\u0105 z wielkim uczuciem i mocno prze\u017cywa\u0142 swoje roz\u0142\u0105czenie z ni\u0105. Wychowywa\u0142 si\u0119 na Podolu wraz z przyjacielem Paw\u0142em Sobolewskim. Swego s\u0142awnego ojca pozna\u0142 dopiero w wieku 10 lat, gdy ten przyjecha\u0142 w odwiedziny na Wo\u0142y\u0144. Mimo skomplikowanej sytuacji rodzinnej Jakubowski nie \u017cywi\u0142 do Malczewskiego urazy, a wr\u0119cz by\u0142 dumny ze swego pochodzenia.<\/p>\n\n\n\n<p>Rozpocz\u0105\u0142 nauk\u0119 w Liceum Krzemienieckim, do kt\u00f3rego wcze\u015bniej ucz\u0119szcza\u0142 jego ojciec, nie sko\u0144czy\u0142 jej jednak przez wybuch powstania listopadowego. Ze wzgl\u0119du na m\u0142ody wiek nie walczy\u0142 z broni\u0105 w r\u0119ku, lecz pono\u0107 nale\u017ca\u0142 do bli\u017cej nieznanego patriotycznego stronnictwa. W maju 1833 roku znalaz\u0142 si\u0119 we Lwowie, gdzie zosta\u0142 aresztowany i osadzony w wi\u0119zieniu w Brnie. Tam polscy powsta\u0144cy i emigranci otrzymali ultimatum &#8211; powr\u00f3t do Rosji albo wyjazd do Ameryki. Jakubowski zdecydowa\u0142 si\u0119 na t\u0119 drug\u0105 opcj\u0119, lecz nie podpisa\u0142 dokument\u00f3w o dobrowolnym wyborze. Po nied\u0142ugim pobycie w Trie\u015bcie grupa wi\u0119\u017ani\u00f3w wyruszy\u0142a do Ameryki.<\/p>\n\n\n\n<p>128 dni podr\u00f3\u017cy na pok\u0142adzie statku &#8222;Hebe&#8221; Jakubowski wykorzysta\u0142 tw\u00f3rczo. Poezje tworzy\u0142 ju\u017c na Podolu, teraz jednak nabra\u0142a ona wyj\u0105tkowo silnego \u0142adunku emocjonalnego. Cho\u0107 podobnie jak Malczewski przynale\u017ca\u0142 do czarnego romantyzmu, wi\u0119cej by\u0142o u niego desperacji, nihilizmu i katastrofizmu. 28 marca 1834 roku jego statek dotar\u0142 do Nowego Jorku, gdzie Polacy nie byli przyjmowani zbyt ciep\u0142o. Jakubowski osiedli\u0142 si\u0119 w mie\u015bcie Albany, gdzie najprawdopodobniej ucz\u0119szcza\u0142 do szko\u0142y dla polskich weteran\u00f3w wojennych.<\/p>\n\n\n\n<p>Po dziesi\u0119ciu miesi\u0105cach od przybycia do Ameryki przyswoi\u0142 sobie j\u0119zyk na tyle dobrze, \u017ce napisa\u0142 ksi\u0105\u017ck\u0119 \u201eRemembrances of a Polish Exile\u201d, pierwsz\u0105 publikacj\u0119 o polskiej kulturze i historii wydan\u0105 za oceanem. Powsta\u0142a ona bez jakichkolwiek pomocy naukowych, Jakubowski polega\u0142 wy\u0142\u0105cznie na w\u0142asnej pami\u0119ci, w dodatku przet\u0142umaczy\u0142 na angielski antologi\u0119 rodzimej poezji. W wydaniu ksi\u0105\u017cki pom\u00f3g\u0142 mu doktor William Buell Sprague, kt\u00f3ry r\u00f3wnie\u017c za\u0142atwi\u0142 mu prac\u0119 nauczyciela francuskiego w Sedgwick School w Albany.<\/p>\n\n\n\n<p>W 1835 roku st\u0119skniony za ojczyzn\u0105 i rodzin\u0105 Jakubowski postanowi\u0142 odwiedzi\u0107 w Meksyku Konstantego Malczewskiego, swego stryja, ten jednak potraktowa\u0142 go oschle i wynio\u015ble, w dodatku nie pos\u0142ugiwa\u0142 si\u0119 ju\u017c j\u0119zykiem polskim. Doznane upokorzenie i klimat Ameryki Po\u0142udniowej odbi\u0142y si\u0119 mocno na zdrowiu poety, kt\u00f3ry zachorowa\u0142 na gru\u017alic\u0119 kr\u0119gos\u0142upa, w wyniku kt\u00f3rej zosta\u0142 zdefigurowany garbem. Uczy\u0142 jeszcze w Seminarium Gotyckim w Northampton, uwielbiany przez uczni\u00f3w i koleg\u00f3w. Pope\u0142ni\u0142 samob\u00f3jstwo nad ranem 24 maja 1837 roku, w wieku zaledwie 21 lat.<\/p>\n","protected":false},"excerpt":{"rendered":"<p>August Antoni Jakubowski Data i miejsce urodzenia ok. 1816 rokuPodole Data i miejsce \u015bmierci 24 maja 1837 rokuNorthampton Rodzice Antoni Malczewski (1793-1826)matka nieznana August Antoni Jakubowski, poeta, nie\u015blubny syn Antoniego Malczewskiego. Jego matka pozostaje do dzi\u015b nieznana, cho\u0107 musia\u0142a nale\u017ce\u0107 do znacz\u0105cej i maj\u0119tnej rodziny, gdy\u017c zapewni\u0142a potomkowi znakomite wykszta\u0142cenie. On za\u015b po latach wspomina\u0142 [&hellip;]<\/p>\n","protected":false},"author":1,"featured_media":0,"parent":0,"menu_order":0,"comment_status":"closed","ping_status":"closed","template":"","meta":[],"_links":{"self":[{"href":"https:\/\/paryskiesalonyromantykow.pl\/index.php\/wp-json\/wp\/v2\/pages\/2084"}],"collection":[{"href":"https:\/\/paryskiesalonyromantykow.pl\/index.php\/wp-json\/wp\/v2\/pages"}],"about":[{"href":"https:\/\/paryskiesalonyromantykow.pl\/index.php\/wp-json\/wp\/v2\/types\/page"}],"author":[{"embeddable":true,"href":"https:\/\/paryskiesalonyromantykow.pl\/index.php\/wp-json\/wp\/v2\/users\/1"}],"replies":[{"embeddable":true,"href":"https:\/\/paryskiesalonyromantykow.pl\/index.php\/wp-json\/wp\/v2\/comments?post=2084"}],"version-history":[{"count":1,"href":"https:\/\/paryskiesalonyromantykow.pl\/index.php\/wp-json\/wp\/v2\/pages\/2084\/revisions"}],"predecessor-version":[{"id":2086,"href":"https:\/\/paryskiesalonyromantykow.pl\/index.php\/wp-json\/wp\/v2\/pages\/2084\/revisions\/2086"}],"wp:attachment":[{"href":"https:\/\/paryskiesalonyromantykow.pl\/index.php\/wp-json\/wp\/v2\/media?parent=2084"}],"curies":[{"name":"wp","href":"https:\/\/api.w.org\/{rel}","templated":true}]}}