{"id":2070,"date":"2022-01-16T13:43:09","date_gmt":"2022-01-16T12:43:09","guid":{"rendered":"http:\/\/paryskiesalonyromantykow.pl\/?page_id=2070"},"modified":"2022-01-16T13:43:10","modified_gmt":"2022-01-16T12:43:10","slug":"william-godwin","status":"publish","type":"page","link":"https:\/\/paryskiesalonyromantykow.pl\/index.php\/william-godwin\/","title":{"rendered":"William Godwin"},"content":{"rendered":"\n<figure class=\"wp-block-table aligncenter is-style-stripes\"><table><tbody><tr><td class=\"has-text-align-left\" data-align=\"left\"><\/td><td>William Godwin<\/td><\/tr><tr><td class=\"has-text-align-left\" data-align=\"left\"><strong>Data i miejsce urodzenia<\/strong><\/td><td>3 marca 1756 roku<br>Wisbech<\/td><\/tr><tr><td class=\"has-text-align-left\" data-align=\"left\"><strong>Data i miejsce \u015bmierci<\/strong><\/td><td>7 kwietnia 1836 roku<br>Londyn<\/td><\/tr><tr><td class=\"has-text-align-left\" data-align=\"left\"><strong>Rodzice<\/strong><\/td><td>John Godwin (1723-1772)<br>Anne z domu Hull (ok. 1722-1809)<\/td><\/tr><tr><td class=\"has-text-align-left\" data-align=\"left\"><strong>Rodze\u0144stwo<\/strong><\/td><td>Edward (?-1779)<br>John (?-1805)<br>Hannah (?-1817)<br>Joseph (ok. 1758-1825)<br>Richard (1759-?)<br>Conyers Jocelin<br>Philip (1768-ok. 1851)<br>Nathaniel (1768-?)<\/td><\/tr><tr><td class=\"has-text-align-left\" data-align=\"left\"><strong>\u017bona<\/strong><\/td><td><a href=\"http:\/\/paryskiesalonyromantykow.pl\/index.php\/mary-wollstonecraft\/\" data-type=\"page\" data-id=\"350\">Mary Wollstonecraft<\/a> (1759-1797)<br>Mary Jane Vial (1768-1841)<\/td><\/tr><tr><td class=\"has-text-align-left\" data-align=\"left\"><strong>Dzieci<\/strong><\/td><td>Fanny (1794\u20131816) &#8211; pasierbica<br>Charles Gaulis (1795-1850) &#8211; pasierb<br><a href=\"http:\/\/paryskiesalonyromantykow.pl\/index.php\/mary-shelley\/\" data-type=\"page\" data-id=\"356\">Mary<\/a> (1797-1851)<br><a href=\"http:\/\/paryskiesalonyromantykow.pl\/index.php\/claire-clairmont\/\" data-type=\"page\" data-id=\"475\">Claire<\/a> (1798-1879) &#8211; pasierbica<br>William Jr (1803-1832)<\/td><\/tr><\/tbody><\/table><\/figure>\n\n\n\n<p>William Godwin, angielski pisarz, publicysta i filozof, m\u0105\u017c pisarki <a href=\"http:\/\/paryskiesalonyromantykow.pl\/index.php\/mary-wollstonecraft\/\" data-type=\"page\" data-id=\"350\">Mary Wollstonecraft<\/a> i ojciec <a href=\"http:\/\/paryskiesalonyromantykow.pl\/index.php\/mary-shelley\/\" data-type=\"page\" data-id=\"356\">Mary Shelley<\/a>, by\u0142 si\u00f3dmym z trzynastu dzieci Johna Godwina, nonkonformistycznego pastora, i Anne z domu Hull, ortodoksyjnych kalwinist\u00f3w z klasy \u015bredniej. William ju\u017c od najm\u0142odszych lat pragn\u0105\u0142 p\u00f3j\u015b\u0107 w \u015blady ojca i po uko\u0144czeniu szko\u0142y rozpocz\u0105\u0142 nauk\u0119 u pastora Samuela Newtona w Norwich. Odszed\u0142 jednak po trzech latach, gdy\u017c uznawa\u0142 swojego opiekuna za gwa\u0142townika i furiata, i wst\u0105pi\u0142 do Hoxton Academy. W czerwcu 1778 roku oficjalnie zosta\u0142 pastorem.<\/p>\n\n\n\n<p>Pocz\u0105tkowo przydzielono go do Ware i Londynu, po czym otrzyma\u0142 stanowisko w Stowmarket. Tam za namow\u0105 jednego ze swych parafian przeczyta\u0142 dzie\u0142a Holbacha, Helvetusa i Rousseau, co mia\u0142o mocny wp\u0142yw na jego pogl\u0105dy. Doprowadzi\u0142o to do konfliktu z kongregacj\u0105 i odej\u015bcia z parafii. W 1782 roku przeprowadzi\u0142 si\u0119 do Londynu, gdzie napisa\u0142 swoje pierwsze dzie\u0142o, \u201eThe history of the Life of William Pitt, Earl of Chatham\u201d i wsp\u00f3\u0142pracowa\u0142 z czasopismem The English Review. Na kr\u00f3tko wr\u00f3ci\u0142 do zawodu pastora, jednak po siedmiu miesi\u0105cach w parafii w Beaconsfield ostatecznie porzuci\u0142 t\u0119 \u015bcie\u017ck\u0119.<\/p>\n\n\n\n<p>W nast\u0119pnych latach wyda\u0142 kilka ksi\u0105\u017cek, w tym zbi\u00f3r kaza\u0144, trzy powie\u015bci i dwa pamflety polityczne, \u017cadna jednak nie przysporzy\u0142a mu zbyt wiele pieni\u0119dzy. Dopiero gdy jego dawny mentor, Andrew Kippis, zaprosi\u0142 go do prowadzenia dzia\u0142u historii brytyjskiej i zagranicznej w periodyku \u201eNew Annual Register\u201d, jego sytuacja finansowa si\u0119 poprawi\u0142a, mia\u0142 jednak znacznie mniej czasu na pisanie innych dzie\u0142. Dopiero w 1793 roku, pod wp\u0142ywem wie\u015bci o rewolucji francuskiej i tocz\u0105cych si\u0119 wok\u00f3\u0142 niej debat, wyda\u0142 \u201eAn Enquiry Concerning Political Justice and It&#8217;s Influence on General Virtual and Happiness\u201d w dw\u00f3ch tomach. Dzie\u0142o to odnios\u0142o wielki sukces i zaskarbi\u0142o mu sympati\u0119 czytelnik\u00f3w i koleg\u00f3w po pi\u00f3rze, r\u00f3wnie\u017c z m\u0142odszego pokolenia, takich jak <a href=\"http:\/\/paryskiesalonyromantykow.pl\/index.php\/william-wordsworth\/\" data-type=\"page\" data-id=\"1625\">William Wordsworth<\/a> czy <a href=\"http:\/\/paryskiesalonyromantykow.pl\/index.php\/samuel-taylor-coleridge\/\" data-type=\"page\" data-id=\"1817\">Samuel Taylor Coleridge<\/a>. Rok p\u00f3\u017aniej ukaza\u0142a si\u0119 jego najs\u0142ynniejsza powie\u015b\u0107, \u201eThings as they are, or The adventures of Caleb Williams\u201d, oraz pamflet \u201eCursory Strictures on the Charge delivered by Lord Chief Justice Eyre to the Grand Jury\u201d.<\/p>\n\n\n\n<p>Niebawem nawi\u0105za\u0142 kontakt z <a href=\"http:\/\/paryskiesalonyromantykow.pl\/index.php\/mary-wollstonecraft\/\" data-type=\"page\" data-id=\"350\">Mary Wollstonecraft<\/a>, pisark\u0105, kt\u00f3r\u0105 pozna\u0142 przelotnie kilka lat wcze\u015bniej, i zacz\u0119li prowadzi\u0107 regularn\u0105 korespondencj\u0119. Po kilku miesi\u0105cach przyja\u017a\u0144 przerodzi\u0142a si\u0119 w romans. Gdy jednak Mary zasz\u0142a w ci\u0105\u017c\u0119, odbyli powa\u017cn\u0105 rozmow\u0119 na temat natury swojego zwi\u0105zku. Cho\u0107 oboje byli przeciwnikami ma\u0142\u017ce\u0144stwa, nie chcieli, aby ich dziecko zosta\u0142o odrzucone przez spo\u0142ecze\u0144stwo jako b\u0119kart. Pisarka zna\u0142a to z autopsji, wychowywa\u0142a bowiem nie\u015blubn\u0105 c\u00f3rk\u0119 Fanny z poprzedniego zwi\u0105zku. Ostatecznie William i Mary wzi\u0119li \u015blub w marcu 1797 roku. P\u00f3\u0142 roku p\u00f3\u017aniej pani Godwin zmar\u0142a na gor\u0105czk\u0119 popo\u0142ogow\u0105 po urodzeniu c\u00f3rki Mary.<\/p>\n\n\n\n<p>Owdowia\u0142y pisarz skupi\u0142 si\u0119 na pracy i wychowywaniu Mary i Fanny. Napisa\u0142 r\u00f3wnie\u017c biografi\u0119 swojej \u017cony, \u201eMemoirs of the Author of the Vindication of the Rights of Women\u201d, praca ta jednak wzbudzi\u0142a kontrowersje ze wzgl\u0119du na dok\u0142adne przedstawienie \u017cycia uczuciowego pisarki. Tymczasem obok Godwin\u00f3w wprowadzi\u0142a si\u0119 Mary Jane Vial Clairmont, rzekoma wdowa z dw\u00f3jk\u0105 dzieci, Charlesem i <a href=\"http:\/\/paryskiesalonyromantykow.pl\/index.php\/claire-clairmont\/\" data-type=\"page\" data-id=\"475\">Jane<\/a>. Po kr\u00f3tkiej znajomo\u015bci William po\u015blubi\u0142 s\u0105siadk\u0119. W 1805 roku otwar\u0142 ksi\u0119garni\u0119 z literatur\u0105 dzieci\u0119c\u0105. Wszystkim dzieciom, w tym synowi z drugiego ma\u0142\u017ce\u0144stwa, Williamowi juniorowi, zapewni\u0142 starann\u0105 edukacj\u0119.<\/p>\n\n\n\n<p>W 1814 roku do domu Godwin\u00f3w zawita\u0142 m\u0142ody poeta <a href=\"http:\/\/paryskiesalonyromantykow.pl\/index.php\/percy-shelley\/\" data-type=\"page\" data-id=\"403\">Percy Bysshe Shelley<\/a>, wielbiciel tw\u00f3rczo\u015bci pisarza. Szybko sta\u0142 si\u0119 u nich sta\u0142ym go\u015bciem, zw\u0142aszcza \u017ce pochodz\u0105cy z zamo\u017cnej rodziny Percy dysponowa\u0142 funduszami, kt\u00f3re mog\u0142yby poprawi\u0107 ich sytuacj\u0119 finansow\u0105. Po kilku miesi\u0105cach Mary og\u0142osi\u0142a, \u017ce zwi\u0105za\u0142a si\u0119 z poet\u0105. William jednak nie aprobowa\u0142 tego, gdy\u017c Shelley mia\u0142 ju\u017c \u017con\u0119 i dw\u00f3jk\u0119 dzieci, wi\u0119c Percy zabra\u0142 Mary i Jane z domu i wsp\u00f3lnie uciekli do Europy. Pisarz odnowi\u0142 kontakt z c\u00f3rk\u0105 dopiero pod koniec 1816 roku, gdy ona i Shelley wzi\u0119li \u015blub.<\/p>\n\n\n\n<p>W 1822 roku Percy zgin\u0105\u0142 na morzu we W\u0142oszech, a Mary wr\u00f3ci\u0142a do Anglii z synem <a href=\"http:\/\/paryskiesalonyromantykow.pl\/index.php\/percy-florence-shelley\/\" data-type=\"page\" data-id=\"1907\">Percym Florence<\/a> i zamieszka\u0142a u ojca. Jego sytuacja finansowa, jak r\u00f3wnie\u017c niech\u0119\u0107 te\u015bcia, sir Timothy&#8217;ego Shelleya, zmusza\u0142a Mary do pisania zarobkowego. Dopiero w 1833 roku William otrzyma\u0142 stanowisko synekury, kt\u00f3re zajmowa\u0142 a\u017c do \u015bmierci w 1836 roku. Pochowano go obok pierwszej \u017cony, Mary Wollstonecraft, przy ko\u015bciele St Pancras.<\/p>\n","protected":false},"excerpt":{"rendered":"<p>William Godwin Data i miejsce urodzenia 3 marca 1756 rokuWisbech Data i miejsce \u015bmierci 7 kwietnia 1836 rokuLondyn Rodzice John Godwin (1723-1772)Anne z domu Hull (ok. 1722-1809) Rodze\u0144stwo Edward (?-1779)John (?-1805)Hannah (?-1817)Joseph (ok. 1758-1825)Richard (1759-?)Conyers JocelinPhilip (1768-ok. 1851)Nathaniel (1768-?) \u017bona Mary Wollstonecraft (1759-1797)Mary Jane Vial (1768-1841) Dzieci Fanny (1794\u20131816) &#8211; pasierbicaCharles Gaulis (1795-1850) &#8211; pasierbMary [&hellip;]<\/p>\n","protected":false},"author":1,"featured_media":0,"parent":0,"menu_order":0,"comment_status":"closed","ping_status":"closed","template":"","meta":[],"_links":{"self":[{"href":"https:\/\/paryskiesalonyromantykow.pl\/index.php\/wp-json\/wp\/v2\/pages\/2070"}],"collection":[{"href":"https:\/\/paryskiesalonyromantykow.pl\/index.php\/wp-json\/wp\/v2\/pages"}],"about":[{"href":"https:\/\/paryskiesalonyromantykow.pl\/index.php\/wp-json\/wp\/v2\/types\/page"}],"author":[{"embeddable":true,"href":"https:\/\/paryskiesalonyromantykow.pl\/index.php\/wp-json\/wp\/v2\/users\/1"}],"replies":[{"embeddable":true,"href":"https:\/\/paryskiesalonyromantykow.pl\/index.php\/wp-json\/wp\/v2\/comments?post=2070"}],"version-history":[{"count":1,"href":"https:\/\/paryskiesalonyromantykow.pl\/index.php\/wp-json\/wp\/v2\/pages\/2070\/revisions"}],"predecessor-version":[{"id":2075,"href":"https:\/\/paryskiesalonyromantykow.pl\/index.php\/wp-json\/wp\/v2\/pages\/2070\/revisions\/2075"}],"wp:attachment":[{"href":"https:\/\/paryskiesalonyromantykow.pl\/index.php\/wp-json\/wp\/v2\/media?parent=2070"}],"curies":[{"name":"wp","href":"https:\/\/api.w.org\/{rel}","templated":true}]}}