{"id":2033,"date":"2022-01-03T10:53:22","date_gmt":"2022-01-03T09:53:22","guid":{"rendered":"https:\/\/paryskiesalonyromantykow.pl\/?page_id=2033"},"modified":"2022-01-03T10:53:22","modified_gmt":"2022-01-03T09:53:22","slug":"gustaw-ehrenberg","status":"publish","type":"page","link":"https:\/\/paryskiesalonyromantykow.pl\/index.php\/gustaw-ehrenberg\/","title":{"rendered":"Gustaw Ehrenberg"},"content":{"rendered":"\n<figure class=\"wp-block-table aligncenter is-style-stripes\"><table><tbody><tr><td class=\"has-text-align-left\" data-align=\"left\"><\/td><td>Gustaw Ehrenberg<\/td><\/tr><tr><td class=\"has-text-align-left\" data-align=\"left\"><strong>Data i miejsce urodzenia<\/strong><\/td><td>14 lutego 1818 roku<br>Warszawa<\/td><\/tr><tr><td class=\"has-text-align-left\" data-align=\"left\"><strong>Data i miejsce \u015bmierci<\/strong><\/td><td>28 wrze\u015bnia 1895 roku<br>Krak\u00f3w<\/td><\/tr><tr><td class=\"has-text-align-left\" data-align=\"left\"><strong>Rodzice<\/strong><\/td><td>Aleksander I (1777-1825)<br>Helena z Dzier\u017canowskich Rautenstrauch (ok. 1800-1869)<\/td><\/tr><tr><td class=\"has-text-align-left\" data-align=\"left\"><strong>Rodze\u0144stwo<\/strong><\/td><td>Maria (1799-1800) &#8211; przyrodnia siostra<br>El\u017cbieta (1806-1808) &#8211; przyrodnia siostra<br>Adam Edward Henryk (ok. 1809-1814) &#8211; przyrodni brat<br>Laura (1811-1843)<\/td><\/tr><tr><td class=\"has-text-align-left\" data-align=\"left\"><strong>\u017bona<\/strong><\/td><td>Felicja z domu Pancer (1832-1859)<br>Emilia z domu Pancer (1827-1885)<\/td><\/tr><tr><td class=\"has-text-align-left\" data-align=\"left\"><strong>Dzieci<\/strong><\/td><td>Feliks Zygmunt August (1861-?)<br>Marianna Julia Felicja (1862-?)<br>Felicja Weronika (1864-?)<br>Emil Gustaw (ok. 1866-1867)<br>Kazimierz J\u00f3zef (1870-1932)<\/td><\/tr><\/tbody><\/table><\/figure>\n\n\n\n<p>Gustaw Ehrenberg, romantyczny poeta, by\u0142 najprawdopodobniej nie\u015blubnym synem cara Aleksandra I i Heleny z Dzier\u017canowskich Rautenstrauchowej, jako swoich rodzic\u00f3w oficjalnie podawa\u0142 jednak m\u0142ynarza Ferdynanda Ehrenberga i jego \u017con\u0119 Krystyn\u0119, kt\u00f3rzy rzekomo zrzekli si\u0119 praw do dziecka po ochrzczeniu go. Wychowywa\u0142 si\u0119 w domu barona Paw\u0142a Morenheima, wysokiego urz\u0119dnika w Kr\u00f3lestwie Polskim.<\/p>\n\n\n\n<p>Po uko\u0144czeniu Liceum Warszawskiego i zdaniu matury rozpocz\u0105\u0142 studia medyczne w Krakowie. Niebawem zacz\u0105\u0142 r\u00f3wnie\u017c pisa\u0107 \u2013 zar\u00f3wno rozprawy filozoficzne, jak i poezj\u0119. W 1848 roku w Pary\u017cu ukaza\u0142 si\u0119 jego tom \u201eD\u017awi\u0119ki minionych lat\u201d, zawieraj\u0105cy s\u0142ynny utw\u00f3r \u201eGdy nar\u00f3d do boju wyruszy\u0142 z or\u0119\u017cem\u2026\u201d Anga\u017cowa\u0142 si\u0119 tak\u017ce w dzia\u0142alno\u015b\u0107 konspiracyjn\u0105, przez co zosta\u0142 na kr\u00f3tko aresztowany. Po uko\u0144czeniu studi\u00f3w powr\u00f3ci\u0142 do Warszawy, gdzie kontynuowa\u0142 prac\u0119 na rzecz konspiracji, nie zaniedbuj\u0105c r\u00f3wnocze\u015bnie tw\u00f3rczo\u015bci literackiej. Po dwukrotnym aresztowaniu skazano go na kar\u0119 \u015bmierci, kt\u00f3r\u0105 nast\u0119pnie zamieniono w 1839 roku na zsy\u0142k\u0119 i ci\u0119\u017ckie roboty.<\/p>\n\n\n\n<p>Wywieziono go na Syberi\u0119, gdzie pracowa\u0142 w kopalni. Z czasem otrzyma\u0142 dost\u0119p do niewielkiej wieloj\u0119zycznej biblioteki. Wykorzysta\u0142 j\u0105 do nauczania wsp\u00f3\u0142zes\u0142a\u0144c\u00f3w i prowadzenia zapisk\u00f3w, a tak\u017ce tworzy\u0142 poezj\u0119 o zabarwieniu mistycznym. W 1854 roku przyznano mu prawo do osiedlenia si\u0119 na Uralu. Tam te\u017c po\u015blubi\u0142 Felicj\u0119 Pancer w 1859 roku, kt\u00f3ra jednak rych\u0142o zmar\u0142a, a Gustaw o\u017ceni\u0142 si\u0119 z jej siostr\u0105 Emili\u0105. Doczekali si\u0119 pi\u0119ciorga dzieci \u2013 Feliksa Zygmunta Augusta, Marianny Julii Felicji, Felicji Weroniki, Emila Gustawa i Kazimierza J\u00f3zefa.<\/p>\n\n\n\n<p>Do kraju powr\u00f3ci\u0142 w 1861 roku, gdzie ponownie zaanga\u017cowa\u0142 si\u0119 w dzia\u0142alno\u015b\u0107 konspiracyjn\u0105. W Warszawie pracowa\u0142 w redakcjach \u201eGazety Polskiej\u201d i \u201eGazety Warszawskiej\u201d, a tak\u017ce kierowa\u0142 Bibliotek\u0105 Ordynacji Zamoyskich. W 1870 roku przeprowadzi\u0142 si\u0119 do Krakowa, gdzie nadal zajmowa\u0142 si\u0119 prac\u0105 literack\u0105. Zmar\u0142 w wieku 77 lat po kr\u00f3tkiej chorobie.<\/p>\n","protected":false},"excerpt":{"rendered":"<p>Gustaw Ehrenberg Data i miejsce urodzenia 14 lutego 1818 rokuWarszawa Data i miejsce \u015bmierci 28 wrze\u015bnia 1895 rokuKrak\u00f3w Rodzice Aleksander I (1777-1825)Helena z Dzier\u017canowskich Rautenstrauch (ok. 1800-1869) Rodze\u0144stwo Maria (1799-1800) &#8211; przyrodnia siostraEl\u017cbieta (1806-1808) &#8211; przyrodnia siostraAdam Edward Henryk (ok. 1809-1814) &#8211; przyrodni bratLaura (1811-1843) \u017bona Felicja z domu Pancer (1832-1859)Emilia z domu Pancer (1827-1885) [&hellip;]<\/p>\n","protected":false},"author":1,"featured_media":0,"parent":0,"menu_order":0,"comment_status":"closed","ping_status":"closed","template":"","meta":[],"_links":{"self":[{"href":"https:\/\/paryskiesalonyromantykow.pl\/index.php\/wp-json\/wp\/v2\/pages\/2033"}],"collection":[{"href":"https:\/\/paryskiesalonyromantykow.pl\/index.php\/wp-json\/wp\/v2\/pages"}],"about":[{"href":"https:\/\/paryskiesalonyromantykow.pl\/index.php\/wp-json\/wp\/v2\/types\/page"}],"author":[{"embeddable":true,"href":"https:\/\/paryskiesalonyromantykow.pl\/index.php\/wp-json\/wp\/v2\/users\/1"}],"replies":[{"embeddable":true,"href":"https:\/\/paryskiesalonyromantykow.pl\/index.php\/wp-json\/wp\/v2\/comments?post=2033"}],"version-history":[{"count":1,"href":"https:\/\/paryskiesalonyromantykow.pl\/index.php\/wp-json\/wp\/v2\/pages\/2033\/revisions"}],"predecessor-version":[{"id":2035,"href":"https:\/\/paryskiesalonyromantykow.pl\/index.php\/wp-json\/wp\/v2\/pages\/2033\/revisions\/2035"}],"wp:attachment":[{"href":"https:\/\/paryskiesalonyromantykow.pl\/index.php\/wp-json\/wp\/v2\/media?parent=2033"}],"curies":[{"name":"wp","href":"https:\/\/api.w.org\/{rel}","templated":true}]}}