{"id":1988,"date":"2021-12-20T09:52:31","date_gmt":"2021-12-20T08:52:31","guid":{"rendered":"https:\/\/paryskiesalonyromantykow.pl\/?page_id=1988"},"modified":"2021-12-20T09:53:29","modified_gmt":"2021-12-20T08:53:29","slug":"aleksander-chodzko","status":"publish","type":"page","link":"https:\/\/paryskiesalonyromantykow.pl\/index.php\/aleksander-chodzko\/","title":{"rendered":"Aleksander Chod\u017ako"},"content":{"rendered":"\n<figure class=\"wp-block-table aligncenter is-style-stripes\"><table><tbody><tr><td class=\"has-text-align-left\" data-align=\"left\"><img loading=\"lazy\" width=\"1000\" height=\"1000\" class=\"wp-image-1989\" style=\"width: 200px;\" src=\"http:\/\/paryskiesalonyromantykow.pl\/wp-content\/uploads\/2021\/12\/pjimage-3.jpg\" alt=\"\" srcset=\"https:\/\/paryskiesalonyromantykow.pl\/wp-content\/uploads\/2021\/12\/pjimage-3.jpg 1000w, https:\/\/paryskiesalonyromantykow.pl\/wp-content\/uploads\/2021\/12\/pjimage-3-300x300.jpg 300w, https:\/\/paryskiesalonyromantykow.pl\/wp-content\/uploads\/2021\/12\/pjimage-3-150x150.jpg 150w, https:\/\/paryskiesalonyromantykow.pl\/wp-content\/uploads\/2021\/12\/pjimage-3-768x768.jpg 768w\" sizes=\"(max-width: 1000px) 100vw, 1000px\" \/><\/td><td>Aleksander Borejko Chod\u017ako<\/td><\/tr><tr><td class=\"has-text-align-left\" data-align=\"left\"><strong>Data i miejsce urodzenia<\/strong><\/td><td>30 sierpnia 1804 roku<br>Krzywicze<\/td><\/tr><tr><td class=\"has-text-align-left\" data-align=\"left\"><strong>Data i miejsce \u015bmierci<\/strong><\/td><td>27 grudnia 1891 roku<br>Noisy-le-Sec<\/td><\/tr><tr><td class=\"has-text-align-left\" data-align=\"left\"><strong>Rodzice<\/strong><\/td><td>Jan Chod\u017ako (1777-1851)<br>Klara z domu Korsak (ok. 1770-1852)<\/td><\/tr><tr><td class=\"has-text-align-left\" data-align=\"left\"><strong>Rodze\u0144stwo<\/strong><\/td><td>J\u00f3zef (1800-1881)<br>Micha\u0142 (1808-1879)<br>Feliks Napoleon (ok. 1810-?)<br>Stanis\u0142aw (1811-1880)<\/td><\/tr><tr><td class=\"has-text-align-left\" data-align=\"left\"><strong>\u017bona<\/strong><\/td><td>Helena z domu Dunin (1822-1886)<\/td><\/tr><tr><td class=\"has-text-align-left\" data-align=\"left\"><strong>Dzieci<\/strong><\/td><td>Adam (1847-1923)<br>Wiktor (1848-1931)<br>Aleksander (1860-1936)<\/td><\/tr><\/tbody><\/table><\/figure>\n\n\n\n<p>Aleksander Chod\u017ako, poeta, orientalista i slawista, filareta i towia\u0144czyk, przyjaciel <a href=\"https:\/\/paryskiesalonyromantykow.pl\/index.php\/adam-mickiewicz\/\" data-type=\"page\" data-id=\"138\">Adama Mickiewicza<\/a>. By\u0142 synem Jana Chod\u017ako, pisarza i prawnika, i jego \u017cony Klary z domu Korsak. W gimnazjum wile\u0144skim uczy\u0142 go <a href=\"https:\/\/paryskiesalonyromantykow.pl\/index.php\/tomasz-zan\/\" data-type=\"page\" data-id=\"217\">Tomasz Zan<\/a>. W latach 1820-1823 studiowa\u0142 na Wydziale Literatury i Sztuk Wyzwolonych Uniwersytecie Wile\u0144skim, a tak\u017ce do\u0142\u0105czy\u0142 do dzia\u0142aj\u0105cego wtedy Zgromadzenia Filaret\u00f3w. Aresztowany w procesie filomat\u00f3w, zosta\u0142 uwolniony po interwencji ojca i podpisaniu zobowi\u0105zania, przedk\u0142adanego przez komisj\u0119 \u015bledcz\u0105 wszystkim opuszczaj\u0105cym wi\u0119zienie. Wyjecha\u0142 wtedy do Petersburga, gdzie rozpocz\u0105\u0142 studia na nowo powsta\u0142ym Instytucie J\u0119zyk\u00f3w Orientalnych przy rosyjskim Ministerstwie Spraw Zagranicznych.<\/p>\n\n\n\n<p>W 1829 roku wyda\u0142 debiutancki tomik poezji, kt\u00f3ry dedykowa\u0142 &#8222;przyjacielowi Adamowi Mickiewiczowi&#8221;. Nied\u0142ugo p\u00f3\u017aniej uko\u0144czy\u0142 studia i przyj\u0105\u0142 stanowisko sekretarza-drogmana legacji rosyjskiej do Persji. Po kilku miesi\u0105cach awansowa\u0142 do roli rosyjskiego wicekonsula w Rechcie. Pracowa\u0142 na tym stanowisku dwana\u015bcie lat, badaj\u0105c przy okazji j\u0119zyk perski, lokalne tradycje oralne oraz tamtejsz\u0105 literatur\u0119, czuj\u0105c jednak ci\u0105g\u0142e rozterki i wyrzuty sumienia z powodu s\u0142u\u017cby carowi. Ostatecznie z\u0142o\u017cy\u0142 dymisj\u0119 i pod pozorem konieczno\u015bci przeprowadzenia kuracji oczu przeni\u00f3s\u0142 si\u0119 do Londynu, gdzie wyda\u0142 ksi\u0105\u017ck\u0119 &#8222;Specimens of the Popular Poetry of Persia&#8221;.<\/p>\n\n\n\n<p>Nast\u0119pnie przeprowadzi\u0142 si\u0119 do Pary\u017ca, gdzie za spraw\u0105 Adama Mickiewicza do\u0142\u0105czy\u0142 do Ko\u0142a Sprawy Bo\u017cej stworzonego przez <a href=\"https:\/\/paryskiesalonyromantykow.pl\/index.php\/andrzej-towianski\/\" data-type=\"page\" data-id=\"203\">Andrzeja Towia\u0144skiego<\/a>. By\u0142 (przynajmniej oficjalnie) autorem s\u0142ynnego do cara Miko\u0142aja I, kt\u00f3ra sta\u0142a si\u0119 przyczyn\u0105 rozpadu Ko\u0142a. W tym czasie po\u015blubi\u0142 Helen\u0119 z Dunin\u00f3w, z kt\u00f3r\u0105 doczeka\u0142 trzech syn\u00f3w &#8211; Adama, Wiktora i Aleksandra. W 1850 roku zerwa\u0142 z towia\u0144czykami i wr\u00f3ci\u0142 do pracy naukowej. Na \u0142amach pisma \u201eNouvelles Annales des Voyages\u201d opublikowa\u0142 artyku\u0142 &#8222;Le Ghilan ou Les marais Caspiens : description historique et geographique du pays qui borde au sud la Mer Caspienne&#8221;, zawieraj\u0105cy ponad sto stron opisu geograficznego i politycznego p\u00f3\u0142nocnej Persji, za\u015b dwa lata p\u00f3\u017aniej wyda\u0142 &#8222;Gramatyk\u0119 persk\u0105&#8221;.<\/p>\n\n\n\n<p>W latach 1852-1855 pracowa\u0142 we francuskim Ministerstwie Spraw Zagranicznych jako ekspert do spraw Wschodu. Stara\u0142 si\u0119 tak\u017ce bezskutecznie o mo\u017cliwo\u015b\u0107 wyk\u0142adania na katedrze j\u0119zyk\u00f3w orientalnych w Coll\u00e8ge de France, ostatecznie jednak obj\u0105\u0142 katedr\u0119 j\u0119zyk\u00f3w i literatur s\u0142owia\u0144skich na tej\u017ce uczelni, kt\u00f3r\u0105 zajmowa\u0142 przez 26 lat. Przez ten czas wyda\u0142 liczne publikacje naukowe oraz do\u0142\u0105czy\u0142 do wielu znacz\u0105cych europejskich instytucji i towarzystw naukowych. Zmar\u0142 w wieku 87 lat i zosta\u0142 pochowany na cmentarzu w Montmorency.<\/p>\n","protected":false},"excerpt":{"rendered":"<p>Aleksander Borejko Chod\u017ako Data i miejsce urodzenia 30 sierpnia 1804 rokuKrzywicze Data i miejsce \u015bmierci 27 grudnia 1891 rokuNoisy-le-Sec Rodzice Jan Chod\u017ako (1777-1851)Klara z domu Korsak (ok. 1770-1852) Rodze\u0144stwo J\u00f3zef (1800-1881)Micha\u0142 (1808-1879)Feliks Napoleon (ok. 1810-?)Stanis\u0142aw (1811-1880) \u017bona Helena z domu Dunin (1822-1886) Dzieci Adam (1847-1923)Wiktor (1848-1931)Aleksander (1860-1936) Aleksander Chod\u017ako, poeta, orientalista i slawista, filareta i [&hellip;]<\/p>\n","protected":false},"author":1,"featured_media":0,"parent":0,"menu_order":0,"comment_status":"closed","ping_status":"closed","template":"","meta":[],"_links":{"self":[{"href":"https:\/\/paryskiesalonyromantykow.pl\/index.php\/wp-json\/wp\/v2\/pages\/1988"}],"collection":[{"href":"https:\/\/paryskiesalonyromantykow.pl\/index.php\/wp-json\/wp\/v2\/pages"}],"about":[{"href":"https:\/\/paryskiesalonyromantykow.pl\/index.php\/wp-json\/wp\/v2\/types\/page"}],"author":[{"embeddable":true,"href":"https:\/\/paryskiesalonyromantykow.pl\/index.php\/wp-json\/wp\/v2\/users\/1"}],"replies":[{"embeddable":true,"href":"https:\/\/paryskiesalonyromantykow.pl\/index.php\/wp-json\/wp\/v2\/comments?post=1988"}],"version-history":[{"count":1,"href":"https:\/\/paryskiesalonyromantykow.pl\/index.php\/wp-json\/wp\/v2\/pages\/1988\/revisions"}],"predecessor-version":[{"id":1991,"href":"https:\/\/paryskiesalonyromantykow.pl\/index.php\/wp-json\/wp\/v2\/pages\/1988\/revisions\/1991"}],"wp:attachment":[{"href":"https:\/\/paryskiesalonyromantykow.pl\/index.php\/wp-json\/wp\/v2\/media?parent=1988"}],"curies":[{"name":"wp","href":"https:\/\/api.w.org\/{rel}","templated":true}]}}