{"id":1982,"date":"2021-12-19T20:04:30","date_gmt":"2021-12-19T19:04:30","guid":{"rendered":"http:\/\/paryskiesalonyromantykow.pl\/?page_id=1982"},"modified":"2021-12-19T20:04:31","modified_gmt":"2021-12-19T19:04:31","slug":"johannes-brahms","status":"publish","type":"page","link":"https:\/\/paryskiesalonyromantykow.pl\/index.php\/johannes-brahms\/","title":{"rendered":"Johannes Brahms"},"content":{"rendered":"\n<figure class=\"wp-block-table aligncenter is-style-stripes\"><table><tbody><tr><td class=\"has-text-align-left\" data-align=\"left\"><img loading=\"lazy\" width=\"1200\" height=\"1200\" class=\"wp-image-1983\" style=\"width: 200px;\" src=\"http:\/\/paryskiesalonyromantykow.pl\/wp-content\/uploads\/2021\/12\/gettyimages-515578680-copy.jpg\" alt=\"\" srcset=\"https:\/\/paryskiesalonyromantykow.pl\/wp-content\/uploads\/2021\/12\/gettyimages-515578680-copy.jpg 1200w, https:\/\/paryskiesalonyromantykow.pl\/wp-content\/uploads\/2021\/12\/gettyimages-515578680-copy-300x300.jpg 300w, https:\/\/paryskiesalonyromantykow.pl\/wp-content\/uploads\/2021\/12\/gettyimages-515578680-copy-1024x1024.jpg 1024w, https:\/\/paryskiesalonyromantykow.pl\/wp-content\/uploads\/2021\/12\/gettyimages-515578680-copy-150x150.jpg 150w, https:\/\/paryskiesalonyromantykow.pl\/wp-content\/uploads\/2021\/12\/gettyimages-515578680-copy-768x768.jpg 768w\" sizes=\"(max-width: 1200px) 100vw, 1200px\" \/><\/td><td>Johannes Brahms<\/td><\/tr><tr><td class=\"has-text-align-left\" data-align=\"left\"><strong>Data i miejsce urodzenia<\/strong><\/td><td>7 maja 1833 roku<br>Hamburg<\/td><\/tr><tr><td class=\"has-text-align-left\" data-align=\"left\"><strong>Data i miejsce \u015bmierci<\/strong><\/td><td>3 kwietnia 1897 roku<br>Wiede\u0144<\/td><\/tr><tr><td class=\"has-text-align-left\" data-align=\"left\"><strong>Rodzice<\/strong><\/td><td>Johann Jakob Brahms (1806\u201372)<br>Johanna Henrika Christiane Nissen (1789\u20131865)<\/td><\/tr><tr><td class=\"has-text-align-left\" data-align=\"left\"><strong>Rodze\u0144stwo<\/strong><\/td><td>Elisabeth (1831-1892)<br>Friedrich (1835-1886)<\/td><\/tr><\/tbody><\/table><\/figure>\n\n\n\n<p>Johannes Brahms, niemiecki kompozytor, pianista i dyrygent, by\u0142 synem Johanna Jakoba Brahmsa, kontrabasisty Stadttheater Hamburg i Filharmonii Hamburskiej, i jego \u017cony, Johanny Henriki Christiane z domu Nissen, szwaczki. Mia\u0142 starsz\u0105 siostr\u0119 Elisabeth i m\u0142odszego brata Friedricha. Pocz\u0105tkow\u0105 edukacj\u0119 muzyczn\u0105 odebra\u0142 od ojca, za\u015b od 1840 roku jego pierwszym nauczycielem by\u0142 Otto Friedrich Willibald Cossel, kt\u00f3ry narzeka\u0142, \u017ce ma\u0142y Johannes m\u00f3g\u0142by by\u0107 wirtuozem pianina, gdyby tyle czasu nie po\u015bwi\u0119ca\u0142 na komponowanie. R\u00f3wnie\u017c rodzice naciskali, by skupi\u0142 si\u0119 na karierze pianisty. Po kilku latach zacz\u0105\u0142 nauk\u0119 u Eduarda Marxsena, nauczyciela Cossela. Gdy mia\u0142 14 lat, odby\u0142 si\u0119 jego pierwszy publiczny koncert w Hamburgu.<\/p>\n\n\n\n<p>Niebawem pozna\u0142 w\u0119gierskiego skrzypka Ede Rem\u00e9nyi, z kt\u00f3rym wyruszy\u0142 w tras\u0119 koncertow\u0105 po Europie. Nieporozumienia mi\u0119dzy nimi doprowadzi\u0142y jednak do zerwania wsp\u00f3\u0142pracy, a Johannes wyjecha\u0142 do D\u00fcsseldorfu, gdzie odwiedzi\u0142 <a href=\"http:\/\/paryskiesalonyromantykow.pl\/index.php\/robert-schumann\/\" data-type=\"page\" data-id=\"1725\">Roberta Schumanna<\/a> i jego \u017con\u0119 <a href=\"http:\/\/paryskiesalonyromantykow.pl\/index.php\/clara-schumann\/\" data-type=\"page\" data-id=\"345\">Clar\u0119<\/a>. Schumann tak zachwyci\u0142 si\u0119 m\u0142odym muzykiem, \u017ce napisa\u0142 na jego temat artyku\u0142 do &#8222;Neue Zeitschrift f\u00fcr Musik&#8221;. Brahms czu\u0142 si\u0119 przyt\u0142oczony s\u0142aw\u0105 i wi\u0105\u017c\u0105c\u0105 si\u0119 z ni\u0105 presj\u0105. Gdy za\u015b po nieudanej pr\u00f3bie samob\u00f3jczej Schumann zg\u0142osi\u0142 si\u0119 do prywatnej kliniki dla nerwowo chorych w Endenich, dzielnicy Bonn, Johannes pomaga\u0142 Clarze w zarz\u0105dzaniu posiad\u0142o\u015bci\u0105 i interesami. Zrodzi\u0142a si\u0119 mi\u0119dzy nimi g\u0142\u0119boka przyja\u017a\u0144, kt\u00f3ra trwa\u0142a a\u017c do \u015bmierci kompozytorki.<\/p>\n\n\n\n<p>W tym czasie jego koncerty przyjmowano na tyle ch\u0142odno, \u017ce zrezygnowa\u0142 z nich na rzecz komponowania. W muzyce by\u0142 tradycjonalist\u0105 i odrzuca\u0142 nowoczesne pr\u0105dy promowane przez <a href=\"http:\/\/paryskiesalonyromantykow.pl\/index.php\/ferenc-liszt\/\" data-type=\"page\" data-id=\"309\">Ferenca Liszta<\/a> i Richarda Wagnera. Zakocha\u0142 si\u0119 w Agathe von Siebold i nawet si\u0119 z ni\u0105 zar\u0119czy\u0142, ona jednak szybko zerwa\u0142a zar\u0119czyny. Gdy nie uda\u0142o mu si\u0119 zdoby\u0107 stanowiska kompozytora w Filharmonii Hamburskiej, przeni\u00f3s\u0142 si\u0119 do Wiednia, gdzie zosta\u0142 kompozytorem w Wiener Singakademie. Lata sp\u0119dza\u0142 w Lichtental, gdzie bywa\u0142a r\u00f3wnie\u017c Clara Schumann.<\/p>\n\n\n\n<p>Po \u015bmierci matki w 1865 roku Johannes napisa\u0142 kompozycj\u0119 &#8222;Niemieckie requiem&#8221; op. 45, kt\u00f3ra zdoby\u0142a ogromne uznanie, a kolejne utwory ugruntowywa\u0142y jego pozycj\u0119 w\u015br\u00f3d muzyk\u00f3w europejskich &#8211; grywano je w Niemczech, ale tak\u017ce w Szwajcarii, Rosji i Anglii. Zaproszono go tak\u017ce do wiede\u0144skiego jury, kt\u00f3re przyzna\u0142o nagrod\u0119 pocz\u0105tkuj\u0105cemu kompozytorowi, Anton\u00ednowi Dvo\u0159\u00e1kowi. Wtedy te\u017c Brahms postanowi\u0142 zmieni\u0107 sw\u00f3j image i zapu\u015bci\u0142 d\u0142ug\u0105, g\u0119st\u0105 brod\u0119. Zaznajomi\u0142 si\u0119 tak\u017ce z m\u0142odym Gustavem Mahlerem.<\/p>\n\n\n\n<p>W 1890 roku Johannes poczu\u0142, \u017ce osi\u0105gn\u0105\u0142 ju\u017c wystarczaj\u0105co du\u017co, i zastanawia\u0142 si\u0119 nad emerytur\u0105, niebawem jednak wr\u00f3ci\u0142 do komponowania. Zaprzyja\u017ani\u0142 si\u0119 w tym czasie z m\u0142od\u0105 \u015bpiewaczce, Alice Barbi, kt\u00f3r\u0105 przedstawi\u0142 Clarze Schumann. Latem 1896 roku zdiagnozowano u niego \u017c\u00f3\u0142taczk\u0119, a nast\u0119pnie nowotw\u00f3r w\u0105troby. Zmar\u0142 w Rzymie w wieku niespe\u0142na 64 lat.<\/p>\n","protected":false},"excerpt":{"rendered":"<p>Johannes Brahms Data i miejsce urodzenia 7 maja 1833 rokuHamburg Data i miejsce \u015bmierci 3 kwietnia 1897 rokuWiede\u0144 Rodzice Johann Jakob Brahms (1806\u201372)Johanna Henrika Christiane Nissen (1789\u20131865) Rodze\u0144stwo Elisabeth (1831-1892)Friedrich (1835-1886) Johannes Brahms, niemiecki kompozytor, pianista i dyrygent, by\u0142 synem Johanna Jakoba Brahmsa, kontrabasisty Stadttheater Hamburg i Filharmonii Hamburskiej, i jego \u017cony, Johanny Henriki Christiane [&hellip;]<\/p>\n","protected":false},"author":1,"featured_media":0,"parent":0,"menu_order":0,"comment_status":"closed","ping_status":"closed","template":"","meta":[],"_links":{"self":[{"href":"https:\/\/paryskiesalonyromantykow.pl\/index.php\/wp-json\/wp\/v2\/pages\/1982"}],"collection":[{"href":"https:\/\/paryskiesalonyromantykow.pl\/index.php\/wp-json\/wp\/v2\/pages"}],"about":[{"href":"https:\/\/paryskiesalonyromantykow.pl\/index.php\/wp-json\/wp\/v2\/types\/page"}],"author":[{"embeddable":true,"href":"https:\/\/paryskiesalonyromantykow.pl\/index.php\/wp-json\/wp\/v2\/users\/1"}],"replies":[{"embeddable":true,"href":"https:\/\/paryskiesalonyromantykow.pl\/index.php\/wp-json\/wp\/v2\/comments?post=1982"}],"version-history":[{"count":1,"href":"https:\/\/paryskiesalonyromantykow.pl\/index.php\/wp-json\/wp\/v2\/pages\/1982\/revisions"}],"predecessor-version":[{"id":1985,"href":"https:\/\/paryskiesalonyromantykow.pl\/index.php\/wp-json\/wp\/v2\/pages\/1982\/revisions\/1985"}],"wp:attachment":[{"href":"https:\/\/paryskiesalonyromantykow.pl\/index.php\/wp-json\/wp\/v2\/media?parent=1982"}],"curies":[{"name":"wp","href":"https:\/\/api.w.org\/{rel}","templated":true}]}}