{"id":1977,"date":"2021-12-19T11:50:43","date_gmt":"2021-12-19T10:50:43","guid":{"rendered":"http:\/\/paryskiesalonyromantykow.pl\/?page_id=1977"},"modified":"2021-12-19T11:50:44","modified_gmt":"2021-12-19T10:50:44","slug":"aleksander-jelowicki","status":"publish","type":"page","link":"https:\/\/paryskiesalonyromantykow.pl\/index.php\/aleksander-jelowicki\/","title":{"rendered":"Aleksander Je\u0142owicki"},"content":{"rendered":"\n<figure class=\"wp-block-table aligncenter is-style-stripes\"><table><tbody><tr><td class=\"has-text-align-left\" data-align=\"left\"><img loading=\"lazy\" width=\"1000\" height=\"1000\" class=\"wp-image-1978\" style=\"width: 200px;\" src=\"http:\/\/paryskiesalonyromantykow.pl\/wp-content\/uploads\/2021\/12\/pjimage-5.jpg\" alt=\"\" srcset=\"https:\/\/paryskiesalonyromantykow.pl\/wp-content\/uploads\/2021\/12\/pjimage-5.jpg 1000w, https:\/\/paryskiesalonyromantykow.pl\/wp-content\/uploads\/2021\/12\/pjimage-5-300x300.jpg 300w, https:\/\/paryskiesalonyromantykow.pl\/wp-content\/uploads\/2021\/12\/pjimage-5-150x150.jpg 150w, https:\/\/paryskiesalonyromantykow.pl\/wp-content\/uploads\/2021\/12\/pjimage-5-768x768.jpg 768w\" sizes=\"(max-width: 1000px) 100vw, 1000px\" \/><\/td><td>Aleksander Je\u0142owicki<\/td><\/tr><tr><td class=\"has-text-align-left\" data-align=\"left\"><strong>Data i miejsce urodzenia<\/strong><\/td><td>18 grudnia 1804 roku<br>Hubnik<\/td><\/tr><tr><td class=\"has-text-align-left\" data-align=\"left\"><strong>Data i miejsce \u015bmierci<\/strong><\/td><td>15 kwietnia 1877 roku<br>Rzym<\/td><\/tr><tr><td class=\"has-text-align-left\" data-align=\"left\"><strong>Rodzice<\/strong><\/td><td>W\u0142adys\u0142aw Je\u0142owicki (1778-1831)<br>Honorata z Jaroszy\u0144skich (1784-1848)<\/td><\/tr><tr><td class=\"has-text-align-left\" data-align=\"left\"><strong>Rodze\u0144stwo<\/strong><\/td><td>Edward (1803-1848)<br>Eustachy (1805-1869)<br>Hortensja (1809-1883)<\/td><\/tr><\/tbody><\/table><\/figure>\n\n\n\n<p>Aleksander Je\u0142owicki, powstaniec listopadowy, pisarz i poeta, mecenas <a href=\"http:\/\/paryskiesalonyromantykow.pl\/index.php\/adam-mickiewicz\/\" data-type=\"page\" data-id=\"138\">Adama Mickiewicza<\/a> i wydawca jego najwa\u017cniejszych dzie\u0142, p\u00f3\u017aniej ksi\u0105dz i ostatni spowiednik <a href=\"http:\/\/paryskiesalonyromantykow.pl\/index.php\/fryderyk-chopin\/\" data-type=\"page\" data-id=\"167\">Fryderyka Chopina<\/a>, by\u0142 synem Wac\u0142awa Je\u0142owickiego i Honoraty z Jaroszy\u0144skich, i po uko\u0144czeniu gimnazjum w Winnicy rozpocz\u0105\u0142 studia na Wydziale Filozoficznym Akademii Krakowskiej. Po czterech latach na \u017c\u0105danie wielkiego ksi\u0119cia Konstantego przeni\u00f3s\u0142 si\u0119 do Warszawy, gdzie uzyska\u0142 stopie\u0144 magistra nauk filozoficznych na Kr\u00f3lewskim Uniwersytecie Warszawskim. P\u00f3\u017aniej wr\u00f3ci\u0142 do rodzinnego Chubnika, gdzie zajmowa\u0142 si\u0119 gospodark\u0105 i pomaga\u0142 choruj\u0105cym na choler\u0119.<\/p>\n\n\n\n<p>W powstaniu listopadowym, w kt\u00f3rym wzi\u0105\u0142 udzia\u0142 razem z bra\u0107mi, otrzyma\u0142 stopie\u0144 podporucznika. Walczy\u0142 w bitwach pod Daszowem, Tywrowem, Obodnem i Majdanem, a tak\u017ce w obronie Warszawy, za co przyznano mu z\u0142oty krzy\u017c Virtuti Militari, kt\u00f3rego zrzek\u0142 si\u0119 na rzecz powsta\u0144c\u00f3w podolskich. By\u0142 tak\u017ce pos\u0142em na Sejm. Po upadku powstania uda\u0142 si\u0119 do Zakroczymia, p\u00f3\u017aniej sp\u0119dzi\u0142 p\u00f3\u0142 roku we Lwowie, a na wie\u015b\u0107 o utworzeniu Sejmu na emigracji wyjecha\u0142 do Pary\u017ca, gdzie dotar\u0142 wraz z <a href=\"http:\/\/paryskiesalonyromantykow.pl\/index.php\/adam-mickiewicz\/\" data-type=\"page\" data-id=\"138\">Adamem Mickiewiczem<\/a> i <a href=\"http:\/\/paryskiesalonyromantykow.pl\/index.php\/ignacy-domeyko\/\" data-type=\"page\" data-id=\"1504\">Ignacym Domeyk\u0105<\/a>. Tam\u017ce nale\u017ca\u0142 do wielu organizacji emigracyjnych, m.in. Towarzystwa Litewskiego i Ziem Ruskich oraz Towarzystwa Literackiego. W 1833 roku uda\u0142 si\u0119 na wycieczk\u0119 do Szwajcarii, a rok p\u00f3\u017aniej odwiedzi\u0142 Maurycego Mochnackiego w Auxerre.<\/p>\n\n\n\n<p>Po powrocie do Pary\u017ca zosta\u0142 mecenasem Mickiewicza i w\u0142asnym kosztem wyda\u0142 jego utwory &#8211; &#8222;Dziady cz\u0119\u015b\u0107 III&#8221;, &#8222;Pana Tadeusza&#8221; i &#8222;Ksi\u0119gi narodu polskiego i pielgrzymstwa polskiego&#8221;. W lipcu 1835 roku wraz z Eustachym Je\u0142owickim i Stefanem Dembowskim za\u0142o\u017cy\u0142 Drukarni\u0119 i Ksi\u0119garni\u0119 Polsk\u0105 w Pary\u017cu pod firm\u0105 Je\u0142owicki i S-ka. Wsp\u00f3lnie wydali wiele utwor\u00f3w Mickiewicza, <a href=\"http:\/\/paryskiesalonyromantykow.pl\/index.php\/zygmunt-krasinski\/\" data-type=\"page\" data-id=\"494\">Krasi\u0144skiego<\/a>, <a href=\"http:\/\/paryskiesalonyromantykow.pl\/index.php\/juliusz-slowacki\/\" data-type=\"page\" data-id=\"153\">S\u0142owackiego<\/a>, Mochnackiego, Niemcewicza czy Wincentego Pola.<\/p>\n\n\n\n<p>Po kilku latach Je\u0142owicki sprzeda\u0142 Ksi\u0119garni\u0119 i Drukarni\u0119 Polsk\u0105 Juliuszowi Marylskiemu i wst\u0105pi\u0142 do seminarium duchownego \u015bw. Stanis\u0142awa Kostki. Po otrzymaniu \u015bwi\u0119ce\u0144 pracowa\u0142 jako wikary w Auteuil i w Saint-Cloud. Nast\u0119pnie wst\u0105pi\u0142 do \u015bwie\u017co powsta\u0142ego Zakonu Zmartwychwsta\u0144c\u00f3w i przeni\u00f3s\u0142 si\u0119 do Pary\u017ca, gdzie pe\u0142ni\u0142 funkcj\u0119 prze\u0142o\u017conego Polskiej Misji przy ko\u015bciele \u015bw. Rocha. Zajmowa\u0142 si\u0119 matk\u0105 Makryn\u0105 Mieczys\u0142awsk\u0105, domnieman\u0105 ksieni\u0105 prze\u015bladowanych bazylianek z Mi\u0144ska. W 1845 roku pojecha\u0142 wraz z ni\u0105 do Rzymu i pom\u00f3g\u0142 w za\u0142o\u017ceniu klasztoru bazylianek. By\u0142 wielkim przeciwnikiem towianizmu &#8211; w 1848 roku wyspowiada\u0142 Adama Mickiewicza, lecz nie by\u0142 w stanie nam\u00f3wi\u0107 go do wyrzeczenia si\u0119 nauki <a href=\"http:\/\/paryskiesalonyromantykow.pl\/index.php\/andrzej-towianski\/\" data-type=\"page\" data-id=\"203\">Towia\u0144skiego<\/a>.<\/p>\n\n\n\n<p>W roku nast\u0119pnym przyby\u0142 do Pary\u017ca, gdzie odwiedzi\u0142 Fryderyka Chopina na \u0142o\u017cu \u015bmierci i wyspowiada\u0142 go przed \u015bmierci\u0105. P\u00f3\u017aniej zajmowa\u0142 si\u0119 g\u0142\u00f3wnie dzia\u0142alno\u015bci\u0105 duszpastersk\u0105 i zbieraniem funduszy na budow\u0119 ko\u015bcio\u0142a polskiego w Pary\u017cu. Popar\u0142 powstanie styczniowe, w czasie kt\u00f3rego pisywa\u0142 wiersze powsta\u0144cze. Zmar\u0142 w wieku 72 lat w Rzymie.<\/p>\n","protected":false},"excerpt":{"rendered":"<p>Aleksander Je\u0142owicki Data i miejsce urodzenia 18 grudnia 1804 rokuHubnik Data i miejsce \u015bmierci 15 kwietnia 1877 rokuRzym Rodzice W\u0142adys\u0142aw Je\u0142owicki (1778-1831)Honorata z Jaroszy\u0144skich (1784-1848) Rodze\u0144stwo Edward (1803-1848)Eustachy (1805-1869)Hortensja (1809-1883) Aleksander Je\u0142owicki, powstaniec listopadowy, pisarz i poeta, mecenas Adama Mickiewicza i wydawca jego najwa\u017cniejszych dzie\u0142, p\u00f3\u017aniej ksi\u0105dz i ostatni spowiednik Fryderyka Chopina, by\u0142 synem Wac\u0142awa [&hellip;]<\/p>\n","protected":false},"author":1,"featured_media":0,"parent":0,"menu_order":0,"comment_status":"closed","ping_status":"closed","template":"","meta":[],"_links":{"self":[{"href":"https:\/\/paryskiesalonyromantykow.pl\/index.php\/wp-json\/wp\/v2\/pages\/1977"}],"collection":[{"href":"https:\/\/paryskiesalonyromantykow.pl\/index.php\/wp-json\/wp\/v2\/pages"}],"about":[{"href":"https:\/\/paryskiesalonyromantykow.pl\/index.php\/wp-json\/wp\/v2\/types\/page"}],"author":[{"embeddable":true,"href":"https:\/\/paryskiesalonyromantykow.pl\/index.php\/wp-json\/wp\/v2\/users\/1"}],"replies":[{"embeddable":true,"href":"https:\/\/paryskiesalonyromantykow.pl\/index.php\/wp-json\/wp\/v2\/comments?post=1977"}],"version-history":[{"count":1,"href":"https:\/\/paryskiesalonyromantykow.pl\/index.php\/wp-json\/wp\/v2\/pages\/1977\/revisions"}],"predecessor-version":[{"id":1980,"href":"https:\/\/paryskiesalonyromantykow.pl\/index.php\/wp-json\/wp\/v2\/pages\/1977\/revisions\/1980"}],"wp:attachment":[{"href":"https:\/\/paryskiesalonyromantykow.pl\/index.php\/wp-json\/wp\/v2\/media?parent=1977"}],"curies":[{"name":"wp","href":"https:\/\/api.w.org\/{rel}","templated":true}]}}