{"id":1907,"date":"2021-11-05T16:22:55","date_gmt":"2021-11-05T15:22:55","guid":{"rendered":"http:\/\/paryskiesalonyromantykow.pl\/?page_id=1907"},"modified":"2021-11-05T16:22:56","modified_gmt":"2021-11-05T15:22:56","slug":"percy-florence-shelley","status":"publish","type":"page","link":"https:\/\/paryskiesalonyromantykow.pl\/index.php\/percy-florence-shelley\/","title":{"rendered":"Percy Florence Shelley"},"content":{"rendered":"\n<figure class=\"wp-block-table aligncenter is-style-stripes\"><table><tbody><tr><td class=\"has-text-align-left\" data-align=\"left\"><img loading=\"lazy\" width=\"778\" height=\"828\" class=\"wp-image-1910\" style=\"width: 200px;\" src=\"http:\/\/paryskiesalonyromantykow.pl\/wp-content\/uploads\/2021\/11\/eed802d6cfc0d081143082ecb50c7061.jpg\" alt=\"\" srcset=\"https:\/\/paryskiesalonyromantykow.pl\/wp-content\/uploads\/2021\/11\/eed802d6cfc0d081143082ecb50c7061.jpg 778w, https:\/\/paryskiesalonyromantykow.pl\/wp-content\/uploads\/2021\/11\/eed802d6cfc0d081143082ecb50c7061-282x300.jpg 282w, https:\/\/paryskiesalonyromantykow.pl\/wp-content\/uploads\/2021\/11\/eed802d6cfc0d081143082ecb50c7061-768x817.jpg 768w\" sizes=\"(max-width: 778px) 100vw, 778px\" \/><\/td><td>Percy Florence Shelley<\/td><\/tr><tr><td class=\"has-text-align-left\" data-align=\"left\"><strong>Data i miejsce urodzenia<\/strong><\/td><td>12 listopada 1819 roku<br>Florencja<\/td><\/tr><tr><td class=\"has-text-align-left\" data-align=\"left\"><strong>Data i miejsce \u015bmierci<\/strong><\/td><td>5 grudnia 1889 roku<br>Hampshire<\/td><\/tr><tr><td class=\"has-text-align-left\" data-align=\"left\"><strong>Rodzice<\/strong><\/td><td><a href=\"http:\/\/paryskiesalonyromantykow.pl\/index.php\/percy-shelley\/\" data-type=\"page\" data-id=\"403\">Percy Bysshe Shelley (1792-1822)<\/a><br><a href=\"https:\/\/paryskiesalonyromantykow.pl\/index.php\/mary-shelley\/\">Mary z domu Godwin (1797-1851)<\/a><\/td><\/tr><tr><td class=\"has-text-align-left\" data-align=\"left\"><strong>Rodze\u0144stwo<\/strong><\/td><td>Ianthe (1813-1876) &#8211; przyrodnia siostra<br>Charles (1814-1826) &#8211; przyrodni brat<br>Clara (1815-1815)<br>William (1816-1819)<br>Clara Everina (1817-1818)<\/td><\/tr><tr><td class=\"has-text-align-left\" data-align=\"left\"><strong>\u017bona<\/strong><\/td><td>Jane z domu Gibson (1820-1899)<\/td><\/tr><\/tbody><\/table><\/figure>\n\n\n\n<p>Percy Florence Shelley, czwarte dziecko poety <a href=\"http:\/\/paryskiesalonyromantykow.pl\/index.php\/percy-shelley\/\" data-type=\"page\" data-id=\"403\">Percy&#8217;ego Bysshe Shelleya<\/a> i jego \u017cony, pisarki <a href=\"http:\/\/paryskiesalonyromantykow.pl\/index.php\/mary-shelley\/\" data-type=\"page\" data-id=\"356\">Mary z domu Godwin<\/a>, jako jedyny z rodzonego rodze\u0144stwa do\u017cy\u0142 doros\u0142o\u015bci. Przez pierwsze kilka lat \u017cycia mieszka\u0142 z rodzicami oraz ciotk\u0105 <a href=\"http:\/\/paryskiesalonyromantykow.pl\/index.php\/claire-clairmont\/\" data-type=\"page\" data-id=\"475\">Claire Clairmont<\/a> we W\u0142oszech &#8211; we Florencji, Neapolu i Rzymie. Wreszcie osiedli w Villa Magni po\u0142o\u017conej przy zatoce Lerici, gdzie w kr\u00f3tkim czasie spotka\u0142o ich kilka tragedii. Najpierw otrzymali wie\u015b\u0107 o \u015bmierci pi\u0119cioletniej Allegry Byron, c\u00f3rki Claire i lorda Byrona. Nied\u0142ugo p\u00f3\u017aniej ci\u0119\u017carna Mary poroni\u0142a, trac\u0105c przy tym tyle krwi, \u017ce tylko dzi\u0119ki szybkiej reakcji jej m\u0119\u017ca pozosta\u0142a przy \u017cyciu. Gdy za\u015b jej stan si\u0119 ustabilizowa\u0142, poeta wraz z przyjacielem Edwardem Williamsem wyruszyli w podr\u00f3\u017c \u017cagl\u00f3wk\u0105. Obaj zgin\u0119li w czasie sztormu.<\/p>\n\n\n\n<p>Po pochowaniu m\u0119\u017ca Mary wraz z synem opu\u015bci\u0142a W\u0142ochy. Przez miesi\u0105c mieszkali u znajomego, Leigha Hunta, jednak trudna sytuacja finansowa zmusi\u0142a ich do powrotu do Anglii. Ojciec i macocha Mary przyj\u0119li ich do siebie, a\u017c pisarce nie uda\u0142o si\u0119 zebra\u0107 funduszy na wynajem w\u0142asnego lokum. Jej te\u015b\u0107, sir Timothy Shelley, zgodzi\u0142 si\u0119 wysy\u0142a\u0107 regularnie pieni\u0105dze na wychowanie swego wnuka, wsparcie to obwarowane by\u0142o jednak licznymi warunkami. Mary nie mog\u0142a wychowywa\u0107 syna w zgodzie z naukami jego ojca ani zapoznawa\u0107 go z jego tw\u00f3rczo\u015bci\u0105. Te\u015b\u0107 zabroni\u0142 jej tak\u017ce pisania biografii poety.<\/p>\n\n\n\n<p>W 1832 roku przenie\u015bli si\u0119 do Harrow On The Hill i Percy Florence zacz\u0105\u0142 ucz\u0119szcza\u0107 do Harrow School. Szybko okaza\u0142o si\u0119, \u017ce syn dwojga literackich geniuszy nie zdradza\u0142 poci\u0105gu ani talentu do sztuki ani do polityki. Szczeg\u00f3lnie mocno rozczarowywa\u0142o to jego ciotk\u0119 Claire Clairmont, kt\u00f3ra po utracie dziecka przela\u0142a na niego swe uczucia macierzy\u0144skie i wi\u0105za\u0142a ogromne nadzieje z jego przysz\u0142o\u015bci\u0105. Uko\u0144czy\u0142 studia na Trinity Colledge w Cambridge, a po \u015bmierci dziadka sir Timothy&#8217;ego Shelleya sta\u0142 si\u0119 jego jedynym spadkobierc\u0105.<\/p>\n\n\n\n<p>Wydaje si\u0119, \u017ce jedyn\u0105 pasj\u0105, kt\u00f3r\u0105 odziedziczy\u0142 po swym ojcu, by\u0142a mi\u0142o\u015b\u0107 do \u017ceglowania. W 1845 roku przyj\u0119to go Royal Thames Yacht Club, p\u00f3\u017aniej nale\u017ca\u0142 tak\u017ce do Royal Yacht Squadron, najstarszego klubu \u017ceglarskiego w Wielkiej Brytanii. Uwielbia\u0142 tak\u017ce teatr i cz\u0119sto anga\u017cowa\u0142 si\u0119 w amatorskie przedstawienia. W tym czasie w s\u0105siedztwie zamieszka\u0142a Jane Gibson, wdowa i nie\u015blubna c\u00f3rka Thomasa Gibsona, zamo\u017cnego bankiera z Newcastle. Mary natychmiast zaprzyja\u017ani\u0142a si\u0119 z now\u0105 s\u0105siadk\u0105, widz\u0105c w niej nie tylko potencjaln\u0105 synow\u0105, ale i ratunek od finansowych problem\u00f3w. Percy Florence po\u015blubi\u0142 Jane 22 lipca 1848 roku. Para nie doczeka\u0142a si\u0119 dzieci. <\/p>\n\n\n\n<p>Nied\u0142ugo p\u00f3\u017aniej post\u0119powanie spadkowe po \u015bmierci sir Timothy&#8217;ego ujawni\u0142o, \u017ce Percy Bysshe zapisa\u0142 Claire Clairmont du\u017c\u0105 cz\u0119\u015b\u0107 swojej cz\u0119\u015bci spadku. Nie spodoba\u0142o si\u0119 to Jane, kt\u00f3ra uwa\u017ca\u0142a ciotk\u0119 swego m\u0119\u017ca za osob\u0119 z zewn\u0105trz i intruza w rodzinie Shelley\u00f3w. W mi\u0119dzyczasie Mary podupad\u0142a na zdrowiu i Shelleyowie przenie\u015bli si\u0119 do Bournemouth, gdzie pisarka zmar\u0142a na nowotw\u00f3r m\u00f3zgu. Jej syn i synowa nie powiadomili Claire, kt\u00f3ra mia\u0142a o to do nich du\u017cy \u017cal.<\/p>\n\n\n\n<p>W nast\u0119pnych latach Jane dba\u0142a o spu\u015bcizn\u0119 te\u015bci\u00f3w, podczas gdy Percy Florence wci\u0105\u017c bardziej interesowa\u0142 si\u0119 \u017ceglarstwem i teatrem. W swej londy\u0144skiej posiad\u0142o\u015bci organizowa\u0142 prywatne spektakle z aktorami-amatorami. Bezdzietni Shelleyowie adaptowali Bessie Florence Gibson, bratanic\u0119 Jane. W 1865 roku Percy Florence zosta\u0142 wybrany na stanowisko High Sheriff of Sussex. Zmar\u0142 w wieku 70 lat i pochowano go w rodzinnej krypcie w Bournemouth.<\/p>\n","protected":false},"excerpt":{"rendered":"<p>Percy Florence Shelley Data i miejsce urodzenia 12 listopada 1819 rokuFlorencja Data i miejsce \u015bmierci 5 grudnia 1889 rokuHampshire Rodzice Percy Bysshe Shelley (1792-1822)Mary z domu Godwin (1797-1851) Rodze\u0144stwo Ianthe (1813-1876) &#8211; przyrodnia siostraCharles (1814-1826) &#8211; przyrodni bratClara (1815-1815)William (1816-1819)Clara Everina (1817-1818) \u017bona Jane z domu Gibson (1820-1899) Percy Florence Shelley, czwarte dziecko poety Percy&#8217;ego [&hellip;]<\/p>\n","protected":false},"author":1,"featured_media":0,"parent":0,"menu_order":0,"comment_status":"closed","ping_status":"closed","template":"","meta":[],"_links":{"self":[{"href":"https:\/\/paryskiesalonyromantykow.pl\/index.php\/wp-json\/wp\/v2\/pages\/1907"}],"collection":[{"href":"https:\/\/paryskiesalonyromantykow.pl\/index.php\/wp-json\/wp\/v2\/pages"}],"about":[{"href":"https:\/\/paryskiesalonyromantykow.pl\/index.php\/wp-json\/wp\/v2\/types\/page"}],"author":[{"embeddable":true,"href":"https:\/\/paryskiesalonyromantykow.pl\/index.php\/wp-json\/wp\/v2\/users\/1"}],"replies":[{"embeddable":true,"href":"https:\/\/paryskiesalonyromantykow.pl\/index.php\/wp-json\/wp\/v2\/comments?post=1907"}],"version-history":[{"count":1,"href":"https:\/\/paryskiesalonyromantykow.pl\/index.php\/wp-json\/wp\/v2\/pages\/1907\/revisions"}],"predecessor-version":[{"id":1912,"href":"https:\/\/paryskiesalonyromantykow.pl\/index.php\/wp-json\/wp\/v2\/pages\/1907\/revisions\/1912"}],"wp:attachment":[{"href":"https:\/\/paryskiesalonyromantykow.pl\/index.php\/wp-json\/wp\/v2\/media?parent=1907"}],"curies":[{"name":"wp","href":"https:\/\/api.w.org\/{rel}","templated":true}]}}