{"id":1891,"date":"2021-10-16T15:57:22","date_gmt":"2021-10-16T13:57:22","guid":{"rendered":"http:\/\/paryskiesalonyromantykow.pl\/?page_id=1891"},"modified":"2021-10-16T15:57:22","modified_gmt":"2021-10-16T13:57:22","slug":"marcelina-czartoryska","status":"publish","type":"page","link":"https:\/\/paryskiesalonyromantykow.pl\/index.php\/marcelina-czartoryska\/","title":{"rendered":"Marcelina Czartoryska"},"content":{"rendered":"\n<figure class=\"wp-block-table aligncenter is-style-stripes\"><table><tbody><tr><td class=\"has-text-align-left\" data-align=\"left\"><img loading=\"lazy\" width=\"1000\" height=\"1000\" class=\"wp-image-1892\" style=\"width: 200px;\" src=\"http:\/\/paryskiesalonyromantykow.pl\/wp-content\/uploads\/2021\/10\/pjimage-4.jpg\" alt=\"\" srcset=\"https:\/\/paryskiesalonyromantykow.pl\/wp-content\/uploads\/2021\/10\/pjimage-4.jpg 1000w, https:\/\/paryskiesalonyromantykow.pl\/wp-content\/uploads\/2021\/10\/pjimage-4-300x300.jpg 300w, https:\/\/paryskiesalonyromantykow.pl\/wp-content\/uploads\/2021\/10\/pjimage-4-150x150.jpg 150w, https:\/\/paryskiesalonyromantykow.pl\/wp-content\/uploads\/2021\/10\/pjimage-4-768x768.jpg 768w\" sizes=\"(max-width: 1000px) 100vw, 1000px\" \/><\/td><td>Marcelina Czartoryska z Radziwi\u0142\u0142\u00f3w<\/td><\/tr><tr><td class=\"has-text-align-left\" data-align=\"left\"><strong>Data i miejsce urodzenia<\/strong><\/td><td>18 maja 1817 roku<br>Pod\u0142u\u017cne<\/td><\/tr><tr><td class=\"has-text-align-left\" data-align=\"left\"><strong>Data i miejsce \u015bmierci<\/strong><\/td><td>5 czerwca 1894 roku<br>Krak\u00f3w<\/td><\/tr><tr><td class=\"has-text-align-left\" data-align=\"left\"><strong>Rodzice<\/strong><\/td><td>Micha\u0142 Radziwi\u0142\u0142 (1791-1846)<br>Emilia z domu Worcell (ok. 1790-1822)<\/td><\/tr><tr><td class=\"has-text-align-left\" data-align=\"left\"><strong>Rodze\u0144stwo<\/strong><\/td><td>Micha\u0142<\/td><\/tr><tr><td class=\"has-text-align-left\" data-align=\"left\"><strong>M\u0105\u017c<\/strong><\/td><td>Aleksander Czartoryski (1811-1886)<\/td><\/tr><tr><td class=\"has-text-align-left\" data-align=\"left\"><strong>Dzieci<\/strong><\/td><td>Marceli Adam Konstanty (1841-1909)<\/td><\/tr><\/tbody><\/table><\/figure>\n\n\n\n<p>Ksi\u0119\u017cna Marcelina Czartoryska, pianistka i dzia\u0142aczka spo\u0142eczna, uczennica i przyjaci\u00f3\u0142ka <a href=\"http:\/\/paryskiesalonyromantykow.pl\/index.php\/fryderyk-chopin\/\" data-type=\"page\" data-id=\"167\">Fryderyka Chopina<\/a>, by\u0142a c\u00f3rk\u0105 ksi\u0119cia Micha\u0142a Radziwi\u0142\u0142a i jego \u017cony Emilii z domu Worcell. Po \u015bmierci matki pi\u0119cioletnia Marcelina wraz z ojcem i babk\u0105 Marcelin\u0105 Worcellow\u0105 przenios\u0142a si\u0119 do Wiednia, gdzie rozpocz\u0119\u0142a nauk\u0119 gry na fortepianie u Carla Czernego, ucznia Beethovena. W 1840 roku wysz\u0142a za m\u0105\u017c za ksi\u0119cia Aleksandra Romualda Czartoryskiego, bratanka ksi\u0119cia Adama Czartoryskiego. Ma\u0142\u017conkowie doczekali jednego syna, Marcelego Adama Konstantego, brali r\u00f3wnie\u017c udzia\u0142 w amatorskich przedstawieniach i koncertach w Galerii Obraz\u00f3w pa\u0142acu Weinhaus.<\/p>\n\n\n\n<p>Wydarzenia polityczne 1848 roku zmusi\u0142o Czartoryskich do przeprowadzki do Pary\u017ca. Marcelina rozpocz\u0119\u0142a nauk\u0119 u Fryderyka Chopina, kt\u00f3ry by\u0142 pod ogromnym wra\u017ceniem jej talentu. Pianistk\u0119 i jej nauczyciela po\u0142\u0105czy\u0142a serdeczna przyja\u017a\u0144, a ksi\u0119\u017cna pomaga\u0142a mu ze wszystkich si\u0142, gdy jego zdrowie stopniowo si\u0119 pogarsza\u0142o. Czartoryska czuwa\u0142a przy nim do samego ko\u0144ca, po jego \u015bmierci za\u015b wraz z <a href=\"http:\/\/paryskiesalonyromantykow.pl\/index.php\/jane-stirling\/\" data-type=\"page\" data-id=\"508\">Jane Stirling<\/a> po\u015bwi\u0119ci\u0142a si\u0119 gromadzeniu pami\u0105tek po kompozytorze.<\/p>\n\n\n\n<p>Wsp\u00f3\u0142cze\u015bni uwa\u017cali j\u0105 za najzdolniejsz\u0105 uczennic\u0119 Chopina, tak\u0105, kt\u00f3ra najlepiej potrafi\u0142a odda\u0107 charakter jego gry. Wielokrotnie podr\u00f3\u017cowa\u0142a po Europie, koncertuj\u0105c charytatywnie przy wsp\u00f3\u0142udziale wybitnych wirtuoz\u00f3w &#8211; <a href=\"http:\/\/paryskiesalonyromantykow.pl\/index.php\/ferenc-liszt\/\" data-type=\"page\" data-id=\"309\">Ferencem Lisztem<\/a>, Augustem Franchommem czy <a href=\"http:\/\/paryskiesalonyromantykow.pl\/index.php\/pauline-viardot\/\" data-type=\"page\" data-id=\"416\">Paulin\u0105 Viardot<\/a>. W 1852 roku otwar\u0142a salon w Pary\u017cu, gromadz\u0105cy \u015brodowisko artystyczno-naukowe &#8211; bywali w nim <a href=\"http:\/\/paryskiesalonyromantykow.pl\/index.php\/cyprian-norwid\/\" data-type=\"page\" data-id=\"176\">Cyprian Norwid<\/a>, Ary Scheffer, Paul Delaroche, <a href=\"http:\/\/paryskiesalonyromantykow.pl\/index.php\/zygmunt-krasinski\/\" data-type=\"page\" data-id=\"494\">Zygmunt Krasi\u0144ski<\/a>, <a href=\"http:\/\/paryskiesalonyromantykow.pl\/index.php\/stanislaw-moniuszko\/\" data-type=\"page\" data-id=\"431\">Stanis\u0142aw Moniuszko<\/a> czy <a href=\"http:\/\/paryskiesalonyromantykow.pl\/index.php\/eugene-delacroix\/\" data-type=\"page\" data-id=\"379\">Eugene Delacroix<\/a>.<\/p>\n\n\n\n<p>Do kraju przeprowadzi\u0142a si\u0119 na sta\u0142e w 1867 roku &#8211; najpierw do Lwowa, a nast\u0119pnie do Krakowa, gdzie prowadzi\u0142a dom otwarty w Willi Decjusza. Z kolei w pa\u0142acu starost\u00f3w wolbromskich wsp\u00f3lnie z m\u0119\u017cem gromadzi\u0142a dzie\u0142a sztuki i pami\u0105tki historyczne zwi\u0105zane z dziejami Polski i histori\u0105 rodu Czartoryskich, a tak\u017ce z Fryderykiem Chopinem. Inicjowa\u0142a r\u00f3wnie\u017c publiczne imprezy muzyczne, grywaj\u0105c na nich utwory swego mistrza. Zaprzesta\u0142a dopiero po \u015bmierci m\u0119\u017ca, zamiast tego po\u015bwi\u0119caj\u0105c si\u0119 w pe\u0142ni dzia\u0142alno\u015bci charytatywnej. Wi\u0119ksz\u0105 cz\u0119\u015b\u0107 swoich chopinian\u00f3w przekaza\u0142a do zbior\u00f3w Muzeum Ksi\u0105\u017c\u0105t Czartoryskich w Krakowie. Zmar\u0142a w wieku 77 lat i zosta\u0142a pochowana na cmentarzu Rakowickim.<\/p>\n","protected":false},"excerpt":{"rendered":"<p>Marcelina Czartoryska z Radziwi\u0142\u0142\u00f3w Data i miejsce urodzenia 18 maja 1817 rokuPod\u0142u\u017cne Data i miejsce \u015bmierci 5 czerwca 1894 rokuKrak\u00f3w Rodzice Micha\u0142 Radziwi\u0142\u0142 (1791-1846)Emilia z domu Worcell (ok. 1790-1822) Rodze\u0144stwo Micha\u0142 M\u0105\u017c Aleksander Czartoryski (1811-1886) Dzieci Marceli Adam Konstanty (1841-1909) Ksi\u0119\u017cna Marcelina Czartoryska, pianistka i dzia\u0142aczka spo\u0142eczna, uczennica i przyjaci\u00f3\u0142ka Fryderyka Chopina, by\u0142a c\u00f3rk\u0105 ksi\u0119cia [&hellip;]<\/p>\n","protected":false},"author":1,"featured_media":0,"parent":0,"menu_order":0,"comment_status":"closed","ping_status":"closed","template":"","meta":[],"_links":{"self":[{"href":"https:\/\/paryskiesalonyromantykow.pl\/index.php\/wp-json\/wp\/v2\/pages\/1891"}],"collection":[{"href":"https:\/\/paryskiesalonyromantykow.pl\/index.php\/wp-json\/wp\/v2\/pages"}],"about":[{"href":"https:\/\/paryskiesalonyromantykow.pl\/index.php\/wp-json\/wp\/v2\/types\/page"}],"author":[{"embeddable":true,"href":"https:\/\/paryskiesalonyromantykow.pl\/index.php\/wp-json\/wp\/v2\/users\/1"}],"replies":[{"embeddable":true,"href":"https:\/\/paryskiesalonyromantykow.pl\/index.php\/wp-json\/wp\/v2\/comments?post=1891"}],"version-history":[{"count":1,"href":"https:\/\/paryskiesalonyromantykow.pl\/index.php\/wp-json\/wp\/v2\/pages\/1891\/revisions"}],"predecessor-version":[{"id":1894,"href":"https:\/\/paryskiesalonyromantykow.pl\/index.php\/wp-json\/wp\/v2\/pages\/1891\/revisions\/1894"}],"wp:attachment":[{"href":"https:\/\/paryskiesalonyromantykow.pl\/index.php\/wp-json\/wp\/v2\/media?parent=1891"}],"curies":[{"name":"wp","href":"https:\/\/api.w.org\/{rel}","templated":true}]}}