{"id":1876,"date":"2021-10-06T10:45:24","date_gmt":"2021-10-06T08:45:24","guid":{"rendered":"https:\/\/paryskiesalonyromantykow.pl\/?page_id=1876"},"modified":"2021-10-06T10:45:25","modified_gmt":"2021-10-06T08:45:25","slug":"jenny-lind","status":"publish","type":"page","link":"https:\/\/paryskiesalonyromantykow.pl\/index.php\/jenny-lind\/","title":{"rendered":"Jenny Lind"},"content":{"rendered":"\n<figure class=\"wp-block-table aligncenter is-style-stripes\"><table><tbody><tr><td class=\"has-text-align-left\" data-align=\"left\"><img loading=\"lazy\" width=\"1000\" height=\"1000\" class=\"wp-image-1877\" style=\"width: 200px;\" src=\"http:\/\/paryskiesalonyromantykow.pl\/wp-content\/uploads\/2021\/10\/pjimage-1.jpg\" alt=\"\" srcset=\"https:\/\/paryskiesalonyromantykow.pl\/wp-content\/uploads\/2021\/10\/pjimage-1.jpg 1000w, https:\/\/paryskiesalonyromantykow.pl\/wp-content\/uploads\/2021\/10\/pjimage-1-300x300.jpg 300w, https:\/\/paryskiesalonyromantykow.pl\/wp-content\/uploads\/2021\/10\/pjimage-1-150x150.jpg 150w, https:\/\/paryskiesalonyromantykow.pl\/wp-content\/uploads\/2021\/10\/pjimage-1-768x768.jpg 768w\" sizes=\"(max-width: 1000px) 100vw, 1000px\" \/><\/td><td>Johanna Maria Goldschmidt z domu Lind<\/td><\/tr><tr><td class=\"has-text-align-left\" data-align=\"left\"><strong>Data i miejsce urodzenia<\/strong><\/td><td>6 pa\u017adziernika 1820 roku<br>Sztokholm<\/td><\/tr><tr><td class=\"has-text-align-left\" data-align=\"left\"><strong>Data i miejsce \u015bmierci<\/strong><\/td><td>2 listopada 1887 roku<br>Malvern<\/td><\/tr><tr><td class=\"has-text-align-left\" data-align=\"left\"><strong>Rodzice<\/strong><\/td><td>Niclas Jonas Lind (1798\u20131858)<br>Anne-Marie Fellborg (1793\u20131856)<\/td><\/tr><tr><td class=\"has-text-align-left\" data-align=\"left\"><strong>Rodze\u0144stwo<\/strong><\/td><td>Amalia R\u00e5dberg (1811-?) &#8211; przyrodnia siostra<\/td><\/tr><tr><td class=\"has-text-align-left\" data-align=\"left\"><strong>M\u0105\u017c<\/strong><\/td><td>Otto Goldschmidt (1829-1907)<\/td><\/tr><tr><td class=\"has-text-align-left\" data-align=\"left\"><strong>Dzieci<\/strong><\/td><td>Walter Otto (1853-?)<br>Jenny Maria Catherine (1857-?)<br>Ernest Svend David (1861-?)<\/td><\/tr><\/tbody><\/table><\/figure>\n\n\n\n<p>Jenny Lind, szwedzka \u015bpiewaczka operowa zwana &#8222;Szwedzkim s\u0142owikiem&#8221;, przyjaci\u00f3\u0142ka Fryderyka Chopina. Jej rodzice, ksi\u0119gowy Niclas Jonas Lind i rozwiedziona nauczycielka nauczycielka Anne-Marie Fellborg pobrali si\u0119, gdy Jenny mia\u0142a 14 lat.<\/p>\n\n\n\n<p>Jej talent zosta\u0142 odkryty bardzo szybko &#8211; gdy mia\u0142a 9 lat, jej \u015bpiew us\u0142ysza\u0142a s\u0142u\u017c\u0105ca Mademoiselle Lundberg, g\u0142\u00f3wnej tancerki Opery Kr\u00f3lewskiej w Sztokholmie. S\u0142u\u017c\u0105ca wr\u00f3ci\u0142a nast\u0119pnego dnia z Mademoiselle Lundberg, kt\u00f3ra pomog\u0142a Jenny dosta\u0107 si\u0119 do Kungliga Dramatiska Teaterns Elevskola, presti\u017cowej szko\u0142y aktorskiej Kr\u00f3lewskiego Teatru Dramatycznego. Wyst\u0119py na scenie rozpocz\u0119\u0142a w wieku 10 lat, jednak jej g\u0142os wskutek niew\u0142a\u015bciwej techniki \u015bpiewu zacz\u0105\u0142 po kilku latach zacz\u0105\u0142 si\u0119 pogarsza\u0107. Jej karier\u0119 uratowa\u0142 nauczyciel Manuel Garcia, prywatnie ojciec dw\u00f3ch wybitnych \u015bpiewaczek, Marii Malibran i <a href=\"https:\/\/paryskiesalonyromantykow.pl\/index.php\/pauline-viardot\/\" data-type=\"page\" data-id=\"416\">Pauline Viardot<\/a>. Zakaza\u0142 Jenny \u015bpiewa\u0107 przez trzy miesi\u0105ce, po czym nauczy\u0142 j\u0105 poprawnych technik wydobywania g\u0142osu.<\/p>\n\n\n\n<p>W wieku 21 lat kompozytor Giacomo Meyerbeer za\u0142atwi\u0142 jej przes\u0142uchanie w Operze Paryskiej, jednak nie zosta\u0142a tam przyj\u0119ta. Od tego czasu konsekwentnie odmawia\u0142a wyst\u0119p\u00f3w w tym miejscu. Wr\u00f3ci\u0142a do Opery Kr\u00f3lewskiej w Sztokholmie i w 1843 rozpocz\u0119\u0142a tras\u0119 koncertow\u0105 po Danii. Pozna\u0142a wtedy Hansa Christiana Andersena, z kt\u00f3rym si\u0119 zaprzyja\u017ani\u0142a, pisarz za\u015b zakocha\u0142 si\u0119 w niej bez wzajemno\u015bci. Wraz z kolejnymi koncertami w Europie jej s\u0142awa ros\u0142a, podobnie jak uznanie autorytet\u00f3w muzycznych &#8211; jej g\u0142osem zachwycali si\u0119 <a href=\"https:\/\/paryskiesalonyromantykow.pl\/index.php\/robert-schumann\/\" data-type=\"page\" data-id=\"1725\">Robert Schumann<\/a>, Hector Berlioz i <a href=\"https:\/\/paryskiesalonyromantykow.pl\/index.php\/felix-mendelssohn-bartholdy\/\" data-type=\"page\" data-id=\"1531\">Felix Mendelssohn<\/a>. Cz\u0119sto wyst\u0119powa\u0142a charytatywnie, co przysparza\u0142o jej jeszcze wi\u0119cej popularno\u015bci.<\/p>\n\n\n\n<p>W 1847 roku zacz\u0119\u0142a wyst\u0119py w Wielkiej Brytanii, gdzie do jej wielbicielek do\u0142\u0105czy\u0142a kr\u00f3lowa Wiktoria, kt\u00f3ra nie przegapi\u0142a \u017cadnego z jej szesnastu koncert\u00f3w w Londynie. Bliska relacja \u0142\u0105czy\u0142a Jenny tak\u017ce z Mendelssohnem, kt\u00f3ry pragn\u0105\u0142 nawi\u0105za\u0107 z ni\u0105 romans, zmar\u0142 jednak w listopadzie 1847. W nast\u0119pnym roku pozna\u0142a r\u00f3wnie\u017c <a href=\"https:\/\/paryskiesalonyromantykow.pl\/index.php\/fryderyk-chopin\/\" data-type=\"page\" data-id=\"167\">Fryderyka Chopina<\/a>, kt\u00f3ry zachwyci\u0142 si\u0119 jej g\u0142osem i z kt\u00f3rym szybko si\u0119 zaprzyja\u017ani\u0142a. Odwiedzi\u0142a go jeszcze w Pary\u017cu na kr\u00f3tko przed \u015bmierci\u0105.<\/p>\n\n\n\n<p>W 1849 roku zwr\u00f3ci\u0142 si\u0119 do niej P.T. Barnum, ameryka\u0144ski showman, z propozycj\u0105 trasy koncertowej po Stanach Zjednoczonych. Lind przyj\u0119\u0142a propozycj\u0119 i wyruszy\u0142a do Ameryki we wrze\u015bniu 1850 roku, gdzie, dzi\u0119ki reklamie Barnuma, publiczno\u015b\u0107 nie mog\u0142a si\u0119 jej doczeka\u0107. Wp\u0142ywy z prawie stu koncert\u00f3w Jenny przeznaczy\u0142a na cele charytatywne w Szwecji i Stanach.W 1851 roku zerwa\u0142a kontrakt z Barnumem i samodzielnie kontynuowa\u0142a tourne po Ameryce w towarzystwie kompozytora i pianisty Otto Goldschmidta. Jenny i Otto pobrali si\u0119 5 lutego 1852 roku w Bostonie i od tego czasu \u015bpiewaczka u\u017cywa\u0142a nazwiska Jenny Lind-Goldschmidt. Nowo\u017ce\u0144cy zamieszkali w Dre\u017anie, za\u015b od 1855 &#8211; w Anglii. Doczekali si\u0119 tr\u00f3jki dzieci &#8211; Otto, Jenny i Ernesta.<\/p>\n\n\n\n<p>W nast\u0119pnych latach Jenny kontynuowa\u0142a koncertowanie po ca\u0142ej Europie. W 1882 zosta\u0142a nauczycielk\u0105 \u015bpiewu w Royal College of Music w Londynie, rok p\u00f3\u017aniej za\u015b przesz\u0142a na sceniczn\u0105 emerytur\u0119. W tym czasie wsp\u00f3\u0142pracowa\u0142a r\u00f3wnie\u017c z Friederickiem Nicksem przy biografii Chopina. Zmar\u0142a w wieku 67 lat i pochowano j\u0105 w Great Malvern Cemetery przy d\u017awi\u0119kach &#8222;Marsza \u017ca\u0142obnego&#8221; Chopina.<\/p>\n","protected":false},"excerpt":{"rendered":"<p>Johanna Maria Goldschmidt z domu Lind Data i miejsce urodzenia 6 pa\u017adziernika 1820 rokuSztokholm Data i miejsce \u015bmierci 2 listopada 1887 rokuMalvern Rodzice Niclas Jonas Lind (1798\u20131858)Anne-Marie Fellborg (1793\u20131856) Rodze\u0144stwo Amalia R\u00e5dberg (1811-?) &#8211; przyrodnia siostra M\u0105\u017c Otto Goldschmidt (1829-1907) Dzieci Walter Otto (1853-?)Jenny Maria Catherine (1857-?)Ernest Svend David (1861-?) Jenny Lind, szwedzka \u015bpiewaczka operowa [&hellip;]<\/p>\n","protected":false},"author":1,"featured_media":0,"parent":0,"menu_order":0,"comment_status":"closed","ping_status":"closed","template":"","meta":[],"_links":{"self":[{"href":"https:\/\/paryskiesalonyromantykow.pl\/index.php\/wp-json\/wp\/v2\/pages\/1876"}],"collection":[{"href":"https:\/\/paryskiesalonyromantykow.pl\/index.php\/wp-json\/wp\/v2\/pages"}],"about":[{"href":"https:\/\/paryskiesalonyromantykow.pl\/index.php\/wp-json\/wp\/v2\/types\/page"}],"author":[{"embeddable":true,"href":"https:\/\/paryskiesalonyromantykow.pl\/index.php\/wp-json\/wp\/v2\/users\/1"}],"replies":[{"embeddable":true,"href":"https:\/\/paryskiesalonyromantykow.pl\/index.php\/wp-json\/wp\/v2\/comments?post=1876"}],"version-history":[{"count":1,"href":"https:\/\/paryskiesalonyromantykow.pl\/index.php\/wp-json\/wp\/v2\/pages\/1876\/revisions"}],"predecessor-version":[{"id":1879,"href":"https:\/\/paryskiesalonyromantykow.pl\/index.php\/wp-json\/wp\/v2\/pages\/1876\/revisions\/1879"}],"wp:attachment":[{"href":"https:\/\/paryskiesalonyromantykow.pl\/index.php\/wp-json\/wp\/v2\/media?parent=1876"}],"curies":[{"name":"wp","href":"https:\/\/api.w.org\/{rel}","templated":true}]}}