{"id":1847,"date":"2021-08-12T11:36:32","date_gmt":"2021-08-12T09:36:32","guid":{"rendered":"https:\/\/paryskiesalonyromantykow.pl\/?page_id=1847"},"modified":"2021-08-12T11:40:46","modified_gmt":"2021-08-12T09:40:46","slug":"william-blake","status":"publish","type":"page","link":"https:\/\/paryskiesalonyromantykow.pl\/index.php\/william-blake\/","title":{"rendered":"William Blake"},"content":{"rendered":"\n<figure class=\"wp-block-table aligncenter is-style-stripes\"><table><tbody><tr><td class=\"has-text-align-left\" data-align=\"left\"><img loading=\"lazy\" width=\"1000\" height=\"1000\" class=\"wp-image-1851\" style=\"width: 200px;\" src=\"http:\/\/paryskiesalonyromantykow.pl\/wp-content\/uploads\/2021\/08\/pjimage-4.jpg\" alt=\"\" srcset=\"https:\/\/paryskiesalonyromantykow.pl\/wp-content\/uploads\/2021\/08\/pjimage-4.jpg 1000w, https:\/\/paryskiesalonyromantykow.pl\/wp-content\/uploads\/2021\/08\/pjimage-4-300x300.jpg 300w, https:\/\/paryskiesalonyromantykow.pl\/wp-content\/uploads\/2021\/08\/pjimage-4-150x150.jpg 150w, https:\/\/paryskiesalonyromantykow.pl\/wp-content\/uploads\/2021\/08\/pjimage-4-768x768.jpg 768w\" sizes=\"(max-width: 1000px) 100vw, 1000px\" \/><\/td><td>William Blake<\/td><\/tr><tr><td class=\"has-text-align-left\" data-align=\"left\"><strong>Data i miejsce urodzenia<\/strong><\/td><td>28 listopada 1757 roku<br>Londyn<\/td><\/tr><tr><td class=\"has-text-align-left\" data-align=\"left\"><strong>Data i miejsce \u015bmierci<\/strong><\/td><td>12 sierpnia 1827 roku<br>Londyn<\/td><\/tr><tr><td class=\"has-text-align-left\" data-align=\"left\"><strong>Rodzice<\/strong><\/td><td>James Blake<br>Katherine z domu Wright<\/td><\/tr><tr><td class=\"has-text-align-left\" data-align=\"left\"><strong>Rodze\u0144stwo<\/strong><\/td><td>czworo<\/td><\/tr><tr><td class=\"has-text-align-left\" data-align=\"left\"><strong>\u017bona<\/strong><\/td><td>Catherine z domu Boucher (1762-1831)<\/td><\/tr><\/tbody><\/table><\/figure>\n\n\n\n<p>William Blake, angielski poeta, pisarz, malarz, rytownik drukarz i mistyk, prekursor romantyzmu, by\u0142 synem Jamesa Blake&#8217;a, \u015bredniozamo\u017cnego po\u0144czosznika i jego \u017cony Katherine z domu Wright. Do szko\u0142y ucz\u0119szcza\u0142 tylko do czasu, a\u017c nauczy\u0142 si\u0119 czyta\u0107 i pisa\u0107 &#8211; p\u00f3\u017aniej matka kszta\u0142ci\u0142a go w domu, a on chodzi\u0142 jedynie na lekcje rysunku. Ju\u017c wtedy ujawni\u0142a si\u0119 jego pasja do rytownictwa &#8211; w wieku dziesi\u0119ciu lat zacz\u0105\u0142 sam tworzy\u0107 i kolekcjonowa\u0107 sztychy. Widz\u0105c jego talent, rodzice pos\u0142ali go na nauk\u0119 w warsztacie rytowniczym Henry\u2019ego Basire\u2019a. Po siedmiu latach zosta\u0142 profesjonalnym rytownikiem.<\/p>\n\n\n\n<p>Dwa lata p\u00f3\u017aniej William otrzyma\u0142 zadanie skopiowania wizerunk\u00f3w z gotyckich ko\u015bcio\u0142\u00f3w w Londynie. Podczas pracy w Westminster Abbey rzekomo mia\u0142 wizj\u0119 Jezusa i aposto\u0142\u00f3w, a tak\u017ce procesj\u0119 mnich\u00f3w i ksi\u0119\u017cy. Nied\u0142ugo p\u00f3\u017aniej zosta\u0142 przyj\u0119ty do Kr\u00f3lewskiej Akademii Sztuk Pi\u0119knych, gdzie buntowa\u0142 si\u0119 przeciwko &#8222;niewyko\u0144czonej&#8221; sztuce Rubensa, preferuj\u0105c klasyczne pi\u0119kno Micha\u0142a Anio\u0142a i Rafaela.<\/p>\n\n\n\n<p>W 1782 roku po\u015blubi\u0142 niepi\u015bmienn\u0105 Catherine Boucher, kt\u00f3r\u0105 nast\u0119pnie nauczy\u0142 pisa\u0107 i czyta\u0107, a tak\u017ce wyszkoli\u0142 z rytownictwa. W nast\u0119pnych latach \u017cona by\u0142a dla niego wielkim wsparciem. Nie mieli dzieci.<\/p>\n\n\n\n<p>Rok po \u015blubie wyda\u0142 sw\u00f3j pierwszy tomik poezji, &#8222;Poetical Sketches&#8221;. Nied\u0142ugo p\u00f3\u017aniej wraz z Jamesem Parkerem otwar\u0142 drukarni\u0119 i zacz\u0105\u0142 ucz\u0119szcza\u0107 do salonu radykalnego wydawcy Josepha Johnsona. Spotyka\u0142 tam innych wielkich artyst\u00f3w &#8211; malarza Johna Henry&#8217;ego Fuseli, poet\u0119 <a href=\"https:\/\/paryskiesalonyromantykow.pl\/index.php\/william-wordsworth\/\" data-type=\"page\" data-id=\"1625\">Williama Wordswortha<\/a> i pisarzy Williama Godwina i <a href=\"https:\/\/paryskiesalonyromantykow.pl\/index.php\/mary-wollstonecraft\/\" data-type=\"page\" data-id=\"350\">Mary Wollstonecraft<\/a>. Blake zdobywa\u0142 coraz wi\u0119ksze uznanie, a koledzy po fachu podsuwali mu dobrze p\u0142atne zlecenia, co umo\u017cliwia\u0142o mu tworzenie bez tradycyjnego mecenatu.<\/p>\n\n\n\n<p>W 1800 roku przeni\u00f3s\u0142 si\u0119 do Felpham, gdzie zajmowa\u0142 si\u0119 ilustrowaniem cudzych wierszy. Jednocze\u015bnie eksperymentowa\u0142 z kolejnymi dziedzinami sztuki, tam te\u017c napisa\u0142 sw\u00f3j poemat &#8222;Milton&#8221;. Po powrocie do Londynu za\u015b zacz\u0105\u0142 pisa\u0107 i ilustrowa\u0107 &#8222;Jerusalem. The Emanation of the Giant Albion&#8221;, profetyczn\u0105 ksi\u0105\u017ck\u0119, kt\u00f3r\u0105 uzna\u0142 za swoje arcydzie\u0142o. Praca nad nim zaj\u0119\u0142a mu szesna\u015bcie lat \u017cycia.<\/p>\n\n\n\n<p>W 1818 roku pozna\u0142 grup\u0119 artystyczn\u0105 &#8222;Shoreham Ancients&#8221;, kt\u00f3rej cz\u0142onkowie, podobnie jak on, odrzucali nowoczesne wzorce w sztuce i wierzyli w duchow\u0105 i artystyczn\u0105 Now\u0105 Er\u0119. W tym czasie Blake zilustrowa\u0142 biblijn\u0105 Ksi\u0119g\u0119 Hioba, a tak\u017ce zacz\u0105\u0142 prac\u0119 nad ilustracjami do &#8222;Boskiej komedii&#8221; Dantego. Nie doko\u0144czy\u0142 jednak tworzenia, zmar\u0142 bowiem w wieku 69 lat w swoim \u0142\u00f3\u017cku.<\/p>\n","protected":false},"excerpt":{"rendered":"<p>William Blake Data i miejsce urodzenia 28 listopada 1757 rokuLondyn Data i miejsce \u015bmierci 12 sierpnia 1827 rokuLondyn Rodzice James BlakeKatherine z domu Wright Rodze\u0144stwo czworo \u017bona Catherine z domu Boucher (1762-1831) William Blake, angielski poeta, pisarz, malarz, rytownik drukarz i mistyk, prekursor romantyzmu, by\u0142 synem Jamesa Blake&#8217;a, \u015bredniozamo\u017cnego po\u0144czosznika i jego \u017cony Katherine z [&hellip;]<\/p>\n","protected":false},"author":1,"featured_media":0,"parent":0,"menu_order":0,"comment_status":"closed","ping_status":"closed","template":"","meta":[],"_links":{"self":[{"href":"https:\/\/paryskiesalonyromantykow.pl\/index.php\/wp-json\/wp\/v2\/pages\/1847"}],"collection":[{"href":"https:\/\/paryskiesalonyromantykow.pl\/index.php\/wp-json\/wp\/v2\/pages"}],"about":[{"href":"https:\/\/paryskiesalonyromantykow.pl\/index.php\/wp-json\/wp\/v2\/types\/page"}],"author":[{"embeddable":true,"href":"https:\/\/paryskiesalonyromantykow.pl\/index.php\/wp-json\/wp\/v2\/users\/1"}],"replies":[{"embeddable":true,"href":"https:\/\/paryskiesalonyromantykow.pl\/index.php\/wp-json\/wp\/v2\/comments?post=1847"}],"version-history":[{"count":2,"href":"https:\/\/paryskiesalonyromantykow.pl\/index.php\/wp-json\/wp\/v2\/pages\/1847\/revisions"}],"predecessor-version":[{"id":1852,"href":"https:\/\/paryskiesalonyromantykow.pl\/index.php\/wp-json\/wp\/v2\/pages\/1847\/revisions\/1852"}],"wp:attachment":[{"href":"https:\/\/paryskiesalonyromantykow.pl\/index.php\/wp-json\/wp\/v2\/media?parent=1847"}],"curies":[{"name":"wp","href":"https:\/\/api.w.org\/{rel}","templated":true}]}}