{"id":1798,"date":"2021-07-21T10:52:18","date_gmt":"2021-07-21T08:52:18","guid":{"rendered":"https:\/\/paryskiesalonyromantykow.pl\/?page_id=1798"},"modified":"2021-12-02T19:18:30","modified_gmt":"2021-12-02T18:18:30","slug":"karolina-sobanska","status":"publish","type":"page","link":"https:\/\/paryskiesalonyromantykow.pl\/index.php\/karolina-sobanska\/","title":{"rendered":"Karolina Soba\u0144ska"},"content":{"rendered":"\n<figure class=\"wp-block-table aligncenter is-style-stripes\"><table><tbody><tr><td class=\"has-text-align-left\" data-align=\"left\"><img loading=\"lazy\" width=\"1000\" height=\"1000\" class=\"wp-image-1799\" style=\"width: 200px;\" src=\"http:\/\/paryskiesalonyromantykow.pl\/wp-content\/uploads\/2021\/07\/pjimage-1-1.jpg\" alt=\"\" srcset=\"https:\/\/paryskiesalonyromantykow.pl\/wp-content\/uploads\/2021\/07\/pjimage-1-1.jpg 1000w, https:\/\/paryskiesalonyromantykow.pl\/wp-content\/uploads\/2021\/07\/pjimage-1-1-300x300.jpg 300w, https:\/\/paryskiesalonyromantykow.pl\/wp-content\/uploads\/2021\/07\/pjimage-1-1-150x150.jpg 150w, https:\/\/paryskiesalonyromantykow.pl\/wp-content\/uploads\/2021\/07\/pjimage-1-1-768x768.jpg 768w\" sizes=\"(max-width: 1000px) 100vw, 1000px\" \/><\/td><td>Karolina Rozalia Tekla Lacroix z domu Rzewuska<\/td><\/tr><tr><td class=\"has-text-align-left\" data-align=\"left\"><strong>Data i miejsce urodzenia<\/strong><\/td><td>25 grudnia 1795 roku<br>Pohrebyszcze<\/td><\/tr><tr><td class=\"has-text-align-left\" data-align=\"left\"><strong>Data i miejsce \u015bmierci<\/strong><\/td><td>17 lipca 1885 roku<br>Saint-Germain-en-Laye<\/td><\/tr><tr><td class=\"has-text-align-left\" data-align=\"left\"><strong>Rodzice<\/strong><\/td><td>Adam Wawrzyniec Rzewuski (1760-1825)<br>Justyna z Rdu\u0142towskich (1775-1836)<\/td><\/tr><tr><td class=\"has-text-align-left\" data-align=\"left\"><strong>Rodze\u0144stwo<\/strong><\/td><td>Henryk (1791-1866)<br>Alina (ok. 1800-?)<br>Ewelina (1801-1882)<br>Aleksander Adam (1805-1888)<br>Ernest (1812-1862)<\/td><\/tr><tr><td class=\"has-text-align-left\" data-align=\"left\"><strong>M\u0105\u017c<\/strong><\/td><td>Hieronim Soba\u0144ski (1781-1845)<br>Stiepan Czyrkowicz (?-?)<br>Jules Lacroix (ok. 1808-1887)<\/td><\/tr><tr><td class=\"has-text-align-left\" data-align=\"left\"><strong>Dzieci<\/strong><\/td><td>Honorata Konstancja (1814-1838)<\/td><\/tr><\/tbody><\/table><\/figure>\n\n\n\n<p>Karolina Soba\u0144ska z Rzewuskich, agentka carskiej policji, kochanka <a href=\"https:\/\/paryskiesalonyromantykow.pl\/index.php\/adam-mickiewicz\/\" data-type=\"page\" data-id=\"138\">Adama Mickiewicza<\/a> i <a href=\"https:\/\/paryskiesalonyromantykow.pl\/index.php\/aleksander-puszkin\/\" data-type=\"page\" data-id=\"426\">Aleksandra Puszkina<\/a> oraz szwagierka Honore de Balzaca, by\u0142a c\u00f3rk\u0105 Adama Wawrzy\u0144ca Rzewuskiego, niegdy\u015b kasztelana i pos\u0142a Rzeczypospolitej, p\u00f3\u017aniej rosyjskiego senatora, i Justyny z Rdu\u0142towskich. Wychowywa\u0142a si\u0119 w Wiedniu u ciotki, Rozalii z Lubomirskich, \u017cony Wac\u0142awa Rzewuskiego, i w tym czasie prze\u017cy\u0142a swoj\u0105 pierwsz\u0105 tragedi\u0119 mi\u0142osn\u0105 &#8211; jej kochanek pope\u0142ni\u0142 samob\u00f3jstwo.<\/p>\n\n\n\n<p>Oko\u0142o 1815 roku wysz\u0142a za m\u0105\u017c za Hieronima Soba\u0144skiego, bogatego podolskiego ziemianina i jednego z w\u0142a\u015bcicieli domu handlowego Soba\u0144skich w Odessie. Zwi\u0105zek ten po kilku latach rozpad\u0142 si\u0119, a Karolina zwi\u0105za\u0142a si\u0119 z genera\u0142em Janem Wittem, r\u00f3wnie\u017c \u017cyj\u0105cym w separacji z \u017con\u0105. Cho\u0107 to hrabina Soba\u0144ska prowadzi\u0142a jego odeski salon, to ze wzgl\u0119du na dwuznaczn\u0105 natur\u0119 ich zwi\u0105zku nie by\u0142a przyjmowana w domach tamtejszej arystokracji. Zacz\u0119\u0142a te\u017c wtedy prac\u0119 jako agentka b\u0105d\u017a te\u017c szpieg.<\/p>\n\n\n\n<p>Oko\u0142o 1823 roku w Odessie znalaz\u0142 si\u0119 Aleksander Puszkin i niemal natychmiast zacz\u0105\u0142 zabiega\u0107 o wzgl\u0119dy Soba\u0144skiej. Najprawdopodobniej zosta\u0142 przyj\u0119ty, lecz ze wzgl\u0119du na sw\u00f3j inny romans, z \u017con\u0105 hrabiego Michai\u0142a Woroncowa, gubernatora Odessy, poeta musia\u0142 opu\u015bci\u0107 miasto. Nied\u0142ugo p\u00f3\u017aniej zawita\u0142 tam Adam Mickiewicz i tym razem to Witt za\u017c\u0105da\u0142, by hrabina mia\u0142a oko na poet\u0119 skazanego w procesie filomat\u00f3w. Mickiewicz wraz z genera\u0142em, Soba\u0144sk\u0105 i jej m\u0119\u017cem uczestniczy\u0142 w wyprawie na Krym, kt\u00f3ra sta\u0142a si\u0119 inspiracj\u0105 dla jego sonet\u00f3w krymskich.<\/p>\n\n\n\n<p>Karolina uczestniczy\u0142a p\u00f3\u017aniej w dekonspiracji spisku dekabryst\u00f3w. W mi\u0119dzyczasie zmar\u0142 jej m\u0105\u017c, a Witt zosta\u0142 mianowany wojennym gubernatorem Warszawy w czasie powstania. Genera\u0142 wykorzystywa\u0142 kochank\u0119, za kt\u00f3rej rzekomym wstawiennictwem przes\u0142uchiwani wypuszczani byli na wolno\u015b\u0107, co mia\u0142o pozwoli\u0107 jej zbli\u017cy\u0107 si\u0119 do konspiracji.<\/p>\n\n\n\n<p>W 1836 roku za namow\u0105 cara Witt rozsta\u0142 si\u0119 z Soba\u0144sk\u0105, kt\u00f3ra po\u015blubi\u0142a serbskiego genera\u0142a w s\u0142u\u017cbie carskiej, Stiepana Czyrkowicza, by\u0142ego wsp\u00f3\u0142pracownika jej kochanka. Za spraw\u0105 Karoliny jej drugi m\u0105\u017c zosta\u0142 mianowany wicegubernatorem Besarabii i wsp\u00f3lnie zamieszkali w Kiszyniowie. Czyrkowicz jednak nied\u0142ugo p\u00f3\u017aniej zmar\u0142, a Soba\u0144ska przenios\u0142a si\u0119 do Pary\u017ca. Niebawem przyby\u0142a tam r\u00f3wnie\u017c jej siostra, Ewelina Ha\u0144ska, wdowa po Balzacu. Karolina pomog\u0142a jej sp\u0142aci\u0107 d\u0142ugi po m\u0119\u017cu. W 1851 roku, jako prawie sze\u015b\u0107dziesi\u0119ciolatka po\u015blubi\u0142a francuskiego poet\u0119 i pisarza, Julesa Lacroixa. Ostatnie lata \u017cycia sp\u0119dzi\u0142a z dala od politycznych intryg.<\/p>\n","protected":false},"excerpt":{"rendered":"<p>Karolina Rozalia Tekla Lacroix z domu Rzewuska Data i miejsce urodzenia 25 grudnia 1795 rokuPohrebyszcze Data i miejsce \u015bmierci 17 lipca 1885 rokuSaint-Germain-en-Laye Rodzice Adam Wawrzyniec Rzewuski (1760-1825)Justyna z Rdu\u0142towskich (1775-1836) Rodze\u0144stwo Henryk (1791-1866)Alina (ok. 1800-?)Ewelina (1801-1882)Aleksander Adam (1805-1888)Ernest (1812-1862) M\u0105\u017c Hieronim Soba\u0144ski (1781-1845)Stiepan Czyrkowicz (?-?)Jules Lacroix (ok. 1808-1887) Dzieci Honorata Konstancja (1814-1838) Karolina Soba\u0144ska [&hellip;]<\/p>\n","protected":false},"author":1,"featured_media":0,"parent":0,"menu_order":0,"comment_status":"closed","ping_status":"closed","template":"","meta":[],"_links":{"self":[{"href":"https:\/\/paryskiesalonyromantykow.pl\/index.php\/wp-json\/wp\/v2\/pages\/1798"}],"collection":[{"href":"https:\/\/paryskiesalonyromantykow.pl\/index.php\/wp-json\/wp\/v2\/pages"}],"about":[{"href":"https:\/\/paryskiesalonyromantykow.pl\/index.php\/wp-json\/wp\/v2\/types\/page"}],"author":[{"embeddable":true,"href":"https:\/\/paryskiesalonyromantykow.pl\/index.php\/wp-json\/wp\/v2\/users\/1"}],"replies":[{"embeddable":true,"href":"https:\/\/paryskiesalonyromantykow.pl\/index.php\/wp-json\/wp\/v2\/comments?post=1798"}],"version-history":[{"count":2,"href":"https:\/\/paryskiesalonyromantykow.pl\/index.php\/wp-json\/wp\/v2\/pages\/1798\/revisions"}],"predecessor-version":[{"id":1944,"href":"https:\/\/paryskiesalonyromantykow.pl\/index.php\/wp-json\/wp\/v2\/pages\/1798\/revisions\/1944"}],"wp:attachment":[{"href":"https:\/\/paryskiesalonyromantykow.pl\/index.php\/wp-json\/wp\/v2\/media?parent=1798"}],"curies":[{"name":"wp","href":"https:\/\/api.w.org\/{rel}","templated":true}]}}